{"id":4848,"date":"2019-07-18T06:20:16","date_gmt":"2019-07-18T06:20:16","guid":{"rendered":"https:\/\/www.freebetbest.com\/live-bingo-online-wetten\/"},"modified":"2021-08-16T15:03:46","modified_gmt":"2021-08-16T15:03:46","slug":"neuester-bingo-wettbonus","status":"publish","type":"page","link":"https:\/\/www.freebetbest.com\/de\/neuester-bingo-wettbonus\/","title":{"rendered":"Neuester Bingo-Wettbonus"},"content":{"rendered":"\n<h2>Neuester Bingo-Wettbonus Live-Bingo-Wetten online<\/h2>\n<p>Der Hauptgrund f\u00fcr seine Popularit\u00e4t. Gerade im Kalenderjahr 2000, in einem Live-Bingo-Spiel. Eigentlich Online-Wetten. Es ist ein relativ minimales Gesch\u00e4ft. Aber in den sechs Jahren seither ist ihr Ruf explodiert. Neuestes Bingo<a href=\"https:\/\/www.freebetsinfo.co.uk\/free-bets\/\"> Wettbonus<\/a> ist auch ein Werbemittel geworden<\/p>\n<p>Das weltweit wachsende Verst\u00e4ndnis des Internets. Es ist eine Kl\u00e4rung der Online-Verbreitung Ihres Spiels. Aber es gibt mehrere spezifische Gr\u00fcnde, warum es jedes Jahr so viele Menschen gibt. \u00dcbernachten Sie in der Bingohalle, in Ihrer eigenen komfortablen Residenz. Videospiel spielen.<\/p>\n<p>Die meisten Internetseiten erledigen das f\u00fcr Sie. Es stehen viele Gespr\u00e4chsr\u00e4ume zur Verf\u00fcgung. Die Optionen sind in spezifische Themen unterteilt, von den Bedingungen des Bingo-Videospiels bis hin zu aktuellen Ereignissen. Wenn Sie m\u00f6chten, k\u00f6nnen Sie den Konversationsbereich eines bestimmten Alters betreten. Mit Menschen kann man Freundschaften schlie\u00dfen, die man nie erreichen kann.<\/p>\n<h3>Spieler auf der ganzen Welt genie\u00dfen gleichzeitig Bingo-Spiele.<\/h3>\n<p>Sie k\u00f6nnen Freunde aus Japan, Ungarn oder Eritrea finden. Ich spreche vom letzten Bereich, weil ich in der Bingohalle im Internet bin. Habe einen Freund von dort kennengelernt. Ich wusste es vorher nie. Es gibt eine solche Nation. Die Leute, die Sie treffen, die Bingo-Spiele online spielen. Sie befinden sich in der Live-Bingo-Halle. Die Art von Menschen, die ich kennengelernt habe. Sie sind normalerweise freundlich und gespr\u00e4chig und lieben gem\u00fctliche Bingospiele.<\/p>\n<h3>Live-Bingo-Online-Wetten<\/h3>\n<p>Das Diskussionsforum wird von den Mitarbeitern der Online-Bingospiel-Website gehostet. Dadurch wird sichergestellt, dass der Bingo-Spieler in der Sammlung bleibt.<\/p>\n<p>Internet-Bingo-Schlafzimmer. 24 Stunden am Tag ge\u00f6ffnet. Je nach Ihren Spielanforderungen k\u00f6nnen Sie zu jeder Viertelstunde oder die ganze Nacht spielen. Wenn die Einstellung eines Babysitters zu m\u00fchsam ist, verschieben Sie es auf die Kinder. Geh ins Bett und suche online. Bei schlechtem Wetter bitte zu Hause bleiben und am Computer spielen.<\/p>\n<p>Und nat\u00fcrlich, wenn Sie Bingo spielen m\u00f6chten, aber keinen \u00c4rger mit gespr\u00e4chigen Nachbarn haben m\u00f6chten, dann k\u00f6nnen Sie auch alleine spielen. Netzwerkbegegnungen lassen alle. Beide k\u00f6nnen ihre Spielpr\u00e4ferenzen steuern. Du hast die Szene gerade gemeistert.<\/p>\n<h3>Zusatzbonus f\u00fcr die Registrierung<\/h3>\n<p>Die Bingo-Website verwendet indikative Bonustransaktionen. Als Bonus f\u00fcr die Registrierung ihrer Website. Diese Boni sind in der Regel. Sie kann erst nach der ersten Anzahlung bezogen werden. Einige Websites bieten es jedoch an. Ihre erste Akkumulation. Viele Anmeldeboni verteilt.<\/p>\n<p>Sie erfordern normalerweise einen Vertrag, um einen bestimmten Prozentsatz Ihrer Einzahlung zu platzieren. Passen Sie die angegebene Menge an. Zusammenfassend k\u00f6nnen Sie Indikatoren finden. Ein Beispiel f\u00fcr einen erh\u00f6hten Umsatz ist ein vollst\u00e4ndig erg\u00e4nzter Umsatz von bis zu 400 USD.<\/p>\n<h3>Registrierungspr\u00e4mien bereits angeboten<\/h3>\n<p>Vielleicht m\u00f6chten Sie es anzeigen. Allgemeine Gesch\u00e4ftsbedingungen der Website. Einige zus\u00e4tzliche Boni. Bei der hohen Nachfrage nach Wetten macht dies die Gewinne weniger angenehm. Es ist auch erw\u00e4hnenswert, dass Sie es zuerst erreichen m\u00fcssen. Diese spezifischen Wettanforderungen sind erforderlich, bevor Sie einen Teil Ihres Einkommens abheben k\u00f6nnen.<\/p>\n<h3>Bingobonus ohne Einzahlung<\/h3>\n<p>Bingobonus ohne Einzahlung. Es h\u00f6rt sich so an, als ob Sie anf\u00e4nglich keine Einzahlung hatten. Das gleiche wie Belohnungen zu bekommen. Websites bieten diese normalerweise an, um sicherzustellen, dass Spieler eine Chance haben. Betrachten Sie ihre<a href=\"https:\/\/www.freebetbest.com\/de\/wettseiten\/\"> Onlinespiele<\/a> ohne einen Teil Ihres eigenen Geldes \u00fcberweisen zu m\u00fcssen. Setzen Sie es in Gefahr. Au\u00dferdem versuchen sie, die Leute zu motivieren. Abschlie\u00dfend er\u00f6ffnen Sie ein Konto auf ihrer Website.<\/p>\n<p>&nbsp;<\/p>\n","protected":false},"excerpt":{"rendered":"<p>Dieses Online-Modell wurde von Bingo-Fans f\u00fcr Bingo-Enthusiasten entwickelt und erm\u00f6glicht es Ihnen, &#8230; Dieses Spiel wird nicht auf dem Handyprogramm beobachtet. Klicken Sie auf diesen Link, um alle Spiele online zu entdecken.<\/p>\n<div class=\"hero-cup-section\">\n<div class=\"row mb-4\">\n<div class=\"col-md-7\">\n<div class=\"section-area\">\n<div class=\"section-list\">\n<li style=\"text-align: left\"><img decoding=\"async\" src=\"https:\/\/www.freebetbest.com\/wp-content\/uploads\/2021\/06\/tick.png\" alt=\"Sport\"> Willkommensbonus im Sportcasino.<\/li>\n<li style=\"text-align: left\"><img decoding=\"async\" src=\"https:\/\/www.freebetbest.com\/wp-content\/uploads\/2021\/06\/tick.png\" alt=\"Spieleangebote\"> Angebote und Aktionen von Online-Buchmachern.<\/li>\n<li style=\"text-align: left\"><img decoding=\"async\" src=\"https:\/\/www.freebetbest.com\/wp-content\/uploads\/2021\/06\/tick.png\" alt=\"Spieleangebote\"> Die besten Online-Buchmacher, denen Sie vertrauen k\u00f6nnen.<\/li>\n<li style=\"text-align: left\"><img decoding=\"async\" src=\"https:\/\/www.freebetbest.com\/wp-content\/uploads\/2021\/06\/tick.png\" alt=\"Ma\u00dfgebend\"> Ma\u00dfgebliche \u00dcberpr\u00fcfung Sicher zuverl\u00e4ssig.<\/li>\n<li style=\"text-align: left\"><img decoding=\"async\" src=\"https:\/\/www.freebetbest.com\/wp-content\/uploads\/2021\/06\/tick.png\" alt=\"Schnelle Abhebungen\"> Mobile APP-Unterst\u00fctzung, schnelle Auszahlungen.<\/li>\n<li style=\"text-align: left\"><img decoding=\"async\" src=\"https:\/\/www.freebetbest.com\/wp-content\/uploads\/2021\/06\/tick.png\" alt=\"Kundendienst\"> Kundensupport: 365 Tage, 24 Stunden am Tag.<\/li>\n<\/div>\n<\/div>\n<\/div>\n<div class=\"col-md-5\">\n<div class=\"cup-img\"><img decoding=\"async\" src=\"https:\/\/www.freebetbest.com\/wp-content\/uploads\/2021\/06\/bingo.png\" alt=\"Bingo\"><\/div>\n<\/div>\n<\/div>\n","protected":false},"author":1,"featured_media":4856,"parent":0,"menu_order":0,"comment_status":"closed","ping_status":"closed","template":"bingo-template.php","meta":{"footnotes":""},"class_list":["post-4848","page","type-page","status-publish","has-post-thumbnail","hentry"],"yoast_head":"<!-- This site is optimized with the Yoast SEO Premium plugin v19.5 (Yoast SEO v27.0) - https:\/\/yoast.com\/product\/yoast-seo-premium-wordpress\/ -->\n<title>Neuester Bingo-Wettbonus , Gratiswette Bonus ohne Einzahlung<\/title>\n<meta name=\"description\" content=\"Neuester Bingo-Wettbonus Beste Buchmacher, Gratiswette Bonus ohne Einzahlung, Willkommenscode f\u00fcr den Ersteinzahlungsbonus, Anmeldebonus, Anmeldebonus.\" \/>\n<meta name=\"robots\" content=\"index, follow, max-snippet:-1, max-image-preview:large, max-video-preview:-1\" \/>\n<link rel=\"canonical\" href=\"https:\/\/www.freebetbest.com\/de\/neuester-bingo-wettbonus\/\" \/>\n<meta property=\"og:locale\" content=\"de_DE\" \/>\n<meta property=\"og:type\" content=\"article\" \/>\n<meta property=\"og:title\" content=\"Neuester Bingo-Wettbonus\" \/>\n<meta property=\"og:description\" content=\"Neuester Bingo-Wettbonus Beste Buchmacher, Gratiswette Bonus ohne Einzahlung, Willkommenscode f\u00fcr den Ersteinzahlungsbonus, Anmeldebonus, Anmeldebonus.\" \/>\n<meta property=\"og:url\" content=\"https:\/\/www.freebetbest.com\/de\/neuester-bingo-wettbonus\/\" \/>\n<meta property=\"og:site_name\" content=\"Gratis Wetten | beste Online Casinos | Sportwetten Bonus\" \/>\n<meta property=\"article:modified_time\" content=\"2021-08-16T15:03:46+00:00\" \/>\n<meta property=\"og:image\" content=\"https:\/\/www.freebetbest.com\/wp-content\/uploads\/2019\/07\/biggo_ys.jpg\" \/>\n\t<meta property=\"og:image:width\" content=\"514\" \/>\n\t<meta property=\"og:image:height\" content=\"303\" \/>\n\t<meta property=\"og:image:type\" content=\"image\/jpeg\" \/>\n<meta name=\"twitter:card\" content=\"summary_large_image\" \/>\n<meta name=\"twitter:label1\" content=\"Gesch\u00e4tzte Lesezeit\" \/>\n\t<meta name=\"twitter:data1\" content=\"3\u00a0Minuten\" \/>\n<script type=\"application\/ld+json\" class=\"yoast-schema-graph\">{\"@context\":\"https:\/\/schema.org\",\"@graph\":[{\"@type\":\"WebPage\",\"@id\":\"https:\/\/www.freebetbest.com\/de\/neuester-bingo-wettbonus\/\",\"url\":\"https:\/\/www.freebetbest.com\/de\/neuester-bingo-wettbonus\/\",\"name\":\"Neuester Bingo-Wettbonus , Gratiswette Bonus ohne Einzahlung\",\"isPartOf\":{\"@id\":\"https:\/\/www.freebetbest.com\/de\/#website\"},\"primaryImageOfPage\":{\"@id\":\"https:\/\/www.freebetbest.com\/de\/neuester-bingo-wettbonus\/#primaryimage\"},\"image\":{\"@id\":\"https:\/\/www.freebetbest.com\/de\/neuester-bingo-wettbonus\/#primaryimage\"},\"thumbnailUrl\":\"https:\/\/www.freebetbest.com\/wp-content\/uploads\/2019\/07\/biggo_ys.jpg\",\"datePublished\":\"2019-07-18T06:20:16+00:00\",\"dateModified\":\"2021-08-16T15:03:46+00:00\",\"description\":\"Neuester Bingo-Wettbonus Beste Buchmacher, Gratiswette Bonus ohne Einzahlung, Willkommenscode f\u00fcr den Ersteinzahlungsbonus, Anmeldebonus, Anmeldebonus.\",\"breadcrumb\":{\"@id\":\"https:\/\/www.freebetbest.com\/de\/neuester-bingo-wettbonus\/#breadcrumb\"},\"inLanguage\":\"de\",\"potentialAction\":[{\"@type\":\"ReadAction\",\"target\":[\"https:\/\/www.freebetbest.com\/de\/neuester-bingo-wettbonus\/\"]}]},{\"@type\":\"ImageObject\",\"inLanguage\":\"de\",\"@id\":\"https:\/\/www.freebetbest.com\/de\/neuester-bingo-wettbonus\/#primaryimage\",\"url\":\"https:\/\/www.freebetbest.com\/wp-content\/uploads\/2019\/07\/biggo_ys.jpg\",\"contentUrl\":\"https:\/\/www.freebetbest.com\/wp-content\/uploads\/2019\/07\/biggo_ys.jpg\",\"width\":514,\"height\":303,\"caption\":\"Live-Bingo-Online-Wetten\"},{\"@type\":\"BreadcrumbList\",\"@id\":\"https:\/\/www.freebetbest.com\/de\/neuester-bingo-wettbonus\/#breadcrumb\",\"itemListElement\":[{\"@type\":\"ListItem\",\"position\":1,\"name\":\"Home\",\"item\":\"https:\/\/www.freebetbest.com\/de\/\"},{\"@type\":\"ListItem\",\"position\":2,\"name\":\"Neuester Bingo-Wettbonus\"}]},{\"@type\":\"WebSite\",\"@id\":\"https:\/\/www.freebetbest.com\/de\/#website\",\"url\":\"https:\/\/www.freebetbest.com\/de\/\",\"name\":\"Gratis Wetten | beste Online Casinos | Sportwetten Bonus\",\"description\":\"Das beste Online Buchmacher,Das Sportwetten, Casino-, Poker-, Bingo- und Mobilwetten, Online-Casinos, Fu\u00dfballwetten, Ohne Einzahlung Promo-Codes, Das weltweit f\u00fchrende Gl\u00fccksspielportal anbietet.\",\"publisher\":{\"@id\":\"https:\/\/www.freebetbest.com\/de\/#\/schema\/person\/292684ccf388a2362d507874c5b80a69\"},\"potentialAction\":[{\"@type\":\"SearchAction\",\"target\":{\"@type\":\"EntryPoint\",\"urlTemplate\":\"https:\/\/www.freebetbest.com\/de\/?s={search_term_string}\"},\"query-input\":{\"@type\":\"PropertyValueSpecification\",\"valueRequired\":true,\"valueName\":\"search_term_string\"}}],\"inLanguage\":\"de\"},{\"@type\":[\"Person\",\"Organization\"],\"@id\":\"https:\/\/www.freebetbest.com\/de\/#\/schema\/person\/292684ccf388a2362d507874c5b80a69\",\"name\":\"\u7ba1\u7406\",\"image\":{\"@type\":\"ImageObject\",\"inLanguage\":\"de\",\"@id\":\"https:\/\/www.freebetbest.com\/de\/#\/schema\/person\/image\/\",\"url\":\"https:\/\/www.freebetbest.com\/wp-content\/litespeed\/avatar\/49696b52fb15293a2168c14964fdd8b9.jpg?ver=1777439934\",\"contentUrl\":\"https:\/\/www.freebetbest.com\/wp-content\/litespeed\/avatar\/49696b52fb15293a2168c14964fdd8b9.jpg?ver=1777439934\",\"caption\":\"\u7ba1\u7406\"},\"logo\":{\"@id\":\"https:\/\/www.freebetbest.com\/de\/#\/schema\/person\/image\/\"},\"sameAs\":[\"admin\"]}]}<\/script>\n<!-- \/ Yoast SEO Premium plugin. -->","yoast_head_json":{"title":"Neuester Bingo-Wettbonus , Gratiswette Bonus ohne Einzahlung","description":"Neuester Bingo-Wettbonus Beste Buchmacher, Gratiswette Bonus ohne Einzahlung, Willkommenscode f\u00fcr den Ersteinzahlungsbonus, Anmeldebonus, Anmeldebonus.","robots":{"index":"index","follow":"follow","max-snippet":"max-snippet:-1","max-image-preview":"max-image-preview:large","max-video-preview":"max-video-preview:-1"},"canonical":"https:\/\/www.freebetbest.com\/de\/neuester-bingo-wettbonus\/","og_locale":"de_DE","og_type":"article","og_title":"Neuester Bingo-Wettbonus","og_description":"Neuester Bingo-Wettbonus Beste Buchmacher, Gratiswette Bonus ohne Einzahlung, Willkommenscode f\u00fcr den Ersteinzahlungsbonus, Anmeldebonus, Anmeldebonus.","og_url":"https:\/\/www.freebetbest.com\/de\/neuester-bingo-wettbonus\/","og_site_name":"Gratis Wetten | beste Online Casinos | Sportwetten Bonus","article_modified_time":"2021-08-16T15:03:46+00:00","og_image":[{"width":514,"height":303,"url":"https:\/\/www.freebetbest.com\/wp-content\/uploads\/2019\/07\/biggo_ys.jpg","type":"image\/jpeg"}],"twitter_card":"summary_large_image","twitter_misc":{"Gesch\u00e4tzte Lesezeit":"3\u00a0Minuten"},"schema":{"@context":"https:\/\/schema.org","@graph":[{"@type":"WebPage","@id":"https:\/\/www.freebetbest.com\/de\/neuester-bingo-wettbonus\/","url":"https:\/\/www.freebetbest.com\/de\/neuester-bingo-wettbonus\/","name":"Neuester Bingo-Wettbonus , Gratiswette Bonus ohne Einzahlung","isPartOf":{"@id":"https:\/\/www.freebetbest.com\/de\/#website"},"primaryImageOfPage":{"@id":"https:\/\/www.freebetbest.com\/de\/neuester-bingo-wettbonus\/#primaryimage"},"image":{"@id":"https:\/\/www.freebetbest.com\/de\/neuester-bingo-wettbonus\/#primaryimage"},"thumbnailUrl":"https:\/\/www.freebetbest.com\/wp-content\/uploads\/2019\/07\/biggo_ys.jpg","datePublished":"2019-07-18T06:20:16+00:00","dateModified":"2021-08-16T15:03:46+00:00","description":"Neuester Bingo-Wettbonus Beste Buchmacher, Gratiswette Bonus ohne Einzahlung, Willkommenscode f\u00fcr den Ersteinzahlungsbonus, Anmeldebonus, Anmeldebonus.","breadcrumb":{"@id":"https:\/\/www.freebetbest.com\/de\/neuester-bingo-wettbonus\/#breadcrumb"},"inLanguage":"de","potentialAction":[{"@type":"ReadAction","target":["https:\/\/www.freebetbest.com\/de\/neuester-bingo-wettbonus\/"]}]},{"@type":"ImageObject","inLanguage":"de","@id":"https:\/\/www.freebetbest.com\/de\/neuester-bingo-wettbonus\/#primaryimage","url":"https:\/\/www.freebetbest.com\/wp-content\/uploads\/2019\/07\/biggo_ys.jpg","contentUrl":"https:\/\/www.freebetbest.com\/wp-content\/uploads\/2019\/07\/biggo_ys.jpg","width":514,"height":303,"caption":"Live-Bingo-Online-Wetten"},{"@type":"BreadcrumbList","@id":"https:\/\/www.freebetbest.com\/de\/neuester-bingo-wettbonus\/#breadcrumb","itemListElement":[{"@type":"ListItem","position":1,"name":"Home","item":"https:\/\/www.freebetbest.com\/de\/"},{"@type":"ListItem","position":2,"name":"Neuester Bingo-Wettbonus"}]},{"@type":"WebSite","@id":"https:\/\/www.freebetbest.com\/de\/#website","url":"https:\/\/www.freebetbest.com\/de\/","name":"Gratis Wetten | beste Online Casinos | Sportwetten Bonus","description":"Das beste Online Buchmacher,Das Sportwetten, Casino-, Poker-, Bingo- und Mobilwetten, Online-Casinos, Fu\u00dfballwetten, Ohne Einzahlung Promo-Codes, Das weltweit f\u00fchrende Gl\u00fccksspielportal anbietet.","publisher":{"@id":"https:\/\/www.freebetbest.com\/de\/#\/schema\/person\/292684ccf388a2362d507874c5b80a69"},"potentialAction":[{"@type":"SearchAction","target":{"@type":"EntryPoint","urlTemplate":"https:\/\/www.freebetbest.com\/de\/?s={search_term_string}"},"query-input":{"@type":"PropertyValueSpecification","valueRequired":true,"valueName":"search_term_string"}}],"inLanguage":"de"},{"@type":["Person","Organization"],"@id":"https:\/\/www.freebetbest.com\/de\/#\/schema\/person\/292684ccf388a2362d507874c5b80a69","name":"\u7ba1\u7406","image":{"@type":"ImageObject","inLanguage":"de","@id":"https:\/\/www.freebetbest.com\/de\/#\/schema\/person\/image\/","url":"https:\/\/www.freebetbest.com\/wp-content\/litespeed\/avatar\/49696b52fb15293a2168c14964fdd8b9.jpg?ver=1777439934","contentUrl":"https:\/\/www.freebetbest.com\/wp-content\/litespeed\/avatar\/49696b52fb15293a2168c14964fdd8b9.jpg?ver=1777439934","caption":"\u7ba1\u7406"},"logo":{"@id":"https:\/\/www.freebetbest.com\/de\/#\/schema\/person\/image\/"},"sameAs":["admin"]}]}},"_links":{"self":[{"href":"https:\/\/www.freebetbest.com\/de\/wp-json\/wp\/v2\/pages\/4848","targetHints":{"allow":["GET"]}}],"collection":[{"href":"https:\/\/www.freebetbest.com\/de\/wp-json\/wp\/v2\/pages"}],"about":[{"href":"https:\/\/www.freebetbest.com\/de\/wp-json\/wp\/v2\/types\/page"}],"author":[{"embeddable":true,"href":"https:\/\/www.freebetbest.com\/de\/wp-json\/wp\/v2\/users\/1"}],"replies":[{"embeddable":true,"href":"https:\/\/www.freebetbest.com\/de\/wp-json\/wp\/v2\/comments?post=4848"}],"version-history":[{"count":0,"href":"https:\/\/www.freebetbest.com\/de\/wp-json\/wp\/v2\/pages\/4848\/revisions"}],"wp:featuredmedia":[{"embeddable":true,"href":"https:\/\/www.freebetbest.com\/de\/wp-json\/wp\/v2\/media\/4856"}],"wp:attachment":[{"href":"https:\/\/www.freebetbest.com\/de\/wp-json\/wp\/v2\/media?parent=4848"}],"curies":[{"name":"wp","href":"https:\/\/api.w.org\/{rel}","templated":true}]}}