{"id":4847,"date":"2019-06-18T07:42:34","date_gmt":"2019-06-18T07:42:34","guid":{"rendered":"https:\/\/www.freebetbest.com\/fusball-online-wetten\/"},"modified":"2021-08-16T04:36:41","modified_gmt":"2021-08-16T04:36:41","slug":"fussball-online-wetten","status":"publish","type":"page","link":"https:\/\/www.freebetbest.com\/de\/fussball-online-wetten\/","title":{"rendered":"Neuester Fu\u00dfball-Wettbonus"},"content":{"rendered":"\n<div class=\"text-area__container\">\n<div class=\"text-area__content\">\n<h2>Neuester Fu\u00dfball-Wettbonus<\/h2>\nNeuester Fu\u00dfball-Wettbonus. Fu\u00dfball wird verwendet. Eine der umfangreichsten Mannschaftssportaktivit\u00e4ten, ihre Teilnehmer in allen Belangen. Alle wollen zufrieden sein. Es werden keine Finger ben\u00f6tigt. Pass den Ball zum gegnerischen Tor. Ob in den GUS-Staaten.\n<h3>Viele Buchmacher wetten auf das Neueste<a href=\"https:\/\/www.freebetbest.com\/de\/wettseiten\/\"> Fu\u00dfballwetten<\/a> Bonus<\/h3>\nDie beliebteste Sportaktivit\u00e4t der Welt. Die beste Wahl in Suchrankings. Einige Fans wetten. Umgehe niemals Basketballspiele. Und effektiv Fu\u00dfballwetten gewinnen\n<h3>Schaltfl\u00e4che f\u00fcr den neuesten Fu\u00dfballwetten-Bonus<\/h3>\nOnline-Fu\u00dfballwetten. Wenn Sie hart arbeiten, wetten Sie online auf Fu\u00dfball. Kann die Haupteinnahmequelle sein. Informationsklassifizierung, Bewertung vor dem Spiel und \u00dcberpr\u00fcfung von Wettunternehmen. Bieten Sie die gr\u00f6\u00dften Rabatte. Wird die Grundlage f\u00fcr die Auswahl einer Wette sein.\n<h3>Wenn Sie \u00fcberlegen, wie Sie den neuesten Fu\u00dfballwettenbonus am besten erhalten<\/h3>\nDenken Sie daran, dass die erste Gruppe gewinnt. Trauma, Beratungskrankheit, schlechter psychischer Zustand, geringe Spiel\u00f6konomie. All dies ist leicht zu \u00e4ndern. Der scheinbar offensichtliche Sieg. Wetten auf Basketball-Uniformen ist definitiv eine. Ein uralter Beruf, der vielen Menschen gro\u00dfen Reichtum bringen kann.\n<h3>F\u00fcr jedes neueste Fu\u00dfballwetten-Bonusspiel finden Sie vorhergesagte Wetten.<\/h3>\nEs ist notwendig, die Anzahl der Champions zu ber\u00fccksichtigen. Insgesamt sieht man zum Beispiel bei den Deutschen Meisterschaften in Deutschland sowie bei den Meisterschaftsspielen in Frankreich und Italien viele Tore. Nat\u00fcrlich hat es nicht gut funktioniert. Das erste, was Sie bei dieser Aktivit\u00e4t beachten sollten\n<h3>Der wichtigste Torh\u00fcter im Fu\u00dfball<\/h3>\nSowie die Verteidigungslinie des Spielers und der Typ der Strike-Sammlung. Zusammenfassend l\u00e4sst sich sagen, dass unter normalen Umst\u00e4nden die mangelnde Verteidigung der Hauptakteure im ultimativen Spiel und sogar die unzureichende Leistung der beiden St\u00fcrmer zu einem gr\u00f6\u00dferen und kompakteren Gesamtbild f\u00fchren werden.\n<h3>Kurz gesagt, die Wettseite des Wettunternehmens<\/h3>\nJeder Wettfan. Beide bieten die einfachsten Bedingungen. Die beste und effektivste Online-Gaming-Gelegenheit. Erm\u00f6glicht Ihnen, von besonderen M\u00f6glichkeiten ohne extreme Arbeits- und Geldk\u00e4ufe zu profitieren. Sie k\u00f6nnen Einkommen erzielen.\n<h3>Der Schl\u00fcssel zum Erfolg<a href=\"https:\/\/www.freebetsinfo.co.uk\/asia-bookmakers\/\"> Wettbonus<\/a><\/h3>\nAbschlie\u00dfend w\u00e4hlen Sie das am besten geeignete Spiel und die am besten geeignete Finanzstrategie. Kurz gesagt, es wird die Gewinnwahrscheinlichkeit des Spielers erheblich erh\u00f6hen und ihm gleichzeitig erm\u00f6glichen, die anf\u00e4ngliche Anzahlung des Spielers erheblich zu erh\u00f6hen.\n<h3>Erstaunliche Belohnung<\/h3>\nEiner der besten Gr\u00fcnde, Online-Wetten auszuprobieren. Es ist ein ausgezeichnetes Angebot an zus\u00e4tzlichen Boni. Wir suchen nur nach denen, die bei Buchmachern verf\u00fcgbar sind. Der gr\u00f6\u00dfte und gr\u00f6\u00dfte Bonus. Diese Marketingaktionen. Bietet Ihnen mehr Gelderfahrung und beinhaltet normalerweise auch andere Vorteile, wie z. B. Gratiswetten. Oder wenn Sie auf zus\u00e4tzliche Bonuswetten verzichten. Cashback garantiert.\n<h3>Viele M\u00e4rkte<\/h3>\nDas effektivste Internet-Wettunternehmen. Erm\u00f6glicht Ihnen, aus der ganzen Welt zu sehen. Wetten auf verschiedene Sportereignisse und Veranstaltungen. Unsere beliebteste Wettseite. Sie k\u00f6nnen nicht nur Wetten auf Ereignisse platzieren, die auf der ganzen Welt stattfinden, sondern auch. Jeder Fu\u00dfball oder Hockey, der in anderen L\u00e4ndern\/Regionen der Welt stattfindet. Oder andere Sportereignisse zum Wetten. Je mehr Marktsegmente wir anbieten, desto wahrscheinlicher ist unser Unternehmen. Machen Sie Vorschl\u00e4ge f\u00fcr die Website.\n<h3>Einfache erste Einzahlung<\/h3>\nWettseiten k\u00f6nnen Eigent\u00fcmer sein. Jedes Merkmal der besten der Welt, aber es sei denn, Sie k\u00f6nnen es leicht. Zahlen Sie Bargeld auf Ihr Konto ein, oder Sie k\u00f6nnen es nicht genie\u00dfen. Unsere empfohlene Website. Nicht nur f\u00fcr Sie. Mehrere unterschiedliche Einzahlungsmethoden machen aber auch den Finanzprozess aus. Halten Sie es so einfach wie m\u00f6glich, damit Sie es k\u00f6nnen. Konzentrieren Sie sich darauf, Wetten zu generieren, ohne sich um Ihr Geld sorgen zu m\u00fcssen.\n\n<\/div>\n<\/div>\n","protected":false},"excerpt":{"rendered":"<p>Buchmacher-Unternehmen die besten Quoten f\u00fcr Fu\u00dfball-Wetten &#8211; legen Sie Ihre Wette auf ein Fu\u00dfballspiel und gewinnen Sie sofort.<\/p>\n<div class=\"hero-cup-section\">\n<div class=\"row mb-4\">\n<div class=\"col-md-7\">\n<div class=\"section-area\">\n<div class=\"section-list\">\n<li style=\"text-align: left\"><img decoding=\"async\" src=\"https:\/\/www.freebetbest.com\/wp-content\/uploads\/2021\/06\/tick.png\" alt=\"Sport\"> Willkommensbonus im Sportcasino.<\/li>\n<li style=\"text-align: left\"><img decoding=\"async\" src=\"https:\/\/www.freebetbest.com\/wp-content\/uploads\/2021\/06\/tick.png\" alt=\"Spieleangebote\"> Angebote und Aktionen von Online-Buchmachern.<\/li>\n<li style=\"text-align: left\"><img decoding=\"async\" src=\"https:\/\/www.freebetbest.com\/wp-content\/uploads\/2021\/06\/tick.png\" alt=\"Spieleangebote\"> Die besten Online-Buchmacher, denen Sie vertrauen k\u00f6nnen.<\/li>\n<li style=\"text-align: left\"><img decoding=\"async\" src=\"https:\/\/www.freebetbest.com\/wp-content\/uploads\/2021\/06\/tick.png\" alt=\"Ma\u00dfgebend\"> Ma\u00dfgebliche \u00dcberpr\u00fcfung Sicher zuverl\u00e4ssig.<\/li>\n<li style=\"text-align: left\"><img decoding=\"async\" src=\"https:\/\/www.freebetbest.com\/wp-content\/uploads\/2021\/06\/tick.png\" alt=\"Schnelle Abhebungen\"> Mobile APP-Unterst\u00fctzung, schnelle Auszahlungen.<\/li>\n<li style=\"text-align: left\"><img decoding=\"async\" src=\"https:\/\/www.freebetbest.com\/wp-content\/uploads\/2021\/06\/tick.png\" alt=\"Kundendienst\"> Kundensupport: 365 Tage, 24 Stunden am Tag.<\/li>\n<\/div>\n<\/div>\n<\/div>\n<div class=\"col-md-5\">\n<div class=\"cup-img\"><img decoding=\"async\" src=\"https:\/\/www.freebetbest.com\/wp-content\/uploads\/2021\/06\/asia.png\" alt=\"Sport\"><\/div>\n<\/div>\n<\/div>\n","protected":false},"author":1,"featured_media":4857,"parent":0,"menu_order":0,"comment_status":"closed","ping_status":"closed","template":"template-betting.php","meta":{"footnotes":""},"class_list":["post-4847","page","type-page","status-publish","has-post-thumbnail","hentry"],"yoast_head":"<!-- This site is optimized with the Yoast SEO Premium plugin v19.5 (Yoast SEO v27.0) - https:\/\/yoast.com\/product\/yoast-seo-premium-wordpress\/ -->\n<title>Neuester Fu\u00dfball-Wettbonus , Aktion f\u00fcr Ersteinzahlung<\/title>\n<meta name=\"description\" content=\"Neuester Fu\u00dfball-Wettbonus , Gratiswette Bonus ohne Einzahlung, Willkommensbonuscode f\u00fcr die erste Einzahlung, Anmeldebonuscode. Beste Quoten f\u00fcr Sportwetten\" \/>\n<meta name=\"robots\" content=\"index, follow, max-snippet:-1, max-image-preview:large, max-video-preview:-1\" \/>\n<link rel=\"canonical\" href=\"https:\/\/www.freebetbest.com\/de\/fussball-online-wetten\/\" \/>\n<meta property=\"og:locale\" content=\"de_DE\" \/>\n<meta property=\"og:type\" content=\"article\" \/>\n<meta property=\"og:title\" content=\"Neuester Fu\u00dfball-Wettbonus\" \/>\n<meta property=\"og:description\" content=\"Neuester Fu\u00dfball-Wettbonus , Gratiswette Bonus ohne Einzahlung, Willkommensbonuscode f\u00fcr die erste Einzahlung, Anmeldebonuscode. Beste Quoten f\u00fcr Sportwetten\" \/>\n<meta property=\"og:url\" content=\"https:\/\/www.freebetbest.com\/de\/fussball-online-wetten\/\" \/>\n<meta property=\"og:site_name\" content=\"Gratis Wetten | beste Online Casinos | Sportwetten Bonus\" \/>\n<meta property=\"article:modified_time\" content=\"2021-08-16T04:36:41+00:00\" \/>\n<meta property=\"og:image\" content=\"https:\/\/www.freebetbest.com\/wp-content\/uploads\/2019\/07\/6-60171_football-wallpaper-football-wallpaper-hd.jpg\" \/>\n\t<meta property=\"og:image:width\" content=\"320\" \/>\n\t<meta property=\"og:image:height\" content=\"180\" \/>\n\t<meta property=\"og:image:type\" content=\"image\/jpeg\" \/>\n<meta name=\"twitter:card\" content=\"summary_large_image\" \/>\n<meta name=\"twitter:label1\" content=\"Gesch\u00e4tzte Lesezeit\" \/>\n\t<meta name=\"twitter:data1\" content=\"3\u00a0Minuten\" \/>\n<script type=\"application\/ld+json\" class=\"yoast-schema-graph\">{\"@context\":\"https:\/\/schema.org\",\"@graph\":[{\"@type\":\"WebPage\",\"@id\":\"https:\/\/www.freebetbest.com\/de\/fussball-online-wetten\/\",\"url\":\"https:\/\/www.freebetbest.com\/de\/fussball-online-wetten\/\",\"name\":\"Neuester Fu\u00dfball-Wettbonus , Aktion f\u00fcr Ersteinzahlung\",\"isPartOf\":{\"@id\":\"https:\/\/www.freebetbest.com\/de\/#website\"},\"primaryImageOfPage\":{\"@id\":\"https:\/\/www.freebetbest.com\/de\/fussball-online-wetten\/#primaryimage\"},\"image\":{\"@id\":\"https:\/\/www.freebetbest.com\/de\/fussball-online-wetten\/#primaryimage\"},\"thumbnailUrl\":\"https:\/\/www.freebetbest.com\/wp-content\/uploads\/2019\/07\/6-60171_football-wallpaper-football-wallpaper-hd.jpg\",\"datePublished\":\"2019-06-18T07:42:34+00:00\",\"dateModified\":\"2021-08-16T04:36:41+00:00\",\"description\":\"Neuester Fu\u00dfball-Wettbonus , Gratiswette Bonus ohne Einzahlung, Willkommensbonuscode f\u00fcr die erste Einzahlung, Anmeldebonuscode. Beste Quoten f\u00fcr Sportwetten\",\"breadcrumb\":{\"@id\":\"https:\/\/www.freebetbest.com\/de\/fussball-online-wetten\/#breadcrumb\"},\"inLanguage\":\"de\",\"potentialAction\":[{\"@type\":\"ReadAction\",\"target\":[\"https:\/\/www.freebetbest.com\/de\/fussball-online-wetten\/\"]}]},{\"@type\":\"ImageObject\",\"inLanguage\":\"de\",\"@id\":\"https:\/\/www.freebetbest.com\/de\/fussball-online-wetten\/#primaryimage\",\"url\":\"https:\/\/www.freebetbest.com\/wp-content\/uploads\/2019\/07\/6-60171_football-wallpaper-football-wallpaper-hd.jpg\",\"contentUrl\":\"https:\/\/www.freebetbest.com\/wp-content\/uploads\/2019\/07\/6-60171_football-wallpaper-football-wallpaper-hd.jpg\",\"width\":320,\"height\":180,\"caption\":\"Neuester Fu\u00dfball-Wettbonus\"},{\"@type\":\"BreadcrumbList\",\"@id\":\"https:\/\/www.freebetbest.com\/de\/fussball-online-wetten\/#breadcrumb\",\"itemListElement\":[{\"@type\":\"ListItem\",\"position\":1,\"name\":\"Home\",\"item\":\"https:\/\/www.freebetbest.com\/de\/\"},{\"@type\":\"ListItem\",\"position\":2,\"name\":\"Neuester Fu\u00dfball-Wettbonus\"}]},{\"@type\":\"WebSite\",\"@id\":\"https:\/\/www.freebetbest.com\/de\/#website\",\"url\":\"https:\/\/www.freebetbest.com\/de\/\",\"name\":\"Gratis Wetten | beste Online Casinos | Sportwetten Bonus\",\"description\":\"Das beste Online Buchmacher,Das Sportwetten, Casino-, Poker-, Bingo- und Mobilwetten, Online-Casinos, Fu\u00dfballwetten, Ohne Einzahlung Promo-Codes, Das weltweit f\u00fchrende Gl\u00fccksspielportal anbietet.\",\"publisher\":{\"@id\":\"https:\/\/www.freebetbest.com\/de\/#\/schema\/person\/292684ccf388a2362d507874c5b80a69\"},\"potentialAction\":[{\"@type\":\"SearchAction\",\"target\":{\"@type\":\"EntryPoint\",\"urlTemplate\":\"https:\/\/www.freebetbest.com\/de\/?s={search_term_string}\"},\"query-input\":{\"@type\":\"PropertyValueSpecification\",\"valueRequired\":true,\"valueName\":\"search_term_string\"}}],\"inLanguage\":\"de\"},{\"@type\":[\"Person\",\"Organization\"],\"@id\":\"https:\/\/www.freebetbest.com\/de\/#\/schema\/person\/292684ccf388a2362d507874c5b80a69\",\"name\":\"\u7ba1\u7406\",\"image\":{\"@type\":\"ImageObject\",\"inLanguage\":\"de\",\"@id\":\"https:\/\/www.freebetbest.com\/de\/#\/schema\/person\/image\/\",\"url\":\"https:\/\/www.freebetbest.com\/wp-content\/litespeed\/avatar\/49696b52fb15293a2168c14964fdd8b9.jpg?ver=1777439934\",\"contentUrl\":\"https:\/\/www.freebetbest.com\/wp-content\/litespeed\/avatar\/49696b52fb15293a2168c14964fdd8b9.jpg?ver=1777439934\",\"caption\":\"\u7ba1\u7406\"},\"logo\":{\"@id\":\"https:\/\/www.freebetbest.com\/de\/#\/schema\/person\/image\/\"},\"sameAs\":[\"admin\"]}]}<\/script>\n<!-- \/ Yoast SEO Premium plugin. -->","yoast_head_json":{"title":"Neuester Fu\u00dfball-Wettbonus , Aktion f\u00fcr Ersteinzahlung","description":"Neuester Fu\u00dfball-Wettbonus , Gratiswette Bonus ohne Einzahlung, Willkommensbonuscode f\u00fcr die erste Einzahlung, Anmeldebonuscode. Beste Quoten f\u00fcr Sportwetten","robots":{"index":"index","follow":"follow","max-snippet":"max-snippet:-1","max-image-preview":"max-image-preview:large","max-video-preview":"max-video-preview:-1"},"canonical":"https:\/\/www.freebetbest.com\/de\/fussball-online-wetten\/","og_locale":"de_DE","og_type":"article","og_title":"Neuester Fu\u00dfball-Wettbonus","og_description":"Neuester Fu\u00dfball-Wettbonus , Gratiswette Bonus ohne Einzahlung, Willkommensbonuscode f\u00fcr die erste Einzahlung, Anmeldebonuscode. Beste Quoten f\u00fcr Sportwetten","og_url":"https:\/\/www.freebetbest.com\/de\/fussball-online-wetten\/","og_site_name":"Gratis Wetten | beste Online Casinos | Sportwetten Bonus","article_modified_time":"2021-08-16T04:36:41+00:00","og_image":[{"width":320,"height":180,"url":"https:\/\/www.freebetbest.com\/wp-content\/uploads\/2019\/07\/6-60171_football-wallpaper-football-wallpaper-hd.jpg","type":"image\/jpeg"}],"twitter_card":"summary_large_image","twitter_misc":{"Gesch\u00e4tzte Lesezeit":"3\u00a0Minuten"},"schema":{"@context":"https:\/\/schema.org","@graph":[{"@type":"WebPage","@id":"https:\/\/www.freebetbest.com\/de\/fussball-online-wetten\/","url":"https:\/\/www.freebetbest.com\/de\/fussball-online-wetten\/","name":"Neuester Fu\u00dfball-Wettbonus , Aktion f\u00fcr Ersteinzahlung","isPartOf":{"@id":"https:\/\/www.freebetbest.com\/de\/#website"},"primaryImageOfPage":{"@id":"https:\/\/www.freebetbest.com\/de\/fussball-online-wetten\/#primaryimage"},"image":{"@id":"https:\/\/www.freebetbest.com\/de\/fussball-online-wetten\/#primaryimage"},"thumbnailUrl":"https:\/\/www.freebetbest.com\/wp-content\/uploads\/2019\/07\/6-60171_football-wallpaper-football-wallpaper-hd.jpg","datePublished":"2019-06-18T07:42:34+00:00","dateModified":"2021-08-16T04:36:41+00:00","description":"Neuester Fu\u00dfball-Wettbonus , Gratiswette Bonus ohne Einzahlung, Willkommensbonuscode f\u00fcr die erste Einzahlung, Anmeldebonuscode. Beste Quoten f\u00fcr Sportwetten","breadcrumb":{"@id":"https:\/\/www.freebetbest.com\/de\/fussball-online-wetten\/#breadcrumb"},"inLanguage":"de","potentialAction":[{"@type":"ReadAction","target":["https:\/\/www.freebetbest.com\/de\/fussball-online-wetten\/"]}]},{"@type":"ImageObject","inLanguage":"de","@id":"https:\/\/www.freebetbest.com\/de\/fussball-online-wetten\/#primaryimage","url":"https:\/\/www.freebetbest.com\/wp-content\/uploads\/2019\/07\/6-60171_football-wallpaper-football-wallpaper-hd.jpg","contentUrl":"https:\/\/www.freebetbest.com\/wp-content\/uploads\/2019\/07\/6-60171_football-wallpaper-football-wallpaper-hd.jpg","width":320,"height":180,"caption":"Neuester Fu\u00dfball-Wettbonus"},{"@type":"BreadcrumbList","@id":"https:\/\/www.freebetbest.com\/de\/fussball-online-wetten\/#breadcrumb","itemListElement":[{"@type":"ListItem","position":1,"name":"Home","item":"https:\/\/www.freebetbest.com\/de\/"},{"@type":"ListItem","position":2,"name":"Neuester Fu\u00dfball-Wettbonus"}]},{"@type":"WebSite","@id":"https:\/\/www.freebetbest.com\/de\/#website","url":"https:\/\/www.freebetbest.com\/de\/","name":"Gratis Wetten | beste Online Casinos | Sportwetten Bonus","description":"Das beste Online Buchmacher,Das Sportwetten, Casino-, Poker-, Bingo- und Mobilwetten, Online-Casinos, Fu\u00dfballwetten, Ohne Einzahlung Promo-Codes, Das weltweit f\u00fchrende Gl\u00fccksspielportal anbietet.","publisher":{"@id":"https:\/\/www.freebetbest.com\/de\/#\/schema\/person\/292684ccf388a2362d507874c5b80a69"},"potentialAction":[{"@type":"SearchAction","target":{"@type":"EntryPoint","urlTemplate":"https:\/\/www.freebetbest.com\/de\/?s={search_term_string}"},"query-input":{"@type":"PropertyValueSpecification","valueRequired":true,"valueName":"search_term_string"}}],"inLanguage":"de"},{"@type":["Person","Organization"],"@id":"https:\/\/www.freebetbest.com\/de\/#\/schema\/person\/292684ccf388a2362d507874c5b80a69","name":"\u7ba1\u7406","image":{"@type":"ImageObject","inLanguage":"de","@id":"https:\/\/www.freebetbest.com\/de\/#\/schema\/person\/image\/","url":"https:\/\/www.freebetbest.com\/wp-content\/litespeed\/avatar\/49696b52fb15293a2168c14964fdd8b9.jpg?ver=1777439934","contentUrl":"https:\/\/www.freebetbest.com\/wp-content\/litespeed\/avatar\/49696b52fb15293a2168c14964fdd8b9.jpg?ver=1777439934","caption":"\u7ba1\u7406"},"logo":{"@id":"https:\/\/www.freebetbest.com\/de\/#\/schema\/person\/image\/"},"sameAs":["admin"]}]}},"_links":{"self":[{"href":"https:\/\/www.freebetbest.com\/de\/wp-json\/wp\/v2\/pages\/4847","targetHints":{"allow":["GET"]}}],"collection":[{"href":"https:\/\/www.freebetbest.com\/de\/wp-json\/wp\/v2\/pages"}],"about":[{"href":"https:\/\/www.freebetbest.com\/de\/wp-json\/wp\/v2\/types\/page"}],"author":[{"embeddable":true,"href":"https:\/\/www.freebetbest.com\/de\/wp-json\/wp\/v2\/users\/1"}],"replies":[{"embeddable":true,"href":"https:\/\/www.freebetbest.com\/de\/wp-json\/wp\/v2\/comments?post=4847"}],"version-history":[{"count":0,"href":"https:\/\/www.freebetbest.com\/de\/wp-json\/wp\/v2\/pages\/4847\/revisions"}],"wp:featuredmedia":[{"embeddable":true,"href":"https:\/\/www.freebetbest.com\/de\/wp-json\/wp\/v2\/media\/4857"}],"wp:attachment":[{"href":"https:\/\/www.freebetbest.com\/de\/wp-json\/wp\/v2\/media?parent=4847"}],"curies":[{"name":"wp","href":"https:\/\/api.w.org\/{rel}","templated":true}]}}