{"id":4846,"date":"2019-07-19T09:24:55","date_gmt":"2019-07-19T09:24:55","guid":{"rendered":"https:\/\/www.freebetbest.com\/hockey-online-wetten\/"},"modified":"2021-08-16T06:25:24","modified_gmt":"2021-08-16T06:25:24","slug":"eishockey-online-wetten","status":"publish","type":"page","link":"https:\/\/www.freebetbest.com\/de\/eishockey-online-wetten\/","title":{"rendered":"Neuester Eishockey-Wettbonus"},"content":{"rendered":"\n<div class=\"text-area__container\">\n<div class=\"text-area__content\">\n<p>werden auf den neuesten Eishockey-Wettbonus der Buchmacher platziert. Sie alle zielen auf popul\u00e4re Sportarten ab. Es gibt Fans dieser Art von Videospielen. In Russland nicht viele. Hockey ist in Irland oder Spanien sehr beliebt. Viele Follower, diese Leute und Buchmacher, die mit Wetten Geld verdienen wollen, schauen sich das Spiel an.<\/p>\n<p>Die neuesten Eishockey-Wettboni. Es ist eigentlich ein Teamspiel, bei dem zwei Teams aus 11 Personen bestehen. Der Zweck von Videospielen. Dies ist das Ziel des Berichtsherausforderers. F\u00fcr diese Aktivit\u00e4t verwenden sie normalerweise Schl\u00e4ger und spezielle Knochenb\u00e4lle.<\/p>\n<p>Das Videospiel beinhaltet zwei Faktoren aus der European Ice Hockey League, aufgeteilt in zwei H\u00e4lften, 50% in jeder Gruppe, und die Spielzeit betr\u00e4gt 17,5 Minuten. Der Meister ist die Gruppe, die mehr Tore erzielt.<\/p>\n<h2>Neueste Eishockey-Wettbonus-Website<\/h2>\n<p>In Bezug auf das Gl\u00fccksspiel in den wichtigsten Sportarten ist Eishockey beliebter als seine Alternative. Fu\u00dfball und Baseball werden viel weniger beachtet. Es ist wie eine Band, die viele Verfolgungsoptionen nutzt.<\/p>\n<p>Viele Leute m\u00f6gen Videospiele wirklich. Viele Leute haben es wiederholt. Top-Eishockey-Wettseiten und Live-Wetten. Aber es kommt aus dem Rampenlicht.<\/p>\n<h3>Neueste Hockey-Wettbonus-Enthusiasten.<\/h3>\n<p>Und m\u00f6chten Ihre Hockey-Informationen verwenden. Um mit Videospielen Geld zu verdienen, hilft Ihnen diese Website beim Einstieg. Wenn Sie eine Fachkraft sind. Sportwetter und Lust auf Eishockey-Gl\u00fccksspiele, dann k\u00f6nnen Sie fast.<\/p>\n<p>Finden Sie oben alles, was Sie wollen. Wir werden sicher sein. Wie k\u00f6nnen Sie Hockey w\u00e4hlen. Und Sie k\u00f6nnen in den Top-Hockey-Spielst\u00e4tten spielen. Verschiedene Wetten gemacht. Abschlie\u00dfend stellen wir Ihnen auch einige Richtlinien zur Verf\u00fcgung, die Ihnen helfen. Holen Sie den gr\u00f6\u00dften Nutzen aus der Veranstaltung.<\/p>\n<h3>Warum Online-Eishockey-Sportwetten Ihnen so viele M\u00f6glichkeiten bieten<\/h3>\n<p>Die meisten Wettenden. Gleichg\u00fcltigkeit gegen\u00fcber NHL-Gl\u00fccksspielseiten. Bietet eine einzigartige Gelegenheit. Sie sehen manchmal &#8222;L\u00fccken&#8220; in Chancen. Der Grund ist folgender: Die Quotensetzer versuchen es. Verteilen Sie die Aktivit\u00e4t gleichm\u00e4\u00dfig auf beiden Seiten der Aktivit\u00e4t. Sie bauen nacheinander. Lassen Sie so viele Wettende wie m\u00f6glich. Interessierte Serien dazu. Teilen Sie die Punkte gleichm\u00e4\u00dfig auf. Fazit: Kann daf\u00fcr sorgen, dass Sportwetten vom &#8222;Saft&#8220; profitieren.<\/p>\n<h3>Wenn es viele Ma\u00dfnahmen gibt<\/h3>\n<p>Dies ist beispielsweise in der Regel relativ schnell erreicht. Tausende von Wetten. Helfen Sie den Quotensetzern, die Quoten mit minimalen \u00c4nderungen schnell festzulegen und immer das Gleichgewicht zu halten. Sobald die Aktion sp\u00e4rlich ist<\/p>\n<p>Auf Eishockey-Wettseiten dauert dieser Vorgang l\u00e4nger. Die Eins\u00e4tze rieseln nach unten.<a href=\"https:\/\/www.freebetbest.com\/de\/wettseiten\/\"> Sportwetten<\/a> hat \u00c4nderungen an Online-Spielen vorgenommen, jedoch in einem langsameren Tempo. Wenn Sie Ihre Hausaufgaben fr\u00fchzeitig erledigen und sie bekommen, erh\u00f6hen sich Ihre Gewinnchancen, wenn die Quoten manchmal abweichen.<\/p>\n<p>Nat\u00fcrlich empfehlen wir nicht, Eishockey-Online-Spiele zu spielen. Gew\u00e4hrleisten Sie ein garantiertes Einkommen. Wenn das stimmt, wird es jeder tun. Es besteht noch die M\u00f6glichkeit mitzumachen. Die Idee ist, dass Sie potenzielle Kunden auf Wettseiten sehen, und diese Seiten befinden sich auf Fu\u00dfball- und Baseball-Wettseiten. Nicht sehr verbreitet.<\/p>\n<h3>Grundkenntnisse im Hockey-Gl\u00fccksspiel<\/h3>\n<p>Die meisten Eishockey-Wetten werden in NHL-Onlinespielen platziert. Manchmal sehen Sie es in der oberen Anleitung. Zus\u00e4tzliche Informationen zum europ\u00e4ischen Hockey werden angezeigt. Aber wegen der amerikanischen Wetter. Das Wissen um die Anzahl der Mannschaften und Teilnehmer in diesen Ligen erg\u00e4nzt die kleinsten Sportarten. Abschlie\u00dfend eine Handvoll reizvoller Sportwetten in den Vereinigten Staaten. Biete sie sogar an.<\/p>\n<p>Fazit: NHL<a href=\"https:\/\/www.freebetsinfo.co.uk\/free-bets\/\"> Sportwetten<\/a> basiert auf Gewinnen oder Verlieren. Sie bieten genau die gleichen Funktionen wie das Zuweisen von Standorten. Das Set versucht, jede Seite der Wette zufriedenstellend zu machen. Der offensichtliche Unterschied zwischen Gewinn- und Verlustauftr\u00e4gen und der Positionsverteilung besteht darin, dass erstere nur den Gewinner eines Videospiels ber\u00fccksichtigt.<\/p>\n<h3>Das Konzept hinter der Kassenlinie<\/h3>\n<p>Jedes Eishockey-Videospiel. Beide enthalten einen beliebten und einen gescheiterten. Denn die meisten Leute werden nur eine Pr\u00e4ferenz vermuten. Zusammenfassend bleiben alle anderen Variablen unver\u00e4ndert. Also Sportwetten-Versuche. Ziehen Sie Wetter an, um die Aktion auf die gegen\u00fcberliegende Seite zu bringen. Daher sind Wettende notwendig. Setzen Sie mehr Einkommen auf ein h\u00f6heres Risiko, anstatt auf Vorteile zu setzen.<\/p>\n<\/div>\n<\/div>\n","protected":false},"excerpt":{"rendered":"<p>Die Wahl des Typs h\u00e4ngt von der Erfahrung des Spielers, den verfolgten Zielen und dem verf\u00fcgbaren Budget ab. Wetten gelten als die erfolgreichsten.<\/p>\n<div class=\"hero-cup-section\">\n<div class=\"row mb-4\">\n<div class=\"col-md-7\">\n<div class=\"section-area\">\n<div class=\"section-list\">\n<li style=\"text-align: left\"><img decoding=\"async\" src=\"https:\/\/www.freebetbest.com\/wp-content\/uploads\/2021\/06\/tick.png\" alt=\"Sport\"> Willkommensbonus im Sportcasino.<\/li>\n<li style=\"text-align: left\"><img decoding=\"async\" src=\"https:\/\/www.freebetbest.com\/wp-content\/uploads\/2021\/06\/tick.png\" alt=\"Spieleangebote\"> Angebote und Aktionen von Online-Buchmachern.<\/li>\n<li style=\"text-align: left\"><img decoding=\"async\" src=\"https:\/\/www.freebetbest.com\/wp-content\/uploads\/2021\/06\/tick.png\" alt=\"Spieleangebote\"> Die besten Online-Buchmacher, denen Sie vertrauen k\u00f6nnen.<\/li>\n<li style=\"text-align: left\"><img decoding=\"async\" src=\"https:\/\/www.freebetbest.com\/wp-content\/uploads\/2021\/06\/tick.png\" alt=\"Ma\u00dfgebend\"> Ma\u00dfgebliche \u00dcberpr\u00fcfung Sicher zuverl\u00e4ssig.<\/li>\n<li style=\"text-align: left\"><img decoding=\"async\" src=\"https:\/\/www.freebetbest.com\/wp-content\/uploads\/2021\/06\/tick.png\" alt=\"Schnelle Abhebungen\"> Mobile APP-Unterst\u00fctzung, schnelle Auszahlungen.<\/li>\n<li style=\"text-align: left\"><img decoding=\"async\" src=\"https:\/\/www.freebetbest.com\/wp-content\/uploads\/2021\/06\/tick.png\" alt=\"Kundendienst\"> Kundensupport: 365 Tage, 24 Stunden am Tag.<\/li>\n<\/div>\n<\/div>\n<\/div>\n<div class=\"col-md-5\">\n<div class=\"cup-img\"><img decoding=\"async\" src=\"https:\/\/www.freebetbest.com\/wp-content\/uploads\/2021\/06\/Cricket-Betting.png\" alt=\"Sport\"><\/div>\n<\/div>\n<\/div>\n","protected":false},"author":1,"featured_media":4853,"parent":0,"menu_order":0,"comment_status":"closed","ping_status":"closed","template":"Sports-template.php","meta":{"footnotes":""},"class_list":["post-4846","page","type-page","status-publish","has-post-thumbnail","hentry"],"yoast_head":"<!-- This site is optimized with the Yoast SEO Premium plugin v19.5 (Yoast SEO v27.0) - https:\/\/yoast.com\/product\/yoast-seo-premium-wordpress\/ -->\n<title>Neuester Eishockey-Wettbonus<\/title>\n<meta name=\"description\" content=\"Neuester Eishockey-Wettbonus Bonus ohne Einzahlung, Willkommensbonuscode f\u00fcr die erste Einzahlung, Anmeldebonuscode.\" \/>\n<meta name=\"robots\" content=\"index, follow, max-snippet:-1, max-image-preview:large, max-video-preview:-1\" \/>\n<link rel=\"canonical\" href=\"https:\/\/www.freebetbest.com\/de\/eishockey-online-wetten\/\" \/>\n<meta property=\"og:locale\" content=\"de_DE\" \/>\n<meta property=\"og:type\" content=\"article\" \/>\n<meta property=\"og:title\" content=\"Neuester Eishockey-Wettbonus\" \/>\n<meta property=\"og:description\" content=\"Neuester Eishockey-Wettbonus Bonus ohne Einzahlung, Willkommensbonuscode f\u00fcr die erste Einzahlung, Anmeldebonuscode.\" \/>\n<meta property=\"og:url\" content=\"https:\/\/www.freebetbest.com\/de\/eishockey-online-wetten\/\" \/>\n<meta property=\"og:site_name\" content=\"Gratis Wetten | beste Online Casinos | Sportwetten Bonus\" \/>\n<meta property=\"article:modified_time\" content=\"2021-08-16T06:25:24+00:00\" \/>\n<meta property=\"og:image\" content=\"https:\/\/www.freebetbest.com\/wp-content\/uploads\/2019\/07\/Field-Hockey.jpg\" \/>\n\t<meta property=\"og:image:width\" content=\"315\" \/>\n\t<meta property=\"og:image:height\" content=\"140\" \/>\n\t<meta property=\"og:image:type\" content=\"image\/jpeg\" \/>\n<meta name=\"twitter:card\" content=\"summary_large_image\" \/>\n<meta name=\"twitter:label1\" content=\"Gesch\u00e4tzte Lesezeit\" \/>\n\t<meta name=\"twitter:data1\" content=\"4\u00a0Minuten\" \/>\n<script type=\"application\/ld+json\" class=\"yoast-schema-graph\">{\"@context\":\"https:\/\/schema.org\",\"@graph\":[{\"@type\":\"WebPage\",\"@id\":\"https:\/\/www.freebetbest.com\/de\/eishockey-online-wetten\/\",\"url\":\"https:\/\/www.freebetbest.com\/de\/eishockey-online-wetten\/\",\"name\":\"Neuester Eishockey-Wettbonus\",\"isPartOf\":{\"@id\":\"https:\/\/www.freebetbest.com\/de\/#website\"},\"primaryImageOfPage\":{\"@id\":\"https:\/\/www.freebetbest.com\/de\/eishockey-online-wetten\/#primaryimage\"},\"image\":{\"@id\":\"https:\/\/www.freebetbest.com\/de\/eishockey-online-wetten\/#primaryimage\"},\"thumbnailUrl\":\"https:\/\/www.freebetbest.com\/wp-content\/uploads\/2019\/07\/Field-Hockey.jpg\",\"datePublished\":\"2019-07-19T09:24:55+00:00\",\"dateModified\":\"2021-08-16T06:25:24+00:00\",\"description\":\"Neuester Eishockey-Wettbonus Bonus ohne Einzahlung, Willkommensbonuscode f\u00fcr die erste Einzahlung, Anmeldebonuscode.\",\"breadcrumb\":{\"@id\":\"https:\/\/www.freebetbest.com\/de\/eishockey-online-wetten\/#breadcrumb\"},\"inLanguage\":\"de\",\"potentialAction\":[{\"@type\":\"ReadAction\",\"target\":[\"https:\/\/www.freebetbest.com\/de\/eishockey-online-wetten\/\"]}]},{\"@type\":\"ImageObject\",\"inLanguage\":\"de\",\"@id\":\"https:\/\/www.freebetbest.com\/de\/eishockey-online-wetten\/#primaryimage\",\"url\":\"https:\/\/www.freebetbest.com\/wp-content\/uploads\/2019\/07\/Field-Hockey.jpg\",\"contentUrl\":\"https:\/\/www.freebetbest.com\/wp-content\/uploads\/2019\/07\/Field-Hockey.jpg\",\"width\":315,\"height\":140,\"caption\":\"Hockey Online Wetten\"},{\"@type\":\"BreadcrumbList\",\"@id\":\"https:\/\/www.freebetbest.com\/de\/eishockey-online-wetten\/#breadcrumb\",\"itemListElement\":[{\"@type\":\"ListItem\",\"position\":1,\"name\":\"Home\",\"item\":\"https:\/\/www.freebetbest.com\/de\/\"},{\"@type\":\"ListItem\",\"position\":2,\"name\":\"Neuester Eishockey-Wettbonus\"}]},{\"@type\":\"WebSite\",\"@id\":\"https:\/\/www.freebetbest.com\/de\/#website\",\"url\":\"https:\/\/www.freebetbest.com\/de\/\",\"name\":\"Gratis Wetten | beste Online Casinos | Sportwetten Bonus\",\"description\":\"Das beste Online Buchmacher,Das Sportwetten, Casino-, Poker-, Bingo- und Mobilwetten, Online-Casinos, Fu\u00dfballwetten, Ohne Einzahlung Promo-Codes, Das weltweit f\u00fchrende Gl\u00fccksspielportal anbietet.\",\"publisher\":{\"@id\":\"https:\/\/www.freebetbest.com\/de\/#\/schema\/person\/292684ccf388a2362d507874c5b80a69\"},\"potentialAction\":[{\"@type\":\"SearchAction\",\"target\":{\"@type\":\"EntryPoint\",\"urlTemplate\":\"https:\/\/www.freebetbest.com\/de\/?s={search_term_string}\"},\"query-input\":{\"@type\":\"PropertyValueSpecification\",\"valueRequired\":true,\"valueName\":\"search_term_string\"}}],\"inLanguage\":\"de\"},{\"@type\":[\"Person\",\"Organization\"],\"@id\":\"https:\/\/www.freebetbest.com\/de\/#\/schema\/person\/292684ccf388a2362d507874c5b80a69\",\"name\":\"\u7ba1\u7406\",\"image\":{\"@type\":\"ImageObject\",\"inLanguage\":\"de\",\"@id\":\"https:\/\/www.freebetbest.com\/de\/#\/schema\/person\/image\/\",\"url\":\"https:\/\/www.freebetbest.com\/wp-content\/litespeed\/avatar\/49696b52fb15293a2168c14964fdd8b9.jpg?ver=1778044739\",\"contentUrl\":\"https:\/\/www.freebetbest.com\/wp-content\/litespeed\/avatar\/49696b52fb15293a2168c14964fdd8b9.jpg?ver=1778044739\",\"caption\":\"\u7ba1\u7406\"},\"logo\":{\"@id\":\"https:\/\/www.freebetbest.com\/de\/#\/schema\/person\/image\/\"},\"sameAs\":[\"admin\"]}]}<\/script>\n<!-- \/ Yoast SEO Premium plugin. -->","yoast_head_json":{"title":"Neuester Eishockey-Wettbonus","description":"Neuester Eishockey-Wettbonus Bonus ohne Einzahlung, Willkommensbonuscode f\u00fcr die erste Einzahlung, Anmeldebonuscode.","robots":{"index":"index","follow":"follow","max-snippet":"max-snippet:-1","max-image-preview":"max-image-preview:large","max-video-preview":"max-video-preview:-1"},"canonical":"https:\/\/www.freebetbest.com\/de\/eishockey-online-wetten\/","og_locale":"de_DE","og_type":"article","og_title":"Neuester Eishockey-Wettbonus","og_description":"Neuester Eishockey-Wettbonus Bonus ohne Einzahlung, Willkommensbonuscode f\u00fcr die erste Einzahlung, Anmeldebonuscode.","og_url":"https:\/\/www.freebetbest.com\/de\/eishockey-online-wetten\/","og_site_name":"Gratis Wetten | beste Online Casinos | Sportwetten Bonus","article_modified_time":"2021-08-16T06:25:24+00:00","og_image":[{"width":315,"height":140,"url":"https:\/\/www.freebetbest.com\/wp-content\/uploads\/2019\/07\/Field-Hockey.jpg","type":"image\/jpeg"}],"twitter_card":"summary_large_image","twitter_misc":{"Gesch\u00e4tzte Lesezeit":"4\u00a0Minuten"},"schema":{"@context":"https:\/\/schema.org","@graph":[{"@type":"WebPage","@id":"https:\/\/www.freebetbest.com\/de\/eishockey-online-wetten\/","url":"https:\/\/www.freebetbest.com\/de\/eishockey-online-wetten\/","name":"Neuester Eishockey-Wettbonus","isPartOf":{"@id":"https:\/\/www.freebetbest.com\/de\/#website"},"primaryImageOfPage":{"@id":"https:\/\/www.freebetbest.com\/de\/eishockey-online-wetten\/#primaryimage"},"image":{"@id":"https:\/\/www.freebetbest.com\/de\/eishockey-online-wetten\/#primaryimage"},"thumbnailUrl":"https:\/\/www.freebetbest.com\/wp-content\/uploads\/2019\/07\/Field-Hockey.jpg","datePublished":"2019-07-19T09:24:55+00:00","dateModified":"2021-08-16T06:25:24+00:00","description":"Neuester Eishockey-Wettbonus Bonus ohne Einzahlung, Willkommensbonuscode f\u00fcr die erste Einzahlung, Anmeldebonuscode.","breadcrumb":{"@id":"https:\/\/www.freebetbest.com\/de\/eishockey-online-wetten\/#breadcrumb"},"inLanguage":"de","potentialAction":[{"@type":"ReadAction","target":["https:\/\/www.freebetbest.com\/de\/eishockey-online-wetten\/"]}]},{"@type":"ImageObject","inLanguage":"de","@id":"https:\/\/www.freebetbest.com\/de\/eishockey-online-wetten\/#primaryimage","url":"https:\/\/www.freebetbest.com\/wp-content\/uploads\/2019\/07\/Field-Hockey.jpg","contentUrl":"https:\/\/www.freebetbest.com\/wp-content\/uploads\/2019\/07\/Field-Hockey.jpg","width":315,"height":140,"caption":"Hockey Online Wetten"},{"@type":"BreadcrumbList","@id":"https:\/\/www.freebetbest.com\/de\/eishockey-online-wetten\/#breadcrumb","itemListElement":[{"@type":"ListItem","position":1,"name":"Home","item":"https:\/\/www.freebetbest.com\/de\/"},{"@type":"ListItem","position":2,"name":"Neuester Eishockey-Wettbonus"}]},{"@type":"WebSite","@id":"https:\/\/www.freebetbest.com\/de\/#website","url":"https:\/\/www.freebetbest.com\/de\/","name":"Gratis Wetten | beste Online Casinos | Sportwetten Bonus","description":"Das beste Online Buchmacher,Das Sportwetten, Casino-, Poker-, Bingo- und Mobilwetten, Online-Casinos, Fu\u00dfballwetten, Ohne Einzahlung Promo-Codes, Das weltweit f\u00fchrende Gl\u00fccksspielportal anbietet.","publisher":{"@id":"https:\/\/www.freebetbest.com\/de\/#\/schema\/person\/292684ccf388a2362d507874c5b80a69"},"potentialAction":[{"@type":"SearchAction","target":{"@type":"EntryPoint","urlTemplate":"https:\/\/www.freebetbest.com\/de\/?s={search_term_string}"},"query-input":{"@type":"PropertyValueSpecification","valueRequired":true,"valueName":"search_term_string"}}],"inLanguage":"de"},{"@type":["Person","Organization"],"@id":"https:\/\/www.freebetbest.com\/de\/#\/schema\/person\/292684ccf388a2362d507874c5b80a69","name":"\u7ba1\u7406","image":{"@type":"ImageObject","inLanguage":"de","@id":"https:\/\/www.freebetbest.com\/de\/#\/schema\/person\/image\/","url":"https:\/\/www.freebetbest.com\/wp-content\/litespeed\/avatar\/49696b52fb15293a2168c14964fdd8b9.jpg?ver=1778044739","contentUrl":"https:\/\/www.freebetbest.com\/wp-content\/litespeed\/avatar\/49696b52fb15293a2168c14964fdd8b9.jpg?ver=1778044739","caption":"\u7ba1\u7406"},"logo":{"@id":"https:\/\/www.freebetbest.com\/de\/#\/schema\/person\/image\/"},"sameAs":["admin"]}]}},"_links":{"self":[{"href":"https:\/\/www.freebetbest.com\/de\/wp-json\/wp\/v2\/pages\/4846","targetHints":{"allow":["GET"]}}],"collection":[{"href":"https:\/\/www.freebetbest.com\/de\/wp-json\/wp\/v2\/pages"}],"about":[{"href":"https:\/\/www.freebetbest.com\/de\/wp-json\/wp\/v2\/types\/page"}],"author":[{"embeddable":true,"href":"https:\/\/www.freebetbest.com\/de\/wp-json\/wp\/v2\/users\/1"}],"replies":[{"embeddable":true,"href":"https:\/\/www.freebetbest.com\/de\/wp-json\/wp\/v2\/comments?post=4846"}],"version-history":[{"count":0,"href":"https:\/\/www.freebetbest.com\/de\/wp-json\/wp\/v2\/pages\/4846\/revisions"}],"wp:featuredmedia":[{"embeddable":true,"href":"https:\/\/www.freebetbest.com\/de\/wp-json\/wp\/v2\/media\/4853"}],"wp:attachment":[{"href":"https:\/\/www.freebetbest.com\/de\/wp-json\/wp\/v2\/media?parent=4846"}],"curies":[{"name":"wp","href":"https:\/\/api.w.org\/{rel}","templated":true}]}}