{"id":4844,"date":"2019-06-18T13:06:20","date_gmt":"2019-06-18T13:06:20","guid":{"rendered":"https:\/\/www.freebetbest.com\/pferderennen-online-wetten\/"},"modified":"2021-07-28T17:01:11","modified_gmt":"2021-07-28T17:01:11","slug":"pferderennen-online-wetten","status":"publish","type":"page","link":"https:\/\/www.freebetbest.com\/de\/pferderennen-online-wetten\/","title":{"rendered":"Pferderennen Online-Wetten"},"content":{"rendered":"<h2>Pferderennen Online-Wetten<\/h2>\n<p>Pferderennen Online-Wetten (Pferderennen<a href=\"https:\/\/www.freebetsinfo.co.uk\/asia-bookmakers\/\"> Online-Wetten<\/a> ) war schon immer eine Art zu wetten, es bietet seine eigenen Fans, Sie werden viele M\u00f6glichkeiten im Endergebnis finden und manchmal sogar v\u00f6llig unvorhersehbare Ergebnisse.<\/p>\n<p>Viele Leute m\u00f6gen es, aufmerksam zu sein. Verbesserungen auf der ganzen Welt und verdienen sofort Geld mit ihren Lieblingspferden. Wenn Sie die M\u00f6glichkeit haben, die Strecke zu besuchen, werden Pferderennen-Wetten ein wunderbares Abenteuer. Auf die richtige Art und Weise k\u00f6nnen Wetten auf Pferderennen nicht nur Ihre Stimmung verbessern, sondern auch Ihren Geldbeutel erh\u00f6hen.<\/p>\n<h2>Pferderennen Online-Wetten Wachstum der Pferderennen-Wetten in der Vergangenheit<\/h2>\n<p>Pferderennen ist eine Reitsportart. Dies ist ein Wettbewerb zwischen Pferden und Reitern, in der Hoffnung, den ersten Platz in seinem Videospiel zu gewinnen. Seit der Antike haben Einzelpersonen die M\u00f6glichkeit zu w\u00e4hlen. Besitzen Sie Haustiere gegen Geld, Gold und Produkte, es h\u00e4ngt von dem Land ab, das den Wettbewerb organisiert. Zu dieser Zeit wurden Videospiele auf Streitwagen gespielt, so dass Pferde einen Schatten der Truppe hatten.<\/p>\n<p>Im Pferderennen finden Sie einen Leitfaden, um den Champion zu bestimmen. Auf diesem Zeitplan bietet die Videospielorganisation viele verschiedene<a href=\"https:\/\/www.freebetbest.com\/de\/wettseiten\/\"> Pferderennen Wetten<\/a> Optionen:<\/p>\n<h3>Online-Wetten f\u00fcr Pferderennen<\/h3>\n<p>Bei Pferdewetten gibt es in der Regel mehrere Arten von Spielern. Jedes Jahr nimmt jemand teil. V\u00f6llig kostenlose Wetten, z\u00fcchte Pferde mit den besten Labels. Manche Leute haben freundliche Punts und wissen nicht weniger, als Quoten, Pferde und Jockeys zu studieren, und dann gehen manche Leute von innen nach au\u00dfen. Alle verstehen sportliche Aktivit\u00e4ten.<\/p>\n<h3>F\u00fcr diejenigen, die mit Pferderennen nicht vertraut sind, k\u00f6nnen Sie viele Entscheidungen treffen.<\/h3>\n<p>Etwas komplizierter. Es ist definitiv eine Wette in jeder Hinsicht. Sie haben vielleicht schon davon geh\u00f6rt. Eine dieser herausragenden Figuren, aber m\u00f6glicherweise nicht vollst\u00e4ndig erkennen, was es ist. Eine One-Way-Wette l\u00e4uft. Es gibt zwei Wetten, eine Wette auf das Pferd und die andere auf das Pferd. Die Wahrscheinlichkeit, an jedem Ort zu erraten. Es ist normalerweise ein Viertel Ihrer Hauptchance.<\/p>\n<p>Dies bedeutet, wenn Sie. Wenn Sie erneut eine Einzelwette von 5 \u20ac auf ein Pferd mit einer Quote von 10\/1 platzieren, setzen Sie 10 \u20ac. Wenn es gewinnt, erhalten Sie den Erl\u00f6s der beiden Wetten. Daher erhalten Sie einen Gewinn von 50 \u20ac. F\u00fcgen Sie Ihre 5-Pfund-Aktien hinzu. Dann verdienen Sie 12,50 \u20ac aus der Einwegwette plus 5 \u20ac im Prinzip. Damit erhalten Sie volle 72,50 \u20ac.<\/p>\n<p>Wenn Sie einfach jeden Weg bekommen. Neben der Position der Pferde ben\u00f6tigen Sie f\u00fcr jede Methode nur 12,50 \u20ac plus 5 \u20ac Einsatz.<\/p>\n<h3>Einzelwette<\/h3>\n<p>Dies ist die einfachste Art des Pferderennens, im Wesentlichen befinden Sie sich in einem Rennen. Unterst\u00fctze ein Pferd im Spiel. Dies kann eine Akquisitionsoption sein, oder es k\u00f6nnen alle Arten von Spekulationen sein.<\/p>\n<h3>Ein paar Wetten<\/h3>\n<p>Dies ist \u00e4hnlich wie bei einem Fu\u00dfballakkumulator, Sie m\u00fcssen nur einmal wetten. Kann mehrere Pferde unterst\u00fctzen. Sie erhalten eine kombinierte Quote, und wenn ein Pferd Sie entt\u00e4uscht, verlieren Sie alle Ihre Wetten.<\/p>\n<h3>Direkte Vorhersage<\/h3>\n<p>Chong Ma sagt Chancen direkt voraus. Ja, Sie m\u00fcssen die richtige Reihenfolge einhalten. Sagen Sie die Wetten auf die ersten beiden Pferde im Rennen voraus.<\/p>\n<h3>Zur\u00fcckschauen<\/h3>\n<p>Dies ist im Grunde ein Vorhersagemodell f\u00fcr jede einzelne Wette, das zwei Wetten erfordert, aber es den Pferden erm\u00f6glicht, in fast jeder Reihenfolge zu enden.<\/p>\n<h3>Pferderennen Online-Wetten Triple Play<\/h3>\n<p>Zusammenfassend kann dies eine sehr n\u00fctzliche Sch\u00e4tzung sein, bei der eine Person die besten drei Finisher vorhersagen muss.<\/p>\n<p>Au\u00dferdem m\u00fcssen Sie das neueste Paket \u00fcberpr\u00fcfen. Und Ihre Pferdedaten. Diese Details sind die Grundelemente Ihrer Wahl. Wenn Sie richtig w\u00e4hlen. Der Buchmacher hat die Situation im Vorfeld gepr\u00fcft und Sie k\u00f6nnen auf dieses Spiel wetten. Holen Sie sich riesige zus\u00e4tzliche Boni. Viel Gl\u00fcck und Einkommen aus Pferderennen-Wetten!<\/p>\n<p><!-- \/wp:post-content --><\/p>\n<p><!-- wp:heading {\"level\":4} \/--><\/p>\n<p><!-- wp:heading {\"level\":4} \/--><\/p>\n","protected":false},"excerpt":{"rendered":"<p>F\u00fcr Online-Pferderennen-Wetten m\u00fcssen Sie einen hervorragenden Online-Buchmacher ausw\u00e4hlen, der uns anst\u00e4ndige Wettbedingungen bietet.<\/p>\n<div class=\"hero-cup-section\">\n<div class=\"row mb-4\">\n<div class=\"col-md-7\">\n<div class=\"section-area\">\n<div class=\"section-list\">\n<li style=\"text-align: left\"><img decoding=\"async\" src=\"https:\/\/www.freebetbest.com\/wp-content\/uploads\/2021\/06\/tick.png\" alt=\"Sport\"> Willkommensbonus im Sportcasino.<\/li>\n<li style=\"text-align: left\"><img decoding=\"async\" src=\"https:\/\/www.freebetbest.com\/wp-content\/uploads\/2021\/06\/tick.png\" alt=\"Spieleangebote\"> Angebote und Aktionen von Online-Buchmachern.<\/li>\n<li style=\"text-align: left\"><img decoding=\"async\" src=\"https:\/\/www.freebetbest.com\/wp-content\/uploads\/2021\/06\/tick.png\" alt=\"Spieleangebote\"> Die besten Online-Buchmacher, denen Sie vertrauen k\u00f6nnen.<\/li>\n<li style=\"text-align: left\"><img decoding=\"async\" src=\"https:\/\/www.freebetbest.com\/wp-content\/uploads\/2021\/06\/tick.png\" alt=\"Ma\u00dfgebend\"> Ma\u00dfgebliche \u00dcberpr\u00fcfung Sicher zuverl\u00e4ssig.<\/li>\n<li style=\"text-align: left\"><img decoding=\"async\" src=\"https:\/\/www.freebetbest.com\/wp-content\/uploads\/2021\/06\/tick.png\" alt=\"Schnelle Abhebungen\"> Mobile APP-Unterst\u00fctzung, schnelle Auszahlungen.<\/li>\n<li style=\"text-align: left\"><img decoding=\"async\" src=\"https:\/\/www.freebetbest.com\/wp-content\/uploads\/2021\/06\/tick.png\" alt=\"Kundendienst\"> Kundensupport: 365 Tage, 24 Stunden am Tag.<\/li>\n<\/div>\n<\/div>\n<\/div>\n<div class=\"col-md-5\">\n<div class=\"cup-img\"><img decoding=\"async\" src=\"https:\/\/www.freebetsinfo.co.uk\/wp-content\/uploads\/2021\/06\/horse-horse-racing.png\" alt=\"Sport\"><\/div>\n<\/div>\n<\/div>\n","protected":false},"author":1,"featured_media":4850,"parent":0,"menu_order":0,"comment_status":"closed","ping_status":"closed","template":"Sports-template.php","meta":{"footnotes":""},"class_list":["post-4844","page","type-page","status-publish","has-post-thumbnail","hentry"],"yoast_head":"<!-- This site is optimized with the Yoast SEO Premium plugin v19.5 (Yoast SEO v27.0) - https:\/\/yoast.com\/product\/yoast-seo-premium-wordpress\/ -->\n<title>Pferderennen Online-Wetten Buchmacher. Neukunden-Registrierungsbonus.<\/title>\n<meta name=\"description\" content=\"Pferderennen Online-Wetten Buchmacher. Neukunden-Registrierungsbonus, Pferderennen-Online-Wetten, Willkommensbonuscode f\u00fcr die erste Einzahlung,\" \/>\n<meta name=\"robots\" content=\"index, follow, max-snippet:-1, max-image-preview:large, max-video-preview:-1\" \/>\n<link rel=\"canonical\" href=\"https:\/\/www.freebetbest.com\/de\/pferderennen-online-wetten\/\" \/>\n<meta property=\"og:locale\" content=\"de_DE\" \/>\n<meta property=\"og:type\" content=\"article\" \/>\n<meta property=\"og:title\" content=\"Pferderennen Online-Wetten\" \/>\n<meta property=\"og:description\" content=\"Pferderennen Online-Wetten Buchmacher. Neukunden-Registrierungsbonus, Pferderennen-Online-Wetten, Willkommensbonuscode f\u00fcr die erste Einzahlung,\" \/>\n<meta property=\"og:url\" content=\"https:\/\/www.freebetbest.com\/de\/pferderennen-online-wetten\/\" \/>\n<meta property=\"og:site_name\" content=\"Gratis Wetten | beste Online Casinos | Sportwetten Bonus\" \/>\n<meta property=\"article:modified_time\" content=\"2021-07-28T17:01:11+00:00\" \/>\n<meta property=\"og:image\" content=\"https:\/\/www.freebetbest.com\/wp-content\/uploads\/2019\/07\/Horse-racing_hero2.jpg\" \/>\n\t<meta property=\"og:image:width\" content=\"368\" \/>\n\t<meta property=\"og:image:height\" content=\"180\" \/>\n\t<meta property=\"og:image:type\" content=\"image\/jpeg\" \/>\n<meta name=\"twitter:card\" content=\"summary_large_image\" \/>\n<meta name=\"twitter:label1\" content=\"Gesch\u00e4tzte Lesezeit\" \/>\n\t<meta name=\"twitter:data1\" content=\"3\u00a0Minuten\" \/>\n<script type=\"application\/ld+json\" class=\"yoast-schema-graph\">{\"@context\":\"https:\/\/schema.org\",\"@graph\":[{\"@type\":\"WebPage\",\"@id\":\"https:\/\/www.freebetbest.com\/de\/pferderennen-online-wetten\/\",\"url\":\"https:\/\/www.freebetbest.com\/de\/pferderennen-online-wetten\/\",\"name\":\"Pferderennen Online-Wetten Buchmacher. Neukunden-Registrierungsbonus.\",\"isPartOf\":{\"@id\":\"https:\/\/www.freebetbest.com\/de\/#website\"},\"primaryImageOfPage\":{\"@id\":\"https:\/\/www.freebetbest.com\/de\/pferderennen-online-wetten\/#primaryimage\"},\"image\":{\"@id\":\"https:\/\/www.freebetbest.com\/de\/pferderennen-online-wetten\/#primaryimage\"},\"thumbnailUrl\":\"https:\/\/www.freebetbest.com\/wp-content\/uploads\/2019\/07\/Horse-racing_hero2.jpg\",\"datePublished\":\"2019-06-18T13:06:20+00:00\",\"dateModified\":\"2021-07-28T17:01:11+00:00\",\"description\":\"Pferderennen Online-Wetten Buchmacher. Neukunden-Registrierungsbonus, Pferderennen-Online-Wetten, Willkommensbonuscode f\u00fcr die erste Einzahlung,\",\"breadcrumb\":{\"@id\":\"https:\/\/www.freebetbest.com\/de\/pferderennen-online-wetten\/#breadcrumb\"},\"inLanguage\":\"de\",\"potentialAction\":[{\"@type\":\"ReadAction\",\"target\":[\"https:\/\/www.freebetbest.com\/de\/pferderennen-online-wetten\/\"]}]},{\"@type\":\"ImageObject\",\"inLanguage\":\"de\",\"@id\":\"https:\/\/www.freebetbest.com\/de\/pferderennen-online-wetten\/#primaryimage\",\"url\":\"https:\/\/www.freebetbest.com\/wp-content\/uploads\/2019\/07\/Horse-racing_hero2.jpg\",\"contentUrl\":\"https:\/\/www.freebetbest.com\/wp-content\/uploads\/2019\/07\/Horse-racing_hero2.jpg\",\"width\":368,\"height\":180,\"caption\":\"Pferderennen Online-Wetten\"},{\"@type\":\"BreadcrumbList\",\"@id\":\"https:\/\/www.freebetbest.com\/de\/pferderennen-online-wetten\/#breadcrumb\",\"itemListElement\":[{\"@type\":\"ListItem\",\"position\":1,\"name\":\"Home\",\"item\":\"https:\/\/www.freebetbest.com\/de\/\"},{\"@type\":\"ListItem\",\"position\":2,\"name\":\"Pferderennen Online-Wetten\"}]},{\"@type\":\"WebSite\",\"@id\":\"https:\/\/www.freebetbest.com\/de\/#website\",\"url\":\"https:\/\/www.freebetbest.com\/de\/\",\"name\":\"Gratis Wetten | beste Online Casinos | Sportwetten Bonus\",\"description\":\"Das beste Online Buchmacher,Das Sportwetten, Casino-, Poker-, Bingo- und Mobilwetten, Online-Casinos, Fu\u00dfballwetten, Ohne Einzahlung Promo-Codes, Das weltweit f\u00fchrende Gl\u00fccksspielportal anbietet.\",\"publisher\":{\"@id\":\"https:\/\/www.freebetbest.com\/de\/#\/schema\/person\/292684ccf388a2362d507874c5b80a69\"},\"potentialAction\":[{\"@type\":\"SearchAction\",\"target\":{\"@type\":\"EntryPoint\",\"urlTemplate\":\"https:\/\/www.freebetbest.com\/de\/?s={search_term_string}\"},\"query-input\":{\"@type\":\"PropertyValueSpecification\",\"valueRequired\":true,\"valueName\":\"search_term_string\"}}],\"inLanguage\":\"de\"},{\"@type\":[\"Person\",\"Organization\"],\"@id\":\"https:\/\/www.freebetbest.com\/de\/#\/schema\/person\/292684ccf388a2362d507874c5b80a69\",\"name\":\"\u7ba1\u7406\",\"image\":{\"@type\":\"ImageObject\",\"inLanguage\":\"de\",\"@id\":\"https:\/\/www.freebetbest.com\/de\/#\/schema\/person\/image\/\",\"url\":\"https:\/\/www.freebetbest.com\/wp-content\/litespeed\/avatar\/49696b52fb15293a2168c14964fdd8b9.jpg?ver=1778044739\",\"contentUrl\":\"https:\/\/www.freebetbest.com\/wp-content\/litespeed\/avatar\/49696b52fb15293a2168c14964fdd8b9.jpg?ver=1778044739\",\"caption\":\"\u7ba1\u7406\"},\"logo\":{\"@id\":\"https:\/\/www.freebetbest.com\/de\/#\/schema\/person\/image\/\"},\"sameAs\":[\"admin\"]}]}<\/script>\n<!-- \/ Yoast SEO Premium plugin. -->","yoast_head_json":{"title":"Pferderennen Online-Wetten Buchmacher. Neukunden-Registrierungsbonus.","description":"Pferderennen Online-Wetten Buchmacher. Neukunden-Registrierungsbonus, Pferderennen-Online-Wetten, Willkommensbonuscode f\u00fcr die erste Einzahlung,","robots":{"index":"index","follow":"follow","max-snippet":"max-snippet:-1","max-image-preview":"max-image-preview:large","max-video-preview":"max-video-preview:-1"},"canonical":"https:\/\/www.freebetbest.com\/de\/pferderennen-online-wetten\/","og_locale":"de_DE","og_type":"article","og_title":"Pferderennen Online-Wetten","og_description":"Pferderennen Online-Wetten Buchmacher. Neukunden-Registrierungsbonus, Pferderennen-Online-Wetten, Willkommensbonuscode f\u00fcr die erste Einzahlung,","og_url":"https:\/\/www.freebetbest.com\/de\/pferderennen-online-wetten\/","og_site_name":"Gratis Wetten | beste Online Casinos | Sportwetten Bonus","article_modified_time":"2021-07-28T17:01:11+00:00","og_image":[{"width":368,"height":180,"url":"https:\/\/www.freebetbest.com\/wp-content\/uploads\/2019\/07\/Horse-racing_hero2.jpg","type":"image\/jpeg"}],"twitter_card":"summary_large_image","twitter_misc":{"Gesch\u00e4tzte Lesezeit":"3\u00a0Minuten"},"schema":{"@context":"https:\/\/schema.org","@graph":[{"@type":"WebPage","@id":"https:\/\/www.freebetbest.com\/de\/pferderennen-online-wetten\/","url":"https:\/\/www.freebetbest.com\/de\/pferderennen-online-wetten\/","name":"Pferderennen Online-Wetten Buchmacher. Neukunden-Registrierungsbonus.","isPartOf":{"@id":"https:\/\/www.freebetbest.com\/de\/#website"},"primaryImageOfPage":{"@id":"https:\/\/www.freebetbest.com\/de\/pferderennen-online-wetten\/#primaryimage"},"image":{"@id":"https:\/\/www.freebetbest.com\/de\/pferderennen-online-wetten\/#primaryimage"},"thumbnailUrl":"https:\/\/www.freebetbest.com\/wp-content\/uploads\/2019\/07\/Horse-racing_hero2.jpg","datePublished":"2019-06-18T13:06:20+00:00","dateModified":"2021-07-28T17:01:11+00:00","description":"Pferderennen Online-Wetten Buchmacher. Neukunden-Registrierungsbonus, Pferderennen-Online-Wetten, Willkommensbonuscode f\u00fcr die erste Einzahlung,","breadcrumb":{"@id":"https:\/\/www.freebetbest.com\/de\/pferderennen-online-wetten\/#breadcrumb"},"inLanguage":"de","potentialAction":[{"@type":"ReadAction","target":["https:\/\/www.freebetbest.com\/de\/pferderennen-online-wetten\/"]}]},{"@type":"ImageObject","inLanguage":"de","@id":"https:\/\/www.freebetbest.com\/de\/pferderennen-online-wetten\/#primaryimage","url":"https:\/\/www.freebetbest.com\/wp-content\/uploads\/2019\/07\/Horse-racing_hero2.jpg","contentUrl":"https:\/\/www.freebetbest.com\/wp-content\/uploads\/2019\/07\/Horse-racing_hero2.jpg","width":368,"height":180,"caption":"Pferderennen Online-Wetten"},{"@type":"BreadcrumbList","@id":"https:\/\/www.freebetbest.com\/de\/pferderennen-online-wetten\/#breadcrumb","itemListElement":[{"@type":"ListItem","position":1,"name":"Home","item":"https:\/\/www.freebetbest.com\/de\/"},{"@type":"ListItem","position":2,"name":"Pferderennen Online-Wetten"}]},{"@type":"WebSite","@id":"https:\/\/www.freebetbest.com\/de\/#website","url":"https:\/\/www.freebetbest.com\/de\/","name":"Gratis Wetten | beste Online Casinos | Sportwetten Bonus","description":"Das beste Online Buchmacher,Das Sportwetten, Casino-, Poker-, Bingo- und Mobilwetten, Online-Casinos, Fu\u00dfballwetten, Ohne Einzahlung Promo-Codes, Das weltweit f\u00fchrende Gl\u00fccksspielportal anbietet.","publisher":{"@id":"https:\/\/www.freebetbest.com\/de\/#\/schema\/person\/292684ccf388a2362d507874c5b80a69"},"potentialAction":[{"@type":"SearchAction","target":{"@type":"EntryPoint","urlTemplate":"https:\/\/www.freebetbest.com\/de\/?s={search_term_string}"},"query-input":{"@type":"PropertyValueSpecification","valueRequired":true,"valueName":"search_term_string"}}],"inLanguage":"de"},{"@type":["Person","Organization"],"@id":"https:\/\/www.freebetbest.com\/de\/#\/schema\/person\/292684ccf388a2362d507874c5b80a69","name":"\u7ba1\u7406","image":{"@type":"ImageObject","inLanguage":"de","@id":"https:\/\/www.freebetbest.com\/de\/#\/schema\/person\/image\/","url":"https:\/\/www.freebetbest.com\/wp-content\/litespeed\/avatar\/49696b52fb15293a2168c14964fdd8b9.jpg?ver=1778044739","contentUrl":"https:\/\/www.freebetbest.com\/wp-content\/litespeed\/avatar\/49696b52fb15293a2168c14964fdd8b9.jpg?ver=1778044739","caption":"\u7ba1\u7406"},"logo":{"@id":"https:\/\/www.freebetbest.com\/de\/#\/schema\/person\/image\/"},"sameAs":["admin"]}]}},"_links":{"self":[{"href":"https:\/\/www.freebetbest.com\/de\/wp-json\/wp\/v2\/pages\/4844","targetHints":{"allow":["GET"]}}],"collection":[{"href":"https:\/\/www.freebetbest.com\/de\/wp-json\/wp\/v2\/pages"}],"about":[{"href":"https:\/\/www.freebetbest.com\/de\/wp-json\/wp\/v2\/types\/page"}],"author":[{"embeddable":true,"href":"https:\/\/www.freebetbest.com\/de\/wp-json\/wp\/v2\/users\/1"}],"replies":[{"embeddable":true,"href":"https:\/\/www.freebetbest.com\/de\/wp-json\/wp\/v2\/comments?post=4844"}],"version-history":[{"count":0,"href":"https:\/\/www.freebetbest.com\/de\/wp-json\/wp\/v2\/pages\/4844\/revisions"}],"wp:featuredmedia":[{"embeddable":true,"href":"https:\/\/www.freebetbest.com\/de\/wp-json\/wp\/v2\/media\/4850"}],"wp:attachment":[{"href":"https:\/\/www.freebetbest.com\/de\/wp-json\/wp\/v2\/media?parent=4844"}],"curies":[{"name":"wp","href":"https:\/\/api.w.org\/{rel}","templated":true}]}}