{"id":4843,"date":"2019-06-14T08:55:11","date_gmt":"2019-06-14T08:55:11","guid":{"rendered":"https:\/\/www.freebetbest.com\/homepage\/"},"modified":"2021-07-30T16:53:06","modified_gmt":"2021-07-30T16:53:06","slug":"beste-buchmacher","status":"publish","type":"page","link":"https:\/\/www.freebetbest.com\/de\/","title":{"rendered":"Startseite"},"content":{"rendered":"<h2>Die beste Online-Wettseite. Beste Buchmacher<\/h2>\n<p>Der von uns empfohlene Online-Buchmacher empfiehlt Ihnen durch unsere erfahrenen Buchmacher die besten Buchmacher. Um Sie nicht zu verschwenden, wenn Sie sich nicht registrieren k\u00f6nnen. Ihr Wettkonto. Zeit mit Online-Buchmachern verbracht. Oben sehen Sie unsere Stiftung. Zusammenfassend sind alle asiatischen Wettseiten nach den wichtigsten Kriterien geordnet.<\/p>\n<p>Unsere Liste von<a href=\"https:\/\/www.freebetsinfo.co.uk\/asia-bookmakers\/\"> Online-Wetten<\/a> Unternehmen, die der Welt zur Verf\u00fcgung stehen. Wichtige Details zu jeder Wette. Um Ihnen eine mehrsprachige Website bereitzustellen, klicken Sie oben oder unten auf das Sprachsymbol. Sie k\u00f6nnen zu Ihrer bevorzugten Sprache wechseln.<\/p>\n<h2>Bankoptionen f\u00fcr<a href=\"https:\/\/www.freebetbest.com\/de\/wettseiten\/\"> Online-Sportwetten<\/a> .<\/h2>\n<p>Zusammenfassend k\u00f6nnen Sie m\u00fchelos. Zahle Anzahlungen und Abhebungen ohne Geb\u00fchren. Wir bef\u00fcrworten. Gl\u00fccksspielunternehmen bieten schnelle Zahlungen, sch\u00fctzen das Verbraucherbanking und die Glaubw\u00fcrdigkeit.<\/p>\n<p>Wir empfehlen es nur. Fortschrittliche Verschl\u00fcsselung moderne Technologie. Online-Gl\u00fccksspielseiten, damit Sie sicher sein k\u00f6nnen. Ihre spezifischen Fakten sind sicher.<\/p>\n<p>Die meisten Online-Gaming-Sites. Alle verwenden eine Vielzahl von Anzahlungsmethoden, darunter Kreditkarten, PayPal und sogar Bitcoin. Fazit: Wenn Sie sich nicht sicher sind, was am besten zu Ihnen passt, haben wir die ber\u00fchmteste finanzielle Wahl getroffen. Eine Selbsthilfeanleitung f\u00fcr Spieler wird zusammengestellt.<\/p>\n<h3>So bewerten Sie die besten Online-Buchmacher<\/h3>\n<p>Wir bewerten Buchmacher nach einigen wichtigen Aspekten. Das suchen wir:<\/p>\n<h3>Gl\u00fccksspielzahlung genehmigt<\/h3>\n<p>Wir bef\u00fcrworten nur. Zertifiziert von nationalen Beh\u00f6rden wie dem United Kingdom Casino (UKGC). Fazit: Eine der sichersten Wettseiten. Um gute Qualit\u00e4t und Zuverl\u00e4ssigkeit zu gew\u00e4hrleisten.<\/p>\n<h3>Spannender Sportwettenmarkt<\/h3>\n<p>Ein breites Angebot an sportlichen Aktivit\u00e4ten. Alternativen sind notwendig, wir vermuten so etwas wie Fu\u00dfball. Zusammenfassend l\u00e4sst sich sagen, dass es viele Wetten auf f\u00fchrende Sportarten gibt. Wenn wir den Markt bewerten. Wenn Sie es irgendwo platzieren, m\u00f6chten wir sicherstellen, dass Sie es auszahlen k\u00f6nnen<\/p>\n<h3>Empfohlene Gratiswetten und Werbeaktionen<\/h3>\n<p>Fazit: Effektiver Ersteinzahlungsbonus. Ist eine gute Starttechnik. Wir stellen Ihnen auch normale zur Verf\u00fcgung. Gratiswetten, Akkumulatorerh\u00f6hung und Loyalit\u00e4t. Internet-Wettseite f\u00fcr Bonustransaktionen.<\/p>\n<h3>Kundendienst<\/h3>\n<p>Jeder gute Buchmacher. Sollte f\u00fcr Sie bereitgestellt werden. Wertvolle und professionelle Kundenbetreuung. Wir vergleichen Buchmacher. Niveau der Hilfe und Servicequalit\u00e4t.<\/p>\n<h3>Beste Buchmacher-Banking<\/h3>\n<p>Wir f\u00f6rdern nur die Einhaltung. Schutz der Gesch\u00e4ftsbankverfahren. Online-Sportwetten-Gesch\u00e4ft. Sie wollen Ihr spezielles Angebot. Die Details sind sicher, daher nehmen wir dies sehr ernst.<\/p>\n<h3>mobile Applikation<\/h3>\n<p>Wir m\u00f6gen es von dir im Internet Buchmacher. Erhalten Sie die h\u00f6chsten Bewertungen auf Android und iOS. Finden Sie tolle Mobilfunk-Apps. Wenn Sie auf der Arbeit sind. Wenn Sie unterwegs spielen m\u00f6chten, ben\u00f6tigen Sie sofortigen Zugriff \u00fcber das Mobiltelefon.<\/p>\n<h3>Beste Buchmacher Live-Wetten<\/h3>\n<p>Sofortwetten bedeutet. Sie k\u00f6nnen sofort raten, und Sie werden den Anpfiff nie verpassen. Und verpassen Sie die wunderbare Wette! Du k\u00f6nntest au\u00dferdem. Reagieren Sie auf Online-Spiele, weil sie auf Sport wetten. Bieten Sie brandneue Belohnungen an.<\/p>\n<h3>Teileinkommensausgabe<\/h3>\n<p>If your bet. Es sieht profitabel aus und Sie k\u00f6nnen es im Voraus auszahlen lassen. Und weiterhin Einkommen erzielen, ohne das Ziel zu verz\u00f6gern. Und zerst\u00f6re deine Wahl. Eine teilweise Auszahlung von Geldern ist noch besser, da Sie Gewinne sichern k\u00f6nnen. Abschlie\u00dfend und lassen Sie einen Teil Ihrer Wette joggen. Um zu sehen, ob es f\u00e4llt.<\/p>\n<h3>Beste Buchmacher Streamen weiter<\/h3>\n<p>Wenn Sie weniger Geld erhalten, k\u00f6nnen Sie Live-Sportereignisse nicht schlagen und Streaming wird angeboten. Buchmacher mit Kredit-Scores sind auch sehr gut. Es bringt Sie n\u00e4her an die Aktivit\u00e4t und Sie k\u00f6nnen beim Genie\u00dfen bessere Wetten abschlie\u00dfen.<\/p>\n<h3>Dann Online-Sportwetten. Wie funktioniert es?<\/h3>\n<p>Es ist einfach! Sobald Sie eine erstellt haben. Internetbasiertes Wettkonto und geben Sie es ein, um mehr \u00fcber sportliche Aktivit\u00e4ten zu erfahren. Und w\u00e4hlen Sie ein Ereignis aus. W\u00e4hlen Sie eines von mehreren Szenarien, um alle vorgefertigten Gl\u00fccksspiel-Handelsm\u00e4rkte anzuzeigen. Und seine pers\u00f6nlichen M\u00f6glichkeiten. Spielen Sie eine Diashow f\u00fcr Sie ab. Geben Sie eine Variable ein, geben Sie eine Summe ein und klicken Sie auf &#8222;\u00dcberpr\u00fcfen&#8220;, um Ihre Vermutung zu platzieren.<\/p>\n<h3>Sind Sportwetten im Internet beliebt?<\/h3>\n<p>Bei Online-Sportaktivit\u00e4ten mit immer mehr Menschen. Durch die Kombination ihrer Liebe zu diesem Spiel mit Wetten steigt der Ruf des Gl\u00fccksspiels auf der ganzen Welt weiter. In den USA das bekannteste Sportwetten-Projekt. Es ist American Football und Baseball.<\/p>\n<h3>Was ist die beste Seite f\u00fcr Sportwetten?<\/h3>\n<p>Wir sind in mehreren Faktoren. Beispiele hierf\u00fcr sind die besten Preise, Boni und Consumer Banking. Auf der Alternative. Ideal bewertete Sportwetten-Sites. Sie k\u00f6nnen es hier lesen. Echte Buchmacherbewertungen, die Ihnen bei der Suche helfen. Fazit: Von Profis empfohlen. Beste Gl\u00fccksspiel-Website.<\/p>\n<p><!-- \/wp:post-content --><\/p>\n<p><!-- wp:paragraph \/--><\/p>\n","protected":false},"excerpt":{"rendered":"<p>Die beste Online-Wettseite. Beste Buchmacher Der von uns empfohlene Online-Buchmacher empfiehlt Ihnen durch unsere erfahrenen Buchmacher die besten Buchmacher. Um Sie nicht zu verschwenden, wenn Sie sich nicht registrieren k\u00f6nnen. Ihr Wettkonto. Zeit mit Online-Buchmachern verbracht. Oben sehen Sie unsere Stiftung. Zusammenfassend sind alle asiatischen Wettseiten nach den wichtigsten Kriterien geordnet. Unsere Liste von Online-Wetten [&hellip;]<\/p>\n","protected":false},"author":1,"featured_media":0,"parent":0,"menu_order":0,"comment_status":"closed","ping_status":"closed","template":"","meta":{"footnotes":""},"class_list":["post-4843","page","type-page","status-publish","hentry"],"yoast_head":"<!-- This site is optimized with the Yoast SEO Premium plugin v19.5 (Yoast SEO v27.0) - https:\/\/yoast.com\/product\/yoast-seo-premium-wordpress\/ -->\n<title>Gratis Wetten | beste Online Casinos | Sportwetten Bonus<\/title>\n<meta name=\"description\" content=\"Beste Online-Buchmacher, bietet Sport, Casino, Poker, Bingo und mobile Wetten, Gratiswetten, Gratiswetten ohne Einzahlung. Online-Wettseite.\" \/>\n<meta name=\"robots\" content=\"index, follow, max-snippet:-1, max-image-preview:large, max-video-preview:-1\" \/>\n<link rel=\"canonical\" href=\"https:\/\/www.freebetbest.com\/de\/\" \/>\n<meta property=\"og:locale\" content=\"de_DE\" \/>\n<meta property=\"og:type\" content=\"article\" \/>\n<meta property=\"og:title\" content=\"Startseite\" \/>\n<meta property=\"og:description\" content=\"Beste Online-Buchmacher, bietet Sport, Casino, Poker, Bingo und mobile Wetten, Gratiswetten, Gratiswetten ohne Einzahlung. Online-Wettseite.\" \/>\n<meta property=\"og:url\" content=\"https:\/\/www.freebetbest.com\/de\/\" \/>\n<meta property=\"og:site_name\" content=\"Gratis Wetten | beste Online Casinos | Sportwetten Bonus\" \/>\n<meta property=\"article:modified_time\" content=\"2021-07-30T16:53:06+00:00\" \/>\n<meta name=\"twitter:card\" content=\"summary_large_image\" \/>\n<meta name=\"twitter:label1\" content=\"Gesch\u00e4tzte Lesezeit\" \/>\n\t<meta name=\"twitter:data1\" content=\"4\u00a0Minuten\" \/>\n<script type=\"application\/ld+json\" class=\"yoast-schema-graph\">{\"@context\":\"https:\/\/schema.org\",\"@graph\":[{\"@type\":\"WebPage\",\"@id\":\"https:\/\/www.freebetbest.com\/de\/\",\"url\":\"https:\/\/www.freebetbest.com\/de\/\",\"name\":\"Gratis Wetten | beste Online Casinos | Sportwetten Bonus\",\"isPartOf\":{\"@id\":\"https:\/\/www.freebetbest.com\/de\/#website\"},\"datePublished\":\"2019-06-14T08:55:11+00:00\",\"dateModified\":\"2021-07-30T16:53:06+00:00\",\"description\":\"Beste Online-Buchmacher, bietet Sport, Casino, Poker, Bingo und mobile Wetten, Gratiswetten, Gratiswetten ohne Einzahlung. Online-Wettseite.\",\"breadcrumb\":{\"@id\":\"https:\/\/www.freebetbest.com\/de\/#breadcrumb\"},\"inLanguage\":\"de\",\"potentialAction\":[{\"@type\":\"ReadAction\",\"target\":[\"https:\/\/www.freebetbest.com\/de\/\"]}]},{\"@type\":\"BreadcrumbList\",\"@id\":\"https:\/\/www.freebetbest.com\/de\/#breadcrumb\",\"itemListElement\":[{\"@type\":\"ListItem\",\"position\":1,\"name\":\"Home\",\"item\":\"https:\/\/www.freebetbest.com\/de\/\"},{\"@type\":\"ListItem\",\"position\":2,\"name\":\"Startseite\"}]},{\"@type\":\"WebSite\",\"@id\":\"https:\/\/www.freebetbest.com\/de\/#website\",\"url\":\"https:\/\/www.freebetbest.com\/de\/\",\"name\":\"Gratis Wetten | beste Online Casinos | Sportwetten Bonus\",\"description\":\"Das beste Online Buchmacher,Das Sportwetten, Casino-, Poker-, Bingo- und Mobilwetten, Online-Casinos, Fu\u00dfballwetten, Ohne Einzahlung Promo-Codes, Das weltweit f\u00fchrende Gl\u00fccksspielportal anbietet.\",\"publisher\":{\"@id\":\"https:\/\/www.freebetbest.com\/de\/#\/schema\/person\/292684ccf388a2362d507874c5b80a69\"},\"potentialAction\":[{\"@type\":\"SearchAction\",\"target\":{\"@type\":\"EntryPoint\",\"urlTemplate\":\"https:\/\/www.freebetbest.com\/de\/?s={search_term_string}\"},\"query-input\":{\"@type\":\"PropertyValueSpecification\",\"valueRequired\":true,\"valueName\":\"search_term_string\"}}],\"inLanguage\":\"de\"},{\"@type\":[\"Person\",\"Organization\"],\"@id\":\"https:\/\/www.freebetbest.com\/de\/#\/schema\/person\/292684ccf388a2362d507874c5b80a69\",\"name\":\"\u7ba1\u7406\",\"image\":{\"@type\":\"ImageObject\",\"inLanguage\":\"de\",\"@id\":\"https:\/\/www.freebetbest.com\/de\/#\/schema\/person\/image\/\",\"url\":\"https:\/\/www.freebetbest.com\/wp-content\/litespeed\/avatar\/49696b52fb15293a2168c14964fdd8b9.jpg?ver=1778044739\",\"contentUrl\":\"https:\/\/www.freebetbest.com\/wp-content\/litespeed\/avatar\/49696b52fb15293a2168c14964fdd8b9.jpg?ver=1778044739\",\"caption\":\"\u7ba1\u7406\"},\"logo\":{\"@id\":\"https:\/\/www.freebetbest.com\/de\/#\/schema\/person\/image\/\"},\"sameAs\":[\"admin\"]}]}<\/script>\n<!-- \/ Yoast SEO Premium plugin. -->","yoast_head_json":{"title":"Gratis Wetten | beste Online Casinos | Sportwetten Bonus","description":"Beste Online-Buchmacher, bietet Sport, Casino, Poker, Bingo und mobile Wetten, Gratiswetten, Gratiswetten ohne Einzahlung. Online-Wettseite.","robots":{"index":"index","follow":"follow","max-snippet":"max-snippet:-1","max-image-preview":"max-image-preview:large","max-video-preview":"max-video-preview:-1"},"canonical":"https:\/\/www.freebetbest.com\/de\/","og_locale":"de_DE","og_type":"article","og_title":"Startseite","og_description":"Beste Online-Buchmacher, bietet Sport, Casino, Poker, Bingo und mobile Wetten, Gratiswetten, Gratiswetten ohne Einzahlung. Online-Wettseite.","og_url":"https:\/\/www.freebetbest.com\/de\/","og_site_name":"Gratis Wetten | beste Online Casinos | Sportwetten Bonus","article_modified_time":"2021-07-30T16:53:06+00:00","twitter_card":"summary_large_image","twitter_misc":{"Gesch\u00e4tzte Lesezeit":"4\u00a0Minuten"},"schema":{"@context":"https:\/\/schema.org","@graph":[{"@type":"WebPage","@id":"https:\/\/www.freebetbest.com\/de\/","url":"https:\/\/www.freebetbest.com\/de\/","name":"Gratis Wetten | beste Online Casinos | Sportwetten Bonus","isPartOf":{"@id":"https:\/\/www.freebetbest.com\/de\/#website"},"datePublished":"2019-06-14T08:55:11+00:00","dateModified":"2021-07-30T16:53:06+00:00","description":"Beste Online-Buchmacher, bietet Sport, Casino, Poker, Bingo und mobile Wetten, Gratiswetten, Gratiswetten ohne Einzahlung. Online-Wettseite.","breadcrumb":{"@id":"https:\/\/www.freebetbest.com\/de\/#breadcrumb"},"inLanguage":"de","potentialAction":[{"@type":"ReadAction","target":["https:\/\/www.freebetbest.com\/de\/"]}]},{"@type":"BreadcrumbList","@id":"https:\/\/www.freebetbest.com\/de\/#breadcrumb","itemListElement":[{"@type":"ListItem","position":1,"name":"Home","item":"https:\/\/www.freebetbest.com\/de\/"},{"@type":"ListItem","position":2,"name":"Startseite"}]},{"@type":"WebSite","@id":"https:\/\/www.freebetbest.com\/de\/#website","url":"https:\/\/www.freebetbest.com\/de\/","name":"Gratis Wetten | beste Online Casinos | Sportwetten Bonus","description":"Das beste Online Buchmacher,Das Sportwetten, Casino-, Poker-, Bingo- und Mobilwetten, Online-Casinos, Fu\u00dfballwetten, Ohne Einzahlung Promo-Codes, Das weltweit f\u00fchrende Gl\u00fccksspielportal anbietet.","publisher":{"@id":"https:\/\/www.freebetbest.com\/de\/#\/schema\/person\/292684ccf388a2362d507874c5b80a69"},"potentialAction":[{"@type":"SearchAction","target":{"@type":"EntryPoint","urlTemplate":"https:\/\/www.freebetbest.com\/de\/?s={search_term_string}"},"query-input":{"@type":"PropertyValueSpecification","valueRequired":true,"valueName":"search_term_string"}}],"inLanguage":"de"},{"@type":["Person","Organization"],"@id":"https:\/\/www.freebetbest.com\/de\/#\/schema\/person\/292684ccf388a2362d507874c5b80a69","name":"\u7ba1\u7406","image":{"@type":"ImageObject","inLanguage":"de","@id":"https:\/\/www.freebetbest.com\/de\/#\/schema\/person\/image\/","url":"https:\/\/www.freebetbest.com\/wp-content\/litespeed\/avatar\/49696b52fb15293a2168c14964fdd8b9.jpg?ver=1778044739","contentUrl":"https:\/\/www.freebetbest.com\/wp-content\/litespeed\/avatar\/49696b52fb15293a2168c14964fdd8b9.jpg?ver=1778044739","caption":"\u7ba1\u7406"},"logo":{"@id":"https:\/\/www.freebetbest.com\/de\/#\/schema\/person\/image\/"},"sameAs":["admin"]}]}},"_links":{"self":[{"href":"https:\/\/www.freebetbest.com\/de\/wp-json\/wp\/v2\/pages\/4843","targetHints":{"allow":["GET"]}}],"collection":[{"href":"https:\/\/www.freebetbest.com\/de\/wp-json\/wp\/v2\/pages"}],"about":[{"href":"https:\/\/www.freebetbest.com\/de\/wp-json\/wp\/v2\/types\/page"}],"author":[{"embeddable":true,"href":"https:\/\/www.freebetbest.com\/de\/wp-json\/wp\/v2\/users\/1"}],"replies":[{"embeddable":true,"href":"https:\/\/www.freebetbest.com\/de\/wp-json\/wp\/v2\/comments?post=4843"}],"version-history":[{"count":0,"href":"https:\/\/www.freebetbest.com\/de\/wp-json\/wp\/v2\/pages\/4843\/revisions"}],"wp:attachment":[{"href":"https:\/\/www.freebetbest.com\/de\/wp-json\/wp\/v2\/media?parent=4843"}],"curies":[{"name":"wp","href":"https:\/\/api.w.org\/{rel}","templated":true}]}}