{"id":4840,"date":"2019-07-18T05:21:08","date_gmt":"2019-07-18T05:21:08","guid":{"rendered":"https:\/\/www.freebetbest.com\/live-casino-online-wetten\/"},"modified":"2021-08-16T06:45:05","modified_gmt":"2021-08-16T06:45:05","slug":"neueste-e-spors-wetten-bonus","status":"publish","type":"page","link":"https:\/\/www.freebetbest.com\/de\/neueste-e-spors-wetten-bonus\/","title":{"rendered":"Neuester E-Spors-Wettbonus"},"content":{"rendered":"\n<div class=\"text-area__container\">\n<div class=\"text-area__content\">\n<h2>Neuester E-Spors-Wettbonus<\/h2>\nWas Sie wissen m\u00fcssen. Alle Informationsaktivit\u00e4ten des Gl\u00fccksspiels. Neuester E-Spors-Wettbonus. Dies ist in der Tat ein relativ neuer Trend, aber viele Leute wetten. Erzielte betr\u00e4chtliche Einnahmen. Mit E-Sport. Beginnend in den Mainstream einzudringen, sind traditionellere Spiele-Websites erschienen, und Sie k\u00f6nnen jetzt eine nehmen. Direkter und harmloser Weg. Kommen Sie und probieren Sie E-Sport-Spiele aus.\n<h2>Professionelle neueste e-<a href=\"https:\/\/www.freebetsinfo.co.uk\/free-bets\/\"> Sportwetten-Bonus<\/a> Webseite<\/h2>\nE-Sport-Wetten. Es gibt definitiv viele M\u00f6glichkeiten. Und wegen der Bilder von E-Sport-Gl\u00fccksspielen. Da es immer wettbewerbsf\u00e4higer wird, gibt es viele Wettseiten. Werde einige Dienste anbieten. Die enormen Vorteile von E-Sport-Spielen. Kann Sie dazu bringen, sich bei ihrem Anbieter anzumelden.\n\nWir werden von diesen Gl\u00fccksspielseiten kommen. Besch\u00e4ftige dich mit den besten E-Sport-Boni. F\u00fchren Sie eine umfassende Bewertung durch. Helfen Sie bei der Bestimmung der Art von Bonus. Das Beste f\u00fcr Ihre einzigartigen E-Sportwetten. Also bitte durchlesen. Unser E-Sport. Spezielle Selbsthilfe-Anleitung, um zu lernen, wie Sie Ihre Lieblings-Online-Spiele verwenden. Erzielen Sie ein zuverl\u00e4ssiges Gl\u00fccksspieleinkommen.\n<h3>Liste der neuesten E-spors-Wettbonusaktionen<\/h3>\nSie suchen online nach E-Sport-Wettboni und Sie werden sicherlich viel bekommen. Informationen zu einer Reihe von Sonderangeboten. Eine garantierte Gratiswette. Website f\u00fcr E-Sportwetten. Der Buchmacher, der den gleichen Sch\u00e4tzpreis anbietet. Es muss mehrere Optionen geben. Unabh\u00e4ngig vom Umfang der Aktion sind diese Sonderangebote. Die meisten haben einige sehr \u00e4hnliche Funktionen.\n<h3>Angenehme neueste E-<a href=\"https:\/\/www.freebetbest.com\/de\/wettseiten\/\"> Sportwetten Bonus<\/a><\/h3>\nNormalerweise m\u00fcssen Sie sich zuerst dem Lieferanten der Marke anschlie\u00dfen, und Sie werden ihn normalerweise finden. Sie k\u00f6nnen es vorher brauchen. Holen Sie sich eines der Angebote. Zahlen Sie zuerst die Anzahlung. Sie k\u00f6nnen sogar verstehen. Gelegentliche Gl\u00fccksspielseiten. Sie werden aufgefordert, einen Werbe-Computercode zu verwenden, damit Sie beginnen k\u00f6nnen. Ihre Werbeangebote.\n<h3>Bevor Sie ein einzigartiges Angebot von der Gaming-Website unterschreiben<\/h3>\nKaufen Sie unbedingt mehr ein. Es gibt eine Reihe von Werbeangeboten, die Sie finden sollten. E-Sportwetten f\u00fcr Sie. Zus\u00e4tzliche Boni auf Anfrage. Egal, ob Sie auf der Suche nach einem gro\u00df angelegten E-Sport-Marketing sind, das zu Ihnen passt, oder einfach nur danach suchen. Ein einfacherer Matching-Spielbonus, den Sie definitiv schnell erhalten k\u00f6nnen. Jeder hat unsere Bewertung der Spielbelohnung bestanden. Erhalten Sie relevante Informationen.\n<h3>Die neueste Bewertung der E-Sportwetten-Bonuspr\u00e4mien<\/h3>\nDa E-Sport-Wetten immer beliebter werden, k\u00f6nnen Sie von der starken Konkurrenz in der Wettszene profitieren und dadurch gro\u00dfe und erfreuliche Vorteile erzielen.\n<h3>Ob es ein gew\u00f6hnlicher Buchmacher ist<\/h3>\nOder eine neue E-Sport-Wettseite, Sie k\u00f6nnen auf jeden Fall einen Rabatt finden, mit dem Sie Ihre Gewinne bei den ersten E-Sportwetten steigern k\u00f6nnen.\n\nEinige Buchmacher bieten Sonderangebote an, die Ihnen einen gleichen Anzahlungsrabatt gew\u00e4hren, der fast 200% Ihrer urspr\u00fcnglichen Anzahlung entspricht, w\u00e4hrend andere Wettseiten diesen anbieten. Einfachere Matching-Optionen.\n<h3>Die gr\u00f6\u00dfte Wettressource, die Sie erhalten haben.<\/h3>\nDie Rangfolge jeder Belohnung ist einfach, aber offensichtlich sind die Dinge nicht so einfach. Dies liegt an einigen der wichtigsten zus\u00e4tzlichen Boni. Verbraucher m\u00fcssen in der Regel mehr Bargeld bezahlen. Also bei allen Aktivit\u00e4ten. In der Regel von vielen Bedingungen und Bedingungen begleitet. Wenn Sie die Methode zur Verwendung des Bonus angeben, m\u00fcssen Sie sich registrieren und die Wettwebsite einschlie\u00dfen.\n<\/div>\n<\/div>\n","protected":false},"excerpt":{"rendered":"<p>Hier sind die besten Online-Casinos, die f\u00fcr echtes Bargeld durchgef\u00fchrt werden k\u00f6nnen.<\/p>\n<div class=\"hero-cup-section\">\n<div class=\"row mb-4\">\n<div class=\"col-md-7\">\n<div class=\"section-area\">\n<div class=\"section-list\">\n<li style=\"text-align: left\"><img decoding=\"async\" src=\"https:\/\/www.freebetbest.com\/wp-content\/uploads\/2021\/06\/tick.png\" alt=\"Sport\"> Willkommensbonus im Sportcasino.<\/li>\n<li style=\"text-align: left\"><img decoding=\"async\" src=\"https:\/\/www.freebetbest.com\/wp-content\/uploads\/2021\/06\/tick.png\" alt=\"Spieleangebote\"> Angebote und Aktionen von Online-Buchmachern.<\/li>\n<li style=\"text-align: left\"><img decoding=\"async\" src=\"https:\/\/www.freebetbest.com\/wp-content\/uploads\/2021\/06\/tick.png\" alt=\"Spieleangebote\"> Die besten Online-Buchmacher, denen Sie vertrauen k\u00f6nnen.<\/li>\n<li style=\"text-align: left\"><img decoding=\"async\" src=\"https:\/\/www.freebetbest.com\/wp-content\/uploads\/2021\/06\/tick.png\" alt=\"Ma\u00dfgebend\"> Ma\u00dfgebliche \u00dcberpr\u00fcfung Sicher zuverl\u00e4ssig.<\/li>\n<li style=\"text-align: left\"><img decoding=\"async\" src=\"https:\/\/www.freebetbest.com\/wp-content\/uploads\/2021\/06\/tick.png\" alt=\"Schnelle Abhebungen\"> Mobile APP-Unterst\u00fctzung, schnelle Auszahlungen.<\/li>\n<li style=\"text-align: left\"><img decoding=\"async\" src=\"https:\/\/www.freebetbest.com\/wp-content\/uploads\/2021\/06\/tick.png\" alt=\"Kundendienst\"> Kundensupport: 365 Tage, 24 Stunden am Tag.<\/li>\n<\/div>\n<\/div>\n<\/div>\n<div class=\"col-md-5\">\n<div class=\"cup-img\"><img decoding=\"async\" src=\"https:\/\/www.freebetbest.com\/wp-content\/uploads\/2021\/06\/e-spors.png\" alt=\"freebetbest\"><\/div>\n<\/div>\n<\/div>\n","protected":false},"author":1,"featured_media":124948,"parent":0,"menu_order":0,"comment_status":"closed","ping_status":"closed","template":"E-spors-template.php","meta":{"footnotes":""},"class_list":["post-4840","page","type-page","status-publish","has-post-thumbnail","hentry"],"yoast_head":"<!-- This site is optimized with the Yoast SEO Premium plugin v19.5 (Yoast SEO v27.0) - https:\/\/yoast.com\/product\/yoast-seo-premium-wordpress\/ -->\n<title>Neuester E-Spors-Wettbonus , Gratiswette Bonus ohne Einzahlung<\/title>\n<meta name=\"description\" content=\"Neuester E-Spors-Wettbonus , Gratiswette Bonus ohne Einzahlung, Beste Buchmacher, Willkommenscode f\u00fcr Ersteinzahlungsbonus, Anmeldebonuscode.\" \/>\n<meta name=\"robots\" content=\"index, follow, max-snippet:-1, max-image-preview:large, max-video-preview:-1\" \/>\n<link rel=\"canonical\" href=\"https:\/\/www.freebetbest.com\/de\/neueste-e-spors-wetten-bonus\/\" \/>\n<meta property=\"og:locale\" content=\"de_DE\" \/>\n<meta property=\"og:type\" content=\"article\" \/>\n<meta property=\"og:title\" content=\"Neuester E-Spors-Wettbonus\" \/>\n<meta property=\"og:description\" content=\"Neuester E-Spors-Wettbonus , Gratiswette Bonus ohne Einzahlung, Beste Buchmacher, Willkommenscode f\u00fcr Ersteinzahlungsbonus, Anmeldebonuscode.\" \/>\n<meta property=\"og:url\" content=\"https:\/\/www.freebetbest.com\/de\/neueste-e-spors-wetten-bonus\/\" \/>\n<meta property=\"og:site_name\" content=\"Gratis Wetten | beste Online Casinos | Sportwetten Bonus\" \/>\n<meta property=\"article:modified_time\" content=\"2021-08-16T06:45:05+00:00\" \/>\n<meta property=\"og:image\" content=\"https:\/\/www.freebetbest.com\/wp-content\/uploads\/2021\/06\/e-spors1.png\" \/>\n\t<meta property=\"og:image:width\" content=\"417\" \/>\n\t<meta property=\"og:image:height\" content=\"180\" \/>\n\t<meta property=\"og:image:type\" content=\"image\/png\" \/>\n<meta name=\"twitter:card\" content=\"summary_large_image\" \/>\n<meta name=\"twitter:label1\" content=\"Gesch\u00e4tzte Lesezeit\" \/>\n\t<meta name=\"twitter:data1\" content=\"3\u00a0Minuten\" \/>\n<script type=\"application\/ld+json\" class=\"yoast-schema-graph\">{\"@context\":\"https:\/\/schema.org\",\"@graph\":[{\"@type\":\"WebPage\",\"@id\":\"https:\/\/www.freebetbest.com\/de\/neueste-e-spors-wetten-bonus\/\",\"url\":\"https:\/\/www.freebetbest.com\/de\/neueste-e-spors-wetten-bonus\/\",\"name\":\"Neuester E-Spors-Wettbonus , Gratiswette Bonus ohne Einzahlung\",\"isPartOf\":{\"@id\":\"https:\/\/www.freebetbest.com\/de\/#website\"},\"primaryImageOfPage\":{\"@id\":\"https:\/\/www.freebetbest.com\/de\/neueste-e-spors-wetten-bonus\/#primaryimage\"},\"image\":{\"@id\":\"https:\/\/www.freebetbest.com\/de\/neueste-e-spors-wetten-bonus\/#primaryimage\"},\"thumbnailUrl\":\"https:\/\/www.freebetbest.com\/wp-content\/uploads\/2021\/06\/e-spors1.png\",\"datePublished\":\"2019-07-18T05:21:08+00:00\",\"dateModified\":\"2021-08-16T06:45:05+00:00\",\"description\":\"Neuester E-Spors-Wettbonus , Gratiswette Bonus ohne Einzahlung, Beste Buchmacher, Willkommenscode f\u00fcr Ersteinzahlungsbonus, Anmeldebonuscode.\",\"breadcrumb\":{\"@id\":\"https:\/\/www.freebetbest.com\/de\/neueste-e-spors-wetten-bonus\/#breadcrumb\"},\"inLanguage\":\"de\",\"potentialAction\":[{\"@type\":\"ReadAction\",\"target\":[\"https:\/\/www.freebetbest.com\/de\/neueste-e-spors-wetten-bonus\/\"]}]},{\"@type\":\"ImageObject\",\"inLanguage\":\"de\",\"@id\":\"https:\/\/www.freebetbest.com\/de\/neueste-e-spors-wetten-bonus\/#primaryimage\",\"url\":\"https:\/\/www.freebetbest.com\/wp-content\/uploads\/2021\/06\/e-spors1.png\",\"contentUrl\":\"https:\/\/www.freebetbest.com\/wp-content\/uploads\/2021\/06\/e-spors1.png\",\"width\":417,\"height\":180,\"caption\":\"e-spors1\"},{\"@type\":\"BreadcrumbList\",\"@id\":\"https:\/\/www.freebetbest.com\/de\/neueste-e-spors-wetten-bonus\/#breadcrumb\",\"itemListElement\":[{\"@type\":\"ListItem\",\"position\":1,\"name\":\"Home\",\"item\":\"https:\/\/www.freebetbest.com\/de\/\"},{\"@type\":\"ListItem\",\"position\":2,\"name\":\"Neuester E-Spors-Wettbonus\"}]},{\"@type\":\"WebSite\",\"@id\":\"https:\/\/www.freebetbest.com\/de\/#website\",\"url\":\"https:\/\/www.freebetbest.com\/de\/\",\"name\":\"Gratis Wetten | beste Online Casinos | Sportwetten Bonus\",\"description\":\"Das beste Online Buchmacher,Das Sportwetten, Casino-, Poker-, Bingo- und Mobilwetten, Online-Casinos, Fu\u00dfballwetten, Ohne Einzahlung Promo-Codes, Das weltweit f\u00fchrende Gl\u00fccksspielportal anbietet.\",\"publisher\":{\"@id\":\"https:\/\/www.freebetbest.com\/de\/#\/schema\/person\/292684ccf388a2362d507874c5b80a69\"},\"potentialAction\":[{\"@type\":\"SearchAction\",\"target\":{\"@type\":\"EntryPoint\",\"urlTemplate\":\"https:\/\/www.freebetbest.com\/de\/?s={search_term_string}\"},\"query-input\":{\"@type\":\"PropertyValueSpecification\",\"valueRequired\":true,\"valueName\":\"search_term_string\"}}],\"inLanguage\":\"de\"},{\"@type\":[\"Person\",\"Organization\"],\"@id\":\"https:\/\/www.freebetbest.com\/de\/#\/schema\/person\/292684ccf388a2362d507874c5b80a69\",\"name\":\"\u7ba1\u7406\",\"image\":{\"@type\":\"ImageObject\",\"inLanguage\":\"de\",\"@id\":\"https:\/\/www.freebetbest.com\/de\/#\/schema\/person\/image\/\",\"url\":\"https:\/\/www.freebetbest.com\/wp-content\/litespeed\/avatar\/49696b52fb15293a2168c14964fdd8b9.jpg?ver=1776835103\",\"contentUrl\":\"https:\/\/www.freebetbest.com\/wp-content\/litespeed\/avatar\/49696b52fb15293a2168c14964fdd8b9.jpg?ver=1776835103\",\"caption\":\"\u7ba1\u7406\"},\"logo\":{\"@id\":\"https:\/\/www.freebetbest.com\/de\/#\/schema\/person\/image\/\"},\"sameAs\":[\"admin\"]}]}<\/script>\n<!-- \/ Yoast SEO Premium plugin. -->","yoast_head_json":{"title":"Neuester E-Spors-Wettbonus , Gratiswette Bonus ohne Einzahlung","description":"Neuester E-Spors-Wettbonus , Gratiswette Bonus ohne Einzahlung, Beste Buchmacher, Willkommenscode f\u00fcr Ersteinzahlungsbonus, Anmeldebonuscode.","robots":{"index":"index","follow":"follow","max-snippet":"max-snippet:-1","max-image-preview":"max-image-preview:large","max-video-preview":"max-video-preview:-1"},"canonical":"https:\/\/www.freebetbest.com\/de\/neueste-e-spors-wetten-bonus\/","og_locale":"de_DE","og_type":"article","og_title":"Neuester E-Spors-Wettbonus","og_description":"Neuester E-Spors-Wettbonus , Gratiswette Bonus ohne Einzahlung, Beste Buchmacher, Willkommenscode f\u00fcr Ersteinzahlungsbonus, Anmeldebonuscode.","og_url":"https:\/\/www.freebetbest.com\/de\/neueste-e-spors-wetten-bonus\/","og_site_name":"Gratis Wetten | beste Online Casinos | Sportwetten Bonus","article_modified_time":"2021-08-16T06:45:05+00:00","og_image":[{"width":417,"height":180,"url":"https:\/\/www.freebetbest.com\/wp-content\/uploads\/2021\/06\/e-spors1.png","type":"image\/png"}],"twitter_card":"summary_large_image","twitter_misc":{"Gesch\u00e4tzte Lesezeit":"3\u00a0Minuten"},"schema":{"@context":"https:\/\/schema.org","@graph":[{"@type":"WebPage","@id":"https:\/\/www.freebetbest.com\/de\/neueste-e-spors-wetten-bonus\/","url":"https:\/\/www.freebetbest.com\/de\/neueste-e-spors-wetten-bonus\/","name":"Neuester E-Spors-Wettbonus , Gratiswette Bonus ohne Einzahlung","isPartOf":{"@id":"https:\/\/www.freebetbest.com\/de\/#website"},"primaryImageOfPage":{"@id":"https:\/\/www.freebetbest.com\/de\/neueste-e-spors-wetten-bonus\/#primaryimage"},"image":{"@id":"https:\/\/www.freebetbest.com\/de\/neueste-e-spors-wetten-bonus\/#primaryimage"},"thumbnailUrl":"https:\/\/www.freebetbest.com\/wp-content\/uploads\/2021\/06\/e-spors1.png","datePublished":"2019-07-18T05:21:08+00:00","dateModified":"2021-08-16T06:45:05+00:00","description":"Neuester E-Spors-Wettbonus , Gratiswette Bonus ohne Einzahlung, Beste Buchmacher, Willkommenscode f\u00fcr Ersteinzahlungsbonus, Anmeldebonuscode.","breadcrumb":{"@id":"https:\/\/www.freebetbest.com\/de\/neueste-e-spors-wetten-bonus\/#breadcrumb"},"inLanguage":"de","potentialAction":[{"@type":"ReadAction","target":["https:\/\/www.freebetbest.com\/de\/neueste-e-spors-wetten-bonus\/"]}]},{"@type":"ImageObject","inLanguage":"de","@id":"https:\/\/www.freebetbest.com\/de\/neueste-e-spors-wetten-bonus\/#primaryimage","url":"https:\/\/www.freebetbest.com\/wp-content\/uploads\/2021\/06\/e-spors1.png","contentUrl":"https:\/\/www.freebetbest.com\/wp-content\/uploads\/2021\/06\/e-spors1.png","width":417,"height":180,"caption":"e-spors1"},{"@type":"BreadcrumbList","@id":"https:\/\/www.freebetbest.com\/de\/neueste-e-spors-wetten-bonus\/#breadcrumb","itemListElement":[{"@type":"ListItem","position":1,"name":"Home","item":"https:\/\/www.freebetbest.com\/de\/"},{"@type":"ListItem","position":2,"name":"Neuester E-Spors-Wettbonus"}]},{"@type":"WebSite","@id":"https:\/\/www.freebetbest.com\/de\/#website","url":"https:\/\/www.freebetbest.com\/de\/","name":"Gratis Wetten | beste Online Casinos | Sportwetten Bonus","description":"Das beste Online Buchmacher,Das Sportwetten, Casino-, Poker-, Bingo- und Mobilwetten, Online-Casinos, Fu\u00dfballwetten, Ohne Einzahlung Promo-Codes, Das weltweit f\u00fchrende Gl\u00fccksspielportal anbietet.","publisher":{"@id":"https:\/\/www.freebetbest.com\/de\/#\/schema\/person\/292684ccf388a2362d507874c5b80a69"},"potentialAction":[{"@type":"SearchAction","target":{"@type":"EntryPoint","urlTemplate":"https:\/\/www.freebetbest.com\/de\/?s={search_term_string}"},"query-input":{"@type":"PropertyValueSpecification","valueRequired":true,"valueName":"search_term_string"}}],"inLanguage":"de"},{"@type":["Person","Organization"],"@id":"https:\/\/www.freebetbest.com\/de\/#\/schema\/person\/292684ccf388a2362d507874c5b80a69","name":"\u7ba1\u7406","image":{"@type":"ImageObject","inLanguage":"de","@id":"https:\/\/www.freebetbest.com\/de\/#\/schema\/person\/image\/","url":"https:\/\/www.freebetbest.com\/wp-content\/litespeed\/avatar\/49696b52fb15293a2168c14964fdd8b9.jpg?ver=1776835103","contentUrl":"https:\/\/www.freebetbest.com\/wp-content\/litespeed\/avatar\/49696b52fb15293a2168c14964fdd8b9.jpg?ver=1776835103","caption":"\u7ba1\u7406"},"logo":{"@id":"https:\/\/www.freebetbest.com\/de\/#\/schema\/person\/image\/"},"sameAs":["admin"]}]}},"_links":{"self":[{"href":"https:\/\/www.freebetbest.com\/de\/wp-json\/wp\/v2\/pages\/4840","targetHints":{"allow":["GET"]}}],"collection":[{"href":"https:\/\/www.freebetbest.com\/de\/wp-json\/wp\/v2\/pages"}],"about":[{"href":"https:\/\/www.freebetbest.com\/de\/wp-json\/wp\/v2\/types\/page"}],"author":[{"embeddable":true,"href":"https:\/\/www.freebetbest.com\/de\/wp-json\/wp\/v2\/users\/1"}],"replies":[{"embeddable":true,"href":"https:\/\/www.freebetbest.com\/de\/wp-json\/wp\/v2\/comments?post=4840"}],"version-history":[{"count":0,"href":"https:\/\/www.freebetbest.com\/de\/wp-json\/wp\/v2\/pages\/4840\/revisions"}],"wp:featuredmedia":[{"embeddable":true,"href":"https:\/\/www.freebetbest.com\/de\/wp-json\/wp\/v2\/media\/124948"}],"wp:attachment":[{"href":"https:\/\/www.freebetbest.com\/de\/wp-json\/wp\/v2\/media?parent=4840"}],"curies":[{"name":"wp","href":"https:\/\/api.w.org\/{rel}","templated":true}]}}