{"id":4835,"date":"2019-07-18T06:44:12","date_gmt":"2019-07-18T06:44:12","guid":{"rendered":"https:\/\/www.freebetbest.com\/poker-online-wetten\/"},"modified":"2021-08-16T06:59:34","modified_gmt":"2021-08-16T06:59:34","slug":"neuester-poker-wettbonus","status":"publish","type":"page","link":"https:\/\/www.freebetbest.com\/de\/neuester-poker-wettbonus\/","title":{"rendered":"feuerhaken"},"content":{"rendered":"\n<div class=\"text-area__container\">\n<div class=\"text-area__content\">\n<h2>Poker-Online-Wetten<\/h2>\nWenn Sie nicht studieren, wie gro\u00df die Eins\u00e4tze sind, k\u00f6nnen Sie nicht bei Null anfangen. Poker vollst\u00e4ndig verstehen<a href=\"https:\/\/www.freebetsinfo.co.uk\/asia-bookmakers\/\"> Online-Wetten<\/a> . Angenommen, Sie m\u00f6gen Poker. Am Tisch 7 Gegner. Sie bleiben vor AK, Sie beschlie\u00dfen zu f\u00f6rdern.\n\nPoker-Online-Wetten Sie haben ein Anliegen: &#8222;Wie viel wurde geliefert?&#8220; Unerfahrene Spieler. Oft wird die falsche Wettgr\u00f6\u00dfe erstellt. Oder \u00e4ndere es weiter. Dieses Verhalten kann schwerwiegend enden.\n\nWie gro\u00df ist der Einsatz. Daher die Gr\u00f6\u00dfe der Optionen. Es h\u00e4ngt davon ab, was wir einstellen. Die Erkl\u00e4rung der Wette muss verstanden werden, nicht beil\u00e4ufig. Wenn Sie sich entscheiden, eine Wette zu platzieren, ist das Wichtigste, worauf Sie achten sollten. Die Gr\u00f6\u00dfe des Finanzinstituts.\n<h2>Die H\u00f6he Ihrer Wette h\u00e4ngt von der Gr\u00f6\u00dfe des Kreditgebers ab<\/h2>\nWenn die Bank 10 Dollar betr\u00e4gt, betr\u00e4gt der Einsatz nat\u00fcrlich 1 Dollar. In diesem Fall wird Ihr Herausforderer auf Sie reagieren, egal wie schlecht seine Finger sind. Oder leisten Sie eine Anzahlung von 50 US-Dollar an das Bankinstitut, oder kurz 1 US-Dollar. Dies ist \u00e4u\u00dferst unangemessen.\n<h3>Poker<a href=\"https:\/\/www.freebetbest.com\/de\/wettseiten\/\"> Online-Wetten<\/a> Online-Poker-Wettformular Wettwert<\/h3>\nAngenommen, wir haben eine sehr starke Hand und wollen sie von Ihrem Konkurrenten bekommen. Holen Sie sich so viele Chips wie m\u00f6glich. Zusamenfassend. Mit Gewinnkombinationen wollen wir unsere Gegner nicht.\n\nMehr Kr\u00fcmel als unsere Kreditkarte. Daher sind gro\u00dfe Investitionen unrentabel. Wir verstehen es oft nicht. Aber das ist nicht genug Auswahl. In diesem Artikel brauchen wir einen &#8222;bescheidenen Weg&#8220;. Wo ist sie?\n<h3>Es kommt auf den Gegner an<\/h3>\nOb er ein k\u00e4mpferischer Spieler ist, setzt er nat\u00fcrlich auf die Stra\u00dfe und so weiter. Konsistenz der Antwort. Au\u00dferdem m\u00fcssen Sie auch Ihren Gegner annehmen. Welche Art von Gru\u00dfkarte k\u00f6nnte er haben, und \u00fcberlegen Sie, welche Kreditkarte er beantworten wird. Und der Teil, wo er zusammenbrechen wird.\n\nAber Sie sollten immer daran denken, dass, wenn wir unseren Gegner billig den n\u00e4chsten Weg sehen lassen, seine Hand st\u00e4rker wird. Die gebr\u00e4uchlichste Wettdimension betr\u00e4gt 1\/2 bis 2\/3 der Containergr\u00f6\u00dfe.\n<h3>Online-Poker-Wettsicherheit MSS-Annahme<\/h3>\nWenn wir zum Beispiel 1\/3 im Pot setzen, zahlt der Gegner eine profitable Container Odds. Die Wahl unserer Wette ist normalerweise gut. Zusamenfassend. Wenn Sie denken, dass Ihr Herausforderer ein Unentschieden hat, m\u00fcssen Sie ihn zum Zusammenbruch dr\u00e4ngen, sonst ist es tats\u00e4chlich teuer und wird seinen Zug nicht verz\u00f6gern.\n\nBluff-Wetten. Wenn Sie keine gemischten Karten haben. Und Sie wollen bluffen, dann m\u00fcssen Sie Ihre spezielle Hand verstehen. Es gibt keine Showdown-Privilegien, Sie m\u00fcssen also vor der Auslosung sein. Zwingen Sie den Gegner zu folden. Zusamenfassend. In diesem Fall sind die \u00fcberm\u00e4\u00dfigen Kosten sehr gro\u00df.\n\nSie k\u00f6nnen seitens des Finanzinstituts weitergeben. Platzieren Sie eine Wette, um den Gegner zu zwingen, eine gro\u00dfe Wette zu verlieren, und umgekehrt, was bedeutet, dass wir hoffen. Holen Sie sich eine starke Handfl\u00e4che vom Gegner. Muss man normalerweise wissen. Zusamenfassend. Welcher Herausforderer sitzt vor uns. Sagen Sie ihm Ihre Schritte im Voraus. Und verstehen Sie Ihren Zustand auf dem Tisch.\n<\/div>\n<\/div>\n","protected":false},"excerpt":{"rendered":"<p>Sie werden in diesem speziellen Videospiel auf jeden Fall einen v\u00f6llig kostenlosen t\u00e4glichen Wirbel bekommen! , Sportwetten &#8230; nehmen Sie an einer Vielzahl von Preisen teil, indem Sie unser Poker-Roulette drehen!<\/p>\n<div class=\"hero-cup-section\">\n<div class=\"row mb-4\">\n<div class=\"col-md-7\">\n<div class=\"section-area\">\n<div class=\"section-list\">\n<li style=\"text-align: left\"><img decoding=\"async\" src=\"https:\/\/www.freebetbest.com\/wp-content\/uploads\/2021\/06\/tick.png\" alt=\"Sport\"> Willkommensbonus im Sportcasino.<\/li>\n<li style=\"text-align: left\"><img decoding=\"async\" src=\"https:\/\/www.freebetbest.com\/wp-content\/uploads\/2021\/06\/tick.png\" alt=\"Spieleangebote\"> Angebote und Aktionen von Online-Buchmachern.<\/li>\n<li style=\"text-align: left\"><img decoding=\"async\" src=\"https:\/\/www.freebetbest.com\/wp-content\/uploads\/2021\/06\/tick.png\" alt=\"Spieleangebote\"> Die besten Online-Buchmacher, denen Sie vertrauen k\u00f6nnen.<\/li>\n<li style=\"text-align: left\"><img decoding=\"async\" src=\"https:\/\/www.freebetbest.com\/wp-content\/uploads\/2021\/06\/tick.png\" alt=\"Ma\u00dfgebend\"> Ma\u00dfgebliche \u00dcberpr\u00fcfung Sicher zuverl\u00e4ssig.<\/li>\n<li style=\"text-align: left\"><img decoding=\"async\" src=\"https:\/\/www.freebetbest.com\/wp-content\/uploads\/2021\/06\/tick.png\" alt=\"Schnelle Abhebungen\"> Mobile APP-Unterst\u00fctzung, schnelle Auszahlungen.<\/li>\n<li style=\"text-align: left\"><img decoding=\"async\" src=\"https:\/\/www.freebetbest.com\/wp-content\/uploads\/2021\/06\/tick.png\" alt=\"Kundendienst\"> Kundensupport: 365 Tage, 24 Stunden am Tag.<\/li>\n<\/div>\n<\/div>\n<\/div>\n<div class=\"col-md-5\">\n<div class=\"cup-img\"><img decoding=\"async\" src=\"https:\/\/www.freebetbest.com\/wp-content\/uploads\/2021\/06\/poker1.png\" alt=\"Poker\"><\/div>\n<\/div>\n<\/div>\n","protected":false},"author":1,"featured_media":4838,"parent":0,"menu_order":0,"comment_status":"open","ping_status":"closed","template":"poker-template.php","meta":{"footnotes":""},"class_list":["post-4835","page","type-page","status-publish","has-post-thumbnail","hentry"],"yoast_head":"<!-- This site is optimized with the Yoast SEO Premium plugin v19.5 (Yoast SEO v27.0) - https:\/\/yoast.com\/product\/yoast-seo-premium-wordpress\/ -->\n<title>feuerhaken , Gratiswette Bonus ohne Einzahlung.<\/title>\n<meta name=\"description\" content=\"feuerhaken , Beste Buchmacher Gratiswette Kein Einzahlungsbonus, Willkommensbonuscode f\u00fcr die erste Einzahlung, Anmeldebonuscode.\" \/>\n<meta name=\"robots\" content=\"index, follow, max-snippet:-1, max-image-preview:large, max-video-preview:-1\" \/>\n<link rel=\"canonical\" href=\"https:\/\/www.freebetbest.com\/de\/neuester-poker-wettbonus\/\" \/>\n<meta property=\"og:locale\" content=\"de_DE\" \/>\n<meta property=\"og:type\" content=\"article\" \/>\n<meta property=\"og:title\" content=\"feuerhaken\" \/>\n<meta property=\"og:description\" content=\"feuerhaken , Beste Buchmacher Gratiswette Kein Einzahlungsbonus, Willkommensbonuscode f\u00fcr die erste Einzahlung, Anmeldebonuscode.\" \/>\n<meta property=\"og:url\" content=\"https:\/\/www.freebetbest.com\/de\/neuester-poker-wettbonus\/\" \/>\n<meta property=\"og:site_name\" content=\"Gratis Wetten | beste Online Casinos | Sportwetten Bonus\" \/>\n<meta property=\"article:modified_time\" content=\"2021-08-16T06:59:34+00:00\" \/>\n<meta property=\"og:image\" content=\"https:\/\/www.freebetbest.com\/wp-content\/uploads\/2019\/07\/1_285_ys.jpg\" \/>\n\t<meta property=\"og:image:width\" content=\"310\" \/>\n\t<meta property=\"og:image:height\" content=\"171\" \/>\n\t<meta property=\"og:image:type\" content=\"image\/jpeg\" \/>\n<meta name=\"twitter:card\" content=\"summary_large_image\" \/>\n<meta name=\"twitter:label1\" content=\"Gesch\u00e4tzte Lesezeit\" \/>\n\t<meta name=\"twitter:data1\" content=\"3\u00a0Minuten\" \/>\n<script type=\"application\/ld+json\" class=\"yoast-schema-graph\">{\"@context\":\"https:\/\/schema.org\",\"@graph\":[{\"@type\":\"WebPage\",\"@id\":\"https:\/\/www.freebetbest.com\/de\/neuester-poker-wettbonus\/\",\"url\":\"https:\/\/www.freebetbest.com\/de\/neuester-poker-wettbonus\/\",\"name\":\"feuerhaken , Gratiswette Bonus ohne Einzahlung.\",\"isPartOf\":{\"@id\":\"https:\/\/www.freebetbest.com\/de\/#website\"},\"primaryImageOfPage\":{\"@id\":\"https:\/\/www.freebetbest.com\/de\/neuester-poker-wettbonus\/#primaryimage\"},\"image\":{\"@id\":\"https:\/\/www.freebetbest.com\/de\/neuester-poker-wettbonus\/#primaryimage\"},\"thumbnailUrl\":\"https:\/\/www.freebetbest.com\/wp-content\/uploads\/2019\/07\/1_285_ys.jpg\",\"datePublished\":\"2019-07-18T06:44:12+00:00\",\"dateModified\":\"2021-08-16T06:59:34+00:00\",\"description\":\"feuerhaken , Beste Buchmacher Gratiswette Kein Einzahlungsbonus, Willkommensbonuscode f\u00fcr die erste Einzahlung, Anmeldebonuscode.\",\"breadcrumb\":{\"@id\":\"https:\/\/www.freebetbest.com\/de\/neuester-poker-wettbonus\/#breadcrumb\"},\"inLanguage\":\"de\",\"potentialAction\":[{\"@type\":\"ReadAction\",\"target\":[\"https:\/\/www.freebetbest.com\/de\/neuester-poker-wettbonus\/\"]}]},{\"@type\":\"ImageObject\",\"inLanguage\":\"de\",\"@id\":\"https:\/\/www.freebetbest.com\/de\/neuester-poker-wettbonus\/#primaryimage\",\"url\":\"https:\/\/www.freebetbest.com\/wp-content\/uploads\/2019\/07\/1_285_ys.jpg\",\"contentUrl\":\"https:\/\/www.freebetbest.com\/wp-content\/uploads\/2019\/07\/1_285_ys.jpg\",\"width\":310,\"height\":171,\"caption\":\"Poker Online-Wetten\"},{\"@type\":\"BreadcrumbList\",\"@id\":\"https:\/\/www.freebetbest.com\/de\/neuester-poker-wettbonus\/#breadcrumb\",\"itemListElement\":[{\"@type\":\"ListItem\",\"position\":1,\"name\":\"Home\",\"item\":\"https:\/\/www.freebetbest.com\/de\/\"},{\"@type\":\"ListItem\",\"position\":2,\"name\":\"feuerhaken\"}]},{\"@type\":\"WebSite\",\"@id\":\"https:\/\/www.freebetbest.com\/de\/#website\",\"url\":\"https:\/\/www.freebetbest.com\/de\/\",\"name\":\"Gratis Wetten | beste Online Casinos | Sportwetten Bonus\",\"description\":\"Das beste Online Buchmacher,Das Sportwetten, Casino-, Poker-, Bingo- und Mobilwetten, Online-Casinos, Fu\u00dfballwetten, Ohne Einzahlung Promo-Codes, Das weltweit f\u00fchrende Gl\u00fccksspielportal anbietet.\",\"publisher\":{\"@id\":\"https:\/\/www.freebetbest.com\/de\/#\/schema\/person\/292684ccf388a2362d507874c5b80a69\"},\"potentialAction\":[{\"@type\":\"SearchAction\",\"target\":{\"@type\":\"EntryPoint\",\"urlTemplate\":\"https:\/\/www.freebetbest.com\/de\/?s={search_term_string}\"},\"query-input\":{\"@type\":\"PropertyValueSpecification\",\"valueRequired\":true,\"valueName\":\"search_term_string\"}}],\"inLanguage\":\"de\"},{\"@type\":[\"Person\",\"Organization\"],\"@id\":\"https:\/\/www.freebetbest.com\/de\/#\/schema\/person\/292684ccf388a2362d507874c5b80a69\",\"name\":\"\u7ba1\u7406\",\"image\":{\"@type\":\"ImageObject\",\"inLanguage\":\"de\",\"@id\":\"https:\/\/www.freebetbest.com\/de\/#\/schema\/person\/image\/\",\"url\":\"https:\/\/www.freebetbest.com\/wp-content\/litespeed\/avatar\/49696b52fb15293a2168c14964fdd8b9.jpg?ver=1776230299\",\"contentUrl\":\"https:\/\/www.freebetbest.com\/wp-content\/litespeed\/avatar\/49696b52fb15293a2168c14964fdd8b9.jpg?ver=1776230299\",\"caption\":\"\u7ba1\u7406\"},\"logo\":{\"@id\":\"https:\/\/www.freebetbest.com\/de\/#\/schema\/person\/image\/\"},\"sameAs\":[\"admin\"]}]}<\/script>\n<!-- \/ Yoast SEO Premium plugin. -->","yoast_head_json":{"title":"feuerhaken , Gratiswette Bonus ohne Einzahlung.","description":"feuerhaken , Beste Buchmacher Gratiswette Kein Einzahlungsbonus, Willkommensbonuscode f\u00fcr die erste Einzahlung, Anmeldebonuscode.","robots":{"index":"index","follow":"follow","max-snippet":"max-snippet:-1","max-image-preview":"max-image-preview:large","max-video-preview":"max-video-preview:-1"},"canonical":"https:\/\/www.freebetbest.com\/de\/neuester-poker-wettbonus\/","og_locale":"de_DE","og_type":"article","og_title":"feuerhaken","og_description":"feuerhaken , Beste Buchmacher Gratiswette Kein Einzahlungsbonus, Willkommensbonuscode f\u00fcr die erste Einzahlung, Anmeldebonuscode.","og_url":"https:\/\/www.freebetbest.com\/de\/neuester-poker-wettbonus\/","og_site_name":"Gratis Wetten | beste Online Casinos | Sportwetten Bonus","article_modified_time":"2021-08-16T06:59:34+00:00","og_image":[{"width":310,"height":171,"url":"https:\/\/www.freebetbest.com\/wp-content\/uploads\/2019\/07\/1_285_ys.jpg","type":"image\/jpeg"}],"twitter_card":"summary_large_image","twitter_misc":{"Gesch\u00e4tzte Lesezeit":"3\u00a0Minuten"},"schema":{"@context":"https:\/\/schema.org","@graph":[{"@type":"WebPage","@id":"https:\/\/www.freebetbest.com\/de\/neuester-poker-wettbonus\/","url":"https:\/\/www.freebetbest.com\/de\/neuester-poker-wettbonus\/","name":"feuerhaken , Gratiswette Bonus ohne Einzahlung.","isPartOf":{"@id":"https:\/\/www.freebetbest.com\/de\/#website"},"primaryImageOfPage":{"@id":"https:\/\/www.freebetbest.com\/de\/neuester-poker-wettbonus\/#primaryimage"},"image":{"@id":"https:\/\/www.freebetbest.com\/de\/neuester-poker-wettbonus\/#primaryimage"},"thumbnailUrl":"https:\/\/www.freebetbest.com\/wp-content\/uploads\/2019\/07\/1_285_ys.jpg","datePublished":"2019-07-18T06:44:12+00:00","dateModified":"2021-08-16T06:59:34+00:00","description":"feuerhaken , Beste Buchmacher Gratiswette Kein Einzahlungsbonus, Willkommensbonuscode f\u00fcr die erste Einzahlung, Anmeldebonuscode.","breadcrumb":{"@id":"https:\/\/www.freebetbest.com\/de\/neuester-poker-wettbonus\/#breadcrumb"},"inLanguage":"de","potentialAction":[{"@type":"ReadAction","target":["https:\/\/www.freebetbest.com\/de\/neuester-poker-wettbonus\/"]}]},{"@type":"ImageObject","inLanguage":"de","@id":"https:\/\/www.freebetbest.com\/de\/neuester-poker-wettbonus\/#primaryimage","url":"https:\/\/www.freebetbest.com\/wp-content\/uploads\/2019\/07\/1_285_ys.jpg","contentUrl":"https:\/\/www.freebetbest.com\/wp-content\/uploads\/2019\/07\/1_285_ys.jpg","width":310,"height":171,"caption":"Poker Online-Wetten"},{"@type":"BreadcrumbList","@id":"https:\/\/www.freebetbest.com\/de\/neuester-poker-wettbonus\/#breadcrumb","itemListElement":[{"@type":"ListItem","position":1,"name":"Home","item":"https:\/\/www.freebetbest.com\/de\/"},{"@type":"ListItem","position":2,"name":"feuerhaken"}]},{"@type":"WebSite","@id":"https:\/\/www.freebetbest.com\/de\/#website","url":"https:\/\/www.freebetbest.com\/de\/","name":"Gratis Wetten | beste Online Casinos | Sportwetten Bonus","description":"Das beste Online Buchmacher,Das Sportwetten, Casino-, Poker-, Bingo- und Mobilwetten, Online-Casinos, Fu\u00dfballwetten, Ohne Einzahlung Promo-Codes, Das weltweit f\u00fchrende Gl\u00fccksspielportal anbietet.","publisher":{"@id":"https:\/\/www.freebetbest.com\/de\/#\/schema\/person\/292684ccf388a2362d507874c5b80a69"},"potentialAction":[{"@type":"SearchAction","target":{"@type":"EntryPoint","urlTemplate":"https:\/\/www.freebetbest.com\/de\/?s={search_term_string}"},"query-input":{"@type":"PropertyValueSpecification","valueRequired":true,"valueName":"search_term_string"}}],"inLanguage":"de"},{"@type":["Person","Organization"],"@id":"https:\/\/www.freebetbest.com\/de\/#\/schema\/person\/292684ccf388a2362d507874c5b80a69","name":"\u7ba1\u7406","image":{"@type":"ImageObject","inLanguage":"de","@id":"https:\/\/www.freebetbest.com\/de\/#\/schema\/person\/image\/","url":"https:\/\/www.freebetbest.com\/wp-content\/litespeed\/avatar\/49696b52fb15293a2168c14964fdd8b9.jpg?ver=1776230299","contentUrl":"https:\/\/www.freebetbest.com\/wp-content\/litespeed\/avatar\/49696b52fb15293a2168c14964fdd8b9.jpg?ver=1776230299","caption":"\u7ba1\u7406"},"logo":{"@id":"https:\/\/www.freebetbest.com\/de\/#\/schema\/person\/image\/"},"sameAs":["admin"]}]}},"_links":{"self":[{"href":"https:\/\/www.freebetbest.com\/de\/wp-json\/wp\/v2\/pages\/4835","targetHints":{"allow":["GET"]}}],"collection":[{"href":"https:\/\/www.freebetbest.com\/de\/wp-json\/wp\/v2\/pages"}],"about":[{"href":"https:\/\/www.freebetbest.com\/de\/wp-json\/wp\/v2\/types\/page"}],"author":[{"embeddable":true,"href":"https:\/\/www.freebetbest.com\/de\/wp-json\/wp\/v2\/users\/1"}],"replies":[{"embeddable":true,"href":"https:\/\/www.freebetbest.com\/de\/wp-json\/wp\/v2\/comments?post=4835"}],"version-history":[{"count":0,"href":"https:\/\/www.freebetbest.com\/de\/wp-json\/wp\/v2\/pages\/4835\/revisions"}],"wp:featuredmedia":[{"embeddable":true,"href":"https:\/\/www.freebetbest.com\/de\/wp-json\/wp\/v2\/media\/4838"}],"wp:attachment":[{"href":"https:\/\/www.freebetbest.com\/de\/wp-json\/wp\/v2\/media?parent=4835"}],"curies":[{"name":"wp","href":"https:\/\/api.w.org\/{rel}","templated":true}]}}