{"id":4834,"date":"2019-07-15T09:02:03","date_gmt":"2019-07-15T09:02:03","guid":{"rendered":"https:\/\/www.freebetbest.com\/motogp-online-wetten\/"},"modified":"2021-08-16T07:32:38","modified_gmt":"2021-08-16T07:32:38","slug":"neueste-racing-online-wetten","status":"publish","type":"page","link":"https:\/\/www.freebetbest.com\/de\/neueste-racing-online-wetten\/","title":{"rendered":"Neueste Racing Online-Wetten"},"content":{"rendered":"\n<div class=\"text-area__container\">\n<div class=\"text-area__content\">\n<h2>Online-Rennwetten<\/h2>\n<p>Wie in den meisten Motorsportarten konzentriert sich die Aufmerksamkeit in der MotoGP auf den Rennsieger, w\u00e4hrend andere M\u00e4rkte wie die Pole-Position und das Erreichen der Top 10 ebenfalls von Interesse und sehr beliebte <a href=\"https:\/\/www.freebetbest.com\/de\/wettseiten\/\">Wettmethoden sind<\/a>.<\/p>\n<h3>Das aktuelle Klima der MotoGP bedeutet, dass<\/h3>\n<p>Im Vergleich zur Formel 1 beispielsweise sind die Rennen viel enger umk\u00e4mpft und der Sieger ist schwerer vorherzusagen. Dies sorgt f\u00fcr bessere Quoten und eine bessere Chance, bei MotoGP-Wetten gro\u00df zu gewinnen. Gleiches gilt f\u00fcr die Antepost-Wetten<\/p>\n<h3>die sich \u00fcber die gesamte MotoGP-Saison erstrecken<\/h3>\n<p>mit den Fahrer- und Konstrukteurstiteln, die zwischen einer Reihe von Teams zu gewinnen sind. was die Aufregung sowie die M\u00f6glichkeit erh\u00f6ht, einen Gewinner zu einem h\u00f6heren Preis zu finden.<\/p>\n<h3>Online-Rennwetten Buchmacher<\/h3>\n<p>MotoGP gibt es zwar schon lange und hatte schon immer einen gro\u00dfen Kult, aber es hat es nicht ganz so weit in den Mainstream geschafft wie andere Sportarten wie die F1. Das \u00e4ndert sich jedoch, und da Buchmacher mit jedem Jahr mehr Sportarten und Events abdecken, ist es einfacher denn je, auf MotoGP zu wetten.<\/p>\n<h3>Die meisten gro\u00dfen Buchmacher bieten jetzt Quoten an<\/h3>\n<p>sowohl auf den Antepost-M\u00e4rkten als auch bei einzelnen Rennen mit einer Vielzahl von M\u00e4rkten, die mit jeder Runde des MotoGP-Kalenders verf\u00fcgbar sind. Wir haben Ihnen geholfen, indem wir MotoGP-Buchmacher in die Rangliste aufgenommen haben. Verwenden Sie also die obige Tabelle, um gro\u00dfartige Quoten und Angebote f\u00fcr jedes MotoGP-Rennen zu erhalten.<\/p>\n<h3>Live Racing Online-Wetten<\/h3>\n<p>MotoGP ist eine der aufregendsten Motorsportarten \u00fcberhaupt. Hochgeschwindigkeits-Motorradrennen sind immer aufregend, mit vielen riskanten \u00dcberholman\u00f6vern und hart umk\u00e4mpften Rennen. Wetten auf MotoGP werden immer beliebter, da der Sport ein ganz neues Publikum erreicht<\/p>\n<h3>mit vielen der Fans, die von<\/h3>\n<p>Formel 1 ein viel interessanteres Rennmedium mit mehr Gewinnchancen beim Wetten aufgrund der unberechenbareren Natur des Sports zu finden. Es sorgt f\u00fcr gro\u00dfartiges Sehen und einen fantastischen Sport zum Wetten. Stellen Sie sicher, dass Sie gro\u00dfartige MotoGP-Buchmacher verwenden und tolle Angebote und Werbeaktionen erhalten, indem Sie freebetbest.com verwenden.<\/p>\n<h3>Verbesserte verr\u00fcckte Quoten<\/h3>\n<p>Daf\u00fcr gibt es bundesweit einige Wettanbieter. Durch die Er\u00f6ffnung eines neuen Bankkontos f\u00fcr jedermann. Geben Sie Informationen \u00fcber die gefragtesten. Oder eine gro\u00dfe Anzahl der bekanntesten Jogger. Erh\u00f6hen Sie die Chance, neue Kunden zu gewinnen.<\/p>\n<p>Diese Art von Zitat. Bringt normalerweise ein ziemlich kleines maximales Risiko. Normalerweise zwischen 1 und 5 Pfund. .Wenn das Pferd dar\u00fcber nachdenkt. Wenn Sie schlie\u00dflich im Wettbewerb erfolgreich sind, wird Ihr Einkommen oft darauf basieren. Die Startkosten f\u00fcr Pferde werden in bar entsch\u00e4digt, was v\u00f6llig kostenlos ist.<a href=\"https:\/\/www.freebetsinfo.co.uk\/asia-bookmakers\/\"> Wetten<\/a> zahlt erh\u00f6hte Quoten und erh\u00e4lt somit mehr Boni.<\/p>\n<h3>Zusammenfassung der Online-Rennwetten<\/h3>\n<p>Einige Pferderennen-Sites bieten. V\u00f6llig kostenlose Wetten. Sie lassen Sie ein Pferd w\u00e4hlen. Wenn Sie weiterhin Einkommen erzielen, k\u00f6nnen Sie auf jeden Fall eine R\u00fcckerstattung erhalten.<\/p>\n<p>Normalerweise Ihre kostenlose Option. Das Geld wird nach Ihren Bed\u00fcrfnissen zur\u00fcckerstattet, Sie k\u00f6nnen abheben oder erneut wetten, aber manchmal funktioniert es. Gratiswetten, die Sie nicht zur\u00fcckziehen k\u00f6nnen, werden zur\u00fcckerstattet. Stellen Sie sicher, dass Sie die Allgemeinen Gesch\u00e4ftsbedingungen lesen, um Ihre Erwartungen wirklich zu erf\u00fcllen.<\/p>\n<h3>Bieten Sie aktuellen Verbrauchern fantastische nationale Rundfunkrabatte<\/h3>\n<p>Fast alle Produkte sind vollst\u00e4ndig auf das Neugesch\u00e4ft ausgerichtet. Trotzdem sind Buchmacher auch Kunden, die Einwegwetten erstellen. Richten Sie einige ungew\u00f6hnliche Standortbedingungen ein.<\/p>\n<p><a href=\"https:\/\/www.freebetsinfo.co.uk\"><span style=\"vertical-align: inherit;\">Abschlie\u00dfend,<\/span><\/a><a href=\"https:\/\/www.freebetsinfo.co.uk\"><span style=\"vertical-align: inherit;\"> Nicht geeignet, schauen Sie auf der Website unseres Partners nach<\/span><\/a><\/p>\n<\/div>\n<\/div>\n","protected":false},"excerpt":{"rendered":"<p>Wettbewerbsf\u00e4hige und aufregende Online-Wetten von Latest Racing mit vielen \u00dcberholman\u00f6vern und spannenden Rennen, die der Welt des Motorsports gro\u00dfe Aufregung verleihen. Schauen Sie sich unsere Bewertungen, Bewertungen und Bonus-Informationen und finden Sie das richtige Bookie f\u00fcr Sie.<\/p>\n<div class=\"hero-cup-section\">\n<div class=\"row mb-4\">\n<div class=\"col-md-7\">\n<div class=\"section-area\">\n<div class=\"section-list\">\n<li style=\"text-align: left\"><img decoding=\"async\" src=\"https:\/\/www.freebetbest.com\/wp-content\/uploads\/2021\/06\/tick.png\" alt=\"Sport\"> Willkommensbonus im Sportcasino.<\/li>\n<li style=\"text-align: left\"><img decoding=\"async\" src=\"https:\/\/www.freebetbest.com\/wp-content\/uploads\/2021\/06\/tick.png\" alt=\"Spieleangebote\"> Angebote und Aktionen von Online-Buchmachern.<\/li>\n<li style=\"text-align: left\"><img decoding=\"async\" src=\"https:\/\/www.freebetbest.com\/wp-content\/uploads\/2021\/06\/tick.png\" alt=\"Spieleangebote\"> Die besten Online-Buchmacher, denen Sie vertrauen k\u00f6nnen.<\/li>\n<li style=\"text-align: left\"><img decoding=\"async\" src=\"https:\/\/www.freebetbest.com\/wp-content\/uploads\/2021\/06\/tick.png\" alt=\"Ma\u00dfgebend\"> Ma\u00dfgebliche \u00dcberpr\u00fcfung Sicher zuverl\u00e4ssig.<\/li>\n<li style=\"text-align: left\"><img decoding=\"async\" src=\"https:\/\/www.freebetbest.com\/wp-content\/uploads\/2021\/06\/tick.png\" alt=\"Schnelle Abhebungen\"> Mobile APP-Unterst\u00fctzung, schnelle Auszahlungen.<\/li>\n<li style=\"text-align: left\"><img decoding=\"async\" src=\"https:\/\/www.freebetbest.com\/wp-content\/uploads\/2021\/06\/tick.png\" alt=\"Kundendienst\"> Kundensupport: 365 Tage, 24 Stunden am Tag.<\/li>\n<\/div>\n<\/div>\n<\/div>\n<div class=\"col-md-5\">\n<div class=\"cup-img\"><img decoding=\"async\" src=\"https:\/\/www.freebetbest.com\/wp-content\/uploads\/2021\/06\/Racing-1.png\" alt=\"Rennen\"><\/div>\n<\/div>\n<\/div>\n","protected":false},"author":1,"featured_media":4837,"parent":0,"menu_order":0,"comment_status":"closed","ping_status":"closed","template":"Sports-template.php","meta":{"footnotes":""},"class_list":["post-4834","page","type-page","status-publish","has-post-thumbnail","hentry"],"yoast_head":"<!-- This site is optimized with the Yoast SEO Premium plugin v19.5 (Yoast SEO v27.0) - https:\/\/yoast.com\/product\/yoast-seo-premium-wordpress\/ -->\n<title>Neueste Racing Online-Wetten , Aktion f\u00fcr Ersteinzahlung<\/title>\n<meta name=\"description\" content=\"Neueste Racing Online-Wetten Beste Online-Buchmacher, Casinos, Poker, Bingo und mobile Wetten, Online-Casinos, Fu\u00dfballwetten.\" \/>\n<meta name=\"robots\" content=\"index, follow, max-snippet:-1, max-image-preview:large, max-video-preview:-1\" \/>\n<link rel=\"canonical\" href=\"https:\/\/www.freebetbest.com\/de\/neueste-racing-online-wetten\/\" \/>\n<meta property=\"og:locale\" content=\"de_DE\" \/>\n<meta property=\"og:type\" content=\"article\" \/>\n<meta property=\"og:title\" content=\"Neueste Racing Online-Wetten\" \/>\n<meta property=\"og:description\" content=\"Neueste Racing Online-Wetten Beste Online-Buchmacher, Casinos, Poker, Bingo und mobile Wetten, Online-Casinos, Fu\u00dfballwetten.\" \/>\n<meta property=\"og:url\" content=\"https:\/\/www.freebetbest.com\/de\/neueste-racing-online-wetten\/\" \/>\n<meta property=\"og:site_name\" content=\"Gratis Wetten | beste Online Casinos | Sportwetten Bonus\" \/>\n<meta property=\"article:modified_time\" content=\"2021-08-16T07:32:38+00:00\" \/>\n<meta property=\"og:image\" content=\"https:\/\/www.freebetbest.com\/wp-content\/uploads\/2019\/07\/title-banner-major-event-motogp.jpg\" \/>\n\t<meta property=\"og:image:width\" content=\"500\" \/>\n\t<meta property=\"og:image:height\" content=\"156\" \/>\n\t<meta property=\"og:image:type\" content=\"image\/jpeg\" \/>\n<meta name=\"twitter:card\" content=\"summary_large_image\" \/>\n<meta name=\"twitter:label1\" content=\"Gesch\u00e4tzte Lesezeit\" \/>\n\t<meta name=\"twitter:data1\" content=\"3\u00a0Minuten\" \/>\n<script type=\"application\/ld+json\" class=\"yoast-schema-graph\">{\"@context\":\"https:\/\/schema.org\",\"@graph\":[{\"@type\":\"WebPage\",\"@id\":\"https:\/\/www.freebetbest.com\/de\/neueste-racing-online-wetten\/\",\"url\":\"https:\/\/www.freebetbest.com\/de\/neueste-racing-online-wetten\/\",\"name\":\"Neueste Racing Online-Wetten , Aktion f\u00fcr Ersteinzahlung\",\"isPartOf\":{\"@id\":\"https:\/\/www.freebetbest.com\/de\/#website\"},\"primaryImageOfPage\":{\"@id\":\"https:\/\/www.freebetbest.com\/de\/neueste-racing-online-wetten\/#primaryimage\"},\"image\":{\"@id\":\"https:\/\/www.freebetbest.com\/de\/neueste-racing-online-wetten\/#primaryimage\"},\"thumbnailUrl\":\"https:\/\/www.freebetbest.com\/wp-content\/uploads\/2019\/07\/title-banner-major-event-motogp.jpg\",\"datePublished\":\"2019-07-15T09:02:03+00:00\",\"dateModified\":\"2021-08-16T07:32:38+00:00\",\"description\":\"Neueste Racing Online-Wetten Beste Online-Buchmacher, Casinos, Poker, Bingo und mobile Wetten, Online-Casinos, Fu\u00dfballwetten.\",\"breadcrumb\":{\"@id\":\"https:\/\/www.freebetbest.com\/de\/neueste-racing-online-wetten\/#breadcrumb\"},\"inLanguage\":\"de\",\"potentialAction\":[{\"@type\":\"ReadAction\",\"target\":[\"https:\/\/www.freebetbest.com\/de\/neueste-racing-online-wetten\/\"]}]},{\"@type\":\"ImageObject\",\"inLanguage\":\"de\",\"@id\":\"https:\/\/www.freebetbest.com\/de\/neueste-racing-online-wetten\/#primaryimage\",\"url\":\"https:\/\/www.freebetbest.com\/wp-content\/uploads\/2019\/07\/title-banner-major-event-motogp.jpg\",\"contentUrl\":\"https:\/\/www.freebetbest.com\/wp-content\/uploads\/2019\/07\/title-banner-major-event-motogp.jpg\",\"width\":500,\"height\":156,\"caption\":\"Racing Online-Wetten\"},{\"@type\":\"BreadcrumbList\",\"@id\":\"https:\/\/www.freebetbest.com\/de\/neueste-racing-online-wetten\/#breadcrumb\",\"itemListElement\":[{\"@type\":\"ListItem\",\"position\":1,\"name\":\"Home\",\"item\":\"https:\/\/www.freebetbest.com\/de\/\"},{\"@type\":\"ListItem\",\"position\":2,\"name\":\"Neueste Racing Online-Wetten\"}]},{\"@type\":\"WebSite\",\"@id\":\"https:\/\/www.freebetbest.com\/de\/#website\",\"url\":\"https:\/\/www.freebetbest.com\/de\/\",\"name\":\"Gratis Wetten | beste Online Casinos | Sportwetten Bonus\",\"description\":\"Das beste Online Buchmacher,Das Sportwetten, Casino-, Poker-, Bingo- und Mobilwetten, Online-Casinos, Fu\u00dfballwetten, Ohne Einzahlung Promo-Codes, Das weltweit f\u00fchrende Gl\u00fccksspielportal anbietet.\",\"publisher\":{\"@id\":\"https:\/\/www.freebetbest.com\/de\/#\/schema\/person\/292684ccf388a2362d507874c5b80a69\"},\"potentialAction\":[{\"@type\":\"SearchAction\",\"target\":{\"@type\":\"EntryPoint\",\"urlTemplate\":\"https:\/\/www.freebetbest.com\/de\/?s={search_term_string}\"},\"query-input\":{\"@type\":\"PropertyValueSpecification\",\"valueRequired\":true,\"valueName\":\"search_term_string\"}}],\"inLanguage\":\"de\"},{\"@type\":[\"Person\",\"Organization\"],\"@id\":\"https:\/\/www.freebetbest.com\/de\/#\/schema\/person\/292684ccf388a2362d507874c5b80a69\",\"name\":\"\u7ba1\u7406\",\"image\":{\"@type\":\"ImageObject\",\"inLanguage\":\"de\",\"@id\":\"https:\/\/www.freebetbest.com\/de\/#\/schema\/person\/image\/\",\"url\":\"https:\/\/www.freebetbest.com\/wp-content\/litespeed\/avatar\/49696b52fb15293a2168c14964fdd8b9.jpg?ver=1777439934\",\"contentUrl\":\"https:\/\/www.freebetbest.com\/wp-content\/litespeed\/avatar\/49696b52fb15293a2168c14964fdd8b9.jpg?ver=1777439934\",\"caption\":\"\u7ba1\u7406\"},\"logo\":{\"@id\":\"https:\/\/www.freebetbest.com\/de\/#\/schema\/person\/image\/\"},\"sameAs\":[\"admin\"]}]}<\/script>\n<!-- \/ Yoast SEO Premium plugin. -->","yoast_head_json":{"title":"Neueste Racing Online-Wetten , Aktion f\u00fcr Ersteinzahlung","description":"Neueste Racing Online-Wetten Beste Online-Buchmacher, Casinos, Poker, Bingo und mobile Wetten, Online-Casinos, Fu\u00dfballwetten.","robots":{"index":"index","follow":"follow","max-snippet":"max-snippet:-1","max-image-preview":"max-image-preview:large","max-video-preview":"max-video-preview:-1"},"canonical":"https:\/\/www.freebetbest.com\/de\/neueste-racing-online-wetten\/","og_locale":"de_DE","og_type":"article","og_title":"Neueste Racing Online-Wetten","og_description":"Neueste Racing Online-Wetten Beste Online-Buchmacher, Casinos, Poker, Bingo und mobile Wetten, Online-Casinos, Fu\u00dfballwetten.","og_url":"https:\/\/www.freebetbest.com\/de\/neueste-racing-online-wetten\/","og_site_name":"Gratis Wetten | beste Online Casinos | Sportwetten Bonus","article_modified_time":"2021-08-16T07:32:38+00:00","og_image":[{"width":500,"height":156,"url":"https:\/\/www.freebetbest.com\/wp-content\/uploads\/2019\/07\/title-banner-major-event-motogp.jpg","type":"image\/jpeg"}],"twitter_card":"summary_large_image","twitter_misc":{"Gesch\u00e4tzte Lesezeit":"3\u00a0Minuten"},"schema":{"@context":"https:\/\/schema.org","@graph":[{"@type":"WebPage","@id":"https:\/\/www.freebetbest.com\/de\/neueste-racing-online-wetten\/","url":"https:\/\/www.freebetbest.com\/de\/neueste-racing-online-wetten\/","name":"Neueste Racing Online-Wetten , Aktion f\u00fcr Ersteinzahlung","isPartOf":{"@id":"https:\/\/www.freebetbest.com\/de\/#website"},"primaryImageOfPage":{"@id":"https:\/\/www.freebetbest.com\/de\/neueste-racing-online-wetten\/#primaryimage"},"image":{"@id":"https:\/\/www.freebetbest.com\/de\/neueste-racing-online-wetten\/#primaryimage"},"thumbnailUrl":"https:\/\/www.freebetbest.com\/wp-content\/uploads\/2019\/07\/title-banner-major-event-motogp.jpg","datePublished":"2019-07-15T09:02:03+00:00","dateModified":"2021-08-16T07:32:38+00:00","description":"Neueste Racing Online-Wetten Beste Online-Buchmacher, Casinos, Poker, Bingo und mobile Wetten, Online-Casinos, Fu\u00dfballwetten.","breadcrumb":{"@id":"https:\/\/www.freebetbest.com\/de\/neueste-racing-online-wetten\/#breadcrumb"},"inLanguage":"de","potentialAction":[{"@type":"ReadAction","target":["https:\/\/www.freebetbest.com\/de\/neueste-racing-online-wetten\/"]}]},{"@type":"ImageObject","inLanguage":"de","@id":"https:\/\/www.freebetbest.com\/de\/neueste-racing-online-wetten\/#primaryimage","url":"https:\/\/www.freebetbest.com\/wp-content\/uploads\/2019\/07\/title-banner-major-event-motogp.jpg","contentUrl":"https:\/\/www.freebetbest.com\/wp-content\/uploads\/2019\/07\/title-banner-major-event-motogp.jpg","width":500,"height":156,"caption":"Racing Online-Wetten"},{"@type":"BreadcrumbList","@id":"https:\/\/www.freebetbest.com\/de\/neueste-racing-online-wetten\/#breadcrumb","itemListElement":[{"@type":"ListItem","position":1,"name":"Home","item":"https:\/\/www.freebetbest.com\/de\/"},{"@type":"ListItem","position":2,"name":"Neueste Racing Online-Wetten"}]},{"@type":"WebSite","@id":"https:\/\/www.freebetbest.com\/de\/#website","url":"https:\/\/www.freebetbest.com\/de\/","name":"Gratis Wetten | beste Online Casinos | Sportwetten Bonus","description":"Das beste Online Buchmacher,Das Sportwetten, Casino-, Poker-, Bingo- und Mobilwetten, Online-Casinos, Fu\u00dfballwetten, Ohne Einzahlung Promo-Codes, Das weltweit f\u00fchrende Gl\u00fccksspielportal anbietet.","publisher":{"@id":"https:\/\/www.freebetbest.com\/de\/#\/schema\/person\/292684ccf388a2362d507874c5b80a69"},"potentialAction":[{"@type":"SearchAction","target":{"@type":"EntryPoint","urlTemplate":"https:\/\/www.freebetbest.com\/de\/?s={search_term_string}"},"query-input":{"@type":"PropertyValueSpecification","valueRequired":true,"valueName":"search_term_string"}}],"inLanguage":"de"},{"@type":["Person","Organization"],"@id":"https:\/\/www.freebetbest.com\/de\/#\/schema\/person\/292684ccf388a2362d507874c5b80a69","name":"\u7ba1\u7406","image":{"@type":"ImageObject","inLanguage":"de","@id":"https:\/\/www.freebetbest.com\/de\/#\/schema\/person\/image\/","url":"https:\/\/www.freebetbest.com\/wp-content\/litespeed\/avatar\/49696b52fb15293a2168c14964fdd8b9.jpg?ver=1777439934","contentUrl":"https:\/\/www.freebetbest.com\/wp-content\/litespeed\/avatar\/49696b52fb15293a2168c14964fdd8b9.jpg?ver=1777439934","caption":"\u7ba1\u7406"},"logo":{"@id":"https:\/\/www.freebetbest.com\/de\/#\/schema\/person\/image\/"},"sameAs":["admin"]}]}},"_links":{"self":[{"href":"https:\/\/www.freebetbest.com\/de\/wp-json\/wp\/v2\/pages\/4834","targetHints":{"allow":["GET"]}}],"collection":[{"href":"https:\/\/www.freebetbest.com\/de\/wp-json\/wp\/v2\/pages"}],"about":[{"href":"https:\/\/www.freebetbest.com\/de\/wp-json\/wp\/v2\/types\/page"}],"author":[{"embeddable":true,"href":"https:\/\/www.freebetbest.com\/de\/wp-json\/wp\/v2\/users\/1"}],"replies":[{"embeddable":true,"href":"https:\/\/www.freebetbest.com\/de\/wp-json\/wp\/v2\/comments?post=4834"}],"version-history":[{"count":0,"href":"https:\/\/www.freebetbest.com\/de\/wp-json\/wp\/v2\/pages\/4834\/revisions"}],"wp:featuredmedia":[{"embeddable":true,"href":"https:\/\/www.freebetbest.com\/de\/wp-json\/wp\/v2\/media\/4837"}],"wp:attachment":[{"href":"https:\/\/www.freebetbest.com\/de\/wp-json\/wp\/v2\/media?parent=4834"}],"curies":[{"name":"wp","href":"https:\/\/api.w.org\/{rel}","templated":true}]}}