{"id":130996,"date":"2021-06-10T15:06:56","date_gmt":"2021-06-10T15:06:56","guid":{"rendered":"https:\/\/www.freebetbest.com\/vietnam-buchmacher-bonus\/"},"modified":"2021-07-28T17:42:41","modified_gmt":"2021-07-28T17:42:41","slug":"vietnam-buchmacher-bonus","status":"publish","type":"page","link":"https:\/\/www.freebetbest.com\/de\/vietnam-buchmacher-bonus\/","title":{"rendered":"Vietnam Buchmacher Bonus"},"content":{"rendered":"<h2>Beste Wettseite in Vietnam<\/h2>\nMit \u00fcber 96 Millionen Einwohnern ist Vietnam das drittgr\u00f6\u00dfte Land in S\u00fcdostasien und das neuntbev\u00f6lkerungsreichste Land Asiens. Dies macht es nat\u00fcrlich zu einem riesigen Wettmarkt. Der Vietnam Buchmacher-Bonus kann beansprucht werden. Tatsache ist jedoch, dass es derzeit illegal ist, Sportwetten in Vietnam zu er\u00f6ffnen.\n\nDies bedeutet jedoch definitiv nicht, dass Sie nicht im Inland wetten k\u00f6nnen. Wenn Sie in Vietnam leben, stehen Ihnen viele Wett-Websites zur Verf\u00fcgung. Einige von ihnen sind andere von der Welt. Bekannte lokale Marken, w\u00e4hrend andere weniger bekannte Online-Experten sind.\n\nIn diesem Artikel erfahren Sie mehr dar\u00fcber. Alle Informationen zu Vietnam<a href=\"https:\/\/www.freebetbest.com\/football-online-betting\/\"> Buchmacher<\/a> s-Bonus. Wir listen Ihre bevorzugten Optionen auf, helfen Ihnen bei der Auswahl der f\u00fcr Sie am besten geeigneten Option, erl\u00e4utern die Rechtslage und k\u00fcmmern uns um weitere Angelegenheiten.\n<h3>So bewerten wir die Vietnam Buchmacher Bonus<\/h3>\nAkzeptieren Sie ausgezeichnete Sportwetten von vietnamesischen Kunden und werden alle Wettunternehmen. Reduziert auf nur 20 beste Entscheidungen. Zusammenfassend l\u00e4sst sich sagen, dass Vietnam Bookmakers Bonus Safety Dies ist ein strenger Satz von Regeln und Standards. Unten sehen Sie einige der wichtigsten Dinge, nach denen wir gesucht haben.\n\nDies ist ein gro\u00dfes Problem bei der Registrierung eines neuen Buchmachers, aber wenn man eine unbekannte Marke in Betracht zieht. Die Auswertung ist besonders wichtig. Wir haben bereits bewertet. Eine Liste aller unserer Top-Wettseiten.\n\nWir haben insbesondere nach starken Verschl\u00fcsselungen, Zwei-Faktor-Authentifizierung und Know-Your-Customer-Checks gesucht.\n<h3>Marktauswahl<\/h3>\n<a href=\"https:\/\/www.freebetsinfo.co.uk\/asia-bookmakers\/\">Vietnamesische Wettspieler<\/a> . Interessiert an einer Vielzahl von Sportarten, belohnen wir eine Vielzahl von M\u00e4rkten. Auswahl an Wettseiten. Wir haben auch diese M\u00e4rkte untersucht, einschlie\u00dflich der Anzahl der verschiedenen Wettarten, sowie verschiedene Ligen und Wettbewerbe. Unterst\u00fctzung f\u00fcr Wetten auf die Vietnam League.\n<h3>Vietnam Buchmacher Bonus Zahlungsmethode<\/h3>\nWir sehen so viele Zahlungsmethoden wie m\u00f6glich von Buchmachern, um so viele Kunden wie m\u00f6glich abzudecken. Kredit- und Debitkartenabhebungen, die beste Sportwetten-Website. Es kann auch elektronische Geldb\u00f6rsen, Prepaid-Karten und Kryptow\u00e4hrungen unterst\u00fctzen. Wir haben auch Ein- und Auszahlungen \u00fcberpr\u00fcft. Ob das Mindestlimit fair ist und vermeidet, dass Wettseiten Zahlungsgeb\u00fchren erheben.\n\nAuch hier wurden Buchmacher belohnt, die vietnamesische Wettende unterst\u00fctzen, indem sie ihnen die Nutzung von VND erm\u00f6glichen.\n<h3>Die besten Online-Wettseiten melden sich f\u00fcr Vietnam an<\/h3>\nWillkommensangebote k\u00f6nnen in verschiedenen Formen vorliegen. In Gro\u00dfbritannien zum Beispiel sind \u201eBet X, Get Y\u201c-Deals die gebr\u00e4uchlichste Art, und 100 % \u201erisikofreie\u201c Wetten sind ebenfalls beliebt. F\u00fcr vietnamesische Wetter gibt es jedoch viel weniger Abwechslung.\n<h3>Was genau sind legale Vietnam-Buchmacher-Bonusse?<\/h3>\nWebsites f\u00fcr Wetten in Vietnam. F\u00fcr Wettende, die gerne spielen, gibt es immer einen Weg. Sie k\u00f6nnen immer noch online wetten, wenn Sie online spielen. Es gibt nur eine Erinnerung, um online zu spielen, n\u00e4mlich 18 Jahre oder \u00e4lter.\n<h3>Der beste Weg, um online zu wetten?<\/h3>\nAktuell im Internet. Spielen ist sehr fanatisch. Alles was Sie brauchen ist. Computer-Smartphone oder -Tablet mit Internetverbindung.\n\nEs gibt 3 Techniken, um mit dem Online-Wetten zu beginnen\n<ul>\n \t<li>1: Registrieren und kaufen Sie auf der Website.\n2: Bargeld f\u00fcr Ihre pers\u00f6nlichen Daten einzahlen\n3: Sie k\u00f6nnen beginnen, die Belohnungen zu genie\u00dfen,<\/li>\n<\/ul>\nFazit: Wetten Sie alles, was Sie brauchen. Wenn Sie sich an unsere Fu\u00dfballvorhersage-Upgrades halten, k\u00f6nnen Sie leicht an Bargeld kommen.\n<h3>Besteht kein Risiko, online zu spielen?<\/h3>\nBei einigen Websites ohne Spielezertifizierung m\u00fcssen Sie sehr vorsichtig sein. Wie wir besprochen haben, ist die Videospiel-Website in Vietnam legal, was bedeutet, dass die Website in Vietnam als legal anerkannt wird.\n\nAbschlie\u00dfend noch einige globale Wettseiten. Es kann auch durch staatliche Methoden blockiert werden. Sie k\u00f6nnen die Buchmacher, die Sie spielen m\u00f6chten, testen und testen, ob Sie sie besuchen k\u00f6nnen.\n\n<!-- \/wp:post-content -->","protected":false},"excerpt":{"rendered":"<p>Der beste Willkommensbonus f\u00fcr Wetten in Vietnam. Vietnam Online-Casino bietet und Werbe-Willkommensboni, das vertrauensw\u00fcrdigste Online-Wettunternehmen.<\/p>\n<div class=\"hero-cup-section\">\n<div class=\"row mb-4\">\n<div class=\"col-md-7\">\n<div class=\"section-area\">\n<div class=\"section-list\">\n<li style=\"text-align: left\"><img decoding=\"async\" src=\"https:\/\/www.freebetbest.com\/wp-content\/uploads\/2021\/06\/tick.png\" alt=\"Sport\"> Willkommensbonus im Sportcasino.<\/li>\n<li style=\"text-align: left\"><img decoding=\"async\" src=\"https:\/\/www.freebetbest.com\/wp-content\/uploads\/2021\/06\/tick.png\" alt=\"Spieleangebote\"> Angebote und Aktionen von Online-Buchmachern.<\/li>\n<li style=\"text-align: left\"><img decoding=\"async\" src=\"https:\/\/www.freebetbest.com\/wp-content\/uploads\/2021\/06\/tick.png\" alt=\"Spieleangebote\"> Die besten Online-Buchmacher, denen Sie vertrauen k\u00f6nnen.<\/li>\n<li style=\"text-align: left\"><img decoding=\"async\" src=\"https:\/\/www.freebetbest.com\/wp-content\/uploads\/2021\/06\/tick.png\" alt=\"Ma\u00dfgebend\"> Ma\u00dfgebliche \u00dcberpr\u00fcfung Sicher zuverl\u00e4ssig.<\/li>\n<li style=\"text-align: left\"><img decoding=\"async\" src=\"https:\/\/www.freebetbest.com\/wp-content\/uploads\/2021\/06\/tick.png\" alt=\"Schnelle Abhebungen\"> Mobile APP-Unterst\u00fctzung, schnelle Auszahlungen.<\/li>\n<li style=\"text-align: left\"><img decoding=\"async\" src=\"https:\/\/www.freebetbest.com\/wp-content\/uploads\/2021\/06\/tick.png\" alt=\"Kundendienst\"> Kundensupport: 365 Tage, 24 Stunden am Tag.<\/li>\n<\/div>\n<\/div>\n<\/div>\n<div class=\"col-md-5\">\n<div class=\"cup-img\"><img decoding=\"async\" src=\"https:\/\/www.freebetbest.com\/wp-content\/uploads\/2021\/06\/vietnam1.png\" alt=\"freebetbest\"><\/div>\n<\/div>\n<\/div>\n","protected":false},"author":1,"featured_media":125269,"parent":0,"menu_order":0,"comment_status":"closed","ping_status":"closed","template":"Vietnam-template.php","meta":{"footnotes":""},"class_list":["post-130996","page","type-page","status-publish","has-post-thumbnail","hentry"],"yoast_head":"<!-- This site is optimized with the Yoast SEO Premium plugin v19.5 (Yoast SEO v27.0) - https:\/\/yoast.com\/product\/yoast-seo-premium-wordpress\/ -->\n<title>Vietnam Buchmacher Bonus , Aktion f\u00fcr Ersteinzahlung<\/title>\n<meta name=\"description\" content=\"Vietnam Buchmacher Bonus , Gratiswette Bonus ohne Einzahlung, Willkommensbonuscode f\u00fcr die erste Einzahlung, Anmeldebonuscode. Die h\u00f6chsten Willkommensboni\" \/>\n<meta name=\"robots\" content=\"index, follow, max-snippet:-1, max-image-preview:large, max-video-preview:-1\" \/>\n<link rel=\"canonical\" href=\"https:\/\/www.freebetbest.com\/de\/vietnam-buchmacher-bonus\/\" \/>\n<meta property=\"og:locale\" content=\"de_DE\" \/>\n<meta property=\"og:type\" content=\"article\" \/>\n<meta property=\"og:title\" content=\"Vietnam Buchmacher Bonus\" \/>\n<meta property=\"og:description\" content=\"Vietnam Buchmacher Bonus , Gratiswette Bonus ohne Einzahlung, Willkommensbonuscode f\u00fcr die erste Einzahlung, Anmeldebonuscode. Die h\u00f6chsten Willkommensboni\" \/>\n<meta property=\"og:url\" content=\"https:\/\/www.freebetbest.com\/de\/vietnam-buchmacher-bonus\/\" \/>\n<meta property=\"og:site_name\" content=\"Gratis Wetten | beste Online Casinos | Sportwetten Bonus\" \/>\n<meta property=\"article:modified_time\" content=\"2021-07-28T17:42:41+00:00\" \/>\n<meta property=\"og:image\" content=\"https:\/\/www.freebetbest.com\/wp-content\/uploads\/2021\/06\/Bookmakers-scaled.jpg\" \/>\n\t<meta property=\"og:image:width\" content=\"417\" \/>\n\t<meta property=\"og:image:height\" content=\"180\" \/>\n\t<meta property=\"og:image:type\" content=\"image\/jpeg\" \/>\n<meta name=\"twitter:card\" content=\"summary_large_image\" \/>\n<meta name=\"twitter:label1\" content=\"Gesch\u00e4tzte Lesezeit\" \/>\n\t<meta name=\"twitter:data1\" content=\"3\u00a0Minuten\" \/>\n<script type=\"application\/ld+json\" class=\"yoast-schema-graph\">{\"@context\":\"https:\/\/schema.org\",\"@graph\":[{\"@type\":\"WebPage\",\"@id\":\"https:\/\/www.freebetbest.com\/de\/vietnam-buchmacher-bonus\/\",\"url\":\"https:\/\/www.freebetbest.com\/de\/vietnam-buchmacher-bonus\/\",\"name\":\"Vietnam Buchmacher Bonus , Aktion f\u00fcr Ersteinzahlung\",\"isPartOf\":{\"@id\":\"https:\/\/www.freebetbest.com\/de\/#website\"},\"primaryImageOfPage\":{\"@id\":\"https:\/\/www.freebetbest.com\/de\/vietnam-buchmacher-bonus\/#primaryimage\"},\"image\":{\"@id\":\"https:\/\/www.freebetbest.com\/de\/vietnam-buchmacher-bonus\/#primaryimage\"},\"thumbnailUrl\":\"https:\/\/www.freebetbest.com\/wp-content\/uploads\/2021\/06\/Bookmakers-scaled.jpg\",\"datePublished\":\"2021-06-10T15:06:56+00:00\",\"dateModified\":\"2021-07-28T17:42:41+00:00\",\"description\":\"Vietnam Buchmacher Bonus , Gratiswette Bonus ohne Einzahlung, Willkommensbonuscode f\u00fcr die erste Einzahlung, Anmeldebonuscode. Die h\u00f6chsten Willkommensboni\",\"breadcrumb\":{\"@id\":\"https:\/\/www.freebetbest.com\/de\/vietnam-buchmacher-bonus\/#breadcrumb\"},\"inLanguage\":\"de\",\"potentialAction\":[{\"@type\":\"ReadAction\",\"target\":[\"https:\/\/www.freebetbest.com\/de\/vietnam-buchmacher-bonus\/\"]}]},{\"@type\":\"ImageObject\",\"inLanguage\":\"de\",\"@id\":\"https:\/\/www.freebetbest.com\/de\/vietnam-buchmacher-bonus\/#primaryimage\",\"url\":\"https:\/\/www.freebetbest.com\/wp-content\/uploads\/2021\/06\/Bookmakers-scaled.jpg\",\"contentUrl\":\"https:\/\/www.freebetbest.com\/wp-content\/uploads\/2021\/06\/Bookmakers-scaled.jpg\",\"width\":417,\"height\":180,\"caption\":\"China-Buchmacher-Bonus\"},{\"@type\":\"BreadcrumbList\",\"@id\":\"https:\/\/www.freebetbest.com\/de\/vietnam-buchmacher-bonus\/#breadcrumb\",\"itemListElement\":[{\"@type\":\"ListItem\",\"position\":1,\"name\":\"Home\",\"item\":\"https:\/\/www.freebetbest.com\/de\/\"},{\"@type\":\"ListItem\",\"position\":2,\"name\":\"Vietnam Buchmacher Bonus\"}]},{\"@type\":\"WebSite\",\"@id\":\"https:\/\/www.freebetbest.com\/de\/#website\",\"url\":\"https:\/\/www.freebetbest.com\/de\/\",\"name\":\"Gratis Wetten | beste Online Casinos | Sportwetten Bonus\",\"description\":\"Das beste Online Buchmacher,Das Sportwetten, Casino-, Poker-, Bingo- und Mobilwetten, Online-Casinos, Fu\u00dfballwetten, Ohne Einzahlung Promo-Codes, Das weltweit f\u00fchrende Gl\u00fccksspielportal anbietet.\",\"publisher\":{\"@id\":\"https:\/\/www.freebetbest.com\/de\/#\/schema\/person\/292684ccf388a2362d507874c5b80a69\"},\"potentialAction\":[{\"@type\":\"SearchAction\",\"target\":{\"@type\":\"EntryPoint\",\"urlTemplate\":\"https:\/\/www.freebetbest.com\/de\/?s={search_term_string}\"},\"query-input\":{\"@type\":\"PropertyValueSpecification\",\"valueRequired\":true,\"valueName\":\"search_term_string\"}}],\"inLanguage\":\"de\"},{\"@type\":[\"Person\",\"Organization\"],\"@id\":\"https:\/\/www.freebetbest.com\/de\/#\/schema\/person\/292684ccf388a2362d507874c5b80a69\",\"name\":\"\u7ba1\u7406\",\"image\":{\"@type\":\"ImageObject\",\"inLanguage\":\"de\",\"@id\":\"https:\/\/www.freebetbest.com\/de\/#\/schema\/person\/image\/\",\"url\":\"https:\/\/www.freebetbest.com\/wp-content\/litespeed\/avatar\/49696b52fb15293a2168c14964fdd8b9.jpg?ver=1777439934\",\"contentUrl\":\"https:\/\/www.freebetbest.com\/wp-content\/litespeed\/avatar\/49696b52fb15293a2168c14964fdd8b9.jpg?ver=1777439934\",\"caption\":\"\u7ba1\u7406\"},\"logo\":{\"@id\":\"https:\/\/www.freebetbest.com\/de\/#\/schema\/person\/image\/\"},\"sameAs\":[\"admin\"]}]}<\/script>\n<!-- \/ Yoast SEO Premium plugin. -->","yoast_head_json":{"title":"Vietnam Buchmacher Bonus , Aktion f\u00fcr Ersteinzahlung","description":"Vietnam Buchmacher Bonus , Gratiswette Bonus ohne Einzahlung, Willkommensbonuscode f\u00fcr die erste Einzahlung, Anmeldebonuscode. Die h\u00f6chsten Willkommensboni","robots":{"index":"index","follow":"follow","max-snippet":"max-snippet:-1","max-image-preview":"max-image-preview:large","max-video-preview":"max-video-preview:-1"},"canonical":"https:\/\/www.freebetbest.com\/de\/vietnam-buchmacher-bonus\/","og_locale":"de_DE","og_type":"article","og_title":"Vietnam Buchmacher Bonus","og_description":"Vietnam Buchmacher Bonus , Gratiswette Bonus ohne Einzahlung, Willkommensbonuscode f\u00fcr die erste Einzahlung, Anmeldebonuscode. Die h\u00f6chsten Willkommensboni","og_url":"https:\/\/www.freebetbest.com\/de\/vietnam-buchmacher-bonus\/","og_site_name":"Gratis Wetten | beste Online Casinos | Sportwetten Bonus","article_modified_time":"2021-07-28T17:42:41+00:00","og_image":[{"width":417,"height":180,"url":"https:\/\/www.freebetbest.com\/wp-content\/uploads\/2021\/06\/Bookmakers-scaled.jpg","type":"image\/jpeg"}],"twitter_card":"summary_large_image","twitter_misc":{"Gesch\u00e4tzte Lesezeit":"3\u00a0Minuten"},"schema":{"@context":"https:\/\/schema.org","@graph":[{"@type":"WebPage","@id":"https:\/\/www.freebetbest.com\/de\/vietnam-buchmacher-bonus\/","url":"https:\/\/www.freebetbest.com\/de\/vietnam-buchmacher-bonus\/","name":"Vietnam Buchmacher Bonus , Aktion f\u00fcr Ersteinzahlung","isPartOf":{"@id":"https:\/\/www.freebetbest.com\/de\/#website"},"primaryImageOfPage":{"@id":"https:\/\/www.freebetbest.com\/de\/vietnam-buchmacher-bonus\/#primaryimage"},"image":{"@id":"https:\/\/www.freebetbest.com\/de\/vietnam-buchmacher-bonus\/#primaryimage"},"thumbnailUrl":"https:\/\/www.freebetbest.com\/wp-content\/uploads\/2021\/06\/Bookmakers-scaled.jpg","datePublished":"2021-06-10T15:06:56+00:00","dateModified":"2021-07-28T17:42:41+00:00","description":"Vietnam Buchmacher Bonus , Gratiswette Bonus ohne Einzahlung, Willkommensbonuscode f\u00fcr die erste Einzahlung, Anmeldebonuscode. Die h\u00f6chsten Willkommensboni","breadcrumb":{"@id":"https:\/\/www.freebetbest.com\/de\/vietnam-buchmacher-bonus\/#breadcrumb"},"inLanguage":"de","potentialAction":[{"@type":"ReadAction","target":["https:\/\/www.freebetbest.com\/de\/vietnam-buchmacher-bonus\/"]}]},{"@type":"ImageObject","inLanguage":"de","@id":"https:\/\/www.freebetbest.com\/de\/vietnam-buchmacher-bonus\/#primaryimage","url":"https:\/\/www.freebetbest.com\/wp-content\/uploads\/2021\/06\/Bookmakers-scaled.jpg","contentUrl":"https:\/\/www.freebetbest.com\/wp-content\/uploads\/2021\/06\/Bookmakers-scaled.jpg","width":417,"height":180,"caption":"China-Buchmacher-Bonus"},{"@type":"BreadcrumbList","@id":"https:\/\/www.freebetbest.com\/de\/vietnam-buchmacher-bonus\/#breadcrumb","itemListElement":[{"@type":"ListItem","position":1,"name":"Home","item":"https:\/\/www.freebetbest.com\/de\/"},{"@type":"ListItem","position":2,"name":"Vietnam Buchmacher Bonus"}]},{"@type":"WebSite","@id":"https:\/\/www.freebetbest.com\/de\/#website","url":"https:\/\/www.freebetbest.com\/de\/","name":"Gratis Wetten | beste Online Casinos | Sportwetten Bonus","description":"Das beste Online Buchmacher,Das Sportwetten, Casino-, Poker-, Bingo- und Mobilwetten, Online-Casinos, Fu\u00dfballwetten, Ohne Einzahlung Promo-Codes, Das weltweit f\u00fchrende Gl\u00fccksspielportal anbietet.","publisher":{"@id":"https:\/\/www.freebetbest.com\/de\/#\/schema\/person\/292684ccf388a2362d507874c5b80a69"},"potentialAction":[{"@type":"SearchAction","target":{"@type":"EntryPoint","urlTemplate":"https:\/\/www.freebetbest.com\/de\/?s={search_term_string}"},"query-input":{"@type":"PropertyValueSpecification","valueRequired":true,"valueName":"search_term_string"}}],"inLanguage":"de"},{"@type":["Person","Organization"],"@id":"https:\/\/www.freebetbest.com\/de\/#\/schema\/person\/292684ccf388a2362d507874c5b80a69","name":"\u7ba1\u7406","image":{"@type":"ImageObject","inLanguage":"de","@id":"https:\/\/www.freebetbest.com\/de\/#\/schema\/person\/image\/","url":"https:\/\/www.freebetbest.com\/wp-content\/litespeed\/avatar\/49696b52fb15293a2168c14964fdd8b9.jpg?ver=1777439934","contentUrl":"https:\/\/www.freebetbest.com\/wp-content\/litespeed\/avatar\/49696b52fb15293a2168c14964fdd8b9.jpg?ver=1777439934","caption":"\u7ba1\u7406"},"logo":{"@id":"https:\/\/www.freebetbest.com\/de\/#\/schema\/person\/image\/"},"sameAs":["admin"]}]}},"_links":{"self":[{"href":"https:\/\/www.freebetbest.com\/de\/wp-json\/wp\/v2\/pages\/130996","targetHints":{"allow":["GET"]}}],"collection":[{"href":"https:\/\/www.freebetbest.com\/de\/wp-json\/wp\/v2\/pages"}],"about":[{"href":"https:\/\/www.freebetbest.com\/de\/wp-json\/wp\/v2\/types\/page"}],"author":[{"embeddable":true,"href":"https:\/\/www.freebetbest.com\/de\/wp-json\/wp\/v2\/users\/1"}],"replies":[{"embeddable":true,"href":"https:\/\/www.freebetbest.com\/de\/wp-json\/wp\/v2\/comments?post=130996"}],"version-history":[{"count":0,"href":"https:\/\/www.freebetbest.com\/de\/wp-json\/wp\/v2\/pages\/130996\/revisions"}],"wp:featuredmedia":[{"embeddable":true,"href":"https:\/\/www.freebetbest.com\/de\/wp-json\/wp\/v2\/media\/125269"}],"wp:attachment":[{"href":"https:\/\/www.freebetbest.com\/de\/wp-json\/wp\/v2\/media?parent=130996"}],"curies":[{"name":"wp","href":"https:\/\/api.w.org\/{rel}","templated":true}]}}