{"id":130950,"date":"2021-06-10T09:41:02","date_gmt":"2021-06-10T09:41:02","guid":{"rendered":"https:\/\/www.freebetbest.com\/britische-buchmacher\/"},"modified":"2021-08-16T15:06:11","modified_gmt":"2021-08-16T15:06:11","slug":"bonus-f%c3%bcr-britische-buchmacher","status":"publish","type":"page","link":"https:\/\/www.freebetbest.com\/de\/bonus-f%c3%bcr-britische-buchmacher\/","title":{"rendered":"Bonus f\u00fcr britische Buchmacher"},"content":{"rendered":"\n<div class=\"text-area__container\">\n<div class=\"text-area__content\">\n<h2>Bonus f\u00fcr britische Buchmacher Gratiswetten angek\u00fcndigt<\/h2>\nDie v\u00f6llig kostenlose Option ist oder sollte im Prinzip die Sch\u00e4tzung sein, die Ihnen kostenlos zur Verf\u00fcgung gestellt wird, und dann k\u00f6nnen Sie den britischen Buchmacherbonus finden. Und haben die Chance, echtes Geld zu gewinnen. Die Wahrheit ist, es ist besser, als in jeden zu investieren<a href=\"https:\/\/www.freebetsinfo.co.uk\/asia-bookmakers\/\"> Buchmacher<\/a> . Um seine kostenlose Option oder melden Sie sich zum Verschenken an. Die unterschiedlichen Bedingungen und Konditionen sind viel komplizierter.\n\nAufgrund dieses Ortes versuchen wir, hier so detailliert wie m\u00f6glich zu sein. Der britische Buchmacherbonus und der Registrierungsbonus werden f\u00fcr Sie bereitgestellt, aber Sie sollten die Links in diesem Artikel verwenden. Klicken Sie auf die<a href=\"https:\/\/www.freebetbest.com\/de\/fussball-online-wetten\/\"> Online-Buchmacher<\/a> und vor der Unterzeichnung. Sehen Sie sich die Bedingungen und Bedingungen vollst\u00e4ndig nach oben an.\n<h2>Viele Wettangebote.<\/h2>\nBei beiden m\u00fcssen Sie zuerst bar bezahlen und eine Wette platzieren. Diese Hauptwette oder Qualifikation. Das Sch\u00e4tzen muss normalerweise mit einer bestimmten Gelegenheit erfolgen. Dieses Hindernis k\u00f6nnte zum Beispiel so aussehen\n\nNormalerweise legen Sie die erste Vermutung fest. Es kann sein, dass eine qualifizierende Wette erhalten wird und die Nummer dieser Wette \u00fcbereinstimmt. Wetten Sie bis zu einem bestimmten Betrag genau den gleichen Betrag kostenlos.\n\nAuch durch einfachere Optionen. Es gibt viele \u00c4nderungen f\u00fcr eine kostenlose Option von 10 \u00a3 f\u00fcr 10 \u00a3, eine Wette von 10 \u00a3 f\u00fcr 20 \u00a3, eine Wette von 10 \u00a3 f\u00fcr eine Gratiswette von 30 \u00a3 und sogar 20 \u00a3 f\u00fcr eine Wette von 10 \u00a3.\n\nIn der Regel das wichtigste registrierte Angebot von Buchmachern. Kann f\u00fcr alle Sportarten verwendet werden. Aber unbedingt \u00fcberpr\u00fcfen, denn manchmal Rabatte. Nur f\u00fcr Pferderennen oder Baseball geeignet.\n<h3>Kostenlose Optionsangebote und Registrierungspr\u00e4mien<\/h3>\nJetzt ist die Teilnahme an Boni auf britischen Wettseiten beliebter als Gratiswetten. Normalerweise der Buchmacher. Gleicht Ihre Investition mit Einkommensquellen aus.\n\nEs kann jedoch Mindestanforderungen geben, die Sie m\u00f6glicherweise ben\u00f6tigen. Wetten \u00fcber einer bestimmten Quote sind f\u00fcr die anf\u00e4ngliche Investitionspr\u00e4mie berechtigt.\n\nDann, wie oft Sie w\u00e4hlen m\u00fcssen. Oder genau, wie oft gescrollt werden muss. Um die erh\u00f6hten Bonusgelder weiterzugeben. Wenn Sie einen Bonus abheben, kann es weitere Bedingungen geben.\n\nDenken Sie wie immer daran, sich beim Buchmacher zu registrieren. \u00dcberpr\u00fcfen Sie sorgf\u00e4ltig die Bedingungen, die von den meisten kostenlosen Vermutungen bereitgestellt werden, und stellen Sie sicher, dass Sie in der Lage sind. Und sind bereit, diese Bedingungen einzuhalten.\n\nDie Anzahlung kann jedoch ein guter Einstieg beim Buchmacher sein. Einige bieten Ihnen einen zus\u00e4tzlichen Bonus von etwa 100 \u20ac anstelle von Gratiswetten. Daher k\u00f6nnen Sie f\u00fcr Ihre pers\u00f6nliche erste Investition von 100 \u20ac 200 \u20ac setzen. Dies ist nat\u00fcrlich immer dann sehr n\u00fctzlich, wenn Sie durch Wetten Erfolge erzielen und die Laufzeit einhalten k\u00f6nnen.\n\nEs gibt keine Anzahlung f\u00fcr Gl\u00fccksspiele. Auf jeden Fall bekannter als Gratiswetten ohne Anzahlung. Schauen Sie sich unsere Internet-Casino-Website an, um die dort verf\u00fcgbaren Boni ohne Einzahlung zu sehen.\n<h2>H\u00e4ufig gestellte Fragen zum britischen Buchmacherbonus Kostenlose Wetten<\/h2>\n<h3>V\u00f6llig kostenlose Wetten<\/h3>\nKostenlose Wetten sind Wetten, die von einer Wettwebsite bereitgestellt werden, die jeder Kunde einstellen und dann die Vorteile genie\u00dfen kann. Zusamenfassend. Gratiswetten werden in der Regel als Willkommensangebot genutzt, um neuen Unternehmen einen Anreiz zur Registrierung zu geben. Brandneue Wettseite.\n<h3>Bonus f\u00fcr britische Buchmacher Gratiswetten beantragen<\/h3>\nEgal wie sehr Sie es m\u00f6gen, trotzdem werden Sie irgendwann daran gebunden sein. Ein Bankkonto f\u00fcr jeden Buchmacher und damit f\u00fcr jede Seite. Bieten Sie kurz eine Gratiswette an, um mitzumachen. Sie k\u00f6nnen ohne Einschr\u00e4nkungen mehrere Konten bei verschiedenen Buchmachern haben.\n<h3>So nutzen Sie Gratiswetten<\/h3>\nBei Bedarf ist Ihre kostenlose Option in der Regel. Sofort verf\u00fcgbar, nachdem Sie Ihre erste Wette oder qualifizierende Wette erstellt haben.\n<h3>Erkl\u00e4ren Sie einen v\u00f6llig kostenlosen Spielbonus<\/h3>\nIhre Wette ist v\u00f6llig kostenlos. Der Ort, an dem es erscheint, kann von Buchmacher zu Buchmacher variieren. Normalerweise erhalten Sie auf jeden Fall einen Bonuscode, den Sie sowieso verwenden k\u00f6nnen. Sobald Sie die folgenden Wetten festgelegt haben, k\u00f6nnen Sie in der Regel Ihre kostenlose Option in der Wette einsetzen.\n\n<\/div>\n<\/div>\n","protected":false},"excerpt":{"rendered":"<p>Wir empfehlen Ihnen immer, einen in Ihrer Region lizenzierten Buchmacher auszuw\u00e4hlen, um die Einhaltung der Regeln sicherzustellen.<\/p>\n<div class=\"hero-cup-section\">\n<div class=\"row mb-4\">\n<div class=\"col-md-7\">\n<div class=\"section-area\">\n<div class=\"section-list\">\n<li style=\"text-align: left\"><img decoding=\"async\" src=\"https:\/\/www.freebetbest.com\/wp-content\/uploads\/2021\/06\/tick.png\" alt=\"Sport\"> Willkommensbonus im Sportcasino.<\/li>\n<li style=\"text-align: left\"><img decoding=\"async\" src=\"https:\/\/www.freebetbest.com\/wp-content\/uploads\/2021\/06\/tick.png\" alt=\"Spieleangebote\"> Angebote und Aktionen von Online-Buchmachern.<\/li>\n<li style=\"text-align: left\"><img decoding=\"async\" src=\"https:\/\/www.freebetbest.com\/wp-content\/uploads\/2021\/06\/tick.png\" alt=\"Spieleangebote\"> Die besten Online-Buchmacher, denen Sie vertrauen k\u00f6nnen.<\/li>\n<li style=\"text-align: left\"><img decoding=\"async\" src=\"https:\/\/www.freebetbest.com\/wp-content\/uploads\/2021\/06\/tick.png\" alt=\"Ma\u00dfgebend\"> Ma\u00dfgebliche \u00dcberpr\u00fcfung Sicher zuverl\u00e4ssig.<\/li>\n<li style=\"text-align: left\"><img decoding=\"async\" src=\"https:\/\/www.freebetbest.com\/wp-content\/uploads\/2021\/06\/tick.png\" alt=\"Schnelle Abhebungen\"> Mobile APP-Unterst\u00fctzung, schnelle Auszahlungen.<\/li>\n<li style=\"text-align: left\"><img decoding=\"async\" src=\"https:\/\/www.freebetbest.com\/wp-content\/uploads\/2021\/06\/tick.png\" alt=\"Kundendienst\"> Kundensupport: 365 Tage, 24 Stunden am Tag.<\/li>\n<\/div>\n<\/div>\n<\/div>\n<div class=\"col-md-5\">\n<div class=\"cup-img\"><img decoding=\"async\" src=\"https:\/\/www.freebetbest.com\/wp-content\/uploads\/2021\/06\/uk1.png\" alt=\"freebetbest\"><\/div>\n<\/div>\n<\/div>\n","protected":false},"author":1,"featured_media":125269,"parent":0,"menu_order":0,"comment_status":"closed","ping_status":"closed","template":"uk-template.php","meta":{"footnotes":""},"class_list":["post-130950","page","type-page","status-publish","has-post-thumbnail","hentry"],"yoast_head":"<!-- This site is optimized with the Yoast SEO Premium plugin v19.5 (Yoast SEO v27.0) - https:\/\/yoast.com\/product\/yoast-seo-premium-wordpress\/ -->\n<title>Bonus f\u00fcr britische Buchmacher , Ersteinzahlungsaktion. Online-Wettseite<\/title>\n<meta name=\"description\" content=\"Bonus f\u00fcr britische Buchmacher , Gratiswette Bonus ohne Einzahlung, Willkommensbonuscode f\u00fcr die erste Einzahlung, Anmeldebonuscode. Die h\u00f6chsten Willkommensboni\" \/>\n<meta name=\"robots\" content=\"index, follow, max-snippet:-1, max-image-preview:large, max-video-preview:-1\" \/>\n<link rel=\"canonical\" href=\"https:\/\/www.freebetbest.com\/de\/bonus-f%c3%bcr-britische-buchmacher\/\" \/>\n<meta property=\"og:locale\" content=\"de_DE\" \/>\n<meta property=\"og:type\" content=\"article\" \/>\n<meta property=\"og:title\" content=\"Bonus f\u00fcr britische Buchmacher\" \/>\n<meta property=\"og:description\" content=\"Bonus f\u00fcr britische Buchmacher , Gratiswette Bonus ohne Einzahlung, Willkommensbonuscode f\u00fcr die erste Einzahlung, Anmeldebonuscode. Die h\u00f6chsten Willkommensboni\" \/>\n<meta property=\"og:url\" content=\"https:\/\/www.freebetbest.com\/de\/bonus-f%c3%bcr-britische-buchmacher\/\" \/>\n<meta property=\"og:site_name\" content=\"Gratis Wetten | beste Online Casinos | Sportwetten Bonus\" \/>\n<meta property=\"article:modified_time\" content=\"2021-08-16T15:06:11+00:00\" \/>\n<meta property=\"og:image\" content=\"https:\/\/www.freebetbest.com\/wp-content\/uploads\/2021\/06\/Bookmakers-scaled.jpg\" \/>\n\t<meta property=\"og:image:width\" content=\"417\" \/>\n\t<meta property=\"og:image:height\" content=\"180\" \/>\n\t<meta property=\"og:image:type\" content=\"image\/jpeg\" \/>\n<meta name=\"twitter:card\" content=\"summary_large_image\" \/>\n<meta name=\"twitter:label1\" content=\"Gesch\u00e4tzte Lesezeit\" \/>\n\t<meta name=\"twitter:data1\" content=\"3\u00a0Minuten\" \/>\n<script type=\"application\/ld+json\" class=\"yoast-schema-graph\">{\"@context\":\"https:\/\/schema.org\",\"@graph\":[{\"@type\":\"WebPage\",\"@id\":\"https:\/\/www.freebetbest.com\/de\/bonus-f%c3%bcr-britische-buchmacher\/\",\"url\":\"https:\/\/www.freebetbest.com\/de\/bonus-f%c3%bcr-britische-buchmacher\/\",\"name\":\"Bonus f\u00fcr britische Buchmacher , Ersteinzahlungsaktion. Online-Wettseite\",\"isPartOf\":{\"@id\":\"https:\/\/www.freebetbest.com\/de\/#website\"},\"primaryImageOfPage\":{\"@id\":\"https:\/\/www.freebetbest.com\/de\/bonus-f%c3%bcr-britische-buchmacher\/#primaryimage\"},\"image\":{\"@id\":\"https:\/\/www.freebetbest.com\/de\/bonus-f%c3%bcr-britische-buchmacher\/#primaryimage\"},\"thumbnailUrl\":\"https:\/\/www.freebetbest.com\/wp-content\/uploads\/2021\/06\/Bookmakers-scaled.jpg\",\"datePublished\":\"2021-06-10T09:41:02+00:00\",\"dateModified\":\"2021-08-16T15:06:11+00:00\",\"description\":\"Bonus f\u00fcr britische Buchmacher , Gratiswette Bonus ohne Einzahlung, Willkommensbonuscode f\u00fcr die erste Einzahlung, Anmeldebonuscode. Die h\u00f6chsten Willkommensboni\",\"breadcrumb\":{\"@id\":\"https:\/\/www.freebetbest.com\/de\/bonus-f%c3%bcr-britische-buchmacher\/#breadcrumb\"},\"inLanguage\":\"de\",\"potentialAction\":[{\"@type\":\"ReadAction\",\"target\":[\"https:\/\/www.freebetbest.com\/de\/bonus-f%c3%bcr-britische-buchmacher\/\"]}]},{\"@type\":\"ImageObject\",\"inLanguage\":\"de\",\"@id\":\"https:\/\/www.freebetbest.com\/de\/bonus-f%c3%bcr-britische-buchmacher\/#primaryimage\",\"url\":\"https:\/\/www.freebetbest.com\/wp-content\/uploads\/2021\/06\/Bookmakers-scaled.jpg\",\"contentUrl\":\"https:\/\/www.freebetbest.com\/wp-content\/uploads\/2021\/06\/Bookmakers-scaled.jpg\",\"width\":417,\"height\":180,\"caption\":\"China-Buchmacher-Bonus\"},{\"@type\":\"BreadcrumbList\",\"@id\":\"https:\/\/www.freebetbest.com\/de\/bonus-f%c3%bcr-britische-buchmacher\/#breadcrumb\",\"itemListElement\":[{\"@type\":\"ListItem\",\"position\":1,\"name\":\"Home\",\"item\":\"https:\/\/www.freebetbest.com\/de\/\"},{\"@type\":\"ListItem\",\"position\":2,\"name\":\"Bonus f\u00fcr britische Buchmacher\"}]},{\"@type\":\"WebSite\",\"@id\":\"https:\/\/www.freebetbest.com\/de\/#website\",\"url\":\"https:\/\/www.freebetbest.com\/de\/\",\"name\":\"Gratis Wetten | beste Online Casinos | Sportwetten Bonus\",\"description\":\"Das beste Online Buchmacher,Das Sportwetten, Casino-, Poker-, Bingo- und Mobilwetten, Online-Casinos, Fu\u00dfballwetten, Ohne Einzahlung Promo-Codes, Das weltweit f\u00fchrende Gl\u00fccksspielportal anbietet.\",\"publisher\":{\"@id\":\"https:\/\/www.freebetbest.com\/de\/#\/schema\/person\/292684ccf388a2362d507874c5b80a69\"},\"potentialAction\":[{\"@type\":\"SearchAction\",\"target\":{\"@type\":\"EntryPoint\",\"urlTemplate\":\"https:\/\/www.freebetbest.com\/de\/?s={search_term_string}\"},\"query-input\":{\"@type\":\"PropertyValueSpecification\",\"valueRequired\":true,\"valueName\":\"search_term_string\"}}],\"inLanguage\":\"de\"},{\"@type\":[\"Person\",\"Organization\"],\"@id\":\"https:\/\/www.freebetbest.com\/de\/#\/schema\/person\/292684ccf388a2362d507874c5b80a69\",\"name\":\"\u7ba1\u7406\",\"image\":{\"@type\":\"ImageObject\",\"inLanguage\":\"de\",\"@id\":\"https:\/\/www.freebetbest.com\/de\/#\/schema\/person\/image\/\",\"url\":\"https:\/\/www.freebetbest.com\/wp-content\/litespeed\/avatar\/49696b52fb15293a2168c14964fdd8b9.jpg?ver=1778044739\",\"contentUrl\":\"https:\/\/www.freebetbest.com\/wp-content\/litespeed\/avatar\/49696b52fb15293a2168c14964fdd8b9.jpg?ver=1778044739\",\"caption\":\"\u7ba1\u7406\"},\"logo\":{\"@id\":\"https:\/\/www.freebetbest.com\/de\/#\/schema\/person\/image\/\"},\"sameAs\":[\"admin\"]}]}<\/script>\n<!-- \/ Yoast SEO Premium plugin. -->","yoast_head_json":{"title":"Bonus f\u00fcr britische Buchmacher , Ersteinzahlungsaktion. Online-Wettseite","description":"Bonus f\u00fcr britische Buchmacher , Gratiswette Bonus ohne Einzahlung, Willkommensbonuscode f\u00fcr die erste Einzahlung, Anmeldebonuscode. Die h\u00f6chsten Willkommensboni","robots":{"index":"index","follow":"follow","max-snippet":"max-snippet:-1","max-image-preview":"max-image-preview:large","max-video-preview":"max-video-preview:-1"},"canonical":"https:\/\/www.freebetbest.com\/de\/bonus-f%c3%bcr-britische-buchmacher\/","og_locale":"de_DE","og_type":"article","og_title":"Bonus f\u00fcr britische Buchmacher","og_description":"Bonus f\u00fcr britische Buchmacher , Gratiswette Bonus ohne Einzahlung, Willkommensbonuscode f\u00fcr die erste Einzahlung, Anmeldebonuscode. Die h\u00f6chsten Willkommensboni","og_url":"https:\/\/www.freebetbest.com\/de\/bonus-f%c3%bcr-britische-buchmacher\/","og_site_name":"Gratis Wetten | beste Online Casinos | Sportwetten Bonus","article_modified_time":"2021-08-16T15:06:11+00:00","og_image":[{"width":417,"height":180,"url":"https:\/\/www.freebetbest.com\/wp-content\/uploads\/2021\/06\/Bookmakers-scaled.jpg","type":"image\/jpeg"}],"twitter_card":"summary_large_image","twitter_misc":{"Gesch\u00e4tzte Lesezeit":"3\u00a0Minuten"},"schema":{"@context":"https:\/\/schema.org","@graph":[{"@type":"WebPage","@id":"https:\/\/www.freebetbest.com\/de\/bonus-f%c3%bcr-britische-buchmacher\/","url":"https:\/\/www.freebetbest.com\/de\/bonus-f%c3%bcr-britische-buchmacher\/","name":"Bonus f\u00fcr britische Buchmacher , Ersteinzahlungsaktion. Online-Wettseite","isPartOf":{"@id":"https:\/\/www.freebetbest.com\/de\/#website"},"primaryImageOfPage":{"@id":"https:\/\/www.freebetbest.com\/de\/bonus-f%c3%bcr-britische-buchmacher\/#primaryimage"},"image":{"@id":"https:\/\/www.freebetbest.com\/de\/bonus-f%c3%bcr-britische-buchmacher\/#primaryimage"},"thumbnailUrl":"https:\/\/www.freebetbest.com\/wp-content\/uploads\/2021\/06\/Bookmakers-scaled.jpg","datePublished":"2021-06-10T09:41:02+00:00","dateModified":"2021-08-16T15:06:11+00:00","description":"Bonus f\u00fcr britische Buchmacher , Gratiswette Bonus ohne Einzahlung, Willkommensbonuscode f\u00fcr die erste Einzahlung, Anmeldebonuscode. Die h\u00f6chsten Willkommensboni","breadcrumb":{"@id":"https:\/\/www.freebetbest.com\/de\/bonus-f%c3%bcr-britische-buchmacher\/#breadcrumb"},"inLanguage":"de","potentialAction":[{"@type":"ReadAction","target":["https:\/\/www.freebetbest.com\/de\/bonus-f%c3%bcr-britische-buchmacher\/"]}]},{"@type":"ImageObject","inLanguage":"de","@id":"https:\/\/www.freebetbest.com\/de\/bonus-f%c3%bcr-britische-buchmacher\/#primaryimage","url":"https:\/\/www.freebetbest.com\/wp-content\/uploads\/2021\/06\/Bookmakers-scaled.jpg","contentUrl":"https:\/\/www.freebetbest.com\/wp-content\/uploads\/2021\/06\/Bookmakers-scaled.jpg","width":417,"height":180,"caption":"China-Buchmacher-Bonus"},{"@type":"BreadcrumbList","@id":"https:\/\/www.freebetbest.com\/de\/bonus-f%c3%bcr-britische-buchmacher\/#breadcrumb","itemListElement":[{"@type":"ListItem","position":1,"name":"Home","item":"https:\/\/www.freebetbest.com\/de\/"},{"@type":"ListItem","position":2,"name":"Bonus f\u00fcr britische Buchmacher"}]},{"@type":"WebSite","@id":"https:\/\/www.freebetbest.com\/de\/#website","url":"https:\/\/www.freebetbest.com\/de\/","name":"Gratis Wetten | beste Online Casinos | Sportwetten Bonus","description":"Das beste Online Buchmacher,Das Sportwetten, Casino-, Poker-, Bingo- und Mobilwetten, Online-Casinos, Fu\u00dfballwetten, Ohne Einzahlung Promo-Codes, Das weltweit f\u00fchrende Gl\u00fccksspielportal anbietet.","publisher":{"@id":"https:\/\/www.freebetbest.com\/de\/#\/schema\/person\/292684ccf388a2362d507874c5b80a69"},"potentialAction":[{"@type":"SearchAction","target":{"@type":"EntryPoint","urlTemplate":"https:\/\/www.freebetbest.com\/de\/?s={search_term_string}"},"query-input":{"@type":"PropertyValueSpecification","valueRequired":true,"valueName":"search_term_string"}}],"inLanguage":"de"},{"@type":["Person","Organization"],"@id":"https:\/\/www.freebetbest.com\/de\/#\/schema\/person\/292684ccf388a2362d507874c5b80a69","name":"\u7ba1\u7406","image":{"@type":"ImageObject","inLanguage":"de","@id":"https:\/\/www.freebetbest.com\/de\/#\/schema\/person\/image\/","url":"https:\/\/www.freebetbest.com\/wp-content\/litespeed\/avatar\/49696b52fb15293a2168c14964fdd8b9.jpg?ver=1778044739","contentUrl":"https:\/\/www.freebetbest.com\/wp-content\/litespeed\/avatar\/49696b52fb15293a2168c14964fdd8b9.jpg?ver=1778044739","caption":"\u7ba1\u7406"},"logo":{"@id":"https:\/\/www.freebetbest.com\/de\/#\/schema\/person\/image\/"},"sameAs":["admin"]}]}},"_links":{"self":[{"href":"https:\/\/www.freebetbest.com\/de\/wp-json\/wp\/v2\/pages\/130950","targetHints":{"allow":["GET"]}}],"collection":[{"href":"https:\/\/www.freebetbest.com\/de\/wp-json\/wp\/v2\/pages"}],"about":[{"href":"https:\/\/www.freebetbest.com\/de\/wp-json\/wp\/v2\/types\/page"}],"author":[{"embeddable":true,"href":"https:\/\/www.freebetbest.com\/de\/wp-json\/wp\/v2\/users\/1"}],"replies":[{"embeddable":true,"href":"https:\/\/www.freebetbest.com\/de\/wp-json\/wp\/v2\/comments?post=130950"}],"version-history":[{"count":0,"href":"https:\/\/www.freebetbest.com\/de\/wp-json\/wp\/v2\/pages\/130950\/revisions"}],"wp:featuredmedia":[{"embeddable":true,"href":"https:\/\/www.freebetbest.com\/de\/wp-json\/wp\/v2\/media\/125269"}],"wp:attachment":[{"href":"https:\/\/www.freebetbest.com\/de\/wp-json\/wp\/v2\/media?parent=130950"}],"curies":[{"name":"wp","href":"https:\/\/api.w.org\/{rel}","templated":true}]}}