{"id":130920,"date":"2021-06-10T15:28:39","date_gmt":"2021-06-10T15:28:39","guid":{"rendered":"https:\/\/www.freebetbest.com\/thailand-buchmacher-bonus\/"},"modified":"2021-07-28T17:47:01","modified_gmt":"2021-07-28T17:47:01","slug":"thailand-buchmacher-bonus","status":"publish","type":"page","link":"https:\/\/www.freebetbest.com\/de\/thailand-buchmacher-bonus\/","title":{"rendered":"Thailand Buchmacher Bonus"},"content":{"rendered":"<h3>Spielen Sie online in Thailand. Thailand Buchmacher Bonus<\/h3>\nWetten sind in Thailand sehr beliebt, aber Thailand<a href=\"https:\/\/www.freebetsinfo.co.uk\/asia-bookmakers\/\"> Buchmacher-Bonus<\/a> . Nur ein kleiner Teil der Gesamt\u00fcbung. Fast alle Wetten in Thailand. Es findet alles unter der Erde statt und mehr als 60% der thail\u00e4ndischen \u00f6ffentlichen Wetten. Wie andere asiatische L\u00e4nder.\n<h3>Thailand hat auch eine lange Geschichte des Gl\u00fccksspiels.<\/h3>\nNoch bevor das Land offiziell Thailand hei\u00dft, werden Sie feststellen, dass es im 19. Jahrhundert passiert ist. Organisierte Wettaufzeichnungen. Seit kurzem betreibt Thailand staatliches Lotto, das regelm\u00e4\u00dfig von einer gro\u00dfen Anzahl von Thais gespielt wird.\n<h3>Thail\u00e4ndische Online-Spiele sind sehr beliebt<\/h3>\nImmer mehr thail\u00e4ndische Ureinwohner. Habe herausgefunden, dass sie online gehen k\u00f6nnten. Asiatische Gl\u00fccksspielunternehmen treten in den Markt ein. Wetten Sie im Internet. Obwohl die meisten asiatischen Buchmacher. Manchmal wird der Zugriff auf die Website von den thail\u00e4ndischen Beh\u00f6rden behindert. Dies ist nat\u00fcrlich eine Ausnahme, kann aber mit einem VPN leicht umgangen werden.\n<h3>Warum verwenden Thailand Buchmacher Bonus<\/h3>\nWir bieten thail\u00e4ndische Spieler an. Die empfohlene Website ist sicher und von den Kunden vertrauensw\u00fcrdig. Und holen Sie sich die Best\u00e4tigung unseres professionellen Unternehmens. Wir haben schwierige Funktionen abgeschlossen. Und die ideale Wahl gefunden, und dann freuen wir uns sehr f\u00fcr Sie. Wird auf diesen Online-Wettseiten sein. Holen Sie sich tolle Bonuswetten.\n<h3>Setzen Sie Ihre Wetten bei Thailand Buchmachern fort<\/h3>\nLeichtathletik-Gl\u00fccksspiel und Fu\u00dfball. Sehr beliebt bei thail\u00e4ndischen Wettern, Tausenden von Sportwettern. Die f\u00fchrende Wettseite in Thailand. Eine Wette abgeben. Sie k\u00f6nnen eine gro\u00dfe Anzahl von Wettseiten ausw\u00e4hlen, um das Wetten zu genie\u00dfen\n<h3>Jede beste Live- <a href=\"https:\/\/www.freebetbest.com\/betting-sites\/\">Buchmacher-Website in Thailand<\/a><\/h3>\nEinige der wichtigsten Attribute, die eine Live-Wetten-Website enthalten muss. Einschlie\u00dflich vieler Spielm\u00e4rkte und Spielauswahl. Spezielle Live-Gl\u00fccksspiel-Marketing-Promotion. Funktionen und Live-Programme einl\u00f6sen. Nach der Analyse jeder thail\u00e4ndischen Gl\u00fccksspiel-Website. Zusammenfassend haben wir uns f\u00fcr einige von ihnen entschieden. Sowohl f\u00fcr Veteranen als auch f\u00fcr Anf\u00e4nger geeignet\n<h3>Sind Casinos in Thailand legal?<\/h3>\nDie thail\u00e4ndischen Teilnehmer haben es trotzdem geschafft. Zu ihren eigenen Favoriten. Online-Abenteuer auf globalen Websites. Internationale Betreiber sorgen f\u00fcr die finanzielle Sicherheit der Wettenden und erm\u00f6glichen ihnen auch, ihre Gewinne vollst\u00e4ndig zu besitzen.\n<h3>Ist ein Online-Abenteuer in Thailand ungef\u00e4hrlich?<\/h3>\nJa, unter bestimmten anderen Bedingungen. Genauer gesagt sollten Sie nur einen guten globalen Benutzer ausw\u00e4hlen. Halten Sie sich von nahegelegenen Versionen fern, da diese absolut verboten sind.\n<h3>Sind Online-Wetten in Thailand legal?<\/h3>\nDie thail\u00e4ndische Regierung ist f\u00fcr alle Internet-Gl\u00fccksspielaktivit\u00e4ten verantwortlich. Zusammenfassend l\u00e4sst sich sagen, dass das Quiltverbot umgesetzt wurde und Sie auf einen guten internationalen Buchmacher wetten m\u00f6chten, und die M\u00f6glichkeit, gefangen zu werden, ist minimal.\n<h3>Wie wetten Sie in Thailand?<\/h3>\nIn Bezug auf das Gl\u00fccksspiel geh\u00f6rt Thailand zu Asien. Das beliebteste Land f\u00fcr Spieler. Spielen Sie dennoch auf ausl\u00e4ndischen Wettseiten. Es ist immer noch ganz einfach. Alles, was Sie tun m\u00fcssen, ist unter den zuvor genannten. W\u00e4hlen Sie einen Buchmacher, er\u00f6ffnen Sie Ihr Konto, zahlen Sie Bargeld im Voraus und platzieren Sie eine Wette.\n<h3>Sollte ich eine Wettseite in Thailand nutzen?<\/h3>\nsicher. \u00dcberpr\u00fcfen Sie die thail\u00e4ndische Seite. Viele beliebte ausl\u00e4ndische Wettunternehmen. Es kann Thailand League 1 und die wettbewerbsf\u00e4higsten Quoten in der Premier League sowie verschiedene asiatische Wetten umfassen. Dar\u00fcber hinaus werden thail\u00e4ndische Baht-Einzahlungen akzeptiert.\n<h3>Kennen Sie den besten Sportwettenanbieter in Thailand?<\/h3>\nViele ausl\u00e4ndische und lokale Gl\u00fccksspielunternehmen. Alle arbeiten in Thailand. Thais sind eine gro\u00dfe Anzahl von Sportfans, und sie entscheiden sich auch daf\u00fcr, ihre Bed\u00fcrfnisse zu erf\u00fcllen. Fazit: Die beste Sportwetten-Website. Sie k\u00f6nnen unsere thail\u00e4ndische Sprachseite besuchen.\n<h3>Was sind die thail\u00e4ndischsprachigen internationalen Wettunternehmen?<\/h3>\nJa, es gibt viele ausl\u00e4ndische Wettanbieter online. Stellen Sie abschlie\u00dfend eine Website mit einer thail\u00e4ndischen Benutzeroberfl\u00e4che bereit.\n\n<!-- \/wp:post-content -->","protected":false},"excerpt":{"rendered":"<p>Der beste Wett-Willkommensbonus in Thailand. Thailand Online-Casino bietet und Werbe-Willkommensboni, das vertrauensw\u00fcrdigste Online-Wettunternehmen.<\/p>\n<div class=\"hero-cup-section\">\n<div class=\"row mb-4\">\n<div class=\"col-md-7\">\n<div class=\"section-area\">\n<div class=\"section-list\">\n<li style=\"text-align: left\"><img decoding=\"async\" src=\"https:\/\/www.freebetbest.com\/wp-content\/uploads\/2021\/06\/tick.png\" alt=\"Sport\"> Willkommensbonus im Sportcasino.<\/li>\n<li style=\"text-align: left\"><img decoding=\"async\" src=\"https:\/\/www.freebetbest.com\/wp-content\/uploads\/2021\/06\/tick.png\" alt=\"Spieleangebote\"> Angebote und Aktionen von Online-Buchmachern.<\/li>\n<li style=\"text-align: left\"><img decoding=\"async\" src=\"https:\/\/www.freebetbest.com\/wp-content\/uploads\/2021\/06\/tick.png\" alt=\"Spieleangebote\"> Die besten Online-Buchmacher, denen Sie vertrauen k\u00f6nnen.<\/li>\n<li style=\"text-align: left\"><img decoding=\"async\" src=\"https:\/\/www.freebetbest.com\/wp-content\/uploads\/2021\/06\/tick.png\" alt=\"Ma\u00dfgebend\"> Ma\u00dfgebliche \u00dcberpr\u00fcfung Sicher zuverl\u00e4ssig.<\/li>\n<li style=\"text-align: left\"><img decoding=\"async\" src=\"https:\/\/www.freebetbest.com\/wp-content\/uploads\/2021\/06\/tick.png\" alt=\"Schnelle Abhebungen\"> Mobile APP-Unterst\u00fctzung, schnelle Auszahlungen.<\/li>\n<li style=\"text-align: left\"><img decoding=\"async\" src=\"https:\/\/www.freebetbest.com\/wp-content\/uploads\/2021\/06\/tick.png\" alt=\"Kundendienst\"> Kundensupport: 365 Tage, 24 Stunden am Tag.<\/li>\n<\/div>\n<\/div>\n<\/div>\n<div class=\"col-md-5\">\n<div class=\"cup-img\"><img decoding=\"async\" src=\"https:\/\/www.freebetbest.com\/wp-content\/uploads\/2021\/06\/Thailand11.png\" alt=\"freebetbest\"><\/div>\n<\/div>\n<\/div>\n","protected":false},"author":1,"featured_media":125269,"parent":0,"menu_order":0,"comment_status":"closed","ping_status":"closed","template":"Thailand-template.php","meta":{"footnotes":""},"class_list":["post-130920","page","type-page","status-publish","has-post-thumbnail","hentry"],"yoast_head":"<!-- This site is optimized with the Yoast SEO Premium plugin v19.5 (Yoast SEO v27.0) - https:\/\/yoast.com\/product\/yoast-seo-premium-wordpress\/ -->\n<title>Thailand Buchmacher Bonus , Aktion f\u00fcr Ersteinzahlung<\/title>\n<meta name=\"description\" content=\"Thailand Buchmacher Bonus , Gratiswette Bonus ohne Einzahlung, Willkommensbonuscode f\u00fcr die erste Einzahlung, Anmeldebonuscode. Erhalten Sie kostenlose Wettboni.\" \/>\n<meta name=\"robots\" content=\"index, follow, max-snippet:-1, max-image-preview:large, max-video-preview:-1\" \/>\n<link rel=\"canonical\" href=\"https:\/\/www.freebetbest.com\/de\/thailand-buchmacher-bonus\/\" \/>\n<meta property=\"og:locale\" content=\"de_DE\" \/>\n<meta property=\"og:type\" content=\"article\" \/>\n<meta property=\"og:title\" content=\"Thailand Buchmacher Bonus\" \/>\n<meta property=\"og:description\" content=\"Thailand Buchmacher Bonus , Gratiswette Bonus ohne Einzahlung, Willkommensbonuscode f\u00fcr die erste Einzahlung, Anmeldebonuscode. Erhalten Sie kostenlose Wettboni.\" \/>\n<meta property=\"og:url\" content=\"https:\/\/www.freebetbest.com\/de\/thailand-buchmacher-bonus\/\" \/>\n<meta property=\"og:site_name\" content=\"Gratis Wetten | beste Online Casinos | Sportwetten Bonus\" \/>\n<meta property=\"article:modified_time\" content=\"2021-07-28T17:47:01+00:00\" \/>\n<meta property=\"og:image\" content=\"https:\/\/www.freebetbest.com\/wp-content\/uploads\/2021\/06\/Bookmakers-scaled.jpg\" \/>\n\t<meta property=\"og:image:width\" content=\"417\" \/>\n\t<meta property=\"og:image:height\" content=\"180\" \/>\n\t<meta property=\"og:image:type\" content=\"image\/jpeg\" \/>\n<meta name=\"twitter:card\" content=\"summary_large_image\" \/>\n<meta name=\"twitter:label1\" content=\"Gesch\u00e4tzte Lesezeit\" \/>\n\t<meta name=\"twitter:data1\" content=\"3\u00a0Minuten\" \/>\n<script type=\"application\/ld+json\" class=\"yoast-schema-graph\">{\"@context\":\"https:\/\/schema.org\",\"@graph\":[{\"@type\":\"WebPage\",\"@id\":\"https:\/\/www.freebetbest.com\/de\/thailand-buchmacher-bonus\/\",\"url\":\"https:\/\/www.freebetbest.com\/de\/thailand-buchmacher-bonus\/\",\"name\":\"Thailand Buchmacher Bonus , Aktion f\u00fcr Ersteinzahlung\",\"isPartOf\":{\"@id\":\"https:\/\/www.freebetbest.com\/de\/#website\"},\"primaryImageOfPage\":{\"@id\":\"https:\/\/www.freebetbest.com\/de\/thailand-buchmacher-bonus\/#primaryimage\"},\"image\":{\"@id\":\"https:\/\/www.freebetbest.com\/de\/thailand-buchmacher-bonus\/#primaryimage\"},\"thumbnailUrl\":\"https:\/\/www.freebetbest.com\/wp-content\/uploads\/2021\/06\/Bookmakers-scaled.jpg\",\"datePublished\":\"2021-06-10T15:28:39+00:00\",\"dateModified\":\"2021-07-28T17:47:01+00:00\",\"description\":\"Thailand Buchmacher Bonus , Gratiswette Bonus ohne Einzahlung, Willkommensbonuscode f\u00fcr die erste Einzahlung, Anmeldebonuscode. Erhalten Sie kostenlose Wettboni.\",\"breadcrumb\":{\"@id\":\"https:\/\/www.freebetbest.com\/de\/thailand-buchmacher-bonus\/#breadcrumb\"},\"inLanguage\":\"de\",\"potentialAction\":[{\"@type\":\"ReadAction\",\"target\":[\"https:\/\/www.freebetbest.com\/de\/thailand-buchmacher-bonus\/\"]}]},{\"@type\":\"ImageObject\",\"inLanguage\":\"de\",\"@id\":\"https:\/\/www.freebetbest.com\/de\/thailand-buchmacher-bonus\/#primaryimage\",\"url\":\"https:\/\/www.freebetbest.com\/wp-content\/uploads\/2021\/06\/Bookmakers-scaled.jpg\",\"contentUrl\":\"https:\/\/www.freebetbest.com\/wp-content\/uploads\/2021\/06\/Bookmakers-scaled.jpg\",\"width\":417,\"height\":180,\"caption\":\"China-Buchmacher-Bonus\"},{\"@type\":\"BreadcrumbList\",\"@id\":\"https:\/\/www.freebetbest.com\/de\/thailand-buchmacher-bonus\/#breadcrumb\",\"itemListElement\":[{\"@type\":\"ListItem\",\"position\":1,\"name\":\"Home\",\"item\":\"https:\/\/www.freebetbest.com\/de\/\"},{\"@type\":\"ListItem\",\"position\":2,\"name\":\"Thailand Buchmacher Bonus\"}]},{\"@type\":\"WebSite\",\"@id\":\"https:\/\/www.freebetbest.com\/de\/#website\",\"url\":\"https:\/\/www.freebetbest.com\/de\/\",\"name\":\"Gratis Wetten | beste Online Casinos | Sportwetten Bonus\",\"description\":\"Das beste Online Buchmacher,Das Sportwetten, Casino-, Poker-, Bingo- und Mobilwetten, Online-Casinos, Fu\u00dfballwetten, Ohne Einzahlung Promo-Codes, Das weltweit f\u00fchrende Gl\u00fccksspielportal anbietet.\",\"publisher\":{\"@id\":\"https:\/\/www.freebetbest.com\/de\/#\/schema\/person\/292684ccf388a2362d507874c5b80a69\"},\"potentialAction\":[{\"@type\":\"SearchAction\",\"target\":{\"@type\":\"EntryPoint\",\"urlTemplate\":\"https:\/\/www.freebetbest.com\/de\/?s={search_term_string}\"},\"query-input\":{\"@type\":\"PropertyValueSpecification\",\"valueRequired\":true,\"valueName\":\"search_term_string\"}}],\"inLanguage\":\"de\"},{\"@type\":[\"Person\",\"Organization\"],\"@id\":\"https:\/\/www.freebetbest.com\/de\/#\/schema\/person\/292684ccf388a2362d507874c5b80a69\",\"name\":\"\u7ba1\u7406\",\"image\":{\"@type\":\"ImageObject\",\"inLanguage\":\"de\",\"@id\":\"https:\/\/www.freebetbest.com\/de\/#\/schema\/person\/image\/\",\"url\":\"https:\/\/www.freebetbest.com\/wp-content\/litespeed\/avatar\/49696b52fb15293a2168c14964fdd8b9.jpg?ver=1775625495\",\"contentUrl\":\"https:\/\/www.freebetbest.com\/wp-content\/litespeed\/avatar\/49696b52fb15293a2168c14964fdd8b9.jpg?ver=1775625495\",\"caption\":\"\u7ba1\u7406\"},\"logo\":{\"@id\":\"https:\/\/www.freebetbest.com\/de\/#\/schema\/person\/image\/\"},\"sameAs\":[\"admin\"]}]}<\/script>\n<!-- \/ Yoast SEO Premium plugin. -->","yoast_head_json":{"title":"Thailand Buchmacher Bonus , Aktion f\u00fcr Ersteinzahlung","description":"Thailand Buchmacher Bonus , Gratiswette Bonus ohne Einzahlung, Willkommensbonuscode f\u00fcr die erste Einzahlung, Anmeldebonuscode. Erhalten Sie kostenlose Wettboni.","robots":{"index":"index","follow":"follow","max-snippet":"max-snippet:-1","max-image-preview":"max-image-preview:large","max-video-preview":"max-video-preview:-1"},"canonical":"https:\/\/www.freebetbest.com\/de\/thailand-buchmacher-bonus\/","og_locale":"de_DE","og_type":"article","og_title":"Thailand Buchmacher Bonus","og_description":"Thailand Buchmacher Bonus , Gratiswette Bonus ohne Einzahlung, Willkommensbonuscode f\u00fcr die erste Einzahlung, Anmeldebonuscode. Erhalten Sie kostenlose Wettboni.","og_url":"https:\/\/www.freebetbest.com\/de\/thailand-buchmacher-bonus\/","og_site_name":"Gratis Wetten | beste Online Casinos | Sportwetten Bonus","article_modified_time":"2021-07-28T17:47:01+00:00","og_image":[{"width":417,"height":180,"url":"https:\/\/www.freebetbest.com\/wp-content\/uploads\/2021\/06\/Bookmakers-scaled.jpg","type":"image\/jpeg"}],"twitter_card":"summary_large_image","twitter_misc":{"Gesch\u00e4tzte Lesezeit":"3\u00a0Minuten"},"schema":{"@context":"https:\/\/schema.org","@graph":[{"@type":"WebPage","@id":"https:\/\/www.freebetbest.com\/de\/thailand-buchmacher-bonus\/","url":"https:\/\/www.freebetbest.com\/de\/thailand-buchmacher-bonus\/","name":"Thailand Buchmacher Bonus , Aktion f\u00fcr Ersteinzahlung","isPartOf":{"@id":"https:\/\/www.freebetbest.com\/de\/#website"},"primaryImageOfPage":{"@id":"https:\/\/www.freebetbest.com\/de\/thailand-buchmacher-bonus\/#primaryimage"},"image":{"@id":"https:\/\/www.freebetbest.com\/de\/thailand-buchmacher-bonus\/#primaryimage"},"thumbnailUrl":"https:\/\/www.freebetbest.com\/wp-content\/uploads\/2021\/06\/Bookmakers-scaled.jpg","datePublished":"2021-06-10T15:28:39+00:00","dateModified":"2021-07-28T17:47:01+00:00","description":"Thailand Buchmacher Bonus , Gratiswette Bonus ohne Einzahlung, Willkommensbonuscode f\u00fcr die erste Einzahlung, Anmeldebonuscode. Erhalten Sie kostenlose Wettboni.","breadcrumb":{"@id":"https:\/\/www.freebetbest.com\/de\/thailand-buchmacher-bonus\/#breadcrumb"},"inLanguage":"de","potentialAction":[{"@type":"ReadAction","target":["https:\/\/www.freebetbest.com\/de\/thailand-buchmacher-bonus\/"]}]},{"@type":"ImageObject","inLanguage":"de","@id":"https:\/\/www.freebetbest.com\/de\/thailand-buchmacher-bonus\/#primaryimage","url":"https:\/\/www.freebetbest.com\/wp-content\/uploads\/2021\/06\/Bookmakers-scaled.jpg","contentUrl":"https:\/\/www.freebetbest.com\/wp-content\/uploads\/2021\/06\/Bookmakers-scaled.jpg","width":417,"height":180,"caption":"China-Buchmacher-Bonus"},{"@type":"BreadcrumbList","@id":"https:\/\/www.freebetbest.com\/de\/thailand-buchmacher-bonus\/#breadcrumb","itemListElement":[{"@type":"ListItem","position":1,"name":"Home","item":"https:\/\/www.freebetbest.com\/de\/"},{"@type":"ListItem","position":2,"name":"Thailand Buchmacher Bonus"}]},{"@type":"WebSite","@id":"https:\/\/www.freebetbest.com\/de\/#website","url":"https:\/\/www.freebetbest.com\/de\/","name":"Gratis Wetten | beste Online Casinos | Sportwetten Bonus","description":"Das beste Online Buchmacher,Das Sportwetten, Casino-, Poker-, Bingo- und Mobilwetten, Online-Casinos, Fu\u00dfballwetten, Ohne Einzahlung Promo-Codes, Das weltweit f\u00fchrende Gl\u00fccksspielportal anbietet.","publisher":{"@id":"https:\/\/www.freebetbest.com\/de\/#\/schema\/person\/292684ccf388a2362d507874c5b80a69"},"potentialAction":[{"@type":"SearchAction","target":{"@type":"EntryPoint","urlTemplate":"https:\/\/www.freebetbest.com\/de\/?s={search_term_string}"},"query-input":{"@type":"PropertyValueSpecification","valueRequired":true,"valueName":"search_term_string"}}],"inLanguage":"de"},{"@type":["Person","Organization"],"@id":"https:\/\/www.freebetbest.com\/de\/#\/schema\/person\/292684ccf388a2362d507874c5b80a69","name":"\u7ba1\u7406","image":{"@type":"ImageObject","inLanguage":"de","@id":"https:\/\/www.freebetbest.com\/de\/#\/schema\/person\/image\/","url":"https:\/\/www.freebetbest.com\/wp-content\/litespeed\/avatar\/49696b52fb15293a2168c14964fdd8b9.jpg?ver=1775625495","contentUrl":"https:\/\/www.freebetbest.com\/wp-content\/litespeed\/avatar\/49696b52fb15293a2168c14964fdd8b9.jpg?ver=1775625495","caption":"\u7ba1\u7406"},"logo":{"@id":"https:\/\/www.freebetbest.com\/de\/#\/schema\/person\/image\/"},"sameAs":["admin"]}]}},"_links":{"self":[{"href":"https:\/\/www.freebetbest.com\/de\/wp-json\/wp\/v2\/pages\/130920","targetHints":{"allow":["GET"]}}],"collection":[{"href":"https:\/\/www.freebetbest.com\/de\/wp-json\/wp\/v2\/pages"}],"about":[{"href":"https:\/\/www.freebetbest.com\/de\/wp-json\/wp\/v2\/types\/page"}],"author":[{"embeddable":true,"href":"https:\/\/www.freebetbest.com\/de\/wp-json\/wp\/v2\/users\/1"}],"replies":[{"embeddable":true,"href":"https:\/\/www.freebetbest.com\/de\/wp-json\/wp\/v2\/comments?post=130920"}],"version-history":[{"count":0,"href":"https:\/\/www.freebetbest.com\/de\/wp-json\/wp\/v2\/pages\/130920\/revisions"}],"wp:featuredmedia":[{"embeddable":true,"href":"https:\/\/www.freebetbest.com\/de\/wp-json\/wp\/v2\/media\/125269"}],"wp:attachment":[{"href":"https:\/\/www.freebetbest.com\/de\/wp-json\/wp\/v2\/media?parent=130920"}],"curies":[{"name":"wp","href":"https:\/\/api.w.org\/{rel}","templated":true}]}}