{"id":130891,"date":"2021-06-10T14:16:38","date_gmt":"2021-06-10T14:16:38","guid":{"rendered":"https:\/\/www.freebetbest.com\/russisch-buchmacher-bonus\/"},"modified":"2021-07-28T17:34:11","modified_gmt":"2021-07-28T17:34:11","slug":"russisch-buchmacher-bonus","status":"publish","type":"page","link":"https:\/\/www.freebetbest.com\/de\/russisch-buchmacher-bonus\/","title":{"rendered":"Russischer Buchmacher-Bonus"},"content":{"rendered":"<h2>Russischer Buchmacherbonus f\u00fcr sportliche Aktivit\u00e4ten<\/h2>\nOnline-Buchmacher, die Anreize bieten. Dies ist die erste Ermutigung des russischen Buchmacherbonus. Kunden, die seiner Gl\u00fccksspielseite beitreten. Nicht alle <a href=\"https:\/\/www.freebetsinfo.co.uk\/europe-bookmakers\/\">Buchmacher<\/a> . Leider bieten sie beide bei den meisten Buchmachern an. Zusamenfassend. Gilt nicht f\u00fcr Verbraucher, die in Russland leben. Bieten Sie ihre Aktivit\u00e4ten an.\n<h3>Investieren Sie in Incentive-Aktivit\u00e4ten.<\/h3>\nEmpfehlungen von<a href=\"https:\/\/www.freebetbest.com\/football-online-betting\/\"> Sportwetten<\/a> Firmen. F\u00fcllen Sie die erste Einzahlung des Kunden bis zu einem bestimmten Betrag auf. unter diesen Umst\u00e4nden.\nWenn Sie die Bedingungen des Angebots einhalten. Zufrieden ist der Bonusbetrag selbst. Zusamenfassend. Es kann schlie\u00dflich zu echtem Geld werden. Geld vom K\u00e4ufer abheben.\n<h3>Freie Wahl der Aktivit\u00e4ten<\/h3>\nBuchmacher bieten kostenlose Wettpunkte, sodass neue K\u00e4ufer tun und lassen k\u00f6nnen, was sie wollen. Finden Sie diese Punkte. Wenn die Pr\u00e4mienbedingungen erf\u00fcllt sind, kann sie nur erbracht werden. Das Geld Ihrer gewinnbringenden Wette wird schlie\u00dflich als echtes Geld ausgezahlt. Zusamenfassend. Gratiswetten Punkte. Oder wie hoch das Risiko sein soll. Geben Sie es an den Buchmacher zur\u00fcck.\n<h3>Gewinnchancen erh\u00f6hen<\/h3>\nDie vom Buchmacher bereitgestellten Quoten. Um ein Vielfaches h\u00f6her als die bevorzugten Quoten des Kunden und sogar das Erraten des Ergebnisses eines bestimmten Spiels ist normalerweise eine riesige Aktivit\u00e4t. Sie werden es oft herausfinden. Die maximale Anzahl von Wetten ist begrenzt und kann geordnet sein. Erh\u00f6hen Sie die M\u00f6glichkeiten f\u00fcr Sonderangebote.\n<h3>Die Bonus-Website des russischen Buchmachers bietet keine zus\u00e4tzlichen Boni an.<\/h3>\nJeder Buchmacher. Sie sind alle unterschiedlich formuliert. Ihr Gesch\u00e4ftsstrategieplan. Manchmal entscheidet das Unternehmen, wie es zu erh\u00f6hen und zu helfen. Das Endergebnis der K\u00e4ufer, die sie brauchen, ist f\u00fcr Sie.\nZusamenfassend. Bieten Sie verschiedene Formen von Bonustransaktionen an. Stattdessen haben einige Unternehmen eine Entscheidung getroffen. Sie m\u00f6gen es nach einer Weile. Es besteht die M\u00f6glichkeit, besser zu werden. Bieten Sie den Wettenden einen Mehrwert.\n<h3>H\u00e4ufiges Problem des russischen Buchmacherbonus<\/h3>\nWenn Sie Fragen zu russischen Gl\u00fccksspielseiten haben, lesen Sie bitte die FAQ unten. Unser professionelles Team. Werde weiterhin jede Frage beantworten.\n<h3>Was ist die beste Gl\u00fccksspielseite in der Russischen F\u00f6deration?<\/h3>\nIn Russland gibt es viele. Toller Sportwettenanbieter. Scrollen Sie auf dieser Website nach oben und Sie k\u00f6nnen die Russische F\u00f6deration erreichen. Jetzt. Die renommierteste zug\u00e4ngliche Gl\u00fccksspiel-Website.\n<h3>Welche Turnierangebote kann ich bei russischen Sportwetten finden?<\/h3>\nvielleicht. Wie jeder Gl\u00fccksspielmarkt hat Russland viele Spielangebote, die sowohl von neuen Spielern als auch von bestehenden Spielern in Anspruch genommen werden k\u00f6nnen. Mit anderen Worten. Sie werden in der Lage sein, Angebote ohne Einzahlung, angenehme gro\u00dfe Bonustransaktionen, v\u00f6llig kostenlose Wetten, h\u00f6here Chancen und mehr zu erhalten.\n<h3>Ist Gl\u00fccksspiel in Russland legal?<\/h3>\nLassen Sie uns einen Blick darauf werfen. Die russischen Gl\u00fccksspielgesetze und -vorschriften sind stark fragmentiert und h\u00e4ngen von Ihnen ab. Der Ort h\u00e4ngt von den verabschiedeten Sportwettengesetzen ab. Das erf\u00e4hrst du aktuell. Zusamenfassend. Nur vier Regionen werden Wetten vollst\u00e4ndig legalisieren.\n<h3>Ist es m\u00f6glich, dass PayPal einen russischen Buchmacherbonus platziert?<\/h3>\nPayPal kann zu einem weltweit beliebten E-Wallet werden. L\u00f6sung. Es kann an mehr als 200 Orten verwendet werden. Zusamenfassend. In Russland werden Sie mit PayPal keine Schwierigkeiten haben, Wetten zu platzieren.\n<h3>Gibt es neue Gl\u00fccksspielseiten, die Sie bewerben k\u00f6nnen?<\/h3>\nmit anderen Worten. Wie viele Gl\u00fccksspielkunden sind wir immer auf der Suche nach. Interessante neue Gaming-Website. Unsere Forscher. Werde weiterhin mit neuen Betreibern zusammenarbeiten. \u00c4ndern Sie diese Seiten gemeinsam, also stellen Sie sicher, dass Sie in naher Zukunft sind. Erkundigen Sie sich noch einmal bei uns.\n<h3>Ist es m\u00f6glich, in Russland weiter zu spielen?<\/h3>\nAufgenommen in der Russischen F\u00f6deration. Echtzeit-Wetten sind eigentlich sehr einfach und es gibt viele hochwertige Sportwetten. Bieten Sie diesen Service an. Zusamenfassend. Schauen Sie sich unsere \u00fcber. Genie\u00dfen Sie einen speziellen Teil des Gl\u00fccksspiels in Russland. F\u00fcr mehr Informationen.\n\n<!-- \/wp:post-content -->","protected":false},"excerpt":{"rendered":"<p>Willkommensbonus f\u00fcr russische Buchmacher und Werbeaktionen, das beste vertrauensw\u00fcrdige Online-Wettunternehmen.<\/p>\n<div class=\"hero-cup-section\">\n<div class=\"row mb-4\">\n<div class=\"col-md-7\">\n<div class=\"section-area\">\n<div class=\"section-list\">\n<li style=\"text-align: left\"><img decoding=\"async\" src=\"https:\/\/www.freebetbest.com\/wp-content\/uploads\/2021\/06\/tick.png\" alt=\"Sport\"> Willkommensbonus im Sportcasino.<\/li>\n<li style=\"text-align: left\"><img decoding=\"async\" src=\"https:\/\/www.freebetbest.com\/wp-content\/uploads\/2021\/06\/tick.png\" alt=\"Spieleangebote\"> Angebote und Aktionen von Online-Buchmachern.<\/li>\n<li style=\"text-align: left\"><img decoding=\"async\" src=\"https:\/\/www.freebetbest.com\/wp-content\/uploads\/2021\/06\/tick.png\" alt=\"Spieleangebote\"> Die besten Online-Buchmacher, denen Sie vertrauen k\u00f6nnen.<\/li>\n<li style=\"text-align: left\"><img decoding=\"async\" src=\"https:\/\/www.freebetbest.com\/wp-content\/uploads\/2021\/06\/tick.png\" alt=\"Ma\u00dfgebend\"> Ma\u00dfgebliche \u00dcberpr\u00fcfung Sicher zuverl\u00e4ssig.<\/li>\n<li style=\"text-align: left\"><img decoding=\"async\" src=\"https:\/\/www.freebetbest.com\/wp-content\/uploads\/2021\/06\/tick.png\" alt=\"Schnelle Abhebungen\"> Mobile APP-Unterst\u00fctzung, schnelle Auszahlungen.<\/li>\n<li style=\"text-align: left\"><img decoding=\"async\" src=\"https:\/\/www.freebetbest.com\/wp-content\/uploads\/2021\/06\/tick.png\" alt=\"Kundendienst\"> Kundensupport: 365 Tage, 24 Stunden am Tag.<\/li>\n<\/div>\n<\/div>\n<\/div>\n<div class=\"col-md-5\">\n<div class=\"cup-img\"><img decoding=\"async\" src=\"https:\/\/www.freebetbest.com\/wp-content\/uploads\/2021\/06\/Russia2.png\" alt=\"freebetbest\"><\/div>\n<\/div>\n<\/div>\n","protected":false},"author":1,"featured_media":125269,"parent":0,"menu_order":0,"comment_status":"closed","ping_status":"closed","template":"Russian-template.php","meta":{"footnotes":""},"class_list":["post-130891","page","type-page","status-publish","has-post-thumbnail","hentry"],"yoast_head":"<!-- This site is optimized with the Yoast SEO Premium plugin v19.5 (Yoast SEO v27.0) - https:\/\/yoast.com\/product\/yoast-seo-premium-wordpress\/ -->\n<title>Russischer Buchmacher-Bonus , Aktion f\u00fcr Ersteinzahlung<\/title>\n<meta name=\"description\" content=\"Russischer Buchmacher-Bonus , Gratiswette Bonus ohne Einzahlung, Willkommensbonuscode f\u00fcr die erste Einzahlung, Anmeldebonuscode. Anmeldeangebote.\" \/>\n<meta name=\"robots\" content=\"index, follow, max-snippet:-1, max-image-preview:large, max-video-preview:-1\" \/>\n<link rel=\"canonical\" href=\"https:\/\/www.freebetbest.com\/de\/russisch-buchmacher-bonus\/\" \/>\n<meta property=\"og:locale\" content=\"de_DE\" \/>\n<meta property=\"og:type\" content=\"article\" \/>\n<meta property=\"og:title\" content=\"Russischer Buchmacher-Bonus\" \/>\n<meta property=\"og:description\" content=\"Russischer Buchmacher-Bonus , Gratiswette Bonus ohne Einzahlung, Willkommensbonuscode f\u00fcr die erste Einzahlung, Anmeldebonuscode. Anmeldeangebote.\" \/>\n<meta property=\"og:url\" content=\"https:\/\/www.freebetbest.com\/de\/russisch-buchmacher-bonus\/\" \/>\n<meta property=\"og:site_name\" content=\"Gratis Wetten | beste Online Casinos | Sportwetten Bonus\" \/>\n<meta property=\"article:modified_time\" content=\"2021-07-28T17:34:11+00:00\" \/>\n<meta property=\"og:image\" content=\"https:\/\/www.freebetbest.com\/wp-content\/uploads\/2021\/06\/Bookmakers-scaled.jpg\" \/>\n\t<meta property=\"og:image:width\" content=\"417\" \/>\n\t<meta property=\"og:image:height\" content=\"180\" \/>\n\t<meta property=\"og:image:type\" content=\"image\/jpeg\" \/>\n<meta name=\"twitter:card\" content=\"summary_large_image\" \/>\n<meta name=\"twitter:label1\" content=\"Gesch\u00e4tzte Lesezeit\" \/>\n\t<meta name=\"twitter:data1\" content=\"3\u00a0Minuten\" \/>\n<script type=\"application\/ld+json\" class=\"yoast-schema-graph\">{\"@context\":\"https:\/\/schema.org\",\"@graph\":[{\"@type\":\"WebPage\",\"@id\":\"https:\/\/www.freebetbest.com\/de\/russisch-buchmacher-bonus\/\",\"url\":\"https:\/\/www.freebetbest.com\/de\/russisch-buchmacher-bonus\/\",\"name\":\"Russischer Buchmacher-Bonus , Aktion f\u00fcr Ersteinzahlung\",\"isPartOf\":{\"@id\":\"https:\/\/www.freebetbest.com\/de\/#website\"},\"primaryImageOfPage\":{\"@id\":\"https:\/\/www.freebetbest.com\/de\/russisch-buchmacher-bonus\/#primaryimage\"},\"image\":{\"@id\":\"https:\/\/www.freebetbest.com\/de\/russisch-buchmacher-bonus\/#primaryimage\"},\"thumbnailUrl\":\"https:\/\/www.freebetbest.com\/wp-content\/uploads\/2021\/06\/Bookmakers-scaled.jpg\",\"datePublished\":\"2021-06-10T14:16:38+00:00\",\"dateModified\":\"2021-07-28T17:34:11+00:00\",\"description\":\"Russischer Buchmacher-Bonus , Gratiswette Bonus ohne Einzahlung, Willkommensbonuscode f\u00fcr die erste Einzahlung, Anmeldebonuscode. Anmeldeangebote.\",\"breadcrumb\":{\"@id\":\"https:\/\/www.freebetbest.com\/de\/russisch-buchmacher-bonus\/#breadcrumb\"},\"inLanguage\":\"de\",\"potentialAction\":[{\"@type\":\"ReadAction\",\"target\":[\"https:\/\/www.freebetbest.com\/de\/russisch-buchmacher-bonus\/\"]}]},{\"@type\":\"ImageObject\",\"inLanguage\":\"de\",\"@id\":\"https:\/\/www.freebetbest.com\/de\/russisch-buchmacher-bonus\/#primaryimage\",\"url\":\"https:\/\/www.freebetbest.com\/wp-content\/uploads\/2021\/06\/Bookmakers-scaled.jpg\",\"contentUrl\":\"https:\/\/www.freebetbest.com\/wp-content\/uploads\/2021\/06\/Bookmakers-scaled.jpg\",\"width\":417,\"height\":180,\"caption\":\"China-Buchmacher-Bonus\"},{\"@type\":\"BreadcrumbList\",\"@id\":\"https:\/\/www.freebetbest.com\/de\/russisch-buchmacher-bonus\/#breadcrumb\",\"itemListElement\":[{\"@type\":\"ListItem\",\"position\":1,\"name\":\"Home\",\"item\":\"https:\/\/www.freebetbest.com\/de\/\"},{\"@type\":\"ListItem\",\"position\":2,\"name\":\"Russischer Buchmacher-Bonus\"}]},{\"@type\":\"WebSite\",\"@id\":\"https:\/\/www.freebetbest.com\/de\/#website\",\"url\":\"https:\/\/www.freebetbest.com\/de\/\",\"name\":\"Gratis Wetten | beste Online Casinos | Sportwetten Bonus\",\"description\":\"Das beste Online Buchmacher,Das Sportwetten, Casino-, Poker-, Bingo- und Mobilwetten, Online-Casinos, Fu\u00dfballwetten, Ohne Einzahlung Promo-Codes, Das weltweit f\u00fchrende Gl\u00fccksspielportal anbietet.\",\"publisher\":{\"@id\":\"https:\/\/www.freebetbest.com\/de\/#\/schema\/person\/292684ccf388a2362d507874c5b80a69\"},\"potentialAction\":[{\"@type\":\"SearchAction\",\"target\":{\"@type\":\"EntryPoint\",\"urlTemplate\":\"https:\/\/www.freebetbest.com\/de\/?s={search_term_string}\"},\"query-input\":{\"@type\":\"PropertyValueSpecification\",\"valueRequired\":true,\"valueName\":\"search_term_string\"}}],\"inLanguage\":\"de\"},{\"@type\":[\"Person\",\"Organization\"],\"@id\":\"https:\/\/www.freebetbest.com\/de\/#\/schema\/person\/292684ccf388a2362d507874c5b80a69\",\"name\":\"\u7ba1\u7406\",\"image\":{\"@type\":\"ImageObject\",\"inLanguage\":\"de\",\"@id\":\"https:\/\/www.freebetbest.com\/de\/#\/schema\/person\/image\/\",\"url\":\"https:\/\/www.freebetbest.com\/wp-content\/litespeed\/avatar\/49696b52fb15293a2168c14964fdd8b9.jpg?ver=1777439934\",\"contentUrl\":\"https:\/\/www.freebetbest.com\/wp-content\/litespeed\/avatar\/49696b52fb15293a2168c14964fdd8b9.jpg?ver=1777439934\",\"caption\":\"\u7ba1\u7406\"},\"logo\":{\"@id\":\"https:\/\/www.freebetbest.com\/de\/#\/schema\/person\/image\/\"},\"sameAs\":[\"admin\"]}]}<\/script>\n<!-- \/ Yoast SEO Premium plugin. -->","yoast_head_json":{"title":"Russischer Buchmacher-Bonus , Aktion f\u00fcr Ersteinzahlung","description":"Russischer Buchmacher-Bonus , Gratiswette Bonus ohne Einzahlung, Willkommensbonuscode f\u00fcr die erste Einzahlung, Anmeldebonuscode. Anmeldeangebote.","robots":{"index":"index","follow":"follow","max-snippet":"max-snippet:-1","max-image-preview":"max-image-preview:large","max-video-preview":"max-video-preview:-1"},"canonical":"https:\/\/www.freebetbest.com\/de\/russisch-buchmacher-bonus\/","og_locale":"de_DE","og_type":"article","og_title":"Russischer Buchmacher-Bonus","og_description":"Russischer Buchmacher-Bonus , Gratiswette Bonus ohne Einzahlung, Willkommensbonuscode f\u00fcr die erste Einzahlung, Anmeldebonuscode. Anmeldeangebote.","og_url":"https:\/\/www.freebetbest.com\/de\/russisch-buchmacher-bonus\/","og_site_name":"Gratis Wetten | beste Online Casinos | Sportwetten Bonus","article_modified_time":"2021-07-28T17:34:11+00:00","og_image":[{"width":417,"height":180,"url":"https:\/\/www.freebetbest.com\/wp-content\/uploads\/2021\/06\/Bookmakers-scaled.jpg","type":"image\/jpeg"}],"twitter_card":"summary_large_image","twitter_misc":{"Gesch\u00e4tzte Lesezeit":"3\u00a0Minuten"},"schema":{"@context":"https:\/\/schema.org","@graph":[{"@type":"WebPage","@id":"https:\/\/www.freebetbest.com\/de\/russisch-buchmacher-bonus\/","url":"https:\/\/www.freebetbest.com\/de\/russisch-buchmacher-bonus\/","name":"Russischer Buchmacher-Bonus , Aktion f\u00fcr Ersteinzahlung","isPartOf":{"@id":"https:\/\/www.freebetbest.com\/de\/#website"},"primaryImageOfPage":{"@id":"https:\/\/www.freebetbest.com\/de\/russisch-buchmacher-bonus\/#primaryimage"},"image":{"@id":"https:\/\/www.freebetbest.com\/de\/russisch-buchmacher-bonus\/#primaryimage"},"thumbnailUrl":"https:\/\/www.freebetbest.com\/wp-content\/uploads\/2021\/06\/Bookmakers-scaled.jpg","datePublished":"2021-06-10T14:16:38+00:00","dateModified":"2021-07-28T17:34:11+00:00","description":"Russischer Buchmacher-Bonus , Gratiswette Bonus ohne Einzahlung, Willkommensbonuscode f\u00fcr die erste Einzahlung, Anmeldebonuscode. Anmeldeangebote.","breadcrumb":{"@id":"https:\/\/www.freebetbest.com\/de\/russisch-buchmacher-bonus\/#breadcrumb"},"inLanguage":"de","potentialAction":[{"@type":"ReadAction","target":["https:\/\/www.freebetbest.com\/de\/russisch-buchmacher-bonus\/"]}]},{"@type":"ImageObject","inLanguage":"de","@id":"https:\/\/www.freebetbest.com\/de\/russisch-buchmacher-bonus\/#primaryimage","url":"https:\/\/www.freebetbest.com\/wp-content\/uploads\/2021\/06\/Bookmakers-scaled.jpg","contentUrl":"https:\/\/www.freebetbest.com\/wp-content\/uploads\/2021\/06\/Bookmakers-scaled.jpg","width":417,"height":180,"caption":"China-Buchmacher-Bonus"},{"@type":"BreadcrumbList","@id":"https:\/\/www.freebetbest.com\/de\/russisch-buchmacher-bonus\/#breadcrumb","itemListElement":[{"@type":"ListItem","position":1,"name":"Home","item":"https:\/\/www.freebetbest.com\/de\/"},{"@type":"ListItem","position":2,"name":"Russischer Buchmacher-Bonus"}]},{"@type":"WebSite","@id":"https:\/\/www.freebetbest.com\/de\/#website","url":"https:\/\/www.freebetbest.com\/de\/","name":"Gratis Wetten | beste Online Casinos | Sportwetten Bonus","description":"Das beste Online Buchmacher,Das Sportwetten, Casino-, Poker-, Bingo- und Mobilwetten, Online-Casinos, Fu\u00dfballwetten, Ohne Einzahlung Promo-Codes, Das weltweit f\u00fchrende Gl\u00fccksspielportal anbietet.","publisher":{"@id":"https:\/\/www.freebetbest.com\/de\/#\/schema\/person\/292684ccf388a2362d507874c5b80a69"},"potentialAction":[{"@type":"SearchAction","target":{"@type":"EntryPoint","urlTemplate":"https:\/\/www.freebetbest.com\/de\/?s={search_term_string}"},"query-input":{"@type":"PropertyValueSpecification","valueRequired":true,"valueName":"search_term_string"}}],"inLanguage":"de"},{"@type":["Person","Organization"],"@id":"https:\/\/www.freebetbest.com\/de\/#\/schema\/person\/292684ccf388a2362d507874c5b80a69","name":"\u7ba1\u7406","image":{"@type":"ImageObject","inLanguage":"de","@id":"https:\/\/www.freebetbest.com\/de\/#\/schema\/person\/image\/","url":"https:\/\/www.freebetbest.com\/wp-content\/litespeed\/avatar\/49696b52fb15293a2168c14964fdd8b9.jpg?ver=1777439934","contentUrl":"https:\/\/www.freebetbest.com\/wp-content\/litespeed\/avatar\/49696b52fb15293a2168c14964fdd8b9.jpg?ver=1777439934","caption":"\u7ba1\u7406"},"logo":{"@id":"https:\/\/www.freebetbest.com\/de\/#\/schema\/person\/image\/"},"sameAs":["admin"]}]}},"_links":{"self":[{"href":"https:\/\/www.freebetbest.com\/de\/wp-json\/wp\/v2\/pages\/130891","targetHints":{"allow":["GET"]}}],"collection":[{"href":"https:\/\/www.freebetbest.com\/de\/wp-json\/wp\/v2\/pages"}],"about":[{"href":"https:\/\/www.freebetbest.com\/de\/wp-json\/wp\/v2\/types\/page"}],"author":[{"embeddable":true,"href":"https:\/\/www.freebetbest.com\/de\/wp-json\/wp\/v2\/users\/1"}],"replies":[{"embeddable":true,"href":"https:\/\/www.freebetbest.com\/de\/wp-json\/wp\/v2\/comments?post=130891"}],"version-history":[{"count":0,"href":"https:\/\/www.freebetbest.com\/de\/wp-json\/wp\/v2\/pages\/130891\/revisions"}],"wp:featuredmedia":[{"embeddable":true,"href":"https:\/\/www.freebetbest.com\/de\/wp-json\/wp\/v2\/media\/125269"}],"wp:attachment":[{"href":"https:\/\/www.freebetbest.com\/de\/wp-json\/wp\/v2\/media?parent=130891"}],"curies":[{"name":"wp","href":"https:\/\/api.w.org\/{rel}","templated":true}]}}