{"id":130863,"date":"2021-06-10T08:56:34","date_gmt":"2021-06-10T08:56:34","guid":{"rendered":"https:\/\/www.freebetbest.com\/neuester-tennis-wettbonus\/"},"modified":"2021-07-28T17:26:55","modified_gmt":"2021-07-28T17:26:55","slug":"neuester-tennis-wettbonus","status":"publish","type":"page","link":"https:\/\/www.freebetbest.com\/de\/neuester-tennis-wettbonus\/","title":{"rendered":"Neuester Tennis-Wettbonus"},"content":{"rendered":"<h2>Lassen Sie den neuesten Tennis-Wettbonus wirken<\/h2>\n<p>Wenn Sie nach sportlichen Gl\u00fccksspielaktivit\u00e4ten suchen, sollten Sie den neuesten Tenniswetten-Bonus m\u00f6glicherweise nicht in Betracht ziehen. Aber auf das Tennisspiel zu wetten ist einfach und es ist einfach, riesige Preise zu gewinnen. Lass uns sehen. Wie Tenniswetten funktionieren. Und wie man es von jeder Wette bekommt. Techniken, um den gr\u00f6\u00dften Nutzen zu erzielen. Abschlie\u00dfend m\u00fcssen Sie \u00fcberpr\u00fcfen. Welche Wetten sind offen, z. B. alternative Wetten, die von Buchmachern offengelegt werden.<\/p>\n<h3>Spiel ausbreiten<\/h3>\n<p>Eine spielverteilte Wette bezieht sich darauf, wie jemand durch mehrere Online-Spiele erfolgreich sein wird. Zur\u00fcck zur Illustration von Nadal und Djokovic k\u00f6nnte Nadal einen Spread von -1,5 haben, obwohl Djokovic einen Spread von +2,5 einschlie\u00dft. Sie k\u00f6nnen die verbreitete Vermutung w\u00e4hlen, die besagt, dass Nadal m\u00f6glicherweise nicht weniger als zwei viel mehr Videospielgewinne als Djokovic hat. Sie k\u00f6nnen auch eine andere Seite einnehmen und sagen, dass Djokovic entweder mehr Spieltitel verdienen oder ein oder zwei viel weniger Spielsiege im Laufe des Spiels erzielen wird.<\/p>\n<h3>Online-Spiel Voll<\/h3>\n<p>Das vollst\u00e4ndige bezieht sich auf die Anzahl der Videospiele, die in der Erg\u00e4nzung vorkommen werden. Dieser Teil des Tennis-Gl\u00fccksspiels erfordert die Entscheidung, ob es weit mehr oder weniger Spieltitel geben wird, als die Angelschnur zeigt. Sie k\u00f6nnen eine Option platzieren, bei der ein Spiel viel mehr als 20,5 Spiele hat, oder eine andere, die angibt, dass Sie weniger als 20,5 Spiele finden.<\/p>\n<h3>Neusten Tennis Wettbonus einrichten Verteilen<\/h3>\n<p>Das verteilte Setup ist eine zus\u00e4tzliche Option f\u00fcr die Verwendung. Die Vermutung beinhaltet, wer einer der meisten Sammlungen innerhalb einer Erg\u00e4nzung folgen kann. Die Verteilung des Setups scheint im Allgemeinen unter den meisten Bedingungen bei -1,5 zu liegen, wobei die meisten Turniere ein Best-of-Three- oder F\u00fcnf-Layout beinhalten.<\/p>\n<h3>Einrichtung des neuesten Tennis-Wettbonus abgeschlossen<\/h3>\n<p>Das Setup insgesamt ist dem gesamten Spiel insgesamt sehr \u00e4hnlich, da es eine Auswahl f\u00fcr den Fall beinhaltet, dass eine Aktivit\u00e4t im Wesentlichen mit einer bestimmten Anzahl von Einheiten verglichen wird. Das Over\/Under ist normalerweise 2,5 f\u00fcr das Finest-of-Three-Match oder 4,5 f\u00fcr jedes Best-of-Five-Match. Betrachten Sie dieses Element des Tennisspielens als etwas, an dem die Konkurrenz Ihrer Meinung nach bis zur maximalen Vielfalt an Paketen gehen sollte, die entstehen k\u00f6nnen.<\/p>\n<p>Tennismatches werden im Formular bereitgestellt<\/p>\n<p>Mit Sportwetten versehen. Im Vergleich zu Wetten auf Tennismatches hat es eine beachtliche Reichweite. Wir m\u00fcssen einen Blick darauf werfen. Drei der typischsten Anmeldebedingungen f\u00fcr Tennisturniere, bei denen Sie alle Wettunternehmen auf dem Markt treffen.<\/p>\n<p>Kostenlose Wetten<\/p>\n<p>Sprechen Sie dar\u00fcber, was f\u00fcr die Positionierung von Wetten verwendet werden kann. Geschichte der Wohlfahrtskredite. Sie k\u00f6nnen eine vollst\u00e4ndig verwenden<a href=\"https:\/\/www.freebetbest.com\/de\/neuester-gratis-wettbonus\/\"> kostenloses Wettangebot<\/a> . Um Ihre Tenniswette ganz oder teilweise zu berechnen. Sie sollten wissen, dass diese Art der Tennisturnieranmeldung. Die erbrachte Leistung wird nicht als Nachteil ausgelegt. Bitte beachten Sie und v\u00f6llig kostenlose Wetten. Lieferbeziehung und Match-Wettanforderungen, um Boni abzuheben.<\/p>\n<p>Anzahlungsabgleich<\/p>\n<p>Das sind viele Sportwetten. Die beliebteste Art, Tennis zu spielen. Dienstleister sagen oft. Sie folgen einem bestimmten Prozentsatz oder spezifisch. Zusammenfassend l\u00e4sst sich sagen, dass Reduzieren Sie auf Ihre erste Einzahlung.<\/p>\n<p>Risiko-<a href=\"https:\/\/www.freebetsinfo.co.uk\/asia-bookmakers\/\"> kostenlose Wetten<\/a><\/p>\n<p>Eine weitere Sportwette f\u00fcr Tennismatches. Der Favorit ist das risikofreie Wetten. Es h\u00e4ngt eigentlich mit dem freien Raten zusammen. Genauso verh\u00e4lt es sich mit dem Gef\u00fchl, Sportwetten-Guthaben zu bekommen. Zusammenfassend bietet dieses Spiel. Dies stellt sicher, dass Sie, wenn Sie Ihre erste Wette verlieren, eine Kreditw\u00fcrdigkeit als kostenlose Option haben. Holen Sie sich Ihre Wette zur\u00fcck.<\/p>\n<p><!-- \/wp:post-content --><\/p>\n<p><!-- wp:paragraph \/--><\/p>\n","protected":false},"excerpt":{"rendered":"<p>Mit der Ausweitung der legalen Sportaktivit\u00e4ten k\u00f6nnen wir die Updates der neuesten Vorteile und erstklassigen Tennis-Sportwetten und Wett-Apps kontrollieren<\/p>\n<div class=\"hero-cup-section\">\n<div class=\"row mb-4\">\n<div class=\"col-md-7\">\n<div class=\"section-area\">\n<div class=\"section-list\">\n<li style=\"text-align: left\"><img decoding=\"async\" src=\"https:\/\/www.freebetbest.com\/wp-content\/uploads\/2021\/06\/tick.png\" alt=\"Sport\"> Willkommensbonus im Sportcasino.<\/li>\n<li style=\"text-align: left\"><img decoding=\"async\" src=\"https:\/\/www.freebetbest.com\/wp-content\/uploads\/2021\/06\/tick.png\" alt=\"Spieleangebote\"> Angebote und Aktionen von Online-Buchmachern.<\/li>\n<li style=\"text-align: left\"><img decoding=\"async\" src=\"https:\/\/www.freebetbest.com\/wp-content\/uploads\/2021\/06\/tick.png\" alt=\"Spieleangebote\"> Die besten Online-Buchmacher, denen Sie vertrauen k\u00f6nnen.<\/li>\n<li style=\"text-align: left\"><img decoding=\"async\" src=\"https:\/\/www.freebetbest.com\/wp-content\/uploads\/2021\/06\/tick.png\" alt=\"Ma\u00dfgebend\"> Ma\u00dfgebliche \u00dcberpr\u00fcfung Sicher zuverl\u00e4ssig.<\/li>\n<li style=\"text-align: left\"><img decoding=\"async\" src=\"https:\/\/www.freebetbest.com\/wp-content\/uploads\/2021\/06\/tick.png\" alt=\"Schnelle Abhebungen\"> Mobile APP-Unterst\u00fctzung, schnelle Auszahlungen.<\/li>\n<li style=\"text-align: left\"><img decoding=\"async\" src=\"https:\/\/www.freebetbest.com\/wp-content\/uploads\/2021\/06\/tick.png\" alt=\"Kundendienst\"> Kundensupport: 365 Tage, 24 Stunden am Tag.<\/li>\n<\/div>\n<\/div>\n<\/div>\n<div class=\"col-md-5\">\n<div class=\"cup-img\"><img decoding=\"async\" src=\"https:\/\/www.freebetbest.com\/wp-content\/uploads\/2021\/06\/Cricket-Betting.png\" alt=\"freebetbest\"><\/div>\n<\/div>\n<\/div>\n","protected":false},"author":1,"featured_media":125164,"parent":0,"menu_order":0,"comment_status":"closed","ping_status":"closed","template":"Sports-template.php","meta":{"footnotes":""},"class_list":["post-130863","page","type-page","status-publish","has-post-thumbnail","hentry"],"yoast_head":"<!-- This site is optimized with the Yoast SEO Premium plugin v19.5 (Yoast SEO v27.5) - https:\/\/yoast.com\/product\/yoast-seo-premium-wordpress\/ -->\n<title>Neuester Tennis-Wettbonus<\/title>\n<meta name=\"description\" content=\"Neuester Tennis-Wettbonus Beste Online-Buchmacher, bietet Sport, Casino, Poker, Bingo und mobile Wetten, Gratiswette ohne Einzahlung\" \/>\n<meta name=\"robots\" content=\"index, follow, max-snippet:-1, max-image-preview:large, max-video-preview:-1\" \/>\n<link rel=\"canonical\" href=\"https:\/\/www.freebetbest.com\/de\/neuester-tennis-wettbonus\/\" \/>\n<meta property=\"og:locale\" content=\"de_DE\" \/>\n<meta property=\"og:type\" content=\"article\" \/>\n<meta property=\"og:title\" content=\"Neuester Tennis-Wettbonus\" \/>\n<meta property=\"og:description\" content=\"Neuester Tennis-Wettbonus Beste Online-Buchmacher, bietet Sport, Casino, Poker, Bingo und mobile Wetten, Gratiswette ohne Einzahlung\" \/>\n<meta property=\"og:url\" content=\"https:\/\/www.freebetbest.com\/de\/neuester-tennis-wettbonus\/\" \/>\n<meta property=\"og:site_name\" content=\"Gratis Wetten | beste Online Casinos | Sportwetten Bonus\" \/>\n<meta property=\"article:modified_time\" content=\"2021-07-28T17:26:55+00:00\" \/>\n<meta property=\"og:image\" content=\"https:\/\/www.freebetbest.com\/wp-content\/uploads\/2021\/06\/tennis-betting-scaled.jpg\" \/>\n\t<meta property=\"og:image:width\" content=\"415\" \/>\n\t<meta property=\"og:image:height\" content=\"180\" \/>\n\t<meta property=\"og:image:type\" content=\"image\/jpeg\" \/>\n<meta name=\"twitter:card\" content=\"summary_large_image\" \/>\n<meta name=\"twitter:label1\" content=\"Gesch\u00e4tzte Lesezeit\" \/>\n\t<meta name=\"twitter:data1\" content=\"3\u00a0Minuten\" \/>\n<script type=\"application\/ld+json\" class=\"yoast-schema-graph\">{\"@context\":\"https:\\\/\\\/schema.org\",\"@graph\":[{\"@type\":\"WebPage\",\"@id\":\"https:\\\/\\\/www.freebetbest.com\\\/de\\\/neuester-tennis-wettbonus\\\/\",\"url\":\"https:\\\/\\\/www.freebetbest.com\\\/de\\\/neuester-tennis-wettbonus\\\/\",\"name\":\"Neuester Tennis-Wettbonus\",\"isPartOf\":{\"@id\":\"https:\\\/\\\/www.freebetbest.com\\\/de\\\/#website\"},\"primaryImageOfPage\":{\"@id\":\"https:\\\/\\\/www.freebetbest.com\\\/de\\\/neuester-tennis-wettbonus\\\/#primaryimage\"},\"image\":{\"@id\":\"https:\\\/\\\/www.freebetbest.com\\\/de\\\/neuester-tennis-wettbonus\\\/#primaryimage\"},\"thumbnailUrl\":\"https:\\\/\\\/www.freebetbest.com\\\/wp-content\\\/uploads\\\/2021\\\/06\\\/tennis-betting-scaled.jpg\",\"datePublished\":\"2021-06-10T08:56:34+00:00\",\"dateModified\":\"2021-07-28T17:26:55+00:00\",\"description\":\"Neuester Tennis-Wettbonus Beste Online-Buchmacher, bietet Sport, Casino, Poker, Bingo und mobile Wetten, Gratiswette ohne Einzahlung\",\"breadcrumb\":{\"@id\":\"https:\\\/\\\/www.freebetbest.com\\\/de\\\/neuester-tennis-wettbonus\\\/#breadcrumb\"},\"inLanguage\":\"de\",\"potentialAction\":[{\"@type\":\"ReadAction\",\"target\":[\"https:\\\/\\\/www.freebetbest.com\\\/de\\\/neuester-tennis-wettbonus\\\/\"]}]},{\"@type\":\"ImageObject\",\"inLanguage\":\"de\",\"@id\":\"https:\\\/\\\/www.freebetbest.com\\\/de\\\/neuester-tennis-wettbonus\\\/#primaryimage\",\"url\":\"https:\\\/\\\/www.freebetbest.com\\\/wp-content\\\/uploads\\\/2021\\\/06\\\/tennis-betting-scaled.jpg\",\"contentUrl\":\"https:\\\/\\\/www.freebetbest.com\\\/wp-content\\\/uploads\\\/2021\\\/06\\\/tennis-betting-scaled.jpg\",\"width\":415,\"height\":180,\"caption\":\"Tennis-Wetten\"},{\"@type\":\"BreadcrumbList\",\"@id\":\"https:\\\/\\\/www.freebetbest.com\\\/de\\\/neuester-tennis-wettbonus\\\/#breadcrumb\",\"itemListElement\":[{\"@type\":\"ListItem\",\"position\":1,\"name\":\"Home\",\"item\":\"https:\\\/\\\/www.freebetbest.com\\\/de\\\/\"},{\"@type\":\"ListItem\",\"position\":2,\"name\":\"Neuester Tennis-Wettbonus\"}]},{\"@type\":\"WebSite\",\"@id\":\"https:\\\/\\\/www.freebetbest.com\\\/de\\\/#website\",\"url\":\"https:\\\/\\\/www.freebetbest.com\\\/de\\\/\",\"name\":\"Gratis Wetten | beste Online Casinos | Sportwetten Bonus\",\"description\":\"Das beste Online Buchmacher,Das Sportwetten, Casino-, Poker-, Bingo- und Mobilwetten, Online-Casinos, Fu\u00dfballwetten, Ohne Einzahlung Promo-Codes, Das weltweit f\u00fchrende Gl\u00fccksspielportal anbietet.\",\"publisher\":{\"@id\":\"https:\\\/\\\/www.freebetbest.com\\\/de\\\/#\\\/schema\\\/person\\\/292684ccf388a2362d507874c5b80a69\"},\"potentialAction\":[{\"@type\":\"SearchAction\",\"target\":{\"@type\":\"EntryPoint\",\"urlTemplate\":\"https:\\\/\\\/www.freebetbest.com\\\/de\\\/?s={search_term_string}\"},\"query-input\":{\"@type\":\"PropertyValueSpecification\",\"valueRequired\":true,\"valueName\":\"search_term_string\"}}],\"inLanguage\":\"de\"},{\"@type\":[\"Person\",\"Organization\"],\"@id\":\"https:\\\/\\\/www.freebetbest.com\\\/de\\\/#\\\/schema\\\/person\\\/292684ccf388a2362d507874c5b80a69\",\"name\":\"\u7ba1\u7406\",\"image\":{\"@type\":\"ImageObject\",\"inLanguage\":\"de\",\"@id\":\"https:\\\/\\\/www.freebetbest.com\\\/wp-content\\\/litespeed\\\/avatar\\\/49696b52fb15293a2168c14964fdd8b9.jpg?ver=1778649583\",\"url\":\"https:\\\/\\\/www.freebetbest.com\\\/wp-content\\\/litespeed\\\/avatar\\\/49696b52fb15293a2168c14964fdd8b9.jpg?ver=1778649583\",\"contentUrl\":\"https:\\\/\\\/www.freebetbest.com\\\/wp-content\\\/litespeed\\\/avatar\\\/49696b52fb15293a2168c14964fdd8b9.jpg?ver=1778649583\",\"caption\":\"\u7ba1\u7406\"},\"logo\":{\"@id\":\"https:\\\/\\\/www.freebetbest.com\\\/wp-content\\\/litespeed\\\/avatar\\\/49696b52fb15293a2168c14964fdd8b9.jpg?ver=1778649583\"},\"sameAs\":[\"admin\"]}]}<\/script>\n<!-- \/ Yoast SEO Premium plugin. -->","yoast_head_json":{"title":"Neuester Tennis-Wettbonus","description":"Neuester Tennis-Wettbonus Beste Online-Buchmacher, bietet Sport, Casino, Poker, Bingo und mobile Wetten, Gratiswette ohne Einzahlung","robots":{"index":"index","follow":"follow","max-snippet":"max-snippet:-1","max-image-preview":"max-image-preview:large","max-video-preview":"max-video-preview:-1"},"canonical":"https:\/\/www.freebetbest.com\/de\/neuester-tennis-wettbonus\/","og_locale":"de_DE","og_type":"article","og_title":"Neuester Tennis-Wettbonus","og_description":"Neuester Tennis-Wettbonus Beste Online-Buchmacher, bietet Sport, Casino, Poker, Bingo und mobile Wetten, Gratiswette ohne Einzahlung","og_url":"https:\/\/www.freebetbest.com\/de\/neuester-tennis-wettbonus\/","og_site_name":"Gratis Wetten | beste Online Casinos | Sportwetten Bonus","article_modified_time":"2021-07-28T17:26:55+00:00","og_image":[{"width":415,"height":180,"url":"https:\/\/www.freebetbest.com\/wp-content\/uploads\/2021\/06\/tennis-betting-scaled.jpg","type":"image\/jpeg"}],"twitter_card":"summary_large_image","twitter_misc":{"Gesch\u00e4tzte Lesezeit":"3\u00a0Minuten"},"schema":{"@context":"https:\/\/schema.org","@graph":[{"@type":"WebPage","@id":"https:\/\/www.freebetbest.com\/de\/neuester-tennis-wettbonus\/","url":"https:\/\/www.freebetbest.com\/de\/neuester-tennis-wettbonus\/","name":"Neuester Tennis-Wettbonus","isPartOf":{"@id":"https:\/\/www.freebetbest.com\/de\/#website"},"primaryImageOfPage":{"@id":"https:\/\/www.freebetbest.com\/de\/neuester-tennis-wettbonus\/#primaryimage"},"image":{"@id":"https:\/\/www.freebetbest.com\/de\/neuester-tennis-wettbonus\/#primaryimage"},"thumbnailUrl":"https:\/\/www.freebetbest.com\/wp-content\/uploads\/2021\/06\/tennis-betting-scaled.jpg","datePublished":"2021-06-10T08:56:34+00:00","dateModified":"2021-07-28T17:26:55+00:00","description":"Neuester Tennis-Wettbonus Beste Online-Buchmacher, bietet Sport, Casino, Poker, Bingo und mobile Wetten, Gratiswette ohne Einzahlung","breadcrumb":{"@id":"https:\/\/www.freebetbest.com\/de\/neuester-tennis-wettbonus\/#breadcrumb"},"inLanguage":"de","potentialAction":[{"@type":"ReadAction","target":["https:\/\/www.freebetbest.com\/de\/neuester-tennis-wettbonus\/"]}]},{"@type":"ImageObject","inLanguage":"de","@id":"https:\/\/www.freebetbest.com\/de\/neuester-tennis-wettbonus\/#primaryimage","url":"https:\/\/www.freebetbest.com\/wp-content\/uploads\/2021\/06\/tennis-betting-scaled.jpg","contentUrl":"https:\/\/www.freebetbest.com\/wp-content\/uploads\/2021\/06\/tennis-betting-scaled.jpg","width":415,"height":180,"caption":"Tennis-Wetten"},{"@type":"BreadcrumbList","@id":"https:\/\/www.freebetbest.com\/de\/neuester-tennis-wettbonus\/#breadcrumb","itemListElement":[{"@type":"ListItem","position":1,"name":"Home","item":"https:\/\/www.freebetbest.com\/de\/"},{"@type":"ListItem","position":2,"name":"Neuester Tennis-Wettbonus"}]},{"@type":"WebSite","@id":"https:\/\/www.freebetbest.com\/de\/#website","url":"https:\/\/www.freebetbest.com\/de\/","name":"Gratis Wetten | beste Online Casinos | Sportwetten Bonus","description":"Das beste Online Buchmacher,Das Sportwetten, Casino-, Poker-, Bingo- und Mobilwetten, Online-Casinos, Fu\u00dfballwetten, Ohne Einzahlung Promo-Codes, Das weltweit f\u00fchrende Gl\u00fccksspielportal anbietet.","publisher":{"@id":"https:\/\/www.freebetbest.com\/de\/#\/schema\/person\/292684ccf388a2362d507874c5b80a69"},"potentialAction":[{"@type":"SearchAction","target":{"@type":"EntryPoint","urlTemplate":"https:\/\/www.freebetbest.com\/de\/?s={search_term_string}"},"query-input":{"@type":"PropertyValueSpecification","valueRequired":true,"valueName":"search_term_string"}}],"inLanguage":"de"},{"@type":["Person","Organization"],"@id":"https:\/\/www.freebetbest.com\/de\/#\/schema\/person\/292684ccf388a2362d507874c5b80a69","name":"\u7ba1\u7406","image":{"@type":"ImageObject","inLanguage":"de","@id":"https:\/\/www.freebetbest.com\/wp-content\/litespeed\/avatar\/49696b52fb15293a2168c14964fdd8b9.jpg?ver=1778649583","url":"https:\/\/www.freebetbest.com\/wp-content\/litespeed\/avatar\/49696b52fb15293a2168c14964fdd8b9.jpg?ver=1778649583","contentUrl":"https:\/\/www.freebetbest.com\/wp-content\/litespeed\/avatar\/49696b52fb15293a2168c14964fdd8b9.jpg?ver=1778649583","caption":"\u7ba1\u7406"},"logo":{"@id":"https:\/\/www.freebetbest.com\/wp-content\/litespeed\/avatar\/49696b52fb15293a2168c14964fdd8b9.jpg?ver=1778649583"},"sameAs":["admin"]}]}},"_links":{"self":[{"href":"https:\/\/www.freebetbest.com\/de\/wp-json\/wp\/v2\/pages\/130863","targetHints":{"allow":["GET"]}}],"collection":[{"href":"https:\/\/www.freebetbest.com\/de\/wp-json\/wp\/v2\/pages"}],"about":[{"href":"https:\/\/www.freebetbest.com\/de\/wp-json\/wp\/v2\/types\/page"}],"author":[{"embeddable":true,"href":"https:\/\/www.freebetbest.com\/de\/wp-json\/wp\/v2\/users\/1"}],"replies":[{"embeddable":true,"href":"https:\/\/www.freebetbest.com\/de\/wp-json\/wp\/v2\/comments?post=130863"}],"version-history":[{"count":0,"href":"https:\/\/www.freebetbest.com\/de\/wp-json\/wp\/v2\/pages\/130863\/revisions"}],"wp:featuredmedia":[{"embeddable":true,"href":"https:\/\/www.freebetbest.com\/de\/wp-json\/wp\/v2\/media\/125164"}],"wp:attachment":[{"href":"https:\/\/www.freebetbest.com\/de\/wp-json\/wp\/v2\/media?parent=130863"}],"curies":[{"name":"wp","href":"https:\/\/api.w.org\/{rel}","templated":true}]}}