{"id":130699,"date":"2021-06-10T09:25:38","date_gmt":"2021-06-10T09:25:38","guid":{"rendered":"https:\/\/www.freebetbest.com\/neueste-lotto-lotterie-wetten-bonus\/"},"modified":"2021-07-28T17:31:55","modified_gmt":"2021-07-28T17:31:55","slug":"neueste-lotto-lotterie-wetten-bonus","status":"publish","type":"page","link":"https:\/\/www.freebetbest.com\/de\/neueste-lotto-lotterie-wetten-bonus\/","title":{"rendered":"Neuester Lotto-Wettbonus"},"content":{"rendered":"<h2>\u00dcber den neuesten Lotto-Wettbonus<\/h2>\n<p> Der neueste Lotto-Wettbonus unterscheidet sich vom traditionellen Gl\u00fccksspiel, da Sie ihn nicht wirklich kaufen. Physische Lottoscheine oder kaufen Sie Lottoscheine im Internet. Im Gegenteil, Sie sind, wie der Name schon sagt, eine Lotteriewette.<\/p>\n<p>Jetzt m\u00f6chten Sie es vielleicht wissen. Was passiert, nachdem Sie den Preis gewonnen haben. Wenn Sie ein Lotterielos kaufen, zahlt der Betreiber den Bonus aus. Auf der anderen Seite Lotto-Wettseiten. Nehmen Sie ein Versicherungspolice-Modell an. Dies bedeutet Lotterie-Wettseiten. Zusammenfassend l\u00e4sst sich sagen, dass Sie mit Versicherungsunternehmen zusammenarbeiten und jede Vermutung absichern.<\/p>\n<h2>Internationale Lotterie. Setzen Sie Ihren gesamten neuesten Lotto-Wettbonus<\/h2>\n<p>Es gilt nur die physische Lotterie. B\u00fcrger Ihres Landes\/Ihrer Region. Zum Beispiel die Powerball-Lotterie. Kann nur in den USA gekauft werden. Lotto-Messenger-Hilfe. Dies wird zwar einigerma\u00dfen \u00fcberwunden, aber es gibt nichts Besseres, als beim Lotto zu spielen. Noch besser ist die Bandbreite der M\u00f6glichkeiten. Zusammenfassend l\u00e4sst sich sagen, dass Lotterie-Wettseiten weltweit sind. Es werden eine Vielzahl von Lotto-Wetten angeboten, was absolut bedeutet. An Gl\u00fccksspiel-Alternativen mangelt es nicht.<\/p>\n<h3>Genie\u00dfen Sie mehr Wettoptionen<\/h3>\n<p>Etwas britisches Lotto<a href=\"https:\/\/www.freebetbest.com\/de\/fussball-online-wetten\/\"> Wettseiten<\/a> . Bietet eine Reihe von Wettm\u00f6glichkeiten. Wenn Sie nicht gerne raten. Dies kann eine gute L\u00f6sung f\u00fcr das potenzielle Risiko jedes Betrags sein. Trotzdem nicht alle Websites. Beide bieten Ihnen diese Funktion, also stellen Sie bitte sicher, dass Sie sich vorher anmelden. \u00dcberpr\u00fcfen Sie die angebotenen Wettoptionen.<\/p>\n<h3>Durch die M\u00f6glichkeit sich anzumelden f\u00fcr<a href=\"https:\/\/www.freebetsinfo.co.uk\/asia-online-casino\/\"> Lotto-Wettseiten<\/a><\/h3>\n<p>Sie sind vielleicht nicht so erfolgreich, wie Sie vermutet haben, aber melden Sie sich f\u00fcr ein Konsortium an. Es kann bedeuten, dass Sie mit gr\u00f6\u00dferer Wahrscheinlichkeit einige Ergebnisse erzielen. Angesichts des unwahrscheinlichen Erfolgs von Lotto ist dies f\u00fcr viele Spieler ein hervorragender Vorteil.<\/p>\n<h3>Mehr als nur der neueste Lotto-Wettbonus<\/h3>\n<p>Dies gilt nicht nur f\u00fcr Lotterie-Wettseiten. Lottoziehung auf dem Display. Manchmal werden Sie feststellen, dass es einige Rubbelkarten bietet. Und sofortiger Zugriff auf Videospiele, sehr geeignet zwischen dem Empfang. Spielen Sie ein schnelles Spiel. Viele der besten Websites. Casino-Gl\u00fccksspiele werden ebenfalls angeboten.<\/p>\n<h3>So w\u00e4hlen Sie den effektivsten Lotto-Buchmacher aus<\/h3>\n<p>Unsere Branchenexperten sind in diesem Artikel. Die bekanntesten Lotterie-Wettprogramme werden gezeigt, wie haben wir sie ausgew\u00e4hlt? Unser Unternehmen verwendet und pr\u00fcft. Die beste Lotterieseite ist der gleiche Aspekt.<\/p>\n<p>So bewerten Sie diese Pl\u00e4ne:<\/p>\n<h3> Der neueste Lotto-Wettbonus befolgt die Regeln<\/h3>\n<p>Zertifikat f\u00fcr Videospiele. Es ist eine perfekte Best\u00e4tigung der richtigen Regeln der Plattform. Diese Zertifizierungen sichern den Eigent\u00fcmer. Es gibt Liquidit\u00e4t, um die Belohnungen auszugeben, die Sie m\u00f6glicherweise erhalten.<\/p>\n<p>Sicherheitsschicht<\/p>\n<p>Cyberangriffe sind keine Seltenheit, so Lotteriebetreiber. Die Website sollte vor Online-Hackern gesch\u00fctzt werden. Stellen Sie sicher, dass der Anbieter SSL und andere Stabilit\u00e4tsprogramme verwendet. Zur Aufrechterhaltung Ihrer Informationssicherheit.<\/p>\n<p>Welche Lotterien k\u00f6nnen Sie auf der Website spielen? Sch\u00fctzt es wichtige Spiele und steht Ihre Wahl auf der Liste?<\/p>\n<h3>Zus\u00e4tzliche Wettoptionen<\/h3>\n<p>Diese k\u00f6nnen syndizierte Gen\u00fcsse, Spezialwetten und \u00e4hnliche Optionen beinhalten.<\/p>\n<h3>Abrechnungsmethode<\/h3>\n<p>Ihre bevorzugte Zahlungsmethode sollte auf der Liste stehen. Die beliebteste Anzahlungs- und Auszahlungsoption. Dies sind E-Wallets, Ladekarten und Gutscheine.<\/p>\n<p>Neueste Lotto Lotterie Wettbonus Mobile Hilfe<\/p>\n<h3>K\u00f6nnen Sie Lotto-Wetten unterwegs einrichten?<\/h3>\n<p>Einige Unternehmen bieten portable Anwendungen an, andere erlauben sie. Sie direkt aus dem Browser auf dem tragbaren Ger\u00e4t. Auf ihrer Website ausf\u00fchren. Auf jeden Fall ist es wichtig, mindestens einmal am Laufen teilzunehmen.<\/p>\n<h3>Support-Service<\/h3>\n<p>Bei Fragen oder Problemen wertvolle Kundenzufriedenheit. Wird lebenswichtig. Sie ben\u00f6tigen mehrere Methoden, um effektiv zu sein, z. B. Live-Chat, E-Mail oder Telefon<\/p>\n<p><!-- \/wp:post-content --><\/p>\n<p><!-- wp:paragraph \/--><\/p>\n","protected":false},"excerpt":{"rendered":"<p>Finden und bewerten Sie die aktuellsten Online-Lotteriepr\u00e4mien in unserem umfangreichen Gl\u00fccksspielverzeichnis. Freuen Sie sich auf beliebte Lotto-Promo-Regel-Schn\u00e4ppchen und exklusive Bonusangebote der<\/p>\n<div class=\"hero-cup-section\">\n<div class=\"row mb-4\">\n<div class=\"col-md-7\">\n<div class=\"section-area\">\n<div class=\"section-list\">\n<li style=\"text-align: left\"><img decoding=\"async\" src=\"https:\/\/www.freebetbest.com\/wp-content\/uploads\/2021\/06\/tick.png\" alt=\"Sport\"> Willkommensbonus im Sportcasino.<\/li>\n<li style=\"text-align: left\"><img decoding=\"async\" src=\"https:\/\/www.freebetbest.com\/wp-content\/uploads\/2021\/06\/tick.png\" alt=\"Spieleangebote\"> Angebote und Aktionen von Online-Buchmachern.<\/li>\n<li style=\"text-align: left\"><img decoding=\"async\" src=\"https:\/\/www.freebetbest.com\/wp-content\/uploads\/2021\/06\/tick.png\" alt=\"Spieleangebote\"> Die besten Online-Buchmacher, denen Sie vertrauen k\u00f6nnen.<\/li>\n<li style=\"text-align: left\"><img decoding=\"async\" src=\"https:\/\/www.freebetbest.com\/wp-content\/uploads\/2021\/06\/tick.png\" alt=\"Ma\u00dfgebend\"> Ma\u00dfgebliche \u00dcberpr\u00fcfung Sicher zuverl\u00e4ssig.<\/li>\n<li style=\"text-align: left\"><img decoding=\"async\" src=\"https:\/\/www.freebetbest.com\/wp-content\/uploads\/2021\/06\/tick.png\" alt=\"Schnelle Abhebungen\"> Mobile APP-Unterst\u00fctzung, schnelle Auszahlungen.<\/li>\n<li style=\"text-align: left\"><img decoding=\"async\" src=\"https:\/\/www.freebetbest.com\/wp-content\/uploads\/2021\/06\/tick.png\" alt=\"Kundendienst\"> Kundensupport: 365 Tage, 24 Stunden am Tag.<\/li>\n<\/div>\n<\/div>\n<\/div>\n<div class=\"col-md-5\">\n<div class=\"cup-img\"><img decoding=\"async\" src=\"https:\/\/www.freebetbest.com\/wp-content\/uploads\/2021\/06\/bingo.png\" alt=\"freebetbest\"><\/div>\n<\/div>\n<\/div>\n","protected":false},"author":1,"featured_media":125238,"parent":0,"menu_order":0,"comment_status":"closed","ping_status":"closed","template":"lotto-template.php","meta":{"footnotes":""},"class_list":["post-130699","page","type-page","status-publish","has-post-thumbnail","hentry"],"yoast_head":"<!-- This site is optimized with the Yoast SEO Premium plugin v19.5 (Yoast SEO v27.0) - https:\/\/yoast.com\/product\/yoast-seo-premium-wordpress\/ -->\n<title>Neuester Lotto-Wettbonus<\/title>\n<meta name=\"description\" content=\"Neuester Lotto-Wettbonus Beste Online-Buchmacher, bietet Sport, Casino, Poker, Bingo und mobile Wetten, Gratiswette ohne Einzahlung\" \/>\n<meta name=\"robots\" content=\"index, follow, max-snippet:-1, max-image-preview:large, max-video-preview:-1\" \/>\n<link rel=\"canonical\" href=\"https:\/\/www.freebetbest.com\/de\/neueste-lotto-lotterie-wetten-bonus\/\" \/>\n<meta property=\"og:locale\" content=\"de_DE\" \/>\n<meta property=\"og:type\" content=\"article\" \/>\n<meta property=\"og:title\" content=\"Neuester Lotto-Wettbonus\" \/>\n<meta property=\"og:description\" content=\"Neuester Lotto-Wettbonus Beste Online-Buchmacher, bietet Sport, Casino, Poker, Bingo und mobile Wetten, Gratiswette ohne Einzahlung\" \/>\n<meta property=\"og:url\" content=\"https:\/\/www.freebetbest.com\/de\/neueste-lotto-lotterie-wetten-bonus\/\" \/>\n<meta property=\"og:site_name\" content=\"Gratis Wetten | beste Online Casinos | Sportwetten Bonus\" \/>\n<meta property=\"article:modified_time\" content=\"2021-07-28T17:31:55+00:00\" \/>\n<meta property=\"og:image\" content=\"https:\/\/www.freebetbest.com\/wp-content\/uploads\/2021\/06\/Lotte-scaled.jpg\" \/>\n\t<meta property=\"og:image:width\" content=\"318\" \/>\n\t<meta property=\"og:image:height\" content=\"180\" \/>\n\t<meta property=\"og:image:type\" content=\"image\/jpeg\" \/>\n<meta name=\"twitter:card\" content=\"summary_large_image\" \/>\n<meta name=\"twitter:label1\" content=\"Gesch\u00e4tzte Lesezeit\" \/>\n\t<meta name=\"twitter:data1\" content=\"3\u00a0Minuten\" \/>\n<script type=\"application\/ld+json\" class=\"yoast-schema-graph\">{\"@context\":\"https:\/\/schema.org\",\"@graph\":[{\"@type\":\"WebPage\",\"@id\":\"https:\/\/www.freebetbest.com\/de\/neueste-lotto-lotterie-wetten-bonus\/\",\"url\":\"https:\/\/www.freebetbest.com\/de\/neueste-lotto-lotterie-wetten-bonus\/\",\"name\":\"Neuester Lotto-Wettbonus\",\"isPartOf\":{\"@id\":\"https:\/\/www.freebetbest.com\/de\/#website\"},\"primaryImageOfPage\":{\"@id\":\"https:\/\/www.freebetbest.com\/de\/neueste-lotto-lotterie-wetten-bonus\/#primaryimage\"},\"image\":{\"@id\":\"https:\/\/www.freebetbest.com\/de\/neueste-lotto-lotterie-wetten-bonus\/#primaryimage\"},\"thumbnailUrl\":\"https:\/\/www.freebetbest.com\/wp-content\/uploads\/2021\/06\/Lotte-scaled.jpg\",\"datePublished\":\"2021-06-10T09:25:38+00:00\",\"dateModified\":\"2021-07-28T17:31:55+00:00\",\"description\":\"Neuester Lotto-Wettbonus Beste Online-Buchmacher, bietet Sport, Casino, Poker, Bingo und mobile Wetten, Gratiswette ohne Einzahlung\",\"breadcrumb\":{\"@id\":\"https:\/\/www.freebetbest.com\/de\/neueste-lotto-lotterie-wetten-bonus\/#breadcrumb\"},\"inLanguage\":\"de\",\"potentialAction\":[{\"@type\":\"ReadAction\",\"target\":[\"https:\/\/www.freebetbest.com\/de\/neueste-lotto-lotterie-wetten-bonus\/\"]}]},{\"@type\":\"ImageObject\",\"inLanguage\":\"de\",\"@id\":\"https:\/\/www.freebetbest.com\/de\/neueste-lotto-lotterie-wetten-bonus\/#primaryimage\",\"url\":\"https:\/\/www.freebetbest.com\/wp-content\/uploads\/2021\/06\/Lotte-scaled.jpg\",\"contentUrl\":\"https:\/\/www.freebetbest.com\/wp-content\/uploads\/2021\/06\/Lotte-scaled.jpg\",\"width\":318,\"height\":180,\"caption\":\"Lotte\"},{\"@type\":\"BreadcrumbList\",\"@id\":\"https:\/\/www.freebetbest.com\/de\/neueste-lotto-lotterie-wetten-bonus\/#breadcrumb\",\"itemListElement\":[{\"@type\":\"ListItem\",\"position\":1,\"name\":\"Home\",\"item\":\"https:\/\/www.freebetbest.com\/de\/\"},{\"@type\":\"ListItem\",\"position\":2,\"name\":\"Neuester Lotto-Wettbonus\"}]},{\"@type\":\"WebSite\",\"@id\":\"https:\/\/www.freebetbest.com\/de\/#website\",\"url\":\"https:\/\/www.freebetbest.com\/de\/\",\"name\":\"Gratis Wetten | beste Online Casinos | Sportwetten Bonus\",\"description\":\"Das beste Online Buchmacher,Das Sportwetten, Casino-, Poker-, Bingo- und Mobilwetten, Online-Casinos, Fu\u00dfballwetten, Ohne Einzahlung Promo-Codes, Das weltweit f\u00fchrende Gl\u00fccksspielportal anbietet.\",\"publisher\":{\"@id\":\"https:\/\/www.freebetbest.com\/de\/#\/schema\/person\/292684ccf388a2362d507874c5b80a69\"},\"potentialAction\":[{\"@type\":\"SearchAction\",\"target\":{\"@type\":\"EntryPoint\",\"urlTemplate\":\"https:\/\/www.freebetbest.com\/de\/?s={search_term_string}\"},\"query-input\":{\"@type\":\"PropertyValueSpecification\",\"valueRequired\":true,\"valueName\":\"search_term_string\"}}],\"inLanguage\":\"de\"},{\"@type\":[\"Person\",\"Organization\"],\"@id\":\"https:\/\/www.freebetbest.com\/de\/#\/schema\/person\/292684ccf388a2362d507874c5b80a69\",\"name\":\"\u7ba1\u7406\",\"image\":{\"@type\":\"ImageObject\",\"inLanguage\":\"de\",\"@id\":\"https:\/\/www.freebetbest.com\/de\/#\/schema\/person\/image\/\",\"url\":\"https:\/\/www.freebetbest.com\/wp-content\/litespeed\/avatar\/49696b52fb15293a2168c14964fdd8b9.jpg?ver=1775625495\",\"contentUrl\":\"https:\/\/www.freebetbest.com\/wp-content\/litespeed\/avatar\/49696b52fb15293a2168c14964fdd8b9.jpg?ver=1775625495\",\"caption\":\"\u7ba1\u7406\"},\"logo\":{\"@id\":\"https:\/\/www.freebetbest.com\/de\/#\/schema\/person\/image\/\"},\"sameAs\":[\"admin\"]}]}<\/script>\n<!-- \/ Yoast SEO Premium plugin. -->","yoast_head_json":{"title":"Neuester Lotto-Wettbonus","description":"Neuester Lotto-Wettbonus Beste Online-Buchmacher, bietet Sport, Casino, Poker, Bingo und mobile Wetten, Gratiswette ohne Einzahlung","robots":{"index":"index","follow":"follow","max-snippet":"max-snippet:-1","max-image-preview":"max-image-preview:large","max-video-preview":"max-video-preview:-1"},"canonical":"https:\/\/www.freebetbest.com\/de\/neueste-lotto-lotterie-wetten-bonus\/","og_locale":"de_DE","og_type":"article","og_title":"Neuester Lotto-Wettbonus","og_description":"Neuester Lotto-Wettbonus Beste Online-Buchmacher, bietet Sport, Casino, Poker, Bingo und mobile Wetten, Gratiswette ohne Einzahlung","og_url":"https:\/\/www.freebetbest.com\/de\/neueste-lotto-lotterie-wetten-bonus\/","og_site_name":"Gratis Wetten | beste Online Casinos | Sportwetten Bonus","article_modified_time":"2021-07-28T17:31:55+00:00","og_image":[{"width":318,"height":180,"url":"https:\/\/www.freebetbest.com\/wp-content\/uploads\/2021\/06\/Lotte-scaled.jpg","type":"image\/jpeg"}],"twitter_card":"summary_large_image","twitter_misc":{"Gesch\u00e4tzte Lesezeit":"3\u00a0Minuten"},"schema":{"@context":"https:\/\/schema.org","@graph":[{"@type":"WebPage","@id":"https:\/\/www.freebetbest.com\/de\/neueste-lotto-lotterie-wetten-bonus\/","url":"https:\/\/www.freebetbest.com\/de\/neueste-lotto-lotterie-wetten-bonus\/","name":"Neuester Lotto-Wettbonus","isPartOf":{"@id":"https:\/\/www.freebetbest.com\/de\/#website"},"primaryImageOfPage":{"@id":"https:\/\/www.freebetbest.com\/de\/neueste-lotto-lotterie-wetten-bonus\/#primaryimage"},"image":{"@id":"https:\/\/www.freebetbest.com\/de\/neueste-lotto-lotterie-wetten-bonus\/#primaryimage"},"thumbnailUrl":"https:\/\/www.freebetbest.com\/wp-content\/uploads\/2021\/06\/Lotte-scaled.jpg","datePublished":"2021-06-10T09:25:38+00:00","dateModified":"2021-07-28T17:31:55+00:00","description":"Neuester Lotto-Wettbonus Beste Online-Buchmacher, bietet Sport, Casino, Poker, Bingo und mobile Wetten, Gratiswette ohne Einzahlung","breadcrumb":{"@id":"https:\/\/www.freebetbest.com\/de\/neueste-lotto-lotterie-wetten-bonus\/#breadcrumb"},"inLanguage":"de","potentialAction":[{"@type":"ReadAction","target":["https:\/\/www.freebetbest.com\/de\/neueste-lotto-lotterie-wetten-bonus\/"]}]},{"@type":"ImageObject","inLanguage":"de","@id":"https:\/\/www.freebetbest.com\/de\/neueste-lotto-lotterie-wetten-bonus\/#primaryimage","url":"https:\/\/www.freebetbest.com\/wp-content\/uploads\/2021\/06\/Lotte-scaled.jpg","contentUrl":"https:\/\/www.freebetbest.com\/wp-content\/uploads\/2021\/06\/Lotte-scaled.jpg","width":318,"height":180,"caption":"Lotte"},{"@type":"BreadcrumbList","@id":"https:\/\/www.freebetbest.com\/de\/neueste-lotto-lotterie-wetten-bonus\/#breadcrumb","itemListElement":[{"@type":"ListItem","position":1,"name":"Home","item":"https:\/\/www.freebetbest.com\/de\/"},{"@type":"ListItem","position":2,"name":"Neuester Lotto-Wettbonus"}]},{"@type":"WebSite","@id":"https:\/\/www.freebetbest.com\/de\/#website","url":"https:\/\/www.freebetbest.com\/de\/","name":"Gratis Wetten | beste Online Casinos | Sportwetten Bonus","description":"Das beste Online Buchmacher,Das Sportwetten, Casino-, Poker-, Bingo- und Mobilwetten, Online-Casinos, Fu\u00dfballwetten, Ohne Einzahlung Promo-Codes, Das weltweit f\u00fchrende Gl\u00fccksspielportal anbietet.","publisher":{"@id":"https:\/\/www.freebetbest.com\/de\/#\/schema\/person\/292684ccf388a2362d507874c5b80a69"},"potentialAction":[{"@type":"SearchAction","target":{"@type":"EntryPoint","urlTemplate":"https:\/\/www.freebetbest.com\/de\/?s={search_term_string}"},"query-input":{"@type":"PropertyValueSpecification","valueRequired":true,"valueName":"search_term_string"}}],"inLanguage":"de"},{"@type":["Person","Organization"],"@id":"https:\/\/www.freebetbest.com\/de\/#\/schema\/person\/292684ccf388a2362d507874c5b80a69","name":"\u7ba1\u7406","image":{"@type":"ImageObject","inLanguage":"de","@id":"https:\/\/www.freebetbest.com\/de\/#\/schema\/person\/image\/","url":"https:\/\/www.freebetbest.com\/wp-content\/litespeed\/avatar\/49696b52fb15293a2168c14964fdd8b9.jpg?ver=1775625495","contentUrl":"https:\/\/www.freebetbest.com\/wp-content\/litespeed\/avatar\/49696b52fb15293a2168c14964fdd8b9.jpg?ver=1775625495","caption":"\u7ba1\u7406"},"logo":{"@id":"https:\/\/www.freebetbest.com\/de\/#\/schema\/person\/image\/"},"sameAs":["admin"]}]}},"_links":{"self":[{"href":"https:\/\/www.freebetbest.com\/de\/wp-json\/wp\/v2\/pages\/130699","targetHints":{"allow":["GET"]}}],"collection":[{"href":"https:\/\/www.freebetbest.com\/de\/wp-json\/wp\/v2\/pages"}],"about":[{"href":"https:\/\/www.freebetbest.com\/de\/wp-json\/wp\/v2\/types\/page"}],"author":[{"embeddable":true,"href":"https:\/\/www.freebetbest.com\/de\/wp-json\/wp\/v2\/users\/1"}],"replies":[{"embeddable":true,"href":"https:\/\/www.freebetbest.com\/de\/wp-json\/wp\/v2\/comments?post=130699"}],"version-history":[{"count":0,"href":"https:\/\/www.freebetbest.com\/de\/wp-json\/wp\/v2\/pages\/130699\/revisions"}],"wp:featuredmedia":[{"embeddable":true,"href":"https:\/\/www.freebetbest.com\/de\/wp-json\/wp\/v2\/media\/125238"}],"wp:attachment":[{"href":"https:\/\/www.freebetbest.com\/de\/wp-json\/wp\/v2\/media?parent=130699"}],"curies":[{"name":"wp","href":"https:\/\/api.w.org\/{rel}","templated":true}]}}