{"id":130663,"date":"2021-06-10T07:22:01","date_gmt":"2021-06-10T07:22:01","guid":{"rendered":"https:\/\/www.freebetbest.com\/aktueller-golfwetten-bonus\/"},"modified":"2021-07-28T17:24:01","modified_gmt":"2021-07-28T17:24:01","slug":"aktueller-golfwetten-bonus","status":"publish","type":"page","link":"https:\/\/www.freebetbest.com\/de\/aktueller-golfwetten-bonus\/","title":{"rendered":"Neuester Golf-Wettbonus"},"content":{"rendered":"<h2>Finden Sie den besten neuesten Golf-Wettbonus<\/h2>\n<p>Die M\u00f6glichkeit, von \u00fcberall aus zu wetten. Es kann gesagt werden, dass es sich um den neuesten Golf handelt<a href=\"https:\/\/www.freebetsinfo.co.uk\/free-bets\/\"> Wettbonus<\/a> Webseite. Die Sch\u00f6nheit anderer Sportarten. Verwenden Sie Apps, die gro\u00dfartige Wetten anbieten.<\/p>\n<p>Melden Sie sich f\u00fcr Sportwetten an, was bedeutet, dass es m\u00f6glich ist. Dies geschieht direkt von Ihrem Mobiltelefon aus. Das beste Golf. Wettanwendung. Zusammenfassend l\u00e4sst sich sagen, dass es ein einfaches Modell gibt, um Gl\u00fccksspieloptionen zu erkunden.<\/p>\n<h3>Ihre Wetten zu arrangieren ist einfach.<\/h3>\n<p>Gl\u00fccklicherweise viele gro\u00dfe Online-Sportwetten-Unternehmen. Alle werden vom portablen Ausgangslayout \u00fcbernommen. Die Vision des modernen Technologieunternehmens begann.<\/p>\n<h3>Die beste Golf-Website mit den neuesten Golf-Wettboni<\/h3>\n<p>Heute wenden sie diese Errungenschaft auch auf die beliebtesten an. Wettsystem f\u00fcr zellulare Sportaktivit\u00e4ten. Zusammenfassend l\u00e4sst sich sagen, dass die iPhone-App von FanDuel sehr einfach zu navigieren ist, was besonders beim Echtzeit-Sportwetten wertvoll ist.<\/p>\n<p>Sie k\u00f6nnen es direkt vom Telefon aus aufbauen. Machen Sie Ein- und Auszahlungen. Tats\u00e4chlich sind die Verbraucher einmal nicht bereit. Zusammenfassend m\u00fcssen Sie nie einen Desktop-Computer eingeben.<\/p>\n<p>Von Ihrem Gewicht auf der Seite. Und die gr\u00fcndlich saubere Struktur der Quotenaktualisierungen sucht nach Top-Golf. Der beste Ausgangspunkt f\u00fcr Wettanwendungen.<\/p>\n<ul>\n<li>Experte: Ob WLAN oder mobile Daten, Webseiten geraten schnell unter Druck<br \/>Die Benutzeroberfl\u00e4che macht es Ihnen leicht. Auf dem kleineren Display herumlaufen around<br \/>Nachteile: Bei bestimmten Events gibt es viel weniger Markt f\u00fcr Golfwetten<\/li>\n<\/ul>\n<p>Spielen Sie Golf im Internet. An vielen Orten der Erde. Alle sind legal, in vielen Vorschl\u00e4gen in den Vereinigten Staaten. Amerikanische Wettende sollten sich dar\u00fcber im Klaren sein, dass zwar die Bundesregierung Sportwetten nicht verbietet, die Richtlinien dies jedoch tun. Es wird unterschiedlich sein, je nachdem, wo Sie sich befinden.<\/p>\n<p>Weitere Staaten wenden sich. Legalisierung des Online-Gl\u00fccksspiels. Verstehen Sie vorerst die Eigenschaft, die Sie betrifft. Fazit: Oder regionale Bedingungen sind kritisch. Unsere Sportwetten sind legalisiert. Der Tracker ist ein ausgezeichneter Ausgangspunkt.<\/p>\n<h3>Jede Website hier ist registriert, um den neuesten Golfwettbonus legal zu nutzen<\/h3>\n<p>Sie werden den Ort regelm\u00e4\u00dfig \u00fcberpr\u00fcfen, um sicherzustellen, dass Sie an Bord sind. Es ist nur ihr Schnellzug mit der richtigen Arbeitserlaubnis.<\/p>\n<p>Nehmen Sie nicht an doppelten Standorten teil. Alle \u00fcberpr\u00fcften Websites sind skeptisch. Auf allen regulierten Handelsm\u00e4rkten sind diese \u00dcberpr\u00fcfungen in der Tat unerl\u00e4sslich und k\u00f6nnen daher ein gutes Signal daf\u00fcr sein, dass Sie auf eine autorisierte Website setzen.<\/p>\n<p>Bleiben Sie nat\u00fcrlich bei diesem Beitrag. Beliebte Option. Zusammenfassend kann es auch sicherstellen, dass Ihre Identit\u00e4t und Ihr Geld nicht durch unehrliche, nicht regulierte Akteure verletzt werden.<\/p>\n<h3>Anzahlung Zusatzpr\u00e4mie<\/h3>\n<p>Zusammenfassend l\u00e4sst sich sagen, dass Wetten mit Anzahlung \u00fcbereinstimmen. F\u00fcr neue Sportler vorgesehen. Ersteinzahlungsbonus. Normalerweise,<a href=\"https:\/\/www.freebetbest.com\/de\/wettseiten\/\"> der Buchmacher<\/a> wird dieser Einzahlung entsprechen, die zwischen 50% und 100% liegt. Andere Prozents\u00e4tze sind Ausnahmen, aber nicht ungew\u00f6hnlich. Zusammenfassend l\u00e4sst sich sagen, dass es immer eine Obergrenze f\u00fcr die H\u00f6he der Belohnung gibt.<\/p>\n<p>Diese Belohnungen werden direkt finanziert. Oder in Form eines bestimmten Pr\u00e4mienguthabens gew\u00e4hren. So oder so, sie werden. St\u00e4ndig Wettanforderungen unterworfen. Die Wettspezifikationen f\u00fcr Sportwetten reichen in der Regel von 2x bis 15x oder mehr. Zusammenfassend sind sie zu einem gro\u00dfen Teil. Erf\u00fcllen Sie die Wettbed\u00fcrfnisse von Gl\u00fccksspieleinrichtungen.<\/p>\n<p>Spieler m\u00fcssen h\u00e4ufig spielen. Ihre volle Belohnung. Die H\u00f6he der Anzahlung. Dies ist f\u00fcr mehrere Spieler. Oder sogar f\u00fcr gro\u00dfe Dividenden. Es kann sehr schwer zu erreichen sein. Daher kann dies die Anzahlung mit dem Wetten kombinieren und somit eine Auszahlung erm\u00f6glichen. Es wird schwieriger.<\/p>\n<h3>Kostenlose Option verf\u00fcgbar<\/h3>\n<p>V\u00f6llig freies Raten. Wahrscheinlich die h\u00e4ufigste. Bei den Angeboten zur Registrierung von Golfspielen k\u00f6nnen Sie verschiedene Anfangsboni aktivieren. V\u00f6llig kostenlose Optionen. Die Versorgung belohnt die Athleten mit speziellen Token, diesen Token. Kann das Risiko von Echtgeldwetten abdecken. Zusammenfassend l\u00e4sst sich sagen, dass dies bei diesen kostenlosen Wettmarken nicht der Fall ist. <\/p>\n<p><!-- \/wp:post-content --><\/p>\n<p><!-- wp:paragraph \/--><\/p>\n","protected":false},"excerpt":{"rendered":"<p>Bei all der Zunahme legaler Sportwetten hat unser Review-Team die Kontrolle \u00fcber jede der neuesten Vorteilsangebote und Updates der besten Golf- und Leichtathletik-Gl\u00fccksspiel- und Gl\u00fccksspiel-Apps<\/p>\n<div class=\"hero-cup-section\">\n<div class=\"row mb-4\">\n<div class=\"col-md-7\">\n<div class=\"section-area\">\n<div class=\"section-list\">\n<li style=\"text-align: left\"><img decoding=\"async\" src=\"https:\/\/www.freebetbest.com\/wp-content\/uploads\/2021\/06\/tick.png\" alt=\"Sport\"> Willkommensbonus im Sportcasino.<\/li>\n<li style=\"text-align: left\"><img decoding=\"async\" src=\"https:\/\/www.freebetbest.com\/wp-content\/uploads\/2021\/06\/tick.png\" alt=\"Spieleangebote\"> Angebote und Aktionen von Online-Buchmachern.<\/li>\n<li style=\"text-align: left\"><img decoding=\"async\" src=\"https:\/\/www.freebetbest.com\/wp-content\/uploads\/2021\/06\/tick.png\" alt=\"Spieleangebote\"> Die besten Online-Buchmacher, denen Sie vertrauen k\u00f6nnen.<\/li>\n<li style=\"text-align: left\"><img decoding=\"async\" src=\"https:\/\/www.freebetbest.com\/wp-content\/uploads\/2021\/06\/tick.png\" alt=\"Ma\u00dfgebend\"> Ma\u00dfgebliche \u00dcberpr\u00fcfung Sicher zuverl\u00e4ssig.<\/li>\n<li style=\"text-align: left\"><img decoding=\"async\" src=\"https:\/\/www.freebetbest.com\/wp-content\/uploads\/2021\/06\/tick.png\" alt=\"Schnelle Abhebungen\"> Mobile APP-Unterst\u00fctzung, schnelle Auszahlungen.<\/li>\n<li style=\"text-align: left\"><img decoding=\"async\" src=\"https:\/\/www.freebetbest.com\/wp-content\/uploads\/2021\/06\/tick.png\" alt=\"Kundendienst\"> Kundensupport: 365 Tage, 24 Stunden am Tag.<\/li>\n<\/div>\n<\/div>\n<\/div>\n<div class=\"col-md-5\">\n<div class=\"cup-img\"><img decoding=\"async\" src=\"https:\/\/www.freebetbest.com\/wp-content\/uploads\/2021\/06\/Cricket-Betting.png\" alt=\"freebetbest\"><\/div>\n<\/div>\n<\/div>\n","protected":false},"author":1,"featured_media":125026,"parent":0,"menu_order":0,"comment_status":"closed","ping_status":"closed","template":"Sports-template.php","meta":{"footnotes":""},"class_list":["post-130663","page","type-page","status-publish","has-post-thumbnail","hentry"],"yoast_head":"<!-- This site is optimized with the Yoast SEO Premium plugin v19.5 (Yoast SEO v27.0) - https:\/\/yoast.com\/product\/yoast-seo-premium-wordpress\/ -->\n<title>Neuester Golf-Wettbonus<\/title>\n<meta name=\"description\" content=\"Neuester Golf-Wettbonus Beste Online-Buchmacher, bietet Sport, Casino, Poker, Bingo und mobile Wetten, Gratiswette ohne Einzahlung\" \/>\n<meta name=\"robots\" content=\"index, follow, max-snippet:-1, max-image-preview:large, max-video-preview:-1\" \/>\n<link rel=\"canonical\" href=\"https:\/\/www.freebetbest.com\/de\/aktueller-golfwetten-bonus\/\" \/>\n<meta property=\"og:locale\" content=\"de_DE\" \/>\n<meta property=\"og:type\" content=\"article\" \/>\n<meta property=\"og:title\" content=\"Neuester Golf-Wettbonus\" \/>\n<meta property=\"og:description\" content=\"Neuester Golf-Wettbonus Beste Online-Buchmacher, bietet Sport, Casino, Poker, Bingo und mobile Wetten, Gratiswette ohne Einzahlung\" \/>\n<meta property=\"og:url\" content=\"https:\/\/www.freebetbest.com\/de\/aktueller-golfwetten-bonus\/\" \/>\n<meta property=\"og:site_name\" content=\"Gratis Wetten | beste Online Casinos | Sportwetten Bonus\" \/>\n<meta property=\"article:modified_time\" content=\"2021-07-28T17:24:01+00:00\" \/>\n<meta property=\"og:image\" content=\"https:\/\/www.freebetbest.com\/wp-content\/uploads\/2021\/06\/golf-betting-1-scaled.jpg\" \/>\n\t<meta property=\"og:image:width\" content=\"500\" \/>\n\t<meta property=\"og:image:height\" content=\"167\" \/>\n\t<meta property=\"og:image:type\" content=\"image\/jpeg\" \/>\n<meta name=\"twitter:card\" content=\"summary_large_image\" \/>\n<meta name=\"twitter:label1\" content=\"Gesch\u00e4tzte Lesezeit\" \/>\n\t<meta name=\"twitter:data1\" content=\"3\u00a0Minuten\" \/>\n<script type=\"application\/ld+json\" class=\"yoast-schema-graph\">{\"@context\":\"https:\/\/schema.org\",\"@graph\":[{\"@type\":\"WebPage\",\"@id\":\"https:\/\/www.freebetbest.com\/de\/aktueller-golfwetten-bonus\/\",\"url\":\"https:\/\/www.freebetbest.com\/de\/aktueller-golfwetten-bonus\/\",\"name\":\"Neuester Golf-Wettbonus\",\"isPartOf\":{\"@id\":\"https:\/\/www.freebetbest.com\/de\/#website\"},\"primaryImageOfPage\":{\"@id\":\"https:\/\/www.freebetbest.com\/de\/aktueller-golfwetten-bonus\/#primaryimage\"},\"image\":{\"@id\":\"https:\/\/www.freebetbest.com\/de\/aktueller-golfwetten-bonus\/#primaryimage\"},\"thumbnailUrl\":\"https:\/\/www.freebetbest.com\/wp-content\/uploads\/2021\/06\/golf-betting-1-scaled.jpg\",\"datePublished\":\"2021-06-10T07:22:01+00:00\",\"dateModified\":\"2021-07-28T17:24:01+00:00\",\"description\":\"Neuester Golf-Wettbonus Beste Online-Buchmacher, bietet Sport, Casino, Poker, Bingo und mobile Wetten, Gratiswette ohne Einzahlung\",\"breadcrumb\":{\"@id\":\"https:\/\/www.freebetbest.com\/de\/aktueller-golfwetten-bonus\/#breadcrumb\"},\"inLanguage\":\"de\",\"potentialAction\":[{\"@type\":\"ReadAction\",\"target\":[\"https:\/\/www.freebetbest.com\/de\/aktueller-golfwetten-bonus\/\"]}]},{\"@type\":\"ImageObject\",\"inLanguage\":\"de\",\"@id\":\"https:\/\/www.freebetbest.com\/de\/aktueller-golfwetten-bonus\/#primaryimage\",\"url\":\"https:\/\/www.freebetbest.com\/wp-content\/uploads\/2021\/06\/golf-betting-1-scaled.jpg\",\"contentUrl\":\"https:\/\/www.freebetbest.com\/wp-content\/uploads\/2021\/06\/golf-betting-1-scaled.jpg\",\"width\":500,\"height\":167,\"caption\":\"Golfwetten-1\"},{\"@type\":\"BreadcrumbList\",\"@id\":\"https:\/\/www.freebetbest.com\/de\/aktueller-golfwetten-bonus\/#breadcrumb\",\"itemListElement\":[{\"@type\":\"ListItem\",\"position\":1,\"name\":\"Home\",\"item\":\"https:\/\/www.freebetbest.com\/de\/\"},{\"@type\":\"ListItem\",\"position\":2,\"name\":\"Neuester Golf-Wettbonus\"}]},{\"@type\":\"WebSite\",\"@id\":\"https:\/\/www.freebetbest.com\/de\/#website\",\"url\":\"https:\/\/www.freebetbest.com\/de\/\",\"name\":\"Gratis Wetten | beste Online Casinos | Sportwetten Bonus\",\"description\":\"Das beste Online Buchmacher,Das Sportwetten, Casino-, Poker-, Bingo- und Mobilwetten, Online-Casinos, Fu\u00dfballwetten, Ohne Einzahlung Promo-Codes, Das weltweit f\u00fchrende Gl\u00fccksspielportal anbietet.\",\"publisher\":{\"@id\":\"https:\/\/www.freebetbest.com\/de\/#\/schema\/person\/292684ccf388a2362d507874c5b80a69\"},\"potentialAction\":[{\"@type\":\"SearchAction\",\"target\":{\"@type\":\"EntryPoint\",\"urlTemplate\":\"https:\/\/www.freebetbest.com\/de\/?s={search_term_string}\"},\"query-input\":{\"@type\":\"PropertyValueSpecification\",\"valueRequired\":true,\"valueName\":\"search_term_string\"}}],\"inLanguage\":\"de\"},{\"@type\":[\"Person\",\"Organization\"],\"@id\":\"https:\/\/www.freebetbest.com\/de\/#\/schema\/person\/292684ccf388a2362d507874c5b80a69\",\"name\":\"\u7ba1\u7406\",\"image\":{\"@type\":\"ImageObject\",\"inLanguage\":\"de\",\"@id\":\"https:\/\/www.freebetbest.com\/de\/#\/schema\/person\/image\/\",\"url\":\"https:\/\/www.freebetbest.com\/wp-content\/litespeed\/avatar\/49696b52fb15293a2168c14964fdd8b9.jpg?ver=1778044739\",\"contentUrl\":\"https:\/\/www.freebetbest.com\/wp-content\/litespeed\/avatar\/49696b52fb15293a2168c14964fdd8b9.jpg?ver=1778044739\",\"caption\":\"\u7ba1\u7406\"},\"logo\":{\"@id\":\"https:\/\/www.freebetbest.com\/de\/#\/schema\/person\/image\/\"},\"sameAs\":[\"admin\"]}]}<\/script>\n<!-- \/ Yoast SEO Premium plugin. -->","yoast_head_json":{"title":"Neuester Golf-Wettbonus","description":"Neuester Golf-Wettbonus Beste Online-Buchmacher, bietet Sport, Casino, Poker, Bingo und mobile Wetten, Gratiswette ohne Einzahlung","robots":{"index":"index","follow":"follow","max-snippet":"max-snippet:-1","max-image-preview":"max-image-preview:large","max-video-preview":"max-video-preview:-1"},"canonical":"https:\/\/www.freebetbest.com\/de\/aktueller-golfwetten-bonus\/","og_locale":"de_DE","og_type":"article","og_title":"Neuester Golf-Wettbonus","og_description":"Neuester Golf-Wettbonus Beste Online-Buchmacher, bietet Sport, Casino, Poker, Bingo und mobile Wetten, Gratiswette ohne Einzahlung","og_url":"https:\/\/www.freebetbest.com\/de\/aktueller-golfwetten-bonus\/","og_site_name":"Gratis Wetten | beste Online Casinos | Sportwetten Bonus","article_modified_time":"2021-07-28T17:24:01+00:00","og_image":[{"width":500,"height":167,"url":"https:\/\/www.freebetbest.com\/wp-content\/uploads\/2021\/06\/golf-betting-1-scaled.jpg","type":"image\/jpeg"}],"twitter_card":"summary_large_image","twitter_misc":{"Gesch\u00e4tzte Lesezeit":"3\u00a0Minuten"},"schema":{"@context":"https:\/\/schema.org","@graph":[{"@type":"WebPage","@id":"https:\/\/www.freebetbest.com\/de\/aktueller-golfwetten-bonus\/","url":"https:\/\/www.freebetbest.com\/de\/aktueller-golfwetten-bonus\/","name":"Neuester Golf-Wettbonus","isPartOf":{"@id":"https:\/\/www.freebetbest.com\/de\/#website"},"primaryImageOfPage":{"@id":"https:\/\/www.freebetbest.com\/de\/aktueller-golfwetten-bonus\/#primaryimage"},"image":{"@id":"https:\/\/www.freebetbest.com\/de\/aktueller-golfwetten-bonus\/#primaryimage"},"thumbnailUrl":"https:\/\/www.freebetbest.com\/wp-content\/uploads\/2021\/06\/golf-betting-1-scaled.jpg","datePublished":"2021-06-10T07:22:01+00:00","dateModified":"2021-07-28T17:24:01+00:00","description":"Neuester Golf-Wettbonus Beste Online-Buchmacher, bietet Sport, Casino, Poker, Bingo und mobile Wetten, Gratiswette ohne Einzahlung","breadcrumb":{"@id":"https:\/\/www.freebetbest.com\/de\/aktueller-golfwetten-bonus\/#breadcrumb"},"inLanguage":"de","potentialAction":[{"@type":"ReadAction","target":["https:\/\/www.freebetbest.com\/de\/aktueller-golfwetten-bonus\/"]}]},{"@type":"ImageObject","inLanguage":"de","@id":"https:\/\/www.freebetbest.com\/de\/aktueller-golfwetten-bonus\/#primaryimage","url":"https:\/\/www.freebetbest.com\/wp-content\/uploads\/2021\/06\/golf-betting-1-scaled.jpg","contentUrl":"https:\/\/www.freebetbest.com\/wp-content\/uploads\/2021\/06\/golf-betting-1-scaled.jpg","width":500,"height":167,"caption":"Golfwetten-1"},{"@type":"BreadcrumbList","@id":"https:\/\/www.freebetbest.com\/de\/aktueller-golfwetten-bonus\/#breadcrumb","itemListElement":[{"@type":"ListItem","position":1,"name":"Home","item":"https:\/\/www.freebetbest.com\/de\/"},{"@type":"ListItem","position":2,"name":"Neuester Golf-Wettbonus"}]},{"@type":"WebSite","@id":"https:\/\/www.freebetbest.com\/de\/#website","url":"https:\/\/www.freebetbest.com\/de\/","name":"Gratis Wetten | beste Online Casinos | Sportwetten Bonus","description":"Das beste Online Buchmacher,Das Sportwetten, Casino-, Poker-, Bingo- und Mobilwetten, Online-Casinos, Fu\u00dfballwetten, Ohne Einzahlung Promo-Codes, Das weltweit f\u00fchrende Gl\u00fccksspielportal anbietet.","publisher":{"@id":"https:\/\/www.freebetbest.com\/de\/#\/schema\/person\/292684ccf388a2362d507874c5b80a69"},"potentialAction":[{"@type":"SearchAction","target":{"@type":"EntryPoint","urlTemplate":"https:\/\/www.freebetbest.com\/de\/?s={search_term_string}"},"query-input":{"@type":"PropertyValueSpecification","valueRequired":true,"valueName":"search_term_string"}}],"inLanguage":"de"},{"@type":["Person","Organization"],"@id":"https:\/\/www.freebetbest.com\/de\/#\/schema\/person\/292684ccf388a2362d507874c5b80a69","name":"\u7ba1\u7406","image":{"@type":"ImageObject","inLanguage":"de","@id":"https:\/\/www.freebetbest.com\/de\/#\/schema\/person\/image\/","url":"https:\/\/www.freebetbest.com\/wp-content\/litespeed\/avatar\/49696b52fb15293a2168c14964fdd8b9.jpg?ver=1778044739","contentUrl":"https:\/\/www.freebetbest.com\/wp-content\/litespeed\/avatar\/49696b52fb15293a2168c14964fdd8b9.jpg?ver=1778044739","caption":"\u7ba1\u7406"},"logo":{"@id":"https:\/\/www.freebetbest.com\/de\/#\/schema\/person\/image\/"},"sameAs":["admin"]}]}},"_links":{"self":[{"href":"https:\/\/www.freebetbest.com\/de\/wp-json\/wp\/v2\/pages\/130663","targetHints":{"allow":["GET"]}}],"collection":[{"href":"https:\/\/www.freebetbest.com\/de\/wp-json\/wp\/v2\/pages"}],"about":[{"href":"https:\/\/www.freebetbest.com\/de\/wp-json\/wp\/v2\/types\/page"}],"author":[{"embeddable":true,"href":"https:\/\/www.freebetbest.com\/de\/wp-json\/wp\/v2\/users\/1"}],"replies":[{"embeddable":true,"href":"https:\/\/www.freebetbest.com\/de\/wp-json\/wp\/v2\/comments?post=130663"}],"version-history":[{"count":0,"href":"https:\/\/www.freebetbest.com\/de\/wp-json\/wp\/v2\/pages\/130663\/revisions"}],"wp:featuredmedia":[{"embeddable":true,"href":"https:\/\/www.freebetbest.com\/de\/wp-json\/wp\/v2\/media\/125026"}],"wp:attachment":[{"href":"https:\/\/www.freebetbest.com\/de\/wp-json\/wp\/v2\/media?parent=130663"}],"curies":[{"name":"wp","href":"https:\/\/api.w.org\/{rel}","templated":true}]}}