{"id":130550,"date":"2021-06-12T05:16:37","date_gmt":"2021-06-12T05:16:37","guid":{"rendered":"https:\/\/www.freebetbest.com\/neuester-gratiswetten-bonus\/"},"modified":"2021-07-29T10:52:18","modified_gmt":"2021-07-29T10:52:18","slug":"neuester-gratis-wettbonus","status":"publish","type":"page","link":"https:\/\/www.freebetbest.com\/de\/neuester-gratis-wettbonus\/","title":{"rendered":"Neuester Gratis-Wettbonus"},"content":{"rendered":"<h3>Kostenloser Wettf\u00fchrer. Neuester Gratis-Wettbonus<\/h3>\n<p>Ob Sie ein Anf\u00e4nger sind. Oder ein erfahrener Wetter, es ist kein Problem, Sie finden es auf unserer Website. Finde Hunderte von Schwergewichten<a href=\"https:\/\/www.freebetsinfo.co.uk\/asia-bookmakers\/\"> Kostenlose Wetten<\/a> .<\/p>\n<h3>Was genau sind Gratiswetten?<\/h3>\n<p>Buchmacher bieten Gratiswetten als Vertrag mit ihnen an. Oder ein Preis der Treue zu ihnen. Betrachten Sie den Buchmacher. Es gibt viele Rabatte f\u00fcr Sie, nicht alle sind verf\u00fcgbar. Sie gilt als Gratiswette. Kostenlose Sch\u00e4tzungen sind wie im Titel angegeben und dienen nur zu Wettzwecken. Neuester Gratis-Wettbonus und die Anzahl der bereitgestellten kostenlosen Credits.<\/p>\n<p>F\u00fcr weitere Informationen, die durch Gl\u00fccksspiele bereitgestellt werden, wie z. B. Wetterh\u00f6hungen und -verbesserungen, stellen Sie bitte Informationen \u00fcber unser Gl\u00fccksspiel bereit.<\/p>\n<h3>Arten des neuesten kostenlosen Wettbonus<\/h3>\n<p>Passende Gratiswetten \u2013 Der Buchmacher bietet Ihnen eine Gratiswette an, die Ihrem urspr\u00fcnglichen Wettlevel entspricht.<\/p>\n<p>Kostenlose Wetten ohne Einzahlung. Der Buchmacher stellt Ihnen Gratiswetten zur Verf\u00fcgung, ohne dass Sie Geld investieren m\u00fcssen.<\/p>\n<p>Bonus aufladen. Der Buchmacher fragt nur das Konto. Geben Sie zus\u00e4tzliche Punkte an. Als v\u00f6llig kostenlose Option dreht es sich normalerweise um ernsthafte Show-Off-Events.<\/p>\n<p>Wetten ohne Risiko. Der Buchmacher wird. Die Anzahl Ihrer realen Optionen ist Ihnen zuzurechnen und Sie k\u00f6nnen kostenlos erraten, ob sie gefallen ist.<\/p>\n<p>Werden Sie eine qualifizierte kostenlose Wette. Berechtigte Gratiswetten. Dies kann sowohl f\u00fcr Neu- als auch f\u00fcr Bestandskunden erfolgen, und es m\u00fcssen bestimmte Standards erf\u00fcllt werden. Fazit: Um Gratiswetten zu bekommen. Die h\u00e4ufigste Situation ist, dass Sie bei Mehrfachwetten kostenlos wetten k\u00f6nnen.<\/p>\n<h3>Finden Sie das beste Neueste Kostenlos<a href=\"https:\/\/www.freebetbest.com\/de\/wettseiten\/\"> Wettbonus<\/a><\/h3>\n<p>Sie sind am besten Ort. Wir haben eine unglaubliche Sammlung von UK-Gratiswetten.<\/p>\n<p>Wenn Sie sich v\u00f6llig kostenlose Wetten ansehen, welche sollten Sie \u00fcberpr\u00fcfen. Kostenlose Wetten sind das Beste f\u00fcr Sie. Wie viel m\u00fcssen Sie beispielsweise investieren? Das macht normalerweise der Buchmacher. Gratiswetten werden verwendet, um Ihre anf\u00e4ngliche Anzahlung zu erf\u00fcllen.<\/p>\n<h3>Gratiswetten f\u00fcr Neukunden<\/h3>\n<p>Die meisten Gratiswetten. Nur f\u00fcr ganz neue K\u00e4ufer, was f\u00fcr viele Gl\u00fccksspiellieferungen gilt. Nat\u00fcrlich ist es richtig. Der Kunde hat sich eine gute Wahl gestellt. Jeder Benutzer kann es zumindest f\u00fcr sich selbst bereitstellen. Ein kostenloses Sch\u00e4tzungsangebot. Zusammenfassend k\u00f6nnen Sie sogar mehrere ausw\u00e4hlen.<\/p>\n<h3>Gratiswetten f\u00fcr Bestandskunden<\/h3>\n<p>Kostenlose Lieferungen f\u00fcr aktuelle Verbraucher sind weniger verbreitet, aber sie sind auf dem Markt &#8211; wir konzentrieren uns hier auf sie.<\/p>\n<p>Es gibt andere v\u00f6llig kostenlose Wetten, die auf Ihrer Kundentreue wie einem Verbraucher basieren. Wenn Sie sich bereits f\u00fcr ein neues Bankkonto registriert haben, gehen Sie nicht davon aus, dass dies das Ergebnis ist. Loyalit\u00e4t wird Sie weiterhin belohnen.<\/p>\n<p>Gratiswetten auf Events<\/p>\n<p>Es gibt viele kostenlose Wetten, v\u00f6llig kostenlose Wetten. Wenn Sie sich also f\u00fcr eine gro\u00dfe Ankleidefeier begeistern, werden Sie wahrscheinlich eine kostenlos erraten!<\/p>\n<p>Zusammenfassend ist die Wahrheit, dass Wetten manchmal v\u00f6llig kostenlos sind. Kann bei gro\u00dfen Sportwetten-Events sein. Noch verlockender, also bitte immer nachschauen. Die neuesten Gratiswetten.<\/p>\n<h3>Kostenlose Wettbestimmungen<\/h3>\n<p>Bevor Sie sich f\u00fcr kostenlose Wetten registrieren, stellen Sie bitte sicher, dass Sie diese kleinen Produkte sehen, damit Sie sie vollst\u00e4ndig verstehen k\u00f6nnen. Was beginnst du zu verwenden. Muss aufpassen. Das Wichtigste ist, dass in der Regel die kostenlose Option erforderlich ist. Sie zahlen US-Dollar ein und raten, bevor Sie sich f\u00fcr die kostenlose Option qualifizieren.<\/p>\n<p>Sie m\u00fcssen Dinge ber\u00fccksichtigen wie. Dinge wie die niedrigsten Quoten. Viele Gratiswetten. Es wird erwartet, dass Sie auf das Ergebnis zu einem bestimmten Preis wetten.<\/p>\n<p>Sobald die kostenlose Option endet, kann sie auch das Lernen kompensieren. Fazit: Manchmal kann die Gratiswette nur ein paar Tage dauern.<\/p>\n<h3>Kostenlose Wetten in Cheltenham<\/h3>\n<p>Niemals verlieren. Ideale Gratiswetten auf Cheltenham, wie den Cheltenham Rare Metal Cup.<\/p>\n<p>Wenn das Festival n\u00e4her r\u00fcckt, bringen wir Ihnen das Beste von allem. Kostenlose Wetten und Spielgeschenke, die Ihnen helfen, sich einen Vorteil beim Buchmacher zu verschaffen.<\/p>\n<p>Nach der Feier ist jeder Buchmacher begierig auf Ihr Gesch\u00e4ft, was bedeutet, dass es etwas Leckeres gibt. Kostenlose Wetten und Wettangebote.<\/p>\n<p>Das Angebot jedes Buchmachers ist anders, aber Sie haben eine gro\u00dfe Anzahl von Gratiswetten f\u00fcr Neukunden zur Verf\u00fcgung.<\/p>\n<p>Und wenn Sie bereits Kunde sind, machen Sie sich keine Sorgen. Denn sie werden in Cheltenham einen weiteren besonderen Aufwand betreiben. Fazit: Exzellenter Bestandskundenservice.<\/p>\n<h3>Riesige Bundes-Gratiswetten<\/h3>\n<p>Eine der gr\u00f6\u00dften Versammlungen im gesamten Rennkalender zieht nicht nur begeisterte verstorbene Fans an, sondern das ganze Land ist riesig.<\/p>\n<p>Zusammenfassend l\u00e4sst sich sagen, ob Sie ein erfahrener Spieler sind. Es kann immer noch ein erstmaliger Wetter sein, wir werden sie alle hier zur Verf\u00fcgung stellen. Die besten Gratiswetten und Wetten stehen Ihnen jederzeit zur Verf\u00fcgung. Unglaublicher Registrierungsservice.<\/p>\n<p><!-- \/wp:post-content --><\/p>\n<p><!-- wp:heading {\"level\":4} \/--><\/p>\n","protected":false},"excerpt":{"rendered":"<p>Wir haben die vertrauensw\u00fcrdigsten Online-Buchmacher der Welt zusammengestellt, bei denen Sie Ersteinzahlungsboni und Boni ohne Einzahlung, die neuesten Angebote und Werbeaktionen finden. <\/p>\n<div class=\"hero-cup-section\">\n<div class=\"row mb-4\">\n<div class=\"col-md-7\">\n<div class=\"section-area\">\n<div class=\"section-list\">\n<li style=\"text-align: left\"><img decoding=\"async\" src=\"https:\/\/www.freebetbest.com\/wp-content\/uploads\/2021\/06\/tick.png\" alt=\"Sport\"> Willkommensbonus im Sportcasino.<\/li>\n<li style=\"text-align: left\"><img decoding=\"async\" src=\"https:\/\/www.freebetbest.com\/wp-content\/uploads\/2021\/06\/tick.png\" alt=\"Spieleangebote\"> Angebote und Aktionen von Online-Buchmachern.<\/li>\n<li style=\"text-align: left\"><img decoding=\"async\" src=\"https:\/\/www.freebetbest.com\/wp-content\/uploads\/2021\/06\/tick.png\" alt=\"Spieleangebote\"> Die besten Online-Buchmacher, denen Sie vertrauen k\u00f6nnen.<\/li>\n<li style=\"text-align: left\"><img decoding=\"async\" src=\"https:\/\/www.freebetbest.com\/wp-content\/uploads\/2021\/06\/tick.png\" alt=\"Ma\u00dfgebend\"> Ma\u00dfgebliche \u00dcberpr\u00fcfung Sicher zuverl\u00e4ssig.<\/li>\n<li style=\"text-align: left\"><img decoding=\"async\" src=\"https:\/\/www.freebetbest.com\/wp-content\/uploads\/2021\/06\/tick.png\" alt=\"Schnelle Abhebungen\"> Mobile APP-Unterst\u00fctzung, schnelle Auszahlungen.<\/li>\n<li style=\"text-align: left\"><img decoding=\"async\" src=\"https:\/\/www.freebetbest.com\/wp-content\/uploads\/2021\/06\/tick.png\" alt=\"Kundendienst\"> Kundensupport: 365 Tage, 24 Stunden am Tag.<\/li>\n<\/div>\n<\/div>\n<\/div>\n<div class=\"col-md-5\">\n<div class=\"cup-img\"><img decoding=\"async\" src=\"https:\/\/www.freebetbest.com\/wp-content\/uploads\/2021\/06\/freebetsinfo.png\" alt=\"freebetbest\"><\/div>\n<\/div>\n<\/div>\n","protected":false},"author":1,"featured_media":125269,"parent":0,"menu_order":0,"comment_status":"closed","ping_status":"closed","template":"free-template.php","meta":{"footnotes":""},"class_list":["post-130550","page","type-page","status-publish","has-post-thumbnail","hentry"],"yoast_head":"<!-- This site is optimized with the Yoast SEO Premium plugin v19.5 (Yoast SEO v27.0) - https:\/\/yoast.com\/product\/yoast-seo-premium-wordpress\/ -->\n<title>Neuester Gratis-Wettbonus , Beste Gratiswetten. Erhalten Sie kostenlose Wettboni.<\/title>\n<meta name=\"description\" content=\"Neuester Gratis-Wettbonus , Beste Gratiswetten. Erhalten Sie kostenlose Wettboni. Die h\u00f6chsten Willkommensboni Exklusiver Willkommensbonus Sport oder Casino.\" \/>\n<meta name=\"robots\" content=\"index, follow, max-snippet:-1, max-image-preview:large, max-video-preview:-1\" \/>\n<link rel=\"canonical\" href=\"https:\/\/www.freebetbest.com\/de\/neuester-gratis-wettbonus\/\" \/>\n<meta property=\"og:locale\" content=\"de_DE\" \/>\n<meta property=\"og:type\" content=\"article\" \/>\n<meta property=\"og:title\" content=\"Neuester Gratis-Wettbonus\" \/>\n<meta property=\"og:description\" content=\"Neuester Gratis-Wettbonus , Beste Gratiswetten. Erhalten Sie kostenlose Wettboni. Die h\u00f6chsten Willkommensboni Exklusiver Willkommensbonus Sport oder Casino.\" \/>\n<meta property=\"og:url\" content=\"https:\/\/www.freebetbest.com\/de\/neuester-gratis-wettbonus\/\" \/>\n<meta property=\"og:site_name\" content=\"Gratis Wetten | beste Online Casinos | Sportwetten Bonus\" \/>\n<meta property=\"article:modified_time\" content=\"2021-07-29T10:52:18+00:00\" \/>\n<meta property=\"og:image\" content=\"https:\/\/www.freebetbest.com\/wp-content\/uploads\/2021\/06\/Bookmakers-scaled.jpg\" \/>\n\t<meta property=\"og:image:width\" content=\"417\" \/>\n\t<meta property=\"og:image:height\" content=\"180\" \/>\n\t<meta property=\"og:image:type\" content=\"image\/jpeg\" \/>\n<meta name=\"twitter:card\" content=\"summary_large_image\" \/>\n<meta name=\"twitter:label1\" content=\"Gesch\u00e4tzte Lesezeit\" \/>\n\t<meta name=\"twitter:data1\" content=\"4\u00a0Minuten\" \/>\n<script type=\"application\/ld+json\" class=\"yoast-schema-graph\">{\"@context\":\"https:\/\/schema.org\",\"@graph\":[{\"@type\":\"WebPage\",\"@id\":\"https:\/\/www.freebetbest.com\/de\/neuester-gratis-wettbonus\/\",\"url\":\"https:\/\/www.freebetbest.com\/de\/neuester-gratis-wettbonus\/\",\"name\":\"Neuester Gratis-Wettbonus , Beste Gratiswetten. Erhalten Sie kostenlose Wettboni.\",\"isPartOf\":{\"@id\":\"https:\/\/www.freebetbest.com\/de\/#website\"},\"primaryImageOfPage\":{\"@id\":\"https:\/\/www.freebetbest.com\/de\/neuester-gratis-wettbonus\/#primaryimage\"},\"image\":{\"@id\":\"https:\/\/www.freebetbest.com\/de\/neuester-gratis-wettbonus\/#primaryimage\"},\"thumbnailUrl\":\"https:\/\/www.freebetbest.com\/wp-content\/uploads\/2021\/06\/Bookmakers-scaled.jpg\",\"datePublished\":\"2021-06-12T05:16:37+00:00\",\"dateModified\":\"2021-07-29T10:52:18+00:00\",\"description\":\"Neuester Gratis-Wettbonus , Beste Gratiswetten. Erhalten Sie kostenlose Wettboni. Die h\u00f6chsten Willkommensboni Exklusiver Willkommensbonus Sport oder Casino.\",\"breadcrumb\":{\"@id\":\"https:\/\/www.freebetbest.com\/de\/neuester-gratis-wettbonus\/#breadcrumb\"},\"inLanguage\":\"de\",\"potentialAction\":[{\"@type\":\"ReadAction\",\"target\":[\"https:\/\/www.freebetbest.com\/de\/neuester-gratis-wettbonus\/\"]}]},{\"@type\":\"ImageObject\",\"inLanguage\":\"de\",\"@id\":\"https:\/\/www.freebetbest.com\/de\/neuester-gratis-wettbonus\/#primaryimage\",\"url\":\"https:\/\/www.freebetbest.com\/wp-content\/uploads\/2021\/06\/Bookmakers-scaled.jpg\",\"contentUrl\":\"https:\/\/www.freebetbest.com\/wp-content\/uploads\/2021\/06\/Bookmakers-scaled.jpg\",\"width\":417,\"height\":180,\"caption\":\"China-Buchmacher-Bonus\"},{\"@type\":\"BreadcrumbList\",\"@id\":\"https:\/\/www.freebetbest.com\/de\/neuester-gratis-wettbonus\/#breadcrumb\",\"itemListElement\":[{\"@type\":\"ListItem\",\"position\":1,\"name\":\"Home\",\"item\":\"https:\/\/www.freebetbest.com\/de\/\"},{\"@type\":\"ListItem\",\"position\":2,\"name\":\"Neuester Gratis-Wettbonus\"}]},{\"@type\":\"WebSite\",\"@id\":\"https:\/\/www.freebetbest.com\/de\/#website\",\"url\":\"https:\/\/www.freebetbest.com\/de\/\",\"name\":\"Gratis Wetten | beste Online Casinos | Sportwetten Bonus\",\"description\":\"Das beste Online Buchmacher,Das Sportwetten, Casino-, Poker-, Bingo- und Mobilwetten, Online-Casinos, Fu\u00dfballwetten, Ohne Einzahlung Promo-Codes, Das weltweit f\u00fchrende Gl\u00fccksspielportal anbietet.\",\"publisher\":{\"@id\":\"https:\/\/www.freebetbest.com\/de\/#\/schema\/person\/292684ccf388a2362d507874c5b80a69\"},\"potentialAction\":[{\"@type\":\"SearchAction\",\"target\":{\"@type\":\"EntryPoint\",\"urlTemplate\":\"https:\/\/www.freebetbest.com\/de\/?s={search_term_string}\"},\"query-input\":{\"@type\":\"PropertyValueSpecification\",\"valueRequired\":true,\"valueName\":\"search_term_string\"}}],\"inLanguage\":\"de\"},{\"@type\":[\"Person\",\"Organization\"],\"@id\":\"https:\/\/www.freebetbest.com\/de\/#\/schema\/person\/292684ccf388a2362d507874c5b80a69\",\"name\":\"\u7ba1\u7406\",\"image\":{\"@type\":\"ImageObject\",\"inLanguage\":\"de\",\"@id\":\"https:\/\/www.freebetbest.com\/de\/#\/schema\/person\/image\/\",\"url\":\"https:\/\/www.freebetbest.com\/wp-content\/litespeed\/avatar\/49696b52fb15293a2168c14964fdd8b9.jpg?ver=1777439934\",\"contentUrl\":\"https:\/\/www.freebetbest.com\/wp-content\/litespeed\/avatar\/49696b52fb15293a2168c14964fdd8b9.jpg?ver=1777439934\",\"caption\":\"\u7ba1\u7406\"},\"logo\":{\"@id\":\"https:\/\/www.freebetbest.com\/de\/#\/schema\/person\/image\/\"},\"sameAs\":[\"admin\"]}]}<\/script>\n<!-- \/ Yoast SEO Premium plugin. -->","yoast_head_json":{"title":"Neuester Gratis-Wettbonus , Beste Gratiswetten. Erhalten Sie kostenlose Wettboni.","description":"Neuester Gratis-Wettbonus , Beste Gratiswetten. Erhalten Sie kostenlose Wettboni. Die h\u00f6chsten Willkommensboni Exklusiver Willkommensbonus Sport oder Casino.","robots":{"index":"index","follow":"follow","max-snippet":"max-snippet:-1","max-image-preview":"max-image-preview:large","max-video-preview":"max-video-preview:-1"},"canonical":"https:\/\/www.freebetbest.com\/de\/neuester-gratis-wettbonus\/","og_locale":"de_DE","og_type":"article","og_title":"Neuester Gratis-Wettbonus","og_description":"Neuester Gratis-Wettbonus , Beste Gratiswetten. Erhalten Sie kostenlose Wettboni. Die h\u00f6chsten Willkommensboni Exklusiver Willkommensbonus Sport oder Casino.","og_url":"https:\/\/www.freebetbest.com\/de\/neuester-gratis-wettbonus\/","og_site_name":"Gratis Wetten | beste Online Casinos | Sportwetten Bonus","article_modified_time":"2021-07-29T10:52:18+00:00","og_image":[{"width":417,"height":180,"url":"https:\/\/www.freebetbest.com\/wp-content\/uploads\/2021\/06\/Bookmakers-scaled.jpg","type":"image\/jpeg"}],"twitter_card":"summary_large_image","twitter_misc":{"Gesch\u00e4tzte Lesezeit":"4\u00a0Minuten"},"schema":{"@context":"https:\/\/schema.org","@graph":[{"@type":"WebPage","@id":"https:\/\/www.freebetbest.com\/de\/neuester-gratis-wettbonus\/","url":"https:\/\/www.freebetbest.com\/de\/neuester-gratis-wettbonus\/","name":"Neuester Gratis-Wettbonus , Beste Gratiswetten. Erhalten Sie kostenlose Wettboni.","isPartOf":{"@id":"https:\/\/www.freebetbest.com\/de\/#website"},"primaryImageOfPage":{"@id":"https:\/\/www.freebetbest.com\/de\/neuester-gratis-wettbonus\/#primaryimage"},"image":{"@id":"https:\/\/www.freebetbest.com\/de\/neuester-gratis-wettbonus\/#primaryimage"},"thumbnailUrl":"https:\/\/www.freebetbest.com\/wp-content\/uploads\/2021\/06\/Bookmakers-scaled.jpg","datePublished":"2021-06-12T05:16:37+00:00","dateModified":"2021-07-29T10:52:18+00:00","description":"Neuester Gratis-Wettbonus , Beste Gratiswetten. Erhalten Sie kostenlose Wettboni. Die h\u00f6chsten Willkommensboni Exklusiver Willkommensbonus Sport oder Casino.","breadcrumb":{"@id":"https:\/\/www.freebetbest.com\/de\/neuester-gratis-wettbonus\/#breadcrumb"},"inLanguage":"de","potentialAction":[{"@type":"ReadAction","target":["https:\/\/www.freebetbest.com\/de\/neuester-gratis-wettbonus\/"]}]},{"@type":"ImageObject","inLanguage":"de","@id":"https:\/\/www.freebetbest.com\/de\/neuester-gratis-wettbonus\/#primaryimage","url":"https:\/\/www.freebetbest.com\/wp-content\/uploads\/2021\/06\/Bookmakers-scaled.jpg","contentUrl":"https:\/\/www.freebetbest.com\/wp-content\/uploads\/2021\/06\/Bookmakers-scaled.jpg","width":417,"height":180,"caption":"China-Buchmacher-Bonus"},{"@type":"BreadcrumbList","@id":"https:\/\/www.freebetbest.com\/de\/neuester-gratis-wettbonus\/#breadcrumb","itemListElement":[{"@type":"ListItem","position":1,"name":"Home","item":"https:\/\/www.freebetbest.com\/de\/"},{"@type":"ListItem","position":2,"name":"Neuester Gratis-Wettbonus"}]},{"@type":"WebSite","@id":"https:\/\/www.freebetbest.com\/de\/#website","url":"https:\/\/www.freebetbest.com\/de\/","name":"Gratis Wetten | beste Online Casinos | Sportwetten Bonus","description":"Das beste Online Buchmacher,Das Sportwetten, Casino-, Poker-, Bingo- und Mobilwetten, Online-Casinos, Fu\u00dfballwetten, Ohne Einzahlung Promo-Codes, Das weltweit f\u00fchrende Gl\u00fccksspielportal anbietet.","publisher":{"@id":"https:\/\/www.freebetbest.com\/de\/#\/schema\/person\/292684ccf388a2362d507874c5b80a69"},"potentialAction":[{"@type":"SearchAction","target":{"@type":"EntryPoint","urlTemplate":"https:\/\/www.freebetbest.com\/de\/?s={search_term_string}"},"query-input":{"@type":"PropertyValueSpecification","valueRequired":true,"valueName":"search_term_string"}}],"inLanguage":"de"},{"@type":["Person","Organization"],"@id":"https:\/\/www.freebetbest.com\/de\/#\/schema\/person\/292684ccf388a2362d507874c5b80a69","name":"\u7ba1\u7406","image":{"@type":"ImageObject","inLanguage":"de","@id":"https:\/\/www.freebetbest.com\/de\/#\/schema\/person\/image\/","url":"https:\/\/www.freebetbest.com\/wp-content\/litespeed\/avatar\/49696b52fb15293a2168c14964fdd8b9.jpg?ver=1777439934","contentUrl":"https:\/\/www.freebetbest.com\/wp-content\/litespeed\/avatar\/49696b52fb15293a2168c14964fdd8b9.jpg?ver=1777439934","caption":"\u7ba1\u7406"},"logo":{"@id":"https:\/\/www.freebetbest.com\/de\/#\/schema\/person\/image\/"},"sameAs":["admin"]}]}},"_links":{"self":[{"href":"https:\/\/www.freebetbest.com\/de\/wp-json\/wp\/v2\/pages\/130550","targetHints":{"allow":["GET"]}}],"collection":[{"href":"https:\/\/www.freebetbest.com\/de\/wp-json\/wp\/v2\/pages"}],"about":[{"href":"https:\/\/www.freebetbest.com\/de\/wp-json\/wp\/v2\/types\/page"}],"author":[{"embeddable":true,"href":"https:\/\/www.freebetbest.com\/de\/wp-json\/wp\/v2\/users\/1"}],"replies":[{"embeddable":true,"href":"https:\/\/www.freebetbest.com\/de\/wp-json\/wp\/v2\/comments?post=130550"}],"version-history":[{"count":0,"href":"https:\/\/www.freebetbest.com\/de\/wp-json\/wp\/v2\/pages\/130550\/revisions"}],"wp:featuredmedia":[{"embeddable":true,"href":"https:\/\/www.freebetbest.com\/de\/wp-json\/wp\/v2\/media\/125269"}],"wp:attachment":[{"href":"https:\/\/www.freebetbest.com\/de\/wp-json\/wp\/v2\/media?parent=130550"}],"curies":[{"name":"wp","href":"https:\/\/api.w.org\/{rel}","templated":true}]}}