{"id":130312,"date":"2021-06-10T07:19:25","date_gmt":"2021-06-10T07:19:25","guid":{"rendered":"https:\/\/www.freebetbest.com\/neuester-boxwetten-bonus\/"},"modified":"2021-07-28T17:18:10","modified_gmt":"2021-07-28T17:18:10","slug":"neuester-boxwetten-bonus","status":"publish","type":"page","link":"https:\/\/www.freebetbest.com\/de\/neuester-boxwetten-bonus\/","title":{"rendered":"Neuester Box-Wettbonus"},"content":{"rendered":"<h3>Neuester Box-Wettbonus<\/h3>\n<p>F\u00fcr die auf der Website. F\u00fcr diejenigen, die nach der besten autorisierten Wettkampf-Website suchen, ist Boxen in der Tat eine sehr beliebte Wahl. Boxen ist in der Tat ein globaler Sport mit Gegnern aus der ganzen Welt, daher sind Wettende in fast jeder Ecke der Umgebung interessiert und ziehen es in Betracht. Dies liegt daran, dass der neueste Boxwetten-Bonus viele Rabatte und Werbeaktionen bietet.<\/p>\n<p>Buchmacher auf der besten Box-Website. Wetten auf einfache Effekte, wie zum Beispiel einen kompletten Sieg. Wie und schwierigere Entscheidungen, verschiedene Runden oder Boxenlandungen.<\/p>\n<h3>Diskutieren Sie Box-Gl\u00fccksspiele im Internet<\/h3>\n<p>Buchmacher bieten Boxoptionen mit amerikanischen Quoten an. Gewinnen oder verlieren. Neuester Box-Wettbonus, der f\u00fcr den Kampf verwendet wird. Normalerweise drei Zahlen, sie zeigen genau eine Person. Wie viel Rendite Sie mit profitablen Wetten erzielen k\u00f6nnen.<\/p>\n<p>Eine negative Zahl bedeutet einen Boxer, der \u00fcberwinden m\u00f6chte und einen Gewinn von 100 $ erzielt. Der Betrag, der gesetzt werden muss. Die optimistische Zahl ist der Buchmacher. Der im Spiel betrachtete Verlierer ist der Gewinn, den eine Person gewinnt, wenn sie 100 $ setzt.<\/p>\n<h3>Damit Sie diesen Kampf gewinnen k\u00f6nnen Neuester Box-Wettbonus .<\/h3>\n<p>Um einen Gewinn von 100 $ zu erzielen, m\u00fcssen Sie 450 $ auf Mayweather setzen. Um bei der Wette f\u00fcr McGregor $300 gewinnen zu k\u00f6nnen, sollten $100 auf McGregor gesetzt werden. Am Ende, wenn das Spiel unentschieden endet, wird ein Einsatz von 100 $ einen Gewinn von 1.600 $ erzielen.<\/p>\n<h3>Was ist die beste Box-Gl\u00fccksspielseite?<\/h3>\n<p>Finden Sie die beste Website, um Boxen zu w\u00e4hlen. Es geht darum, die Chancen verschiedener zu vergleichen<a href=\"https:\/\/www.freebetbest.com\/de\/china-buchmacher-bonus\/\"> Buchmacher<\/a> um das beste Ergebnis zu ermitteln, um die Wette zu gewinnen. In der kommenden Situation k\u00f6nnen die Quoten stark variieren, also finden Sie die besten Online-Zusammenfassungen. Jede andere Art von Online-Shopping ist sehr \u00e4hnlich.<\/p>\n<p>Dar\u00fcber hinaus bieten einige Buchmacher verschiedene Wettoptionen f\u00fcr das bevorstehende Gefecht an. Abschlie\u00dfend z\u00e4hlen verschiedene Themen wie zum Beispiel, ob das Gefecht durchgef\u00fchrt werden soll und wie man das Gefecht gewinnt. Die Anzahl der vollst\u00e4ndigen Runden der Schlacht.<\/p>\n<p>Die Quoten dieser Art von Wetten. Bietet eine h\u00f6here Gewinnspanne, da es sich um selektivere Wetten handelt, nicht nur um eine einfache Wahl. Fazit: Welcher Boxer gewinnt die Runde.<\/p>\n<h3>Neuester Boxbonus<\/h3>\n<p>In den Sommermonaten wird es immer ein paar gro\u00dfe Schlachten geben, also k\u00f6nnen wir es wirklich kaum erwarten. Sie m\u00f6chten eine Wette platzieren.<\/p>\n<p>Bevor wir es erhielten, und von verschiedenen Promotern. Dort wurden die gro\u00dfen Sommerschlachten angek\u00fcndigt, und wir haben jetzt welche. Ausgezeichneter Fr\u00fchlingskampf, um den Appetit anzuregen.<\/p>\n<h3>Boxen scheint am beliebtesten zu sein.<\/h3>\n<p>Britische Box-Anh\u00e4nger. Dann hol dir Daniel Du Bois. Freuen Sie sich auf den Schwergewichtskonflikt mit Joe Joyce. Joyce betrat auf diese Weise die Boxwelt. Er ist ein polarisierender Charakter, aber zweifellos von hoher Qualit\u00e4t, und er ist auch sehr bestrebt, dies zu beweisen. Das Fehlverhalten des Zweiflers.<\/p>\n<p>Trotzdem ist es schwierig, durch das herannahende Du Bois zu erscheinen. Es muss viele Gr\u00fcnde f\u00fcr seine Rechnung geben, und britische Enthusiasten werden dies wahrscheinlich nicht tun. Dereck Chisora \u200b\u200bwird es mit ziemlicher Sicherheit sein. \u00dcberm\u00e4\u00dfiger Jubel durch den Wettbewerb mit Oleksandr Usyk, der m\u00f6glicherweise mit William Hillside zusammenarbeiten wird.<\/p>\n<p>Du kannst es immer versuchen. Gewinnen Sie Erfahrung aus Nahk\u00e4mpfen und diesen K\u00e4mpfen. Das<a href=\"https:\/\/www.freebetsinfo.co.uk\/free-bets\/\"> bester Buchmacher<\/a> . Wird in einer Schlacht sein, f\u00fcr die m\u00f6glicherweise noch kein Datum festgelegt ist. Bieten Sie M\u00f6glichkeiten zum Boxen an. Bitte \u00fcberpr\u00fcfen Sie diese M\u00f6glichkeiten.<\/p>\n<p><!-- \/wp:post-content --><\/p>\n<p><!-- wp:paragraph \/--><\/p>\n","protected":false},"excerpt":{"rendered":"<p>Boxwetten sind eine der beliebtesten Optionen f\u00fcr Wettende. Sie k\u00f6nnen mit Boxwetten auf viele Arten Geld verdienen.<\/p>\n<div class=\"hero-cup-section\">\n<div class=\"row mb-4\">\n<div class=\"col-md-7\">\n<div class=\"section-area\">\n<div class=\"section-list\">\n<li style=\"text-align: left\"><img decoding=\"async\" src=\"https:\/\/www.freebetbest.com\/wp-content\/uploads\/2021\/06\/tick.png\" alt=\"Sport\"> Willkommensbonus im Sportcasino.<\/li>\n<li style=\"text-align: left\"><img decoding=\"async\" src=\"https:\/\/www.freebetbest.com\/wp-content\/uploads\/2021\/06\/tick.png\" alt=\"Spieleangebote\"> Angebote und Aktionen von Online-Buchmachern.<\/li>\n<li style=\"text-align: left\"><img decoding=\"async\" src=\"https:\/\/www.freebetbest.com\/wp-content\/uploads\/2021\/06\/tick.png\" alt=\"Spieleangebote\"> Die besten Online-Buchmacher, denen Sie vertrauen k\u00f6nnen.<\/li>\n<li style=\"text-align: left\"><img decoding=\"async\" src=\"https:\/\/www.freebetbest.com\/wp-content\/uploads\/2021\/06\/tick.png\" alt=\"Ma\u00dfgebend\"> Ma\u00dfgebliche \u00dcberpr\u00fcfung Sicher zuverl\u00e4ssig.<\/li>\n<li style=\"text-align: left\"><img decoding=\"async\" src=\"https:\/\/www.freebetbest.com\/wp-content\/uploads\/2021\/06\/tick.png\" alt=\"Schnelle Abhebungen\"> Mobile APP-Unterst\u00fctzung, schnelle Auszahlungen.<\/li>\n<li style=\"text-align: left\"><img decoding=\"async\" src=\"https:\/\/www.freebetbest.com\/wp-content\/uploads\/2021\/06\/tick.png\" alt=\"Kundendienst\"> Kundensupport: 365 Tage, 24 Stunden am Tag.<\/li>\n<\/div>\n<\/div>\n<\/div>\n<div class=\"col-md-5\">\n<div class=\"cup-img\"><img decoding=\"async\" src=\"https:\/\/www.freebetbest.com\/wp-content\/uploads\/2021\/06\/Boxing-Betting.png\" alt=\"freebetbest\"><\/div>\n<\/div>\n<\/div>\n","protected":false},"author":1,"featured_media":126188,"parent":0,"menu_order":0,"comment_status":"closed","ping_status":"closed","template":"Sports-template.php","meta":{"footnotes":""},"class_list":["post-130312","page","type-page","status-publish","has-post-thumbnail","hentry"],"yoast_head":"<!-- This site is optimized with the Yoast SEO Premium plugin v19.5 (Yoast SEO v27.0) - https:\/\/yoast.com\/product\/yoast-seo-premium-wordpress\/ -->\n<title>Neuester Box-Wettbonus<\/title>\n<meta name=\"description\" content=\"Neuester Box-Wettbonus Beste Online-Buchmacher, bietet Sport, Casino, Poker, Bingo und mobile Wetten, Gratiswette ohne Einzahlung\" \/>\n<meta name=\"robots\" content=\"index, follow, max-snippet:-1, max-image-preview:large, max-video-preview:-1\" \/>\n<link rel=\"canonical\" href=\"https:\/\/www.freebetbest.com\/de\/neuester-boxwetten-bonus\/\" \/>\n<meta property=\"og:locale\" content=\"de_DE\" \/>\n<meta property=\"og:type\" content=\"article\" \/>\n<meta property=\"og:title\" content=\"Neuester Box-Wettbonus\" \/>\n<meta property=\"og:description\" content=\"Neuester Box-Wettbonus Beste Online-Buchmacher, bietet Sport, Casino, Poker, Bingo und mobile Wetten, Gratiswette ohne Einzahlung\" \/>\n<meta property=\"og:url\" content=\"https:\/\/www.freebetbest.com\/de\/neuester-boxwetten-bonus\/\" \/>\n<meta property=\"og:site_name\" content=\"Gratis Wetten | beste Online Casinos | Sportwetten Bonus\" \/>\n<meta property=\"article:modified_time\" content=\"2021-07-28T17:18:10+00:00\" \/>\n<meta property=\"og:image\" content=\"https:\/\/www.freebetbest.com\/wp-content\/uploads\/2021\/06\/boxing-bet-scaled.jpg\" \/>\n\t<meta property=\"og:image:width\" content=\"500\" \/>\n\t<meta property=\"og:image:height\" content=\"175\" \/>\n\t<meta property=\"og:image:type\" content=\"image\/jpeg\" \/>\n<meta name=\"twitter:card\" content=\"summary_large_image\" \/>\n<meta name=\"twitter:label1\" content=\"Gesch\u00e4tzte Lesezeit\" \/>\n\t<meta name=\"twitter:data1\" content=\"3\u00a0Minuten\" \/>\n<script type=\"application\/ld+json\" class=\"yoast-schema-graph\">{\"@context\":\"https:\/\/schema.org\",\"@graph\":[{\"@type\":\"WebPage\",\"@id\":\"https:\/\/www.freebetbest.com\/de\/neuester-boxwetten-bonus\/\",\"url\":\"https:\/\/www.freebetbest.com\/de\/neuester-boxwetten-bonus\/\",\"name\":\"Neuester Box-Wettbonus\",\"isPartOf\":{\"@id\":\"https:\/\/www.freebetbest.com\/de\/#website\"},\"primaryImageOfPage\":{\"@id\":\"https:\/\/www.freebetbest.com\/de\/neuester-boxwetten-bonus\/#primaryimage\"},\"image\":{\"@id\":\"https:\/\/www.freebetbest.com\/de\/neuester-boxwetten-bonus\/#primaryimage\"},\"thumbnailUrl\":\"https:\/\/www.freebetbest.com\/wp-content\/uploads\/2021\/06\/boxing-bet-scaled.jpg\",\"datePublished\":\"2021-06-10T07:19:25+00:00\",\"dateModified\":\"2021-07-28T17:18:10+00:00\",\"description\":\"Neuester Box-Wettbonus Beste Online-Buchmacher, bietet Sport, Casino, Poker, Bingo und mobile Wetten, Gratiswette ohne Einzahlung\",\"breadcrumb\":{\"@id\":\"https:\/\/www.freebetbest.com\/de\/neuester-boxwetten-bonus\/#breadcrumb\"},\"inLanguage\":\"de\",\"potentialAction\":[{\"@type\":\"ReadAction\",\"target\":[\"https:\/\/www.freebetbest.com\/de\/neuester-boxwetten-bonus\/\"]}]},{\"@type\":\"ImageObject\",\"inLanguage\":\"de\",\"@id\":\"https:\/\/www.freebetbest.com\/de\/neuester-boxwetten-bonus\/#primaryimage\",\"url\":\"https:\/\/www.freebetbest.com\/wp-content\/uploads\/2021\/06\/boxing-bet-scaled.jpg\",\"contentUrl\":\"https:\/\/www.freebetbest.com\/wp-content\/uploads\/2021\/06\/boxing-bet-scaled.jpg\",\"width\":500,\"height\":175,\"caption\":\"Neuester Box-Wettbonus\"},{\"@type\":\"BreadcrumbList\",\"@id\":\"https:\/\/www.freebetbest.com\/de\/neuester-boxwetten-bonus\/#breadcrumb\",\"itemListElement\":[{\"@type\":\"ListItem\",\"position\":1,\"name\":\"Home\",\"item\":\"https:\/\/www.freebetbest.com\/de\/\"},{\"@type\":\"ListItem\",\"position\":2,\"name\":\"Neuester Box-Wettbonus\"}]},{\"@type\":\"WebSite\",\"@id\":\"https:\/\/www.freebetbest.com\/de\/#website\",\"url\":\"https:\/\/www.freebetbest.com\/de\/\",\"name\":\"Gratis Wetten | beste Online Casinos | Sportwetten Bonus\",\"description\":\"Das beste Online Buchmacher,Das Sportwetten, Casino-, Poker-, Bingo- und Mobilwetten, Online-Casinos, Fu\u00dfballwetten, Ohne Einzahlung Promo-Codes, Das weltweit f\u00fchrende Gl\u00fccksspielportal anbietet.\",\"publisher\":{\"@id\":\"https:\/\/www.freebetbest.com\/de\/#\/schema\/person\/292684ccf388a2362d507874c5b80a69\"},\"potentialAction\":[{\"@type\":\"SearchAction\",\"target\":{\"@type\":\"EntryPoint\",\"urlTemplate\":\"https:\/\/www.freebetbest.com\/de\/?s={search_term_string}\"},\"query-input\":{\"@type\":\"PropertyValueSpecification\",\"valueRequired\":true,\"valueName\":\"search_term_string\"}}],\"inLanguage\":\"de\"},{\"@type\":[\"Person\",\"Organization\"],\"@id\":\"https:\/\/www.freebetbest.com\/de\/#\/schema\/person\/292684ccf388a2362d507874c5b80a69\",\"name\":\"\u7ba1\u7406\",\"image\":{\"@type\":\"ImageObject\",\"inLanguage\":\"de\",\"@id\":\"https:\/\/www.freebetbest.com\/de\/#\/schema\/person\/image\/\",\"url\":\"https:\/\/www.freebetbest.com\/wp-content\/litespeed\/avatar\/49696b52fb15293a2168c14964fdd8b9.jpg?ver=1777439934\",\"contentUrl\":\"https:\/\/www.freebetbest.com\/wp-content\/litespeed\/avatar\/49696b52fb15293a2168c14964fdd8b9.jpg?ver=1777439934\",\"caption\":\"\u7ba1\u7406\"},\"logo\":{\"@id\":\"https:\/\/www.freebetbest.com\/de\/#\/schema\/person\/image\/\"},\"sameAs\":[\"admin\"]}]}<\/script>\n<!-- \/ Yoast SEO Premium plugin. -->","yoast_head_json":{"title":"Neuester Box-Wettbonus","description":"Neuester Box-Wettbonus Beste Online-Buchmacher, bietet Sport, Casino, Poker, Bingo und mobile Wetten, Gratiswette ohne Einzahlung","robots":{"index":"index","follow":"follow","max-snippet":"max-snippet:-1","max-image-preview":"max-image-preview:large","max-video-preview":"max-video-preview:-1"},"canonical":"https:\/\/www.freebetbest.com\/de\/neuester-boxwetten-bonus\/","og_locale":"de_DE","og_type":"article","og_title":"Neuester Box-Wettbonus","og_description":"Neuester Box-Wettbonus Beste Online-Buchmacher, bietet Sport, Casino, Poker, Bingo und mobile Wetten, Gratiswette ohne Einzahlung","og_url":"https:\/\/www.freebetbest.com\/de\/neuester-boxwetten-bonus\/","og_site_name":"Gratis Wetten | beste Online Casinos | Sportwetten Bonus","article_modified_time":"2021-07-28T17:18:10+00:00","og_image":[{"width":500,"height":175,"url":"https:\/\/www.freebetbest.com\/wp-content\/uploads\/2021\/06\/boxing-bet-scaled.jpg","type":"image\/jpeg"}],"twitter_card":"summary_large_image","twitter_misc":{"Gesch\u00e4tzte Lesezeit":"3\u00a0Minuten"},"schema":{"@context":"https:\/\/schema.org","@graph":[{"@type":"WebPage","@id":"https:\/\/www.freebetbest.com\/de\/neuester-boxwetten-bonus\/","url":"https:\/\/www.freebetbest.com\/de\/neuester-boxwetten-bonus\/","name":"Neuester Box-Wettbonus","isPartOf":{"@id":"https:\/\/www.freebetbest.com\/de\/#website"},"primaryImageOfPage":{"@id":"https:\/\/www.freebetbest.com\/de\/neuester-boxwetten-bonus\/#primaryimage"},"image":{"@id":"https:\/\/www.freebetbest.com\/de\/neuester-boxwetten-bonus\/#primaryimage"},"thumbnailUrl":"https:\/\/www.freebetbest.com\/wp-content\/uploads\/2021\/06\/boxing-bet-scaled.jpg","datePublished":"2021-06-10T07:19:25+00:00","dateModified":"2021-07-28T17:18:10+00:00","description":"Neuester Box-Wettbonus Beste Online-Buchmacher, bietet Sport, Casino, Poker, Bingo und mobile Wetten, Gratiswette ohne Einzahlung","breadcrumb":{"@id":"https:\/\/www.freebetbest.com\/de\/neuester-boxwetten-bonus\/#breadcrumb"},"inLanguage":"de","potentialAction":[{"@type":"ReadAction","target":["https:\/\/www.freebetbest.com\/de\/neuester-boxwetten-bonus\/"]}]},{"@type":"ImageObject","inLanguage":"de","@id":"https:\/\/www.freebetbest.com\/de\/neuester-boxwetten-bonus\/#primaryimage","url":"https:\/\/www.freebetbest.com\/wp-content\/uploads\/2021\/06\/boxing-bet-scaled.jpg","contentUrl":"https:\/\/www.freebetbest.com\/wp-content\/uploads\/2021\/06\/boxing-bet-scaled.jpg","width":500,"height":175,"caption":"Neuester Box-Wettbonus"},{"@type":"BreadcrumbList","@id":"https:\/\/www.freebetbest.com\/de\/neuester-boxwetten-bonus\/#breadcrumb","itemListElement":[{"@type":"ListItem","position":1,"name":"Home","item":"https:\/\/www.freebetbest.com\/de\/"},{"@type":"ListItem","position":2,"name":"Neuester Box-Wettbonus"}]},{"@type":"WebSite","@id":"https:\/\/www.freebetbest.com\/de\/#website","url":"https:\/\/www.freebetbest.com\/de\/","name":"Gratis Wetten | beste Online Casinos | Sportwetten Bonus","description":"Das beste Online Buchmacher,Das Sportwetten, Casino-, Poker-, Bingo- und Mobilwetten, Online-Casinos, Fu\u00dfballwetten, Ohne Einzahlung Promo-Codes, Das weltweit f\u00fchrende Gl\u00fccksspielportal anbietet.","publisher":{"@id":"https:\/\/www.freebetbest.com\/de\/#\/schema\/person\/292684ccf388a2362d507874c5b80a69"},"potentialAction":[{"@type":"SearchAction","target":{"@type":"EntryPoint","urlTemplate":"https:\/\/www.freebetbest.com\/de\/?s={search_term_string}"},"query-input":{"@type":"PropertyValueSpecification","valueRequired":true,"valueName":"search_term_string"}}],"inLanguage":"de"},{"@type":["Person","Organization"],"@id":"https:\/\/www.freebetbest.com\/de\/#\/schema\/person\/292684ccf388a2362d507874c5b80a69","name":"\u7ba1\u7406","image":{"@type":"ImageObject","inLanguage":"de","@id":"https:\/\/www.freebetbest.com\/de\/#\/schema\/person\/image\/","url":"https:\/\/www.freebetbest.com\/wp-content\/litespeed\/avatar\/49696b52fb15293a2168c14964fdd8b9.jpg?ver=1777439934","contentUrl":"https:\/\/www.freebetbest.com\/wp-content\/litespeed\/avatar\/49696b52fb15293a2168c14964fdd8b9.jpg?ver=1777439934","caption":"\u7ba1\u7406"},"logo":{"@id":"https:\/\/www.freebetbest.com\/de\/#\/schema\/person\/image\/"},"sameAs":["admin"]}]}},"_links":{"self":[{"href":"https:\/\/www.freebetbest.com\/de\/wp-json\/wp\/v2\/pages\/130312","targetHints":{"allow":["GET"]}}],"collection":[{"href":"https:\/\/www.freebetbest.com\/de\/wp-json\/wp\/v2\/pages"}],"about":[{"href":"https:\/\/www.freebetbest.com\/de\/wp-json\/wp\/v2\/types\/page"}],"author":[{"embeddable":true,"href":"https:\/\/www.freebetbest.com\/de\/wp-json\/wp\/v2\/users\/1"}],"replies":[{"embeddable":true,"href":"https:\/\/www.freebetbest.com\/de\/wp-json\/wp\/v2\/comments?post=130312"}],"version-history":[{"count":0,"href":"https:\/\/www.freebetbest.com\/de\/wp-json\/wp\/v2\/pages\/130312\/revisions"}],"wp:featuredmedia":[{"embeddable":true,"href":"https:\/\/www.freebetbest.com\/de\/wp-json\/wp\/v2\/media\/126188"}],"wp:attachment":[{"href":"https:\/\/www.freebetbest.com\/de\/wp-json\/wp\/v2\/media?parent=130312"}],"curies":[{"name":"wp","href":"https:\/\/api.w.org\/{rel}","templated":true}]}}