{"id":130236,"date":"2021-06-10T08:32:23","date_gmt":"2021-06-10T08:32:23","guid":{"rendered":"https:\/\/www.freebetbest.com\/neueste-basketball-wettbonus\/"},"modified":"2021-07-28T17:09:49","modified_gmt":"2021-07-28T17:09:49","slug":"neueste-basketball-wettbonus","status":"publish","type":"page","link":"https:\/\/www.freebetbest.com\/de\/neueste-basketball-wettbonus\/","title":{"rendered":"Neuester Basketball-Wettbonus"},"content":{"rendered":"<h2>Neuester Basketball<a href=\"https:\/\/www.freebetbest.com\/de\/wettseiten\/\"> Wettbonus<\/a> bei sportlichen Aktivit\u00e4ten<\/h2>\n<p>Aber es ist besonders f\u00fcr College-Basketball-Fanatiker geeignet. Dies ist ein wichtiger Boogie. verr\u00fcckt. Im 68er-Crew-Wettbewerb trat das College-Baseballteam hart an und gewann die Bundesmeisterschaft. Diese Teams nahmen nur an einem reduzierten Ger\u00fcstturnier teil und erreichten schlie\u00dflich im Endspiel einen H\u00f6hepunkt, um einen Jahresmeister zu k\u00fcren. Weitere Informationen finden Sie unter Neuester Basketball-Wettbonus.<\/p>\n<h3>Das Neuester Basketball-Wettbonus<\/h3>\n<p>Die Menge an Aufregungen, Summer Beats und n\u00e4gelbei\u00dfenden Darbietungen reicht aus, um richtig verr\u00fcckt zu werden. Es ist der Wunsch eines Sportfans und das heilige Terrain eines Sportwetters. Die wirkliche<\/p>\n<h3>Schmecken und sch\u00e4tzen. Der Schl\u00fcssel zu einem vollst\u00e4ndigen Erlebnis besteht darin, die M\u00f6glichkeiten des Spiels vollst\u00e4ndig zu erfassen.<\/h3>\n<p>Wir begleiten Sie Schritt f\u00fcr Schritt. \u00dcber die Wettseite Mar Madness. Informationen, die Sie m\u00f6glicherweise wissen m\u00fcssen, und weitere Informationen, damit Sie es in vollen Z\u00fcgen genie\u00dfen k\u00f6nnen. Alle Inhalte, die in diesen wunderbaren vier Wochen angeboten wurden. Wir werden Ihnen auch erkl\u00e4ren, wie Sie die effektivste Mar Madness-Gaming-Website ermitteln k\u00f6nnen, um Sie zu gew\u00e4hrleisten. Abschlie\u00dfend, Gamble auf der zuverl\u00e4ssigsten zug\u00e4nglichen Website.<\/p>\n<h3>Die bedeutendsten anf\u00e4nglichen sph\u00e4rischen St\u00f6rungen von Mar Madness<\/h3>\n<p>Wenn Sie auf das diesj\u00e4hrige Turnier gehypt sind, k\u00f6nnten Sie einer von vielen sein. Wir freuen uns jedes Jahr auf die wichtige Party und k\u00f6nnen unsere Aktion nicht durchhalten. Abgesehen davon gibt es unz\u00e4hlige Websites und internetbasierte Sportwetten, aus denen Sie f\u00fcr Ihr Mar Madness-Spiel ausw\u00e4hlen k\u00f6nnen. Fazit: Ehrlich gesagt, es kann \u00fcberw\u00e4ltigend sein. Zum Gl\u00fcck sind wir hier, um zu helfen.<\/p>\n<h3>Warum diese March Madness-Gl\u00fccksspielseiten?<\/h3>\n<p>Die gute Nachricht f\u00fcr Sie ist, dass wir die Namen der oben genannten Websites nicht nur aus dem Hut gerissen haben. Alternativ haben wir viel Zeit damit verbracht, jeden der angebotenen chirurgischen Eingriffe zu analysieren, mit dem Endziel, die effektivste Mar Madness Neuester Basketball-Wettbonus . Im Folgenden haben wir abschlie\u00dfend einige Details aufgef\u00fchrt, damit Sie mehr \u00fcber unser detailliertes Sortenverfahren erfahren, das uns hilft, die Hautcreme der Ernte zu etablieren.<\/p>\n<h3>So optimieren Sie Ihren Basketball<a href=\"https:\/\/www.freebetsinfo.co.uk\/free-bets\/\"> Spielbonus<\/a><\/h3>\n<p>Alle NBA-Boni. Und allgemeine Marketingaktionen f\u00fcr Sportwetten. Jeder hat seine eigene Situation. Normalerweise m\u00fcssen Sie eine bestimmte Anzahl von Wetten festlegen, um den Vorteil des Bonus zu eliminieren.<\/p>\n<p>Trotzdem werden erfahrene Wettende lernen. So holen Sie das Beste aus diesen Angeboten heraus. Versuchen Sie, Rabatte zu vermeiden, die die laufenden Geb\u00fchren erh\u00f6hen. Weil sie schwer zu erkl\u00e4ren sind.<\/p>\n<h3>Diverse Technologien<\/h3>\n<p>Sobald ihre Probleme gel\u00f6st sind, k\u00f6nnen Sie verschiedene Wege finden. Wandeln Sie den Aktionsbetrag in um. Die tats\u00e4chlichen zus\u00e4tzlichen Einnahmen auf Ihrem Konto.<\/p>\n<p>Beispielsweise ist die Teilnahme am Marketing in fast allen F\u00e4llen kostenlos. Es ist angemessen f\u00fcr Ihre anf\u00e4ngliche Anzahlung. Wenn die Versorgung zuverl\u00e4ssig ist, m\u00fcssen Sie im Rahmen Ihrer M\u00f6glichkeiten sein. Tun Sie alles, um den gr\u00f6\u00dftm\u00f6glichen Betrag zu erhalten.<\/p>\n<p>Wenn von der Wettseite bereitgestellt. Bis zu 50% Matching-Bonus von 1.000 USD, versuchen Sie bitte, 2.000 USD zu zahlen. Um eine Belohnung von bis zu 1.000 US-Dollar zu erhalten. Von da an k\u00f6nnen Sie viele Arten von Wetten ausprobieren. Und nehmen Sie kostenlos teil.<\/p>\n<h3>Belohnung rollt<\/h3>\n<p>Rollover gibt es bei allen Sportwettk\u00e4mpfen. Eines der missverstandenen Themen. Wenn Sie sich auf der NBA-Gl\u00fccksspiel-Website registrieren, erhalten Sie in fast allen F\u00e4llen einen Einzahlungsbonus. Diese Belohnung ist ein kostenloses Spiel. Oder die Finanzierung zus\u00e4tzlicher Boni.<\/p>\n<p>Der Bonus ist besser als der Freispielbonus. Es gibt noch mehr Vorteile, aber flie\u00dfendes Wasser hat bei beiden Arten die gleiche Wirkung.<\/p>\n<p>Der Umsatz ist der Betrag, den Sie setzen sollten, damit Sie Ihren zus\u00e4tzlichen Bonus &#8222;freispielen&#8220; k\u00f6nnen, im Grunde bevor Sie ein Einkommen abheben. Der Geldbetrag, der verspielt werden muss.<\/p>\n<p><!-- \/wp:post-content --><\/p>\n<p><!-- wp:paragraph \/--><\/p>\n","protected":false},"excerpt":{"rendered":"<p>Mit der Zunahme legaler Sportaktivit\u00e4ten hat unser \u00dcbersichtsteam die Kontrolle \u00fcber alle neuesten Bonusangebote und \u00c4nderungen der f\u00fchrenden Basketballwetten und Wett-Apps<\/p>\n<div class=\"hero-cup-section\">\n<div class=\"row mb-4\">\n<div class=\"col-md-7\">\n<div class=\"section-area\">\n<div class=\"section-list\">\n<li style=\"text-align: left\"><img decoding=\"async\" src=\"https:\/\/www.freebetbest.com\/wp-content\/uploads\/2021\/06\/tick.png\" alt=\"Sport\"> Willkommensbonus im Sportcasino.<\/li>\n<li style=\"text-align: left\"><img decoding=\"async\" src=\"https:\/\/www.freebetbest.com\/wp-content\/uploads\/2021\/06\/tick.png\" alt=\"Spieleangebote\"> Angebote und Aktionen von Online-Buchmachern.<\/li>\n<li style=\"text-align: left\"><img decoding=\"async\" src=\"https:\/\/www.freebetbest.com\/wp-content\/uploads\/2021\/06\/tick.png\" alt=\"Spieleangebote\"> Die besten Online-Buchmacher, denen Sie vertrauen k\u00f6nnen.<\/li>\n<li style=\"text-align: left\"><img decoding=\"async\" src=\"https:\/\/www.freebetbest.com\/wp-content\/uploads\/2021\/06\/tick.png\" alt=\"Ma\u00dfgebend\"> Ma\u00dfgebliche \u00dcberpr\u00fcfung Sicher zuverl\u00e4ssig.<\/li>\n<li style=\"text-align: left\"><img decoding=\"async\" src=\"https:\/\/www.freebetbest.com\/wp-content\/uploads\/2021\/06\/tick.png\" alt=\"Schnelle Abhebungen\"> Mobile APP-Unterst\u00fctzung, schnelle Auszahlungen.<\/li>\n<li style=\"text-align: left\"><img decoding=\"async\" src=\"https:\/\/www.freebetbest.com\/wp-content\/uploads\/2021\/06\/tick.png\" alt=\"Kundendienst\"> Kundensupport: 365 Tage, 24 Stunden am Tag.<\/li>\n<\/div>\n<\/div>\n<\/div>\n<div class=\"col-md-5\">\n<div class=\"cup-img\"><img decoding=\"async\" src=\"https:\/\/www.freebetbest.com\/wp-content\/uploads\/2021\/06\/sport-2.png\" alt=\"freebetbest\"><\/div>\n<\/div>\n<\/div>\n","protected":false},"author":1,"featured_media":125090,"parent":0,"menu_order":0,"comment_status":"closed","ping_status":"closed","template":"Sports-template.php","meta":{"footnotes":""},"class_list":["post-130236","page","type-page","status-publish","has-post-thumbnail","hentry"],"yoast_head":"<!-- This site is optimized with the Yoast SEO Premium plugin v19.5 (Yoast SEO v27.0) - https:\/\/yoast.com\/product\/yoast-seo-premium-wordpress\/ -->\n<title>Neuester Basketball-Wettbonus<\/title>\n<meta name=\"description\" content=\"Neuester Basketball-Wettbonus Beste Online-Buchmacher, bietet Sport, Casino, Poker, Bingo und mobile Wetten, Gratiswette ohne Einzahlung\" \/>\n<meta name=\"robots\" content=\"index, follow, max-snippet:-1, max-image-preview:large, max-video-preview:-1\" \/>\n<link rel=\"canonical\" href=\"https:\/\/www.freebetbest.com\/de\/neueste-basketball-wettbonus\/\" \/>\n<meta property=\"og:locale\" content=\"de_DE\" \/>\n<meta property=\"og:type\" content=\"article\" \/>\n<meta property=\"og:title\" content=\"Neuester Basketball-Wettbonus\" \/>\n<meta property=\"og:description\" content=\"Neuester Basketball-Wettbonus Beste Online-Buchmacher, bietet Sport, Casino, Poker, Bingo und mobile Wetten, Gratiswette ohne Einzahlung\" \/>\n<meta property=\"og:url\" content=\"https:\/\/www.freebetbest.com\/de\/neueste-basketball-wettbonus\/\" \/>\n<meta property=\"og:site_name\" content=\"Gratis Wetten | beste Online Casinos | Sportwetten Bonus\" \/>\n<meta property=\"article:modified_time\" content=\"2021-07-28T17:09:49+00:00\" \/>\n<meta property=\"og:image\" content=\"https:\/\/www.freebetbest.com\/wp-content\/uploads\/2021\/06\/basketball-betting-scaled.jpg\" \/>\n\t<meta property=\"og:image:width\" content=\"500\" \/>\n\t<meta property=\"og:image:height\" content=\"120\" \/>\n\t<meta property=\"og:image:type\" content=\"image\/jpeg\" \/>\n<meta name=\"twitter:card\" content=\"summary_large_image\" \/>\n<meta name=\"twitter:label1\" content=\"Gesch\u00e4tzte Lesezeit\" \/>\n\t<meta name=\"twitter:data1\" content=\"3\u00a0Minuten\" \/>\n<script type=\"application\/ld+json\" class=\"yoast-schema-graph\">{\"@context\":\"https:\/\/schema.org\",\"@graph\":[{\"@type\":\"WebPage\",\"@id\":\"https:\/\/www.freebetbest.com\/de\/neueste-basketball-wettbonus\/\",\"url\":\"https:\/\/www.freebetbest.com\/de\/neueste-basketball-wettbonus\/\",\"name\":\"Neuester Basketball-Wettbonus\",\"isPartOf\":{\"@id\":\"https:\/\/www.freebetbest.com\/de\/#website\"},\"primaryImageOfPage\":{\"@id\":\"https:\/\/www.freebetbest.com\/de\/neueste-basketball-wettbonus\/#primaryimage\"},\"image\":{\"@id\":\"https:\/\/www.freebetbest.com\/de\/neueste-basketball-wettbonus\/#primaryimage\"},\"thumbnailUrl\":\"https:\/\/www.freebetbest.com\/wp-content\/uploads\/2021\/06\/basketball-betting-scaled.jpg\",\"datePublished\":\"2021-06-10T08:32:23+00:00\",\"dateModified\":\"2021-07-28T17:09:49+00:00\",\"description\":\"Neuester Basketball-Wettbonus Beste Online-Buchmacher, bietet Sport, Casino, Poker, Bingo und mobile Wetten, Gratiswette ohne Einzahlung\",\"breadcrumb\":{\"@id\":\"https:\/\/www.freebetbest.com\/de\/neueste-basketball-wettbonus\/#breadcrumb\"},\"inLanguage\":\"de\",\"potentialAction\":[{\"@type\":\"ReadAction\",\"target\":[\"https:\/\/www.freebetbest.com\/de\/neueste-basketball-wettbonus\/\"]}]},{\"@type\":\"ImageObject\",\"inLanguage\":\"de\",\"@id\":\"https:\/\/www.freebetbest.com\/de\/neueste-basketball-wettbonus\/#primaryimage\",\"url\":\"https:\/\/www.freebetbest.com\/wp-content\/uploads\/2021\/06\/basketball-betting-scaled.jpg\",\"contentUrl\":\"https:\/\/www.freebetbest.com\/wp-content\/uploads\/2021\/06\/basketball-betting-scaled.jpg\",\"width\":500,\"height\":120,\"caption\":\"Basketball-Wetten\"},{\"@type\":\"BreadcrumbList\",\"@id\":\"https:\/\/www.freebetbest.com\/de\/neueste-basketball-wettbonus\/#breadcrumb\",\"itemListElement\":[{\"@type\":\"ListItem\",\"position\":1,\"name\":\"Home\",\"item\":\"https:\/\/www.freebetbest.com\/de\/\"},{\"@type\":\"ListItem\",\"position\":2,\"name\":\"Neuester Basketball-Wettbonus\"}]},{\"@type\":\"WebSite\",\"@id\":\"https:\/\/www.freebetbest.com\/de\/#website\",\"url\":\"https:\/\/www.freebetbest.com\/de\/\",\"name\":\"Gratis Wetten | beste Online Casinos | Sportwetten Bonus\",\"description\":\"Das beste Online Buchmacher,Das Sportwetten, Casino-, Poker-, Bingo- und Mobilwetten, Online-Casinos, Fu\u00dfballwetten, Ohne Einzahlung Promo-Codes, Das weltweit f\u00fchrende Gl\u00fccksspielportal anbietet.\",\"publisher\":{\"@id\":\"https:\/\/www.freebetbest.com\/de\/#\/schema\/person\/292684ccf388a2362d507874c5b80a69\"},\"potentialAction\":[{\"@type\":\"SearchAction\",\"target\":{\"@type\":\"EntryPoint\",\"urlTemplate\":\"https:\/\/www.freebetbest.com\/de\/?s={search_term_string}\"},\"query-input\":{\"@type\":\"PropertyValueSpecification\",\"valueRequired\":true,\"valueName\":\"search_term_string\"}}],\"inLanguage\":\"de\"},{\"@type\":[\"Person\",\"Organization\"],\"@id\":\"https:\/\/www.freebetbest.com\/de\/#\/schema\/person\/292684ccf388a2362d507874c5b80a69\",\"name\":\"\u7ba1\u7406\",\"image\":{\"@type\":\"ImageObject\",\"inLanguage\":\"de\",\"@id\":\"https:\/\/www.freebetbest.com\/de\/#\/schema\/person\/image\/\",\"url\":\"https:\/\/www.freebetbest.com\/wp-content\/litespeed\/avatar\/49696b52fb15293a2168c14964fdd8b9.jpg?ver=1775625495\",\"contentUrl\":\"https:\/\/www.freebetbest.com\/wp-content\/litespeed\/avatar\/49696b52fb15293a2168c14964fdd8b9.jpg?ver=1775625495\",\"caption\":\"\u7ba1\u7406\"},\"logo\":{\"@id\":\"https:\/\/www.freebetbest.com\/de\/#\/schema\/person\/image\/\"},\"sameAs\":[\"admin\"]}]}<\/script>\n<!-- \/ Yoast SEO Premium plugin. -->","yoast_head_json":{"title":"Neuester Basketball-Wettbonus","description":"Neuester Basketball-Wettbonus Beste Online-Buchmacher, bietet Sport, Casino, Poker, Bingo und mobile Wetten, Gratiswette ohne Einzahlung","robots":{"index":"index","follow":"follow","max-snippet":"max-snippet:-1","max-image-preview":"max-image-preview:large","max-video-preview":"max-video-preview:-1"},"canonical":"https:\/\/www.freebetbest.com\/de\/neueste-basketball-wettbonus\/","og_locale":"de_DE","og_type":"article","og_title":"Neuester Basketball-Wettbonus","og_description":"Neuester Basketball-Wettbonus Beste Online-Buchmacher, bietet Sport, Casino, Poker, Bingo und mobile Wetten, Gratiswette ohne Einzahlung","og_url":"https:\/\/www.freebetbest.com\/de\/neueste-basketball-wettbonus\/","og_site_name":"Gratis Wetten | beste Online Casinos | Sportwetten Bonus","article_modified_time":"2021-07-28T17:09:49+00:00","og_image":[{"width":500,"height":120,"url":"https:\/\/www.freebetbest.com\/wp-content\/uploads\/2021\/06\/basketball-betting-scaled.jpg","type":"image\/jpeg"}],"twitter_card":"summary_large_image","twitter_misc":{"Gesch\u00e4tzte Lesezeit":"3\u00a0Minuten"},"schema":{"@context":"https:\/\/schema.org","@graph":[{"@type":"WebPage","@id":"https:\/\/www.freebetbest.com\/de\/neueste-basketball-wettbonus\/","url":"https:\/\/www.freebetbest.com\/de\/neueste-basketball-wettbonus\/","name":"Neuester Basketball-Wettbonus","isPartOf":{"@id":"https:\/\/www.freebetbest.com\/de\/#website"},"primaryImageOfPage":{"@id":"https:\/\/www.freebetbest.com\/de\/neueste-basketball-wettbonus\/#primaryimage"},"image":{"@id":"https:\/\/www.freebetbest.com\/de\/neueste-basketball-wettbonus\/#primaryimage"},"thumbnailUrl":"https:\/\/www.freebetbest.com\/wp-content\/uploads\/2021\/06\/basketball-betting-scaled.jpg","datePublished":"2021-06-10T08:32:23+00:00","dateModified":"2021-07-28T17:09:49+00:00","description":"Neuester Basketball-Wettbonus Beste Online-Buchmacher, bietet Sport, Casino, Poker, Bingo und mobile Wetten, Gratiswette ohne Einzahlung","breadcrumb":{"@id":"https:\/\/www.freebetbest.com\/de\/neueste-basketball-wettbonus\/#breadcrumb"},"inLanguage":"de","potentialAction":[{"@type":"ReadAction","target":["https:\/\/www.freebetbest.com\/de\/neueste-basketball-wettbonus\/"]}]},{"@type":"ImageObject","inLanguage":"de","@id":"https:\/\/www.freebetbest.com\/de\/neueste-basketball-wettbonus\/#primaryimage","url":"https:\/\/www.freebetbest.com\/wp-content\/uploads\/2021\/06\/basketball-betting-scaled.jpg","contentUrl":"https:\/\/www.freebetbest.com\/wp-content\/uploads\/2021\/06\/basketball-betting-scaled.jpg","width":500,"height":120,"caption":"Basketball-Wetten"},{"@type":"BreadcrumbList","@id":"https:\/\/www.freebetbest.com\/de\/neueste-basketball-wettbonus\/#breadcrumb","itemListElement":[{"@type":"ListItem","position":1,"name":"Home","item":"https:\/\/www.freebetbest.com\/de\/"},{"@type":"ListItem","position":2,"name":"Neuester Basketball-Wettbonus"}]},{"@type":"WebSite","@id":"https:\/\/www.freebetbest.com\/de\/#website","url":"https:\/\/www.freebetbest.com\/de\/","name":"Gratis Wetten | beste Online Casinos | Sportwetten Bonus","description":"Das beste Online Buchmacher,Das Sportwetten, Casino-, Poker-, Bingo- und Mobilwetten, Online-Casinos, Fu\u00dfballwetten, Ohne Einzahlung Promo-Codes, Das weltweit f\u00fchrende Gl\u00fccksspielportal anbietet.","publisher":{"@id":"https:\/\/www.freebetbest.com\/de\/#\/schema\/person\/292684ccf388a2362d507874c5b80a69"},"potentialAction":[{"@type":"SearchAction","target":{"@type":"EntryPoint","urlTemplate":"https:\/\/www.freebetbest.com\/de\/?s={search_term_string}"},"query-input":{"@type":"PropertyValueSpecification","valueRequired":true,"valueName":"search_term_string"}}],"inLanguage":"de"},{"@type":["Person","Organization"],"@id":"https:\/\/www.freebetbest.com\/de\/#\/schema\/person\/292684ccf388a2362d507874c5b80a69","name":"\u7ba1\u7406","image":{"@type":"ImageObject","inLanguage":"de","@id":"https:\/\/www.freebetbest.com\/de\/#\/schema\/person\/image\/","url":"https:\/\/www.freebetbest.com\/wp-content\/litespeed\/avatar\/49696b52fb15293a2168c14964fdd8b9.jpg?ver=1775625495","contentUrl":"https:\/\/www.freebetbest.com\/wp-content\/litespeed\/avatar\/49696b52fb15293a2168c14964fdd8b9.jpg?ver=1775625495","caption":"\u7ba1\u7406"},"logo":{"@id":"https:\/\/www.freebetbest.com\/de\/#\/schema\/person\/image\/"},"sameAs":["admin"]}]}},"_links":{"self":[{"href":"https:\/\/www.freebetbest.com\/de\/wp-json\/wp\/v2\/pages\/130236","targetHints":{"allow":["GET"]}}],"collection":[{"href":"https:\/\/www.freebetbest.com\/de\/wp-json\/wp\/v2\/pages"}],"about":[{"href":"https:\/\/www.freebetbest.com\/de\/wp-json\/wp\/v2\/types\/page"}],"author":[{"embeddable":true,"href":"https:\/\/www.freebetbest.com\/de\/wp-json\/wp\/v2\/users\/1"}],"replies":[{"embeddable":true,"href":"https:\/\/www.freebetbest.com\/de\/wp-json\/wp\/v2\/comments?post=130236"}],"version-history":[{"count":0,"href":"https:\/\/www.freebetbest.com\/de\/wp-json\/wp\/v2\/pages\/130236\/revisions"}],"wp:featuredmedia":[{"embeddable":true,"href":"https:\/\/www.freebetbest.com\/de\/wp-json\/wp\/v2\/media\/125090"}],"wp:attachment":[{"href":"https:\/\/www.freebetbest.com\/de\/wp-json\/wp\/v2\/media?parent=130236"}],"curies":[{"name":"wp","href":"https:\/\/api.w.org\/{rel}","templated":true}]}}