{"id":130181,"date":"2021-06-10T07:49:43","date_gmt":"2021-06-10T07:49:43","guid":{"rendered":"https:\/\/www.freebetbest.com\/neuester-baseball-wettbonus\/"},"modified":"2021-07-28T17:07:53","modified_gmt":"2021-07-28T17:07:53","slug":"neuester-baseball-wettbonus","status":"publish","type":"page","link":"https:\/\/www.freebetbest.com\/de\/neuester-baseball-wettbonus\/","title":{"rendered":"Neuester Baseball-Wettbonus"},"content":{"rendered":"<h3 class=\"level_0\">Neueste Baseball<a href=\"https:\/\/www.freebetsinfo.co.uk\/free-bets\/\"> Wettbonus<\/a> Wettspiel<\/h3>\n<p>Wenn beispielsweise St. Louis +150 und Cincinnati -170 ist, dann ist Cincinnati das beliebteste Team und Sie m\u00fcssen 170 $ setzen, um 100 $ zu gewinnen. Wenn Sie 100 $ auf St. Louis setzen und sie gewinnen, gewinnen Sie 150 $. sicherlich. Sie k\u00f6nnen den neuesten Baseball-Wettbonus verwenden. Eine Wette abgeben<\/p>\n<h3 class=\"level_0\">Neuester Baseball-Wettbonus auf einen Au\u00dfenseiter kann erhebliche Gewinne bringen, wenn er es schafft, bei so vielen regul\u00e4ren Saisonspielen eine \u00dcberraschung zu machen<\/h3>\n<p class=\"level_0\">Es ist wichtig, sich der Entwicklung der Teams bewusst zu sein und gleicherma\u00dfen darauf zu achten, wer von jedem Team spielt, insbesondere vom Starter. Suchen Sie nach geworfenen Innings, Walks plus Hits pro geschlagenem Inning, verdienten Run-Durchschnitt und Gewinnen \u00fcber den Ersatzspieler-Statistiken f\u00fcr beginnende Pitcher, um zu entscheiden, auf welches Team gewettet werden soll.<\/p>\n<p class=\"level_0\">Run Lines Run Lines Eine Baseball Run Line ist eine Point Spread- oder Handicap-Wette. Wetten basieren auf einem Spread von 1,5 Punkten. Wenn Houston also +1,5 Runs bei einer Quote von +140 und Chicago -1,5 Runs -110 hat, w\u00e4re eine Wette von 110 $ auf Chicago erforderlich, um 100 $ zu gewinnen, wenn sie mit 1,5 oder mehr Runs gewinnen. Es w\u00fcrde 71,43 US-Dollar kosten, 100 US-Dollar auf eine Wette zu gewinnen, dass Houston nicht mehr als einen Lauf verlieren w\u00fcrde.<\/p>\n<h3 class=\"level_0\">Die neuesten Baseball- <a href=\"https:\/\/www.freebetbest.com\/de\/wettseiten\/\">Wettbonus-<\/a> Run-Linien k\u00f6nnen oft sehr unterschiedliche Quoten haben<\/h3>\n<p class=\"level_0\">als Moneyline-Wetten, da der Gewinn der Wette zus\u00e4tzlich zum Gewinn des Spiels das Erreichen einer Schwelle von 1,5 Punkten erfordert und das Verlieren des Spiels immer noch zu einer gewinnenden Wette f\u00fchren kann, wenn das Team nicht um mehr als den Spread verliert.<\/p>\n<p class=\"level_0\">Gesamtsummen Gesamtsummen Die Gesamtsummen der letzten Baseball-Wetten sind Wetten, die auf der Gesamtzahl der in einem Spiel erzielten L\u00e4ufe basieren. Sie wetten darauf, ob die Gesamtzahl der Runs \u00fcber oder unter einer von den Quotenmachern festgelegten Zahl liegt. Wenn das Over\/Under f\u00fcr Seattle und Philadelphia 8 betr\u00e4gt, m\u00fcssen Sie mindestens 9 Runs erzielen, um das Over zu gewinnen, und maximal 7 Runs, um das Under zu gewinnen.<\/p>\n<p class=\"level_0\">Wenn das Endergebnis 4-5 betr\u00e4gt, bei insgesamt 9 L\u00e4ufen und Sie auf Over wetten, gewinnen Sie die Wette.<\/p>\n<h3 class=\"level_0\">Baseball-Summen werden oft auf eine Zahl wie 8,5 gesetzt.<\/h3>\n<p class=\"level_0\">Das bedeutet Gesamtpunktzahl. Entweder es dauert 8 mal oder weniger. um unter Par zu gewinnen, oder es dauert 9 Mal. einen gro\u00dfen Gewinn zu erringen. Dies tr\u00e4gt dazu bei, Situationen zu vermeiden, in denen der letzte Lauf der Gesamtsumme entspricht (sogenanntes &#8222;Schieben&#8220;). Da dies weder \u00fcber noch unter ist, wird der Wettbetrag zur\u00fcckerstattet. Verwenden Sie ganze Zahlen f\u00fcr Baseball. Gesamtwetten bedeutet, dass gelegentlich. Es wird keine Gewinner oder Verlierer geben. Parlays Parlays Parlay-Wetten sind eine Wette auf mehrere Ergebnisse, und Sie m\u00fcssen das richtige ausw\u00e4hlen.<\/p>\n<p class=\"level_0\">Alle Ergebnisse werden gewinnen. Wenn Sie beispielsweise 100 US-Dollar in New York und Los Angeles setzen, m\u00fcssen beide Teams gewinnen. Um die Wette zu gewinnen. Da Sie auf die gesamte Wette setzen m\u00fcssen. Korrekter Umgang mit jedem Ergebnis, \u00dcberbelohnung ist eine Art von Baseball-Wetten mit h\u00f6herem Risiko, bietet jedoch h\u00f6here Renditen.<\/p>\n<p><!-- \/wp:post-content --><\/p>\n<p><!-- wp:paragraph \/--><\/p>\n","protected":false},"excerpt":{"rendered":"<p>Mit allen Erweiterungen des autorisierten Sportgl\u00fccksspiels kontrolliert unser \u00dcbersichtsteam alle neuesten Vorteile und \u00c4nderungen f\u00fchrender Baseball-Wett- und Spiel-Apps<\/p>\n<div class=\"hero-cup-section\">\n<div class=\"row mb-4\">\n<div class=\"col-md-7\">\n<div class=\"section-area\">\n<div class=\"section-list\">\n<li style=\"text-align: left\"><img decoding=\"async\" src=\"https:\/\/www.freebetbest.com\/wp-content\/uploads\/2021\/06\/tick.png\" alt=\"Sport\"> Willkommensbonus im Sportcasino.<\/li>\n<li style=\"text-align: left\"><img decoding=\"async\" src=\"https:\/\/www.freebetbest.com\/wp-content\/uploads\/2021\/06\/tick.png\" alt=\"Spieleangebote\"> Angebote und Aktionen von Online-Buchmachern.<\/li>\n<li style=\"text-align: left\"><img decoding=\"async\" src=\"https:\/\/www.freebetbest.com\/wp-content\/uploads\/2021\/06\/tick.png\" alt=\"Spieleangebote\"> Die besten Online-Buchmacher, denen Sie vertrauen k\u00f6nnen.<\/li>\n<li style=\"text-align: left\"><img decoding=\"async\" src=\"https:\/\/www.freebetbest.com\/wp-content\/uploads\/2021\/06\/tick.png\" alt=\"Ma\u00dfgebend\"> Ma\u00dfgebliche \u00dcberpr\u00fcfung Sicher zuverl\u00e4ssig.<\/li>\n<li style=\"text-align: left\"><img decoding=\"async\" src=\"https:\/\/www.freebetbest.com\/wp-content\/uploads\/2021\/06\/tick.png\" alt=\"Schnelle Abhebungen\"> Mobile APP-Unterst\u00fctzung, schnelle Auszahlungen.<\/li>\n<li style=\"text-align: left\"><img decoding=\"async\" src=\"https:\/\/www.freebetbest.com\/wp-content\/uploads\/2021\/06\/tick.png\" alt=\"Kundendienst\"> Kundensupport: 365 Tage, 24 Stunden am Tag.<\/li>\n<\/div>\n<\/div>\n<\/div>\n<div class=\"col-md-5\">\n<div class=\"cup-img\"><img decoding=\"async\" src=\"https:\/\/www.freebetbest.com\/wp-content\/uploads\/2021\/06\/Cricket-Betting.png\" alt=\"freebetbest\"><\/div>\n<\/div>\n<\/div>\n","protected":false},"author":1,"featured_media":125059,"parent":0,"menu_order":0,"comment_status":"closed","ping_status":"closed","template":"Spins-template.php","meta":{"footnotes":""},"class_list":["post-130181","page","type-page","status-publish","has-post-thumbnail","hentry"],"yoast_head":"<!-- This site is optimized with the Yoast SEO Premium plugin v19.5 (Yoast SEO v27.0) - https:\/\/yoast.com\/product\/yoast-seo-premium-wordpress\/ -->\n<title>Neuester Baseball-Wettbonus<\/title>\n<meta name=\"description\" content=\"Neuester Baseball-Wettbonus Beste Online-Buchmacher, Neuester Golf-Wettbonus, Poker, Bingo und mobile Wetten, Gratiswette ohne Einzahlung\" \/>\n<meta name=\"robots\" content=\"index, follow, max-snippet:-1, max-image-preview:large, max-video-preview:-1\" \/>\n<link rel=\"canonical\" href=\"https:\/\/www.freebetbest.com\/de\/neuester-baseball-wettbonus\/\" \/>\n<meta property=\"og:locale\" content=\"de_DE\" \/>\n<meta property=\"og:type\" content=\"article\" \/>\n<meta property=\"og:title\" content=\"Neuester Baseball-Wettbonus\" \/>\n<meta property=\"og:description\" content=\"Neuester Baseball-Wettbonus Beste Online-Buchmacher, Neuester Golf-Wettbonus, Poker, Bingo und mobile Wetten, Gratiswette ohne Einzahlung\" \/>\n<meta property=\"og:url\" content=\"https:\/\/www.freebetbest.com\/de\/neuester-baseball-wettbonus\/\" \/>\n<meta property=\"og:site_name\" content=\"Gratis Wetten | beste Online Casinos | Sportwetten Bonus\" \/>\n<meta property=\"article:modified_time\" content=\"2021-07-28T17:07:53+00:00\" \/>\n<meta property=\"og:image\" content=\"https:\/\/www.freebetbest.com\/wp-content\/uploads\/2021\/06\/baseball-betting-scaled.jpg\" \/>\n\t<meta property=\"og:image:width\" content=\"464\" \/>\n\t<meta property=\"og:image:height\" content=\"180\" \/>\n\t<meta property=\"og:image:type\" content=\"image\/jpeg\" \/>\n<meta name=\"twitter:card\" content=\"summary_large_image\" \/>\n<meta name=\"twitter:label1\" content=\"Gesch\u00e4tzte Lesezeit\" \/>\n\t<meta name=\"twitter:data1\" content=\"3\u00a0Minuten\" \/>\n<script type=\"application\/ld+json\" class=\"yoast-schema-graph\">{\"@context\":\"https:\/\/schema.org\",\"@graph\":[{\"@type\":\"WebPage\",\"@id\":\"https:\/\/www.freebetbest.com\/de\/neuester-baseball-wettbonus\/\",\"url\":\"https:\/\/www.freebetbest.com\/de\/neuester-baseball-wettbonus\/\",\"name\":\"Neuester Baseball-Wettbonus\",\"isPartOf\":{\"@id\":\"https:\/\/www.freebetbest.com\/de\/#website\"},\"primaryImageOfPage\":{\"@id\":\"https:\/\/www.freebetbest.com\/de\/neuester-baseball-wettbonus\/#primaryimage\"},\"image\":{\"@id\":\"https:\/\/www.freebetbest.com\/de\/neuester-baseball-wettbonus\/#primaryimage\"},\"thumbnailUrl\":\"https:\/\/www.freebetbest.com\/wp-content\/uploads\/2021\/06\/baseball-betting-scaled.jpg\",\"datePublished\":\"2021-06-10T07:49:43+00:00\",\"dateModified\":\"2021-07-28T17:07:53+00:00\",\"description\":\"Neuester Baseball-Wettbonus Beste Online-Buchmacher, Neuester Golf-Wettbonus, Poker, Bingo und mobile Wetten, Gratiswette ohne Einzahlung\",\"breadcrumb\":{\"@id\":\"https:\/\/www.freebetbest.com\/de\/neuester-baseball-wettbonus\/#breadcrumb\"},\"inLanguage\":\"de\",\"potentialAction\":[{\"@type\":\"ReadAction\",\"target\":[\"https:\/\/www.freebetbest.com\/de\/neuester-baseball-wettbonus\/\"]}]},{\"@type\":\"ImageObject\",\"inLanguage\":\"de\",\"@id\":\"https:\/\/www.freebetbest.com\/de\/neuester-baseball-wettbonus\/#primaryimage\",\"url\":\"https:\/\/www.freebetbest.com\/wp-content\/uploads\/2021\/06\/baseball-betting-scaled.jpg\",\"contentUrl\":\"https:\/\/www.freebetbest.com\/wp-content\/uploads\/2021\/06\/baseball-betting-scaled.jpg\",\"width\":464,\"height\":180,\"caption\":\"Baseball-Wetten\"},{\"@type\":\"BreadcrumbList\",\"@id\":\"https:\/\/www.freebetbest.com\/de\/neuester-baseball-wettbonus\/#breadcrumb\",\"itemListElement\":[{\"@type\":\"ListItem\",\"position\":1,\"name\":\"Home\",\"item\":\"https:\/\/www.freebetbest.com\/de\/\"},{\"@type\":\"ListItem\",\"position\":2,\"name\":\"Neuester Baseball-Wettbonus\"}]},{\"@type\":\"WebSite\",\"@id\":\"https:\/\/www.freebetbest.com\/de\/#website\",\"url\":\"https:\/\/www.freebetbest.com\/de\/\",\"name\":\"Gratis Wetten | beste Online Casinos | Sportwetten Bonus\",\"description\":\"Das beste Online Buchmacher,Das Sportwetten, Casino-, Poker-, Bingo- und Mobilwetten, Online-Casinos, Fu\u00dfballwetten, Ohne Einzahlung Promo-Codes, Das weltweit f\u00fchrende Gl\u00fccksspielportal anbietet.\",\"publisher\":{\"@id\":\"https:\/\/www.freebetbest.com\/de\/#\/schema\/person\/292684ccf388a2362d507874c5b80a69\"},\"potentialAction\":[{\"@type\":\"SearchAction\",\"target\":{\"@type\":\"EntryPoint\",\"urlTemplate\":\"https:\/\/www.freebetbest.com\/de\/?s={search_term_string}\"},\"query-input\":{\"@type\":\"PropertyValueSpecification\",\"valueRequired\":true,\"valueName\":\"search_term_string\"}}],\"inLanguage\":\"de\"},{\"@type\":[\"Person\",\"Organization\"],\"@id\":\"https:\/\/www.freebetbest.com\/de\/#\/schema\/person\/292684ccf388a2362d507874c5b80a69\",\"name\":\"\u7ba1\u7406\",\"image\":{\"@type\":\"ImageObject\",\"inLanguage\":\"de\",\"@id\":\"https:\/\/www.freebetbest.com\/de\/#\/schema\/person\/image\/\",\"url\":\"https:\/\/www.freebetbest.com\/wp-content\/litespeed\/avatar\/49696b52fb15293a2168c14964fdd8b9.jpg?ver=1775625495\",\"contentUrl\":\"https:\/\/www.freebetbest.com\/wp-content\/litespeed\/avatar\/49696b52fb15293a2168c14964fdd8b9.jpg?ver=1775625495\",\"caption\":\"\u7ba1\u7406\"},\"logo\":{\"@id\":\"https:\/\/www.freebetbest.com\/de\/#\/schema\/person\/image\/\"},\"sameAs\":[\"admin\"]}]}<\/script>\n<!-- \/ Yoast SEO Premium plugin. -->","yoast_head_json":{"title":"Neuester Baseball-Wettbonus","description":"Neuester Baseball-Wettbonus Beste Online-Buchmacher, Neuester Golf-Wettbonus, Poker, Bingo und mobile Wetten, Gratiswette ohne Einzahlung","robots":{"index":"index","follow":"follow","max-snippet":"max-snippet:-1","max-image-preview":"max-image-preview:large","max-video-preview":"max-video-preview:-1"},"canonical":"https:\/\/www.freebetbest.com\/de\/neuester-baseball-wettbonus\/","og_locale":"de_DE","og_type":"article","og_title":"Neuester Baseball-Wettbonus","og_description":"Neuester Baseball-Wettbonus Beste Online-Buchmacher, Neuester Golf-Wettbonus, Poker, Bingo und mobile Wetten, Gratiswette ohne Einzahlung","og_url":"https:\/\/www.freebetbest.com\/de\/neuester-baseball-wettbonus\/","og_site_name":"Gratis Wetten | beste Online Casinos | Sportwetten Bonus","article_modified_time":"2021-07-28T17:07:53+00:00","og_image":[{"width":464,"height":180,"url":"https:\/\/www.freebetbest.com\/wp-content\/uploads\/2021\/06\/baseball-betting-scaled.jpg","type":"image\/jpeg"}],"twitter_card":"summary_large_image","twitter_misc":{"Gesch\u00e4tzte Lesezeit":"3\u00a0Minuten"},"schema":{"@context":"https:\/\/schema.org","@graph":[{"@type":"WebPage","@id":"https:\/\/www.freebetbest.com\/de\/neuester-baseball-wettbonus\/","url":"https:\/\/www.freebetbest.com\/de\/neuester-baseball-wettbonus\/","name":"Neuester Baseball-Wettbonus","isPartOf":{"@id":"https:\/\/www.freebetbest.com\/de\/#website"},"primaryImageOfPage":{"@id":"https:\/\/www.freebetbest.com\/de\/neuester-baseball-wettbonus\/#primaryimage"},"image":{"@id":"https:\/\/www.freebetbest.com\/de\/neuester-baseball-wettbonus\/#primaryimage"},"thumbnailUrl":"https:\/\/www.freebetbest.com\/wp-content\/uploads\/2021\/06\/baseball-betting-scaled.jpg","datePublished":"2021-06-10T07:49:43+00:00","dateModified":"2021-07-28T17:07:53+00:00","description":"Neuester Baseball-Wettbonus Beste Online-Buchmacher, Neuester Golf-Wettbonus, Poker, Bingo und mobile Wetten, Gratiswette ohne Einzahlung","breadcrumb":{"@id":"https:\/\/www.freebetbest.com\/de\/neuester-baseball-wettbonus\/#breadcrumb"},"inLanguage":"de","potentialAction":[{"@type":"ReadAction","target":["https:\/\/www.freebetbest.com\/de\/neuester-baseball-wettbonus\/"]}]},{"@type":"ImageObject","inLanguage":"de","@id":"https:\/\/www.freebetbest.com\/de\/neuester-baseball-wettbonus\/#primaryimage","url":"https:\/\/www.freebetbest.com\/wp-content\/uploads\/2021\/06\/baseball-betting-scaled.jpg","contentUrl":"https:\/\/www.freebetbest.com\/wp-content\/uploads\/2021\/06\/baseball-betting-scaled.jpg","width":464,"height":180,"caption":"Baseball-Wetten"},{"@type":"BreadcrumbList","@id":"https:\/\/www.freebetbest.com\/de\/neuester-baseball-wettbonus\/#breadcrumb","itemListElement":[{"@type":"ListItem","position":1,"name":"Home","item":"https:\/\/www.freebetbest.com\/de\/"},{"@type":"ListItem","position":2,"name":"Neuester Baseball-Wettbonus"}]},{"@type":"WebSite","@id":"https:\/\/www.freebetbest.com\/de\/#website","url":"https:\/\/www.freebetbest.com\/de\/","name":"Gratis Wetten | beste Online Casinos | Sportwetten Bonus","description":"Das beste Online Buchmacher,Das Sportwetten, Casino-, Poker-, Bingo- und Mobilwetten, Online-Casinos, Fu\u00dfballwetten, Ohne Einzahlung Promo-Codes, Das weltweit f\u00fchrende Gl\u00fccksspielportal anbietet.","publisher":{"@id":"https:\/\/www.freebetbest.com\/de\/#\/schema\/person\/292684ccf388a2362d507874c5b80a69"},"potentialAction":[{"@type":"SearchAction","target":{"@type":"EntryPoint","urlTemplate":"https:\/\/www.freebetbest.com\/de\/?s={search_term_string}"},"query-input":{"@type":"PropertyValueSpecification","valueRequired":true,"valueName":"search_term_string"}}],"inLanguage":"de"},{"@type":["Person","Organization"],"@id":"https:\/\/www.freebetbest.com\/de\/#\/schema\/person\/292684ccf388a2362d507874c5b80a69","name":"\u7ba1\u7406","image":{"@type":"ImageObject","inLanguage":"de","@id":"https:\/\/www.freebetbest.com\/de\/#\/schema\/person\/image\/","url":"https:\/\/www.freebetbest.com\/wp-content\/litespeed\/avatar\/49696b52fb15293a2168c14964fdd8b9.jpg?ver=1775625495","contentUrl":"https:\/\/www.freebetbest.com\/wp-content\/litespeed\/avatar\/49696b52fb15293a2168c14964fdd8b9.jpg?ver=1775625495","caption":"\u7ba1\u7406"},"logo":{"@id":"https:\/\/www.freebetbest.com\/de\/#\/schema\/person\/image\/"},"sameAs":["admin"]}]}},"_links":{"self":[{"href":"https:\/\/www.freebetbest.com\/de\/wp-json\/wp\/v2\/pages\/130181","targetHints":{"allow":["GET"]}}],"collection":[{"href":"https:\/\/www.freebetbest.com\/de\/wp-json\/wp\/v2\/pages"}],"about":[{"href":"https:\/\/www.freebetbest.com\/de\/wp-json\/wp\/v2\/types\/page"}],"author":[{"embeddable":true,"href":"https:\/\/www.freebetbest.com\/de\/wp-json\/wp\/v2\/users\/1"}],"replies":[{"embeddable":true,"href":"https:\/\/www.freebetbest.com\/de\/wp-json\/wp\/v2\/comments?post=130181"}],"version-history":[{"count":0,"href":"https:\/\/www.freebetbest.com\/de\/wp-json\/wp\/v2\/pages\/130181\/revisions"}],"wp:featuredmedia":[{"embeddable":true,"href":"https:\/\/www.freebetbest.com\/de\/wp-json\/wp\/v2\/media\/125059"}],"wp:attachment":[{"href":"https:\/\/www.freebetbest.com\/de\/wp-json\/wp\/v2\/media?parent=130181"}],"curies":[{"name":"wp","href":"https:\/\/api.w.org\/{rel}","templated":true}]}}