{"id":129350,"date":"2021-06-10T10:04:52","date_gmt":"2021-06-10T10:04:52","guid":{"rendered":"https:\/\/www.freebetbest.com\/japan-buchmacher-bonus\/"},"modified":"2021-07-29T10:57:18","modified_gmt":"2021-07-29T10:57:18","slug":"bonus-f%c3%bcr-japanische-buchmacher","status":"publish","type":"page","link":"https:\/\/www.freebetbest.com\/de\/bonus-f%c3%bcr-japanische-buchmacher\/","title":{"rendered":"Bonus f\u00fcr japanische Buchmacher"},"content":{"rendered":"<h2>Beste japanische Buchmacher-Bonusseite<\/h2>\nWir stellen Links zur Verf\u00fcgung. Helfen Sie bei der Registrierung f\u00fcr ein kostenloses Konto. Und wie Sie sich in der schnellstm\u00f6glichen Zeit registrieren, wie Sie den Japan Bookmakers Bonus erhalten. Und willkommene kostenlose Boni.\n\nDie h\u00e4ufigste Rateaktivit\u00e4t in Japan ist Baseball. Jeden Tag werden viele Wetten auf das Ergebnis des gr\u00f6\u00dften Spiels platziert.\n\nKennen Sie die verf\u00fcgbaren Optionen f\u00fcr<a href=\"https:\/\/www.freebetbest.com\/latest-free-betting-bonus\/\"> Sportwetten<\/a> in Japan? All dies kl\u00e4rt dieser Artikel. Auf dieser Seite hat unser Expertenteam die wichtigsten Websites und Programme analysiert und die gr\u00f6\u00dfte Gaming-Website in Japan vorgestellt.\n<h3>Das Gl\u00fccksspiel in China hat eine einzigartige und faszinierende historische Vergangenheit.<\/h3>\nZuschauer versammelten sich in Telefonnummern, um sich Sportereignisse, K\u00e4mpfe und Pr\u00fcfungen von Tempo oder Energie anzusehen und im Ergebnis Gelder oder Gegenst\u00e4nde zu setzen. Die Wettsituation stammt von Online-Casinos, die von Westlern er\u00f6ffnet wurden. Online-Spiele mit Kreditkarte spielen.\n<h3>Richtungsweisend und Ihr wichtigstes in der Neuzeit.<\/h3>\nBonus f\u00fcr japanische Buchmacher. Ganz anders sieht es bei der Risikominderung aus. Die Wette erfolgt durch Online-Wetten,\n<h3>Bonus f\u00fcr japanische Buchmacher Die meisten Wetten sind noch legal.<\/h3>\nDiese Pl\u00e4ne sind bisher nicht aufzuhalten. Die \u00fcberzeugendste Wette ist die Person, die einen Gewinn macht. Die \u00fcberwiegende Mehrheit der Wetten wird in legale Wettunternehmen investiert.\n<h3>Bonus f\u00fcr japanische Buchmacher Online-Spielen in Japan<\/h3>\nDie Bekanntheit des Spielens im Internet w\u00e4chst in Japan weiter. Sicherlich ist der Online-Markt f\u00fcr Sportwetten jetzt viel wettbewerbsf\u00e4higer als in der Vergangenheit, aber das sind wunderbare Informationen f\u00fcr Wettende. Sie haben die Wahl, mit welchem Buchmacher Sie spielen m\u00f6chten.\n<h3>Bonus f\u00fcr japanische Buchmacher<a href=\"https:\/\/www.freebetsinfo.co.uk\/free-bets\/\"> Sport-Online-Wetten<\/a><\/h3>\nDarauf wetten auch Japan. Ein Hobby, das Tausende von Menschen sch\u00e4tzen. Wir haben bereits erhalten. Eine gro\u00dfe Anzahl von Vorschlagsseiten. Helfen Sie bei Sportwetten, aber wir stellen es auch f\u00fcr Sie bereit. Der beste japanische Buchmacherbonus der Welt.\n\nJeder japanische Buchmacher. Beide sch\u00fctzen Gemeinschafts- und Bundesmeisterschaften wie die J1 League und NPB sowie die Olympischen Spiele, die Weltmeisterschaft und die UEFA Champions League. Verschiedene andere gro\u00dfe sportliche Aktivit\u00e4ten, wie zum Beispiel Ligen. Gro\u00dfereignisse der Welt.\n\nWenn Sie es planen. Auf kleine Events in Japan wetten, verschiedene Quotenformate lesen oder den n\u00e4chsten Basketball-Weltmeister erraten, das ist kein Problem. All das kann drin sein. Vervollst\u00e4ndigt in unserer Liste der japanischen Buchmacher.\n<h3>Online-Casinos in Japan<\/h3>\nNehmen Sie an Online-Casinos teil. Als Alternative zur Real-Life-Version. hat viele Vorteile. Zun\u00e4chst einmal k\u00f6nnen Sie dabei sein. Genie\u00dfen Sie es zu Hause oder unterwegs, so ist es einfacher. Dar\u00fcber hinaus wie im echten Alltag. Zusammenfassend, Leute, die in Internet-Casinos gespielt haben. Wie Sie es wissen, k\u00f6nnen Wetten entmutigend sein.\n\nAls Titel des Live-Dealer-Spiels ist das Gl\u00fccksspielhaus zu Hause. Praxiserfahrung wird so wirksam wie echte Produkte. Sie k\u00f6nnen Blackjack, Roulette, Baccarat und andere Spiele spielen, sich von echten Menschen erf\u00fcllen lassen und in einem echten Casino leben.\n<h3>Japan Bookmakers Bonus Anlageoptionen<\/h3>\nwir wissen. Es kann einfach mit Methoden ein- und aussteigen, die zu Ihnen passen, was beim Online-Gl\u00fccksspiel sehr wichtig ist. Deshalb. Wir wollen unser Bestes geben. Fazit: Bringen Sie mehrere Websites mit, die eine breite Palette von Bankoptionen f\u00fcr japanische Sportler bieten\n\n<!-- \/wp:post-content -->","protected":false},"excerpt":{"rendered":"<p>Registrieren Sie sich f\u00fcr ein kostenloses Konto und registrieren Sie sich so schnell wie m\u00f6glich, und erfahren Sie, wie Sie den besten vorgefertigten Willkommensbonus und kostenlosen Bonus erhalten.<\/p>\n<div class=\"hero-cup-section\">\n<div class=\"row mb-4\">\n<div class=\"col-md-7\">\n<div class=\"section-area\">\n<div class=\"section-list\">\n<li style=\"text-align: left\"><img decoding=\"async\" src=\"https:\/\/www.freebetbest.com\/wp-content\/uploads\/2021\/06\/tick.png\" alt=\"Sport\"> Willkommensbonus im Sportcasino.<\/li>\n<li style=\"text-align: left\"><img decoding=\"async\" src=\"https:\/\/www.freebetbest.com\/wp-content\/uploads\/2021\/06\/tick.png\" alt=\"Spieleangebote\"> Angebote und Aktionen von Online-Buchmachern.<\/li>\n<li style=\"text-align: left\"><img decoding=\"async\" src=\"https:\/\/www.freebetbest.com\/wp-content\/uploads\/2021\/06\/tick.png\" alt=\"Spieleangebote\"> Die besten Online-Buchmacher, denen Sie vertrauen k\u00f6nnen.<\/li>\n<li style=\"text-align: left\"><img decoding=\"async\" src=\"https:\/\/www.freebetbest.com\/wp-content\/uploads\/2021\/06\/tick.png\" alt=\"Ma\u00dfgebend\"> Ma\u00dfgebliche \u00dcberpr\u00fcfung Sicher zuverl\u00e4ssig.<\/li>\n<li style=\"text-align: left\"><img decoding=\"async\" src=\"https:\/\/www.freebetbest.com\/wp-content\/uploads\/2021\/06\/tick.png\" alt=\"Schnelle Abhebungen\"> Mobile APP-Unterst\u00fctzung, schnelle Auszahlungen.<\/li>\n<li style=\"text-align: left\"><img decoding=\"async\" src=\"https:\/\/www.freebetbest.com\/wp-content\/uploads\/2021\/06\/tick.png\" alt=\"Kundendienst\"> Kundensupport: 365 Tage, 24 Stunden am Tag.<\/li>\n<\/div>\n<\/div>\n<\/div>\n<div class=\"col-md-5\">\n<div class=\"cup-img\"><img decoding=\"async\" src=\"https:\/\/www.freebetbest.com\/wp-content\/uploads\/2021\/06\/japan1-1.png\" alt=\"freebetbest\"><\/div>\n<\/div>\n<\/div>\n","protected":false},"author":1,"featured_media":125269,"parent":0,"menu_order":0,"comment_status":"closed","ping_status":"closed","template":"japan-template.php","meta":{"footnotes":""},"class_list":["post-129350","page","type-page","status-publish","has-post-thumbnail","hentry"],"yoast_head":"<!-- This site is optimized with the Yoast SEO Premium plugin v19.5 (Yoast SEO v27.0) - https:\/\/yoast.com\/product\/yoast-seo-premium-wordpress\/ -->\n<title>Bonus f\u00fcr japanische Buchmacher , Aktion f\u00fcr Ersteinzahlung<\/title>\n<meta name=\"description\" content=\"Bonus f\u00fcr japanische Buchmacher ,Gratiswette Bonus ohne Einzahlung\uff0cTop Online Gratiswetten Angebote. Beste Quoten f\u00fcr Sportwetten. Exklusive Angebote. Beste Bewertungen.\" \/>\n<meta name=\"robots\" content=\"index, follow, max-snippet:-1, max-image-preview:large, max-video-preview:-1\" \/>\n<link rel=\"canonical\" href=\"https:\/\/www.freebetbest.com\/de\/bonus-f%c3%bcr-japanische-buchmacher\/\" \/>\n<meta property=\"og:locale\" content=\"de_DE\" \/>\n<meta property=\"og:type\" content=\"article\" \/>\n<meta property=\"og:title\" content=\"Bonus f\u00fcr japanische Buchmacher\" \/>\n<meta property=\"og:description\" content=\"Bonus f\u00fcr japanische Buchmacher ,Gratiswette Bonus ohne Einzahlung\uff0cTop Online Gratiswetten Angebote. Beste Quoten f\u00fcr Sportwetten. Exklusive Angebote. Beste Bewertungen.\" \/>\n<meta property=\"og:url\" content=\"https:\/\/www.freebetbest.com\/de\/bonus-f%c3%bcr-japanische-buchmacher\/\" \/>\n<meta property=\"og:site_name\" content=\"Gratis Wetten | beste Online Casinos | Sportwetten Bonus\" \/>\n<meta property=\"article:modified_time\" content=\"2021-07-29T10:57:18+00:00\" \/>\n<meta property=\"og:image\" content=\"https:\/\/www.freebetbest.com\/wp-content\/uploads\/2021\/06\/Bookmakers-scaled.jpg\" \/>\n\t<meta property=\"og:image:width\" content=\"417\" \/>\n\t<meta property=\"og:image:height\" content=\"180\" \/>\n\t<meta property=\"og:image:type\" content=\"image\/jpeg\" \/>\n<meta name=\"twitter:card\" content=\"summary_large_image\" \/>\n<meta name=\"twitter:label1\" content=\"Gesch\u00e4tzte Lesezeit\" \/>\n\t<meta name=\"twitter:data1\" content=\"3\u00a0Minuten\" \/>\n<script type=\"application\/ld+json\" class=\"yoast-schema-graph\">{\"@context\":\"https:\/\/schema.org\",\"@graph\":[{\"@type\":\"WebPage\",\"@id\":\"https:\/\/www.freebetbest.com\/de\/bonus-f%c3%bcr-japanische-buchmacher\/\",\"url\":\"https:\/\/www.freebetbest.com\/de\/bonus-f%c3%bcr-japanische-buchmacher\/\",\"name\":\"Bonus f\u00fcr japanische Buchmacher , Aktion f\u00fcr Ersteinzahlung\",\"isPartOf\":{\"@id\":\"https:\/\/www.freebetbest.com\/de\/#website\"},\"primaryImageOfPage\":{\"@id\":\"https:\/\/www.freebetbest.com\/de\/bonus-f%c3%bcr-japanische-buchmacher\/#primaryimage\"},\"image\":{\"@id\":\"https:\/\/www.freebetbest.com\/de\/bonus-f%c3%bcr-japanische-buchmacher\/#primaryimage\"},\"thumbnailUrl\":\"https:\/\/www.freebetbest.com\/wp-content\/uploads\/2021\/06\/Bookmakers-scaled.jpg\",\"datePublished\":\"2021-06-10T10:04:52+00:00\",\"dateModified\":\"2021-07-29T10:57:18+00:00\",\"description\":\"Bonus f\u00fcr japanische Buchmacher ,Gratiswette Bonus ohne Einzahlung\uff0cTop Online Gratiswetten Angebote. Beste Quoten f\u00fcr Sportwetten. Exklusive Angebote. Beste Bewertungen.\",\"breadcrumb\":{\"@id\":\"https:\/\/www.freebetbest.com\/de\/bonus-f%c3%bcr-japanische-buchmacher\/#breadcrumb\"},\"inLanguage\":\"de\",\"potentialAction\":[{\"@type\":\"ReadAction\",\"target\":[\"https:\/\/www.freebetbest.com\/de\/bonus-f%c3%bcr-japanische-buchmacher\/\"]}]},{\"@type\":\"ImageObject\",\"inLanguage\":\"de\",\"@id\":\"https:\/\/www.freebetbest.com\/de\/bonus-f%c3%bcr-japanische-buchmacher\/#primaryimage\",\"url\":\"https:\/\/www.freebetbest.com\/wp-content\/uploads\/2021\/06\/Bookmakers-scaled.jpg\",\"contentUrl\":\"https:\/\/www.freebetbest.com\/wp-content\/uploads\/2021\/06\/Bookmakers-scaled.jpg\",\"width\":417,\"height\":180,\"caption\":\"China-Buchmacher-Bonus\"},{\"@type\":\"BreadcrumbList\",\"@id\":\"https:\/\/www.freebetbest.com\/de\/bonus-f%c3%bcr-japanische-buchmacher\/#breadcrumb\",\"itemListElement\":[{\"@type\":\"ListItem\",\"position\":1,\"name\":\"Home\",\"item\":\"https:\/\/www.freebetbest.com\/de\/\"},{\"@type\":\"ListItem\",\"position\":2,\"name\":\"Bonus f\u00fcr japanische Buchmacher\"}]},{\"@type\":\"WebSite\",\"@id\":\"https:\/\/www.freebetbest.com\/de\/#website\",\"url\":\"https:\/\/www.freebetbest.com\/de\/\",\"name\":\"Gratis Wetten | beste Online Casinos | Sportwetten Bonus\",\"description\":\"Das beste Online Buchmacher,Das Sportwetten, Casino-, Poker-, Bingo- und Mobilwetten, Online-Casinos, Fu\u00dfballwetten, Ohne Einzahlung Promo-Codes, Das weltweit f\u00fchrende Gl\u00fccksspielportal anbietet.\",\"publisher\":{\"@id\":\"https:\/\/www.freebetbest.com\/de\/#\/schema\/person\/292684ccf388a2362d507874c5b80a69\"},\"potentialAction\":[{\"@type\":\"SearchAction\",\"target\":{\"@type\":\"EntryPoint\",\"urlTemplate\":\"https:\/\/www.freebetbest.com\/de\/?s={search_term_string}\"},\"query-input\":{\"@type\":\"PropertyValueSpecification\",\"valueRequired\":true,\"valueName\":\"search_term_string\"}}],\"inLanguage\":\"de\"},{\"@type\":[\"Person\",\"Organization\"],\"@id\":\"https:\/\/www.freebetbest.com\/de\/#\/schema\/person\/292684ccf388a2362d507874c5b80a69\",\"name\":\"\u7ba1\u7406\",\"image\":{\"@type\":\"ImageObject\",\"inLanguage\":\"de\",\"@id\":\"https:\/\/www.freebetbest.com\/de\/#\/schema\/person\/image\/\",\"url\":\"https:\/\/www.freebetbest.com\/wp-content\/litespeed\/avatar\/49696b52fb15293a2168c14964fdd8b9.jpg?ver=1777439934\",\"contentUrl\":\"https:\/\/www.freebetbest.com\/wp-content\/litespeed\/avatar\/49696b52fb15293a2168c14964fdd8b9.jpg?ver=1777439934\",\"caption\":\"\u7ba1\u7406\"},\"logo\":{\"@id\":\"https:\/\/www.freebetbest.com\/de\/#\/schema\/person\/image\/\"},\"sameAs\":[\"admin\"]}]}<\/script>\n<!-- \/ Yoast SEO Premium plugin. -->","yoast_head_json":{"title":"Bonus f\u00fcr japanische Buchmacher , Aktion f\u00fcr Ersteinzahlung","description":"Bonus f\u00fcr japanische Buchmacher ,Gratiswette Bonus ohne Einzahlung\uff0cTop Online Gratiswetten Angebote. Beste Quoten f\u00fcr Sportwetten. Exklusive Angebote. Beste Bewertungen.","robots":{"index":"index","follow":"follow","max-snippet":"max-snippet:-1","max-image-preview":"max-image-preview:large","max-video-preview":"max-video-preview:-1"},"canonical":"https:\/\/www.freebetbest.com\/de\/bonus-f%c3%bcr-japanische-buchmacher\/","og_locale":"de_DE","og_type":"article","og_title":"Bonus f\u00fcr japanische Buchmacher","og_description":"Bonus f\u00fcr japanische Buchmacher ,Gratiswette Bonus ohne Einzahlung\uff0cTop Online Gratiswetten Angebote. Beste Quoten f\u00fcr Sportwetten. Exklusive Angebote. Beste Bewertungen.","og_url":"https:\/\/www.freebetbest.com\/de\/bonus-f%c3%bcr-japanische-buchmacher\/","og_site_name":"Gratis Wetten | beste Online Casinos | Sportwetten Bonus","article_modified_time":"2021-07-29T10:57:18+00:00","og_image":[{"width":417,"height":180,"url":"https:\/\/www.freebetbest.com\/wp-content\/uploads\/2021\/06\/Bookmakers-scaled.jpg","type":"image\/jpeg"}],"twitter_card":"summary_large_image","twitter_misc":{"Gesch\u00e4tzte Lesezeit":"3\u00a0Minuten"},"schema":{"@context":"https:\/\/schema.org","@graph":[{"@type":"WebPage","@id":"https:\/\/www.freebetbest.com\/de\/bonus-f%c3%bcr-japanische-buchmacher\/","url":"https:\/\/www.freebetbest.com\/de\/bonus-f%c3%bcr-japanische-buchmacher\/","name":"Bonus f\u00fcr japanische Buchmacher , Aktion f\u00fcr Ersteinzahlung","isPartOf":{"@id":"https:\/\/www.freebetbest.com\/de\/#website"},"primaryImageOfPage":{"@id":"https:\/\/www.freebetbest.com\/de\/bonus-f%c3%bcr-japanische-buchmacher\/#primaryimage"},"image":{"@id":"https:\/\/www.freebetbest.com\/de\/bonus-f%c3%bcr-japanische-buchmacher\/#primaryimage"},"thumbnailUrl":"https:\/\/www.freebetbest.com\/wp-content\/uploads\/2021\/06\/Bookmakers-scaled.jpg","datePublished":"2021-06-10T10:04:52+00:00","dateModified":"2021-07-29T10:57:18+00:00","description":"Bonus f\u00fcr japanische Buchmacher ,Gratiswette Bonus ohne Einzahlung\uff0cTop Online Gratiswetten Angebote. Beste Quoten f\u00fcr Sportwetten. Exklusive Angebote. Beste Bewertungen.","breadcrumb":{"@id":"https:\/\/www.freebetbest.com\/de\/bonus-f%c3%bcr-japanische-buchmacher\/#breadcrumb"},"inLanguage":"de","potentialAction":[{"@type":"ReadAction","target":["https:\/\/www.freebetbest.com\/de\/bonus-f%c3%bcr-japanische-buchmacher\/"]}]},{"@type":"ImageObject","inLanguage":"de","@id":"https:\/\/www.freebetbest.com\/de\/bonus-f%c3%bcr-japanische-buchmacher\/#primaryimage","url":"https:\/\/www.freebetbest.com\/wp-content\/uploads\/2021\/06\/Bookmakers-scaled.jpg","contentUrl":"https:\/\/www.freebetbest.com\/wp-content\/uploads\/2021\/06\/Bookmakers-scaled.jpg","width":417,"height":180,"caption":"China-Buchmacher-Bonus"},{"@type":"BreadcrumbList","@id":"https:\/\/www.freebetbest.com\/de\/bonus-f%c3%bcr-japanische-buchmacher\/#breadcrumb","itemListElement":[{"@type":"ListItem","position":1,"name":"Home","item":"https:\/\/www.freebetbest.com\/de\/"},{"@type":"ListItem","position":2,"name":"Bonus f\u00fcr japanische Buchmacher"}]},{"@type":"WebSite","@id":"https:\/\/www.freebetbest.com\/de\/#website","url":"https:\/\/www.freebetbest.com\/de\/","name":"Gratis Wetten | beste Online Casinos | Sportwetten Bonus","description":"Das beste Online Buchmacher,Das Sportwetten, Casino-, Poker-, Bingo- und Mobilwetten, Online-Casinos, Fu\u00dfballwetten, Ohne Einzahlung Promo-Codes, Das weltweit f\u00fchrende Gl\u00fccksspielportal anbietet.","publisher":{"@id":"https:\/\/www.freebetbest.com\/de\/#\/schema\/person\/292684ccf388a2362d507874c5b80a69"},"potentialAction":[{"@type":"SearchAction","target":{"@type":"EntryPoint","urlTemplate":"https:\/\/www.freebetbest.com\/de\/?s={search_term_string}"},"query-input":{"@type":"PropertyValueSpecification","valueRequired":true,"valueName":"search_term_string"}}],"inLanguage":"de"},{"@type":["Person","Organization"],"@id":"https:\/\/www.freebetbest.com\/de\/#\/schema\/person\/292684ccf388a2362d507874c5b80a69","name":"\u7ba1\u7406","image":{"@type":"ImageObject","inLanguage":"de","@id":"https:\/\/www.freebetbest.com\/de\/#\/schema\/person\/image\/","url":"https:\/\/www.freebetbest.com\/wp-content\/litespeed\/avatar\/49696b52fb15293a2168c14964fdd8b9.jpg?ver=1777439934","contentUrl":"https:\/\/www.freebetbest.com\/wp-content\/litespeed\/avatar\/49696b52fb15293a2168c14964fdd8b9.jpg?ver=1777439934","caption":"\u7ba1\u7406"},"logo":{"@id":"https:\/\/www.freebetbest.com\/de\/#\/schema\/person\/image\/"},"sameAs":["admin"]}]}},"_links":{"self":[{"href":"https:\/\/www.freebetbest.com\/de\/wp-json\/wp\/v2\/pages\/129350","targetHints":{"allow":["GET"]}}],"collection":[{"href":"https:\/\/www.freebetbest.com\/de\/wp-json\/wp\/v2\/pages"}],"about":[{"href":"https:\/\/www.freebetbest.com\/de\/wp-json\/wp\/v2\/types\/page"}],"author":[{"embeddable":true,"href":"https:\/\/www.freebetbest.com\/de\/wp-json\/wp\/v2\/users\/1"}],"replies":[{"embeddable":true,"href":"https:\/\/www.freebetbest.com\/de\/wp-json\/wp\/v2\/comments?post=129350"}],"version-history":[{"count":0,"href":"https:\/\/www.freebetbest.com\/de\/wp-json\/wp\/v2\/pages\/129350\/revisions"}],"wp:featuredmedia":[{"embeddable":true,"href":"https:\/\/www.freebetbest.com\/de\/wp-json\/wp\/v2\/media\/125269"}],"wp:attachment":[{"href":"https:\/\/www.freebetbest.com\/de\/wp-json\/wp\/v2\/media?parent=129350"}],"curies":[{"name":"wp","href":"https:\/\/api.w.org\/{rel}","templated":true}]}}