{"id":129330,"date":"2021-06-10T15:46:03","date_gmt":"2021-06-10T15:46:03","guid":{"rendered":"https:\/\/www.freebetbest.com\/indonesien-buchmacher-bonus\/"},"modified":"2021-07-28T17:02:10","modified_gmt":"2021-07-28T17:02:10","slug":"indonesien-buchmacher-bonus","status":"publish","type":"page","link":"https:\/\/www.freebetbest.com\/de\/indonesien-buchmacher-bonus\/","title":{"rendered":"Indonesien Buchmacher Bonus"},"content":{"rendered":"<h2>So w\u00e4hlen Sie die beste Bonus-Website f\u00fcr indonesische Buchmacher aus<\/h2>\nEs gibt viele Faktoren, die bei der Bestimmung des besten indonesischen Buchmacherbonus zu ber\u00fccksichtigen sind. Wettbewerbsf\u00e4hige Gl\u00fccksspielchancen. Ist der wichtigste Aspekt, denn es ist in erster Linie. Recherche zu den Eins\u00e4tzen beim Spielen. Zusamenfassend. Es wird empfohlen, zu versuchen, einen zu finden. M\u00f6glichkeiten, Ihr Einkommen zu steigern.\n\nExzellenter Kundensupport von indonesischen Buchmachern. Es spielt auch eine wichtige Rolle, da es mehr Menschen dazu bringen kann, sich anzumelden. Und helfen Sie bei Problemen. Handy-Anwendung. Und die korrekte Mobilit\u00e4t der Dienste auf der Website. Verbesserte Zugriffsflexibilit\u00e4t.\n\nViele Transaktionsmethoden sind sehr wichtig, da es sich um die Einzahlung von Bargeld handelt. Bietet eine Vielzahl von Optionen. Endlich eine sehr beliebte Website. F\u00fcr die Auswahl des besten Indonesien Buchmacher Bonus. Es ist wichtig, vor allem, weil es ein gutes Zeichen ist.\n<h3>Bar-Anzahlungsmethode der indonesischen Buchmacher<\/h3>\nBei der Einzahlung von US-Dollar sollten Sie wie viele Wettseiten ein E-Wallet verwenden. Verwenden Sie keine indonesischen Bankstrategien wie Kreditb\u00f6rsen und Debitkarten. Die beliebteste elektronische Geldb\u00f6rse. Es ist definitiv ein Entropay-Bankkonto. Nach der Er\u00f6ffnung eines H\u00e4ndlerkontos verwenden Sie sofort eine MasterCard. Oder eine Kreditkarte mit dem Visa-Logo. Laden Sie das Buchmacher-Konto auf.\n<h3><a href=\"https:\/\/www.freebetbest.com\/latest-free-betting-bonus\/\">Fu\u00dfballwetten<\/a> in Indonesien<\/h3>\nIndonesien Buchmacher Bonus . Es werden Gratiswetten angeboten. Andere Marketingaktionen\nWetten ohne Einzahlung bedeutet im Grunde. F\u00fcr Buchmacher, die bereit sind, f\u00fcr sich selbst zu zahlen. Irgendwelche Vermutungen \u00fcber die vorgeschriebene Menge. Mit dieser Art von Gratiswetten. Zusamenfassend. Der h\u00e4ufigste Unterschied ist definitiv. Er\u00f6ffnen Sie ein kostenloses Wettkonto. Willkommensbonus f\u00fcr Verbraucher.\n\nAndere Versionen beinhalten v\u00f6llig kostenlose Wetten, was grunds\u00e4tzlich anzeigt, dass Sie erlaubt sind. Entdecken Sie die Wette und wenn Sie sie loswerden. Erhalten Sie eine R\u00fcckerstattung f\u00fcr Einnahmen oder Bonustransaktionen. Schlie\u00dflich gibt es tats\u00e4chlich versprochene Belohnungen und erm\u00f6glichen es Ihnen, Optionen mit einem bestimmten Betrag auszuw\u00e4hlen und zus\u00e4tzliche Boni zu erhalten.\n<h3>V\u00f6llig kostenlose Indonesien Buchmacher Bonuswette.<\/h3>\nKann zum Weitergeben von Wetten verwendet werden. Sie haben es in Gedanken erlebt. Aber f\u00fcr Bargeld gibt es keine Alternative. Um Ihr Einkommen zu erh\u00f6hen und Bedrohungen durch Vermutungen zu reduzieren, ist das Ergebnis etwas anspruchsvoll und kann auch verwendet werden. Wandeln Sie Gratiswetten in Geld um. Sie bieten Gratiswetten an. Um K\u00e4ufern einen Anreiz zum Beitritt zu geben, hinterlegen Sie weiterhin Gelder in ihre pers\u00f6nlichen Daten und hoffen, dass sie ihnen treu bleiben.\n<h3>Nimm an der g\u00e4ngigsten Sportart in Indonesien teil<\/h3>\nIn Indonesien kann man wetten. Die bekanntesten Videospiele sind Fu\u00dfball, Basketball und Kampfsport, die in Malaysia, Singapur und Thailand sehr beliebt sind. Badminton und Tennis, Squash- und Schl\u00e4gersport usw. Ziemlich viele Aktivit\u00e4ten kombiniert. Andere ber\u00fchmte Leichtathletiksportarten sind Cricket und Radfahren.\n<h3>Welche Wettseiten bietet Indonesien<a href=\"https:\/\/www.freebetsinfo.co.uk\/free-bets\/\"> Buchmacher<\/a> Bonus haben?<\/h3>\nOnline-Gl\u00fccksspiel in Indonesien. Es ist vielleicht nicht mehr legal, aber Sie k\u00f6nnen tats\u00e4chlich Tausende von ihnen eingeben. Asiatische und europ\u00e4ische Wettseiten. Zusamenfassend. Um sicherzustellen, dass alles effizient l\u00e4uft, ziehen Sie bitte die Verwendung von VPNs und umsichtigen Handelstechniken in Betracht.\n<h3>Ist es sicher, einen Indonesien Buchmacher Bonus zu bekommen?<\/h3>\nJa, aber Sie m\u00fcssen mehrere Ma\u00dfnahmen ergreifen. Um sicher im Internet in Indonesien zu wetten. Wir empfehlen Ihnen, sich f\u00fcr Sportwetten-Sites zu entscheiden. Eine subtile Zahlungsmethode f\u00fcr Einzahlungen und eine pers\u00f6nliche Online-Community (VPN), um Ihren Standort zu verschleiern.\n<h3>Indonesien Buchmacher Online-Wetten<\/h3>\nIndonesiens f\u00fchrende Fu\u00dfballliga, daher ist es leicht, die Vereinigten Staaten zu erraten. Einige der besten Fu\u00dfball-Wettseiten. Wenn Sie Hilfe bei der Auswahl ben\u00f6tigen, sehen Sie sich die empfohlene Liste der indonesischen Buchmacher in diesem Artikel an.\n<h3>Berechnen Online-Gl\u00fccksspielseiten IDR?<\/h3>\nWenn Sie einen registriert haben. Auf Websites, die indonesisches Gl\u00fccksspiel akzeptieren, k\u00f6nnen Sie normalerweise investieren. Dann wetten Sie in Indonesische Rupiah. Zusamenfassend. Wenn Sie eine europ\u00e4ische Website verwenden, erfolgt dies in der Regel automatisch. Rechnen Sie Ihre Indonesische Rupiah in Euro um.\n\n<!-- \/wp:post-content -->","protected":false},"excerpt":{"rendered":"<p>Der beste Wett-Willkommensbonus in Indonesien. Indonesien Online-Casino bietet und Werbe-Willkommensboni, das vertrauensw\u00fcrdigste Online-Wettunternehmen.<\/p>\n<div class=\"hero-cup-section\">\n<div class=\"row mb-4\">\n<div class=\"col-md-7\">\n<div class=\"section-area\">\n<div class=\"section-list\">\n<li style=\"text-align: left\"><img decoding=\"async\" src=\"https:\/\/www.freebetbest.com\/wp-content\/uploads\/2021\/06\/tick.png\" alt=\"Sport\"> Willkommensbonus im Sportcasino.<\/li>\n<li style=\"text-align: left\"><img decoding=\"async\" src=\"https:\/\/www.freebetbest.com\/wp-content\/uploads\/2021\/06\/tick.png\" alt=\"Spieleangebote\"> Angebote und Aktionen von Online-Buchmachern.<\/li>\n<li style=\"text-align: left\"><img decoding=\"async\" src=\"https:\/\/www.freebetbest.com\/wp-content\/uploads\/2021\/06\/tick.png\" alt=\"Spieleangebote\"> Die besten Online-Buchmacher, denen Sie vertrauen k\u00f6nnen.<\/li>\n<li style=\"text-align: left\"><img decoding=\"async\" src=\"https:\/\/www.freebetbest.com\/wp-content\/uploads\/2021\/06\/tick.png\" alt=\"Ma\u00dfgebend\"> Ma\u00dfgebliche \u00dcberpr\u00fcfung Sicher zuverl\u00e4ssig.<\/li>\n<li style=\"text-align: left\"><img decoding=\"async\" src=\"https:\/\/www.freebetbest.com\/wp-content\/uploads\/2021\/06\/tick.png\" alt=\"Schnelle Abhebungen\"> Mobile APP-Unterst\u00fctzung, schnelle Auszahlungen.<\/li>\n<li style=\"text-align: left\"><img decoding=\"async\" src=\"https:\/\/www.freebetbest.com\/wp-content\/uploads\/2021\/06\/tick.png\" alt=\"Kundendienst\"> Kundensupport: 365 Tage, 24 Stunden am Tag.<\/li>\n<\/div>\n<\/div>\n<\/div>\n<div class=\"col-md-5\">\n<div class=\"cup-img\"><img decoding=\"async\" src=\"https:\/\/www.freebetbest.com\/wp-content\/uploads\/2021\/06\/Indonesian-1.png\" alt=\"freebetbest\"><\/div>\n<\/div>\n<\/div>\n","protected":false},"author":1,"featured_media":125269,"parent":0,"menu_order":0,"comment_status":"closed","ping_status":"closed","template":"Indonesia-template.php","meta":{"footnotes":""},"class_list":["post-129330","page","type-page","status-publish","has-post-thumbnail","hentry"],"yoast_head":"<!-- This site is optimized with the Yoast SEO Premium plugin v19.5 (Yoast SEO v27.0) - https:\/\/yoast.com\/product\/yoast-seo-premium-wordpress\/ -->\n<title>Indonesien Buchmacher Bonus ,Ersteinzahlungsaktion Casinobonus<\/title>\n<meta name=\"description\" content=\"Indonesien Buchmacher Bonus , Gratiswette Bonus ohne Einzahlung, Willkommensbonuscode f\u00fcr die erste Einzahlung, Anmeldebonuscode. Beste asiatische Buchmacher\" \/>\n<meta name=\"robots\" content=\"index, follow, max-snippet:-1, max-image-preview:large, max-video-preview:-1\" \/>\n<link rel=\"canonical\" href=\"https:\/\/www.freebetbest.com\/de\/indonesien-buchmacher-bonus\/\" \/>\n<meta property=\"og:locale\" content=\"de_DE\" \/>\n<meta property=\"og:type\" content=\"article\" \/>\n<meta property=\"og:title\" content=\"Indonesien Buchmacher Bonus\" \/>\n<meta property=\"og:description\" content=\"Indonesien Buchmacher Bonus , Gratiswette Bonus ohne Einzahlung, Willkommensbonuscode f\u00fcr die erste Einzahlung, Anmeldebonuscode. Beste asiatische Buchmacher\" \/>\n<meta property=\"og:url\" content=\"https:\/\/www.freebetbest.com\/de\/indonesien-buchmacher-bonus\/\" \/>\n<meta property=\"og:site_name\" content=\"Gratis Wetten | beste Online Casinos | Sportwetten Bonus\" \/>\n<meta property=\"article:modified_time\" content=\"2021-07-28T17:02:10+00:00\" \/>\n<meta property=\"og:image\" content=\"https:\/\/www.freebetbest.com\/wp-content\/uploads\/2021\/06\/Bookmakers-scaled.jpg\" \/>\n\t<meta property=\"og:image:width\" content=\"417\" \/>\n\t<meta property=\"og:image:height\" content=\"180\" \/>\n\t<meta property=\"og:image:type\" content=\"image\/jpeg\" \/>\n<meta name=\"twitter:card\" content=\"summary_large_image\" \/>\n<meta name=\"twitter:label1\" content=\"Gesch\u00e4tzte Lesezeit\" \/>\n\t<meta name=\"twitter:data1\" content=\"3\u00a0Minuten\" \/>\n<script type=\"application\/ld+json\" class=\"yoast-schema-graph\">{\"@context\":\"https:\/\/schema.org\",\"@graph\":[{\"@type\":\"WebPage\",\"@id\":\"https:\/\/www.freebetbest.com\/de\/indonesien-buchmacher-bonus\/\",\"url\":\"https:\/\/www.freebetbest.com\/de\/indonesien-buchmacher-bonus\/\",\"name\":\"Indonesien Buchmacher Bonus ,Ersteinzahlungsaktion Casinobonus\",\"isPartOf\":{\"@id\":\"https:\/\/www.freebetbest.com\/de\/#website\"},\"primaryImageOfPage\":{\"@id\":\"https:\/\/www.freebetbest.com\/de\/indonesien-buchmacher-bonus\/#primaryimage\"},\"image\":{\"@id\":\"https:\/\/www.freebetbest.com\/de\/indonesien-buchmacher-bonus\/#primaryimage\"},\"thumbnailUrl\":\"https:\/\/www.freebetbest.com\/wp-content\/uploads\/2021\/06\/Bookmakers-scaled.jpg\",\"datePublished\":\"2021-06-10T15:46:03+00:00\",\"dateModified\":\"2021-07-28T17:02:10+00:00\",\"description\":\"Indonesien Buchmacher Bonus , Gratiswette Bonus ohne Einzahlung, Willkommensbonuscode f\u00fcr die erste Einzahlung, Anmeldebonuscode. Beste asiatische Buchmacher\",\"breadcrumb\":{\"@id\":\"https:\/\/www.freebetbest.com\/de\/indonesien-buchmacher-bonus\/#breadcrumb\"},\"inLanguage\":\"de\",\"potentialAction\":[{\"@type\":\"ReadAction\",\"target\":[\"https:\/\/www.freebetbest.com\/de\/indonesien-buchmacher-bonus\/\"]}]},{\"@type\":\"ImageObject\",\"inLanguage\":\"de\",\"@id\":\"https:\/\/www.freebetbest.com\/de\/indonesien-buchmacher-bonus\/#primaryimage\",\"url\":\"https:\/\/www.freebetbest.com\/wp-content\/uploads\/2021\/06\/Bookmakers-scaled.jpg\",\"contentUrl\":\"https:\/\/www.freebetbest.com\/wp-content\/uploads\/2021\/06\/Bookmakers-scaled.jpg\",\"width\":417,\"height\":180,\"caption\":\"China-Buchmacher-Bonus\"},{\"@type\":\"BreadcrumbList\",\"@id\":\"https:\/\/www.freebetbest.com\/de\/indonesien-buchmacher-bonus\/#breadcrumb\",\"itemListElement\":[{\"@type\":\"ListItem\",\"position\":1,\"name\":\"Home\",\"item\":\"https:\/\/www.freebetbest.com\/de\/\"},{\"@type\":\"ListItem\",\"position\":2,\"name\":\"Indonesien Buchmacher Bonus\"}]},{\"@type\":\"WebSite\",\"@id\":\"https:\/\/www.freebetbest.com\/de\/#website\",\"url\":\"https:\/\/www.freebetbest.com\/de\/\",\"name\":\"Gratis Wetten | beste Online Casinos | Sportwetten Bonus\",\"description\":\"Das beste Online Buchmacher,Das Sportwetten, Casino-, Poker-, Bingo- und Mobilwetten, Online-Casinos, Fu\u00dfballwetten, Ohne Einzahlung Promo-Codes, Das weltweit f\u00fchrende Gl\u00fccksspielportal anbietet.\",\"publisher\":{\"@id\":\"https:\/\/www.freebetbest.com\/de\/#\/schema\/person\/292684ccf388a2362d507874c5b80a69\"},\"potentialAction\":[{\"@type\":\"SearchAction\",\"target\":{\"@type\":\"EntryPoint\",\"urlTemplate\":\"https:\/\/www.freebetbest.com\/de\/?s={search_term_string}\"},\"query-input\":{\"@type\":\"PropertyValueSpecification\",\"valueRequired\":true,\"valueName\":\"search_term_string\"}}],\"inLanguage\":\"de\"},{\"@type\":[\"Person\",\"Organization\"],\"@id\":\"https:\/\/www.freebetbest.com\/de\/#\/schema\/person\/292684ccf388a2362d507874c5b80a69\",\"name\":\"\u7ba1\u7406\",\"image\":{\"@type\":\"ImageObject\",\"inLanguage\":\"de\",\"@id\":\"https:\/\/www.freebetbest.com\/de\/#\/schema\/person\/image\/\",\"url\":\"https:\/\/www.freebetbest.com\/wp-content\/litespeed\/avatar\/49696b52fb15293a2168c14964fdd8b9.jpg?ver=1777439934\",\"contentUrl\":\"https:\/\/www.freebetbest.com\/wp-content\/litespeed\/avatar\/49696b52fb15293a2168c14964fdd8b9.jpg?ver=1777439934\",\"caption\":\"\u7ba1\u7406\"},\"logo\":{\"@id\":\"https:\/\/www.freebetbest.com\/de\/#\/schema\/person\/image\/\"},\"sameAs\":[\"admin\"]}]}<\/script>\n<!-- \/ Yoast SEO Premium plugin. -->","yoast_head_json":{"title":"Indonesien Buchmacher Bonus ,Ersteinzahlungsaktion Casinobonus","description":"Indonesien Buchmacher Bonus , Gratiswette Bonus ohne Einzahlung, Willkommensbonuscode f\u00fcr die erste Einzahlung, Anmeldebonuscode. Beste asiatische Buchmacher","robots":{"index":"index","follow":"follow","max-snippet":"max-snippet:-1","max-image-preview":"max-image-preview:large","max-video-preview":"max-video-preview:-1"},"canonical":"https:\/\/www.freebetbest.com\/de\/indonesien-buchmacher-bonus\/","og_locale":"de_DE","og_type":"article","og_title":"Indonesien Buchmacher Bonus","og_description":"Indonesien Buchmacher Bonus , Gratiswette Bonus ohne Einzahlung, Willkommensbonuscode f\u00fcr die erste Einzahlung, Anmeldebonuscode. Beste asiatische Buchmacher","og_url":"https:\/\/www.freebetbest.com\/de\/indonesien-buchmacher-bonus\/","og_site_name":"Gratis Wetten | beste Online Casinos | Sportwetten Bonus","article_modified_time":"2021-07-28T17:02:10+00:00","og_image":[{"width":417,"height":180,"url":"https:\/\/www.freebetbest.com\/wp-content\/uploads\/2021\/06\/Bookmakers-scaled.jpg","type":"image\/jpeg"}],"twitter_card":"summary_large_image","twitter_misc":{"Gesch\u00e4tzte Lesezeit":"3\u00a0Minuten"},"schema":{"@context":"https:\/\/schema.org","@graph":[{"@type":"WebPage","@id":"https:\/\/www.freebetbest.com\/de\/indonesien-buchmacher-bonus\/","url":"https:\/\/www.freebetbest.com\/de\/indonesien-buchmacher-bonus\/","name":"Indonesien Buchmacher Bonus ,Ersteinzahlungsaktion Casinobonus","isPartOf":{"@id":"https:\/\/www.freebetbest.com\/de\/#website"},"primaryImageOfPage":{"@id":"https:\/\/www.freebetbest.com\/de\/indonesien-buchmacher-bonus\/#primaryimage"},"image":{"@id":"https:\/\/www.freebetbest.com\/de\/indonesien-buchmacher-bonus\/#primaryimage"},"thumbnailUrl":"https:\/\/www.freebetbest.com\/wp-content\/uploads\/2021\/06\/Bookmakers-scaled.jpg","datePublished":"2021-06-10T15:46:03+00:00","dateModified":"2021-07-28T17:02:10+00:00","description":"Indonesien Buchmacher Bonus , Gratiswette Bonus ohne Einzahlung, Willkommensbonuscode f\u00fcr die erste Einzahlung, Anmeldebonuscode. Beste asiatische Buchmacher","breadcrumb":{"@id":"https:\/\/www.freebetbest.com\/de\/indonesien-buchmacher-bonus\/#breadcrumb"},"inLanguage":"de","potentialAction":[{"@type":"ReadAction","target":["https:\/\/www.freebetbest.com\/de\/indonesien-buchmacher-bonus\/"]}]},{"@type":"ImageObject","inLanguage":"de","@id":"https:\/\/www.freebetbest.com\/de\/indonesien-buchmacher-bonus\/#primaryimage","url":"https:\/\/www.freebetbest.com\/wp-content\/uploads\/2021\/06\/Bookmakers-scaled.jpg","contentUrl":"https:\/\/www.freebetbest.com\/wp-content\/uploads\/2021\/06\/Bookmakers-scaled.jpg","width":417,"height":180,"caption":"China-Buchmacher-Bonus"},{"@type":"BreadcrumbList","@id":"https:\/\/www.freebetbest.com\/de\/indonesien-buchmacher-bonus\/#breadcrumb","itemListElement":[{"@type":"ListItem","position":1,"name":"Home","item":"https:\/\/www.freebetbest.com\/de\/"},{"@type":"ListItem","position":2,"name":"Indonesien Buchmacher Bonus"}]},{"@type":"WebSite","@id":"https:\/\/www.freebetbest.com\/de\/#website","url":"https:\/\/www.freebetbest.com\/de\/","name":"Gratis Wetten | beste Online Casinos | Sportwetten Bonus","description":"Das beste Online Buchmacher,Das Sportwetten, Casino-, Poker-, Bingo- und Mobilwetten, Online-Casinos, Fu\u00dfballwetten, Ohne Einzahlung Promo-Codes, Das weltweit f\u00fchrende Gl\u00fccksspielportal anbietet.","publisher":{"@id":"https:\/\/www.freebetbest.com\/de\/#\/schema\/person\/292684ccf388a2362d507874c5b80a69"},"potentialAction":[{"@type":"SearchAction","target":{"@type":"EntryPoint","urlTemplate":"https:\/\/www.freebetbest.com\/de\/?s={search_term_string}"},"query-input":{"@type":"PropertyValueSpecification","valueRequired":true,"valueName":"search_term_string"}}],"inLanguage":"de"},{"@type":["Person","Organization"],"@id":"https:\/\/www.freebetbest.com\/de\/#\/schema\/person\/292684ccf388a2362d507874c5b80a69","name":"\u7ba1\u7406","image":{"@type":"ImageObject","inLanguage":"de","@id":"https:\/\/www.freebetbest.com\/de\/#\/schema\/person\/image\/","url":"https:\/\/www.freebetbest.com\/wp-content\/litespeed\/avatar\/49696b52fb15293a2168c14964fdd8b9.jpg?ver=1777439934","contentUrl":"https:\/\/www.freebetbest.com\/wp-content\/litespeed\/avatar\/49696b52fb15293a2168c14964fdd8b9.jpg?ver=1777439934","caption":"\u7ba1\u7406"},"logo":{"@id":"https:\/\/www.freebetbest.com\/de\/#\/schema\/person\/image\/"},"sameAs":["admin"]}]}},"_links":{"self":[{"href":"https:\/\/www.freebetbest.com\/de\/wp-json\/wp\/v2\/pages\/129330","targetHints":{"allow":["GET"]}}],"collection":[{"href":"https:\/\/www.freebetbest.com\/de\/wp-json\/wp\/v2\/pages"}],"about":[{"href":"https:\/\/www.freebetbest.com\/de\/wp-json\/wp\/v2\/types\/page"}],"author":[{"embeddable":true,"href":"https:\/\/www.freebetbest.com\/de\/wp-json\/wp\/v2\/users\/1"}],"replies":[{"embeddable":true,"href":"https:\/\/www.freebetbest.com\/de\/wp-json\/wp\/v2\/comments?post=129330"}],"version-history":[{"count":0,"href":"https:\/\/www.freebetbest.com\/de\/wp-json\/wp\/v2\/pages\/129330\/revisions"}],"wp:featuredmedia":[{"embeddable":true,"href":"https:\/\/www.freebetbest.com\/de\/wp-json\/wp\/v2\/media\/125269"}],"wp:attachment":[{"href":"https:\/\/www.freebetbest.com\/de\/wp-json\/wp\/v2\/media?parent=129330"}],"curies":[{"name":"wp","href":"https:\/\/api.w.org\/{rel}","templated":true}]}}