{"id":129266,"date":"2021-06-10T11:36:03","date_gmt":"2021-06-10T11:36:03","guid":{"rendered":"https:\/\/www.freebetbest.com\/europa-buchmacher-bonus\/"},"modified":"2021-07-28T17:12:50","modified_gmt":"2021-07-28T17:12:50","slug":"europa-buchmacher-bonus","status":"publish","type":"page","link":"https:\/\/www.freebetbest.com\/de\/europa-buchmacher-bonus\/","title":{"rendered":"Europa Buchmacher Bonus"},"content":{"rendered":"<h2>Europ\u00e4ischer Buchmacherbonus Belohnung<\/h2>\nZus\u00e4tzliche Boni f\u00fcr Sportwetten. Es ist bereits die Basis f\u00fcr Wetten. Der Grund daf\u00fcr ist. Entsch\u00e4digen Sie neue Spieler. W\u00e4hlen Sie den genauen Europa-Buchmacher-Bonus und bieten Sie ihnen zus\u00e4tzliche Pr\u00e4mien. Generieren Sie eine Anzahlung und starten Sie das Spiel.\n<h3>Vor allem, wenn Sie es zun\u00e4chst versuchen.<a href=\"https:\/\/www.freebetsinfo.co.uk\/europe-bookmakers\/\"> Europ\u00e4ische Buchmacher<\/a> Bonus<\/h3>\nBoni von Buchmachern. Es kann Ihre Beharrlichkeit beeintr\u00e4chtigen. Laut Sportwetten-Unternehmen das h\u00e4ufigste angenehme Angebot. Ist, einen Bonus hinzuzuf\u00fcgen, dh bei Ihrer ersten Anzahlung. F\u00fcgen Sie einen bestimmten Betrag an Bonusgeldern hinzu, der Betrag kann zwischen 50% und 200% variieren.\n<h3>Machen Sie den Europa-Buchmacher-Bonus offensichtlich<\/h3>\nSie m\u00fcssen den Buchmacher kennen. Bieten Sie die besten kreativen Belohnungen. Wie Sie sehen werden, ist die Beantwortung nicht einfach und Faktoren wie versteckte Begriffe spielen eine wichtige Rolle. Dar\u00fcber hinaus gibt es tats\u00e4chlich aktuelle Bewertungen basierend auf Spieler-Feedback und pers\u00f6nlichen Tests von freebetbest.com.\n<h3>Europ\u00e4ische Buchmacher-Boni. Wie funktioniert es?<\/h3>\nUm profitabel zu starten<a href=\"https:\/\/www.freebetbest.com\/europe-bookmakers-bonus\/\"> Sportwetten<\/a> , m\u00fcssen Sie wissen, dass Sportwetten im Gange sind. Der erh\u00f6hte Bonus verbessert Ihre finanzielle Situation.\n<h3>Ihre Erfolgschancen.<\/h3>\nJedes Mal, wenn Sie einem Wettunternehmen beitreten. Bei der Zahlung der Anzahlung k\u00f6nnen Sie einen Vorschlag zur erheblichen Aufstockung Ihrer Mittel unterbreiten.\n\nDieser kann zwischen 25 % und 200 % variieren. In einfachen W\u00f6rtern und S\u00e4tzen haben Sie mehr Einkommen. Um eine gr\u00f6\u00dfere Wette zu machen. Oder platzieren Sie bei anderen Gelegenheiten eine Wette.\n\nDennoch machen es bestimmte Bedingungen einfach, Gl\u00fccksspiel-Einzahlungsboni zu machen. Die Entscheidung, wirksam oder m\u00f6glicherweise falsch zu werden.\n\nJede Anzeige hat bestimmte Anforderungen, wenn Sie den Bonus abheben m\u00f6chten, m\u00fcssen Sie diese Anforderungen erf\u00fcllen.\n\nKeine Dimension kann alle Lieferungen befriedigen. Im Vergleich zu den Vorteilen einer vollst\u00e4ndigen Ermutigung kann die Freischaltung von Gratiswetten geringer sein, aber die Anforderungen sind gelockert, was das Ressourcenniveau erh\u00f6ht, aber die Bedingungen sind strenger.\n<h3>Europe Bookmakers Bonus finden, dass Sportwetten-Belohnungen sehr wichtig sind.<\/h3>\nSie kennen genug Willkommensangebote. Wird neue Sportler anziehen. Und bieten eine sehr gute Entsch\u00e4digung. Dar\u00fcber hinaus kann festgestellt werden, dass einer weiterhin gepflegt wird. Eine treue Teilnehmerbasis und sorgen f\u00fcr Buchmacher. Fazit: Gute Gespr\u00e4che und guter Ruf \u00fcber Ihren Markt.\n<h3>Welche Bonustransaktionen der Buchmacher sind die profitabelsten<\/h3>\nWelche Sportwetten-Bonustransaktionen sind am profitabelsten? Sie waren gerade bei Ihrem Buchmacher. Sie haben einen Vertrag unterschrieben, den Sie sehen m\u00f6chten. Der Bonusanteil der Anfangsinvestition. Freuen Sie sich auf Ihren Zuspruch. Zusammenfassend l\u00e4sst sich sagen, dass es f\u00fcr Sie vielleicht kostenlos ist, aber viele Sportwetten-Belohnungen wurden gelernt.\n<h3>Dies ist eine sehr wertvolle Sache, solange Sie die Notierungskonditionen jedes Registers kennen.<\/h3>\nVoller Bonus von Ihrem Standard. Lieferung an Gratiswetten oder passende Investitionen. Und alles, was dazugeh\u00f6rt.\n<h3>Best Europe Bookmakers Bonus Award<\/h3>\nBestimmt das Top-Wettunternehmen. Bonustransaktionen. Von Wettpr\u00e4mien. Treffen Sie Entscheidungen, wie z. B. Gratiswetten, Boni ohne Einzahlung. Und Anweisungen werden f\u00fcr europ\u00e4ische L\u00e4nder bereitgestellt. Das gr\u00f6\u00dfte registrierte Gl\u00fccksspielunternehmen. K\u00fcndigen Sie hier die besten an. Fazit: Die h\u00f6chste Online-Gl\u00fccksspielpr\u00e4mie!\n<h3>Einnahmen von Gaming-Unternehmen<\/h3>\nDer Buchmacher bietet eine Vielzahl von Wetten an. Anerkannt f\u00fcr zus\u00e4tzliche Boni. Registrieren Sie sich und besitzen Sie ein Gaming-Unternehmen. Wird normalerweise zu Ihnen gebracht. Sch\u00f6ne Willkommens-Belohnung. Viele Buchmacher sind da. Versuchen Sie, Sie als Spieler anzuziehen. W\u00e4hlen Sie sie als Wettunternehmen aus. Das Spiel spielen.\n\nAber auch wenn Sie bereits mit Internet-basiert sind. Buchmacher sind seit einiger Zeit durcheinander, und Sie k\u00f6nnen auch in vielen Situationen sein. Spieldollar generieren. Oder es k\u00f6nnte eine Gratiswette sein. Mit unserer n\u00fctzlichen Bonusliste k\u00f6nnen Sie es genau wissen. Der Buchmacher freut sich auf Sie. Abschlie\u00dfend, Welche bestehenden Boni wurden erhalten!\n\n<!-- \/wp:post-content -->","protected":false},"excerpt":{"rendered":"<p>Europe Bookmakers Bonus, Helfen Sie, den besten vorgefertigten Willkommensbonus und kostenlosen Bonus zu erhalten<\/p>\n<div class=\"hero-cup-section\">\n<div class=\"row mb-4\">\n<div class=\"col-md-7\">\n<div class=\"section-area\">\n<div class=\"section-list\">\n<li style=\"text-align: left\"><img decoding=\"async\" src=\"https:\/\/www.freebetbest.com\/wp-content\/uploads\/2021\/06\/tick.png\" alt=\"Sport\"> Willkommensbonus im Sportcasino.<\/li>\n<li style=\"text-align: left\"><img decoding=\"async\" src=\"https:\/\/www.freebetbest.com\/wp-content\/uploads\/2021\/06\/tick.png\" alt=\"Spieleangebote\"> Angebote und Aktionen von Online-Buchmachern.<\/li>\n<li style=\"text-align: left\"><img decoding=\"async\" src=\"https:\/\/www.freebetbest.com\/wp-content\/uploads\/2021\/06\/tick.png\" alt=\"Spieleangebote\"> Die besten Online-Buchmacher, denen Sie vertrauen k\u00f6nnen.<\/li>\n<li style=\"text-align: left\"><img decoding=\"async\" src=\"https:\/\/www.freebetbest.com\/wp-content\/uploads\/2021\/06\/tick.png\" alt=\"Ma\u00dfgebend\"> Ma\u00dfgebliche \u00dcberpr\u00fcfung Sicher zuverl\u00e4ssig.<\/li>\n<li style=\"text-align: left\"><img decoding=\"async\" src=\"https:\/\/www.freebetbest.com\/wp-content\/uploads\/2021\/06\/tick.png\" alt=\"Schnelle Abhebungen\"> Mobile APP-Unterst\u00fctzung, schnelle Auszahlungen.<\/li>\n<li style=\"text-align: left\"><img decoding=\"async\" src=\"https:\/\/www.freebetbest.com\/wp-content\/uploads\/2021\/06\/tick.png\" alt=\"Kundendienst\"> Kundensupport: 365 Tage, 24 Stunden am Tag.<\/li>\n<\/div>\n<\/div>\n<\/div>\n<div class=\"col-md-5\">\n<div class=\"cup-img\"><img decoding=\"async\" src=\"https:\/\/www.freebetbest.com\/wp-content\/uploads\/2021\/06\/Europe.png\" alt=\"freebetbest\"><\/div>\n<\/div>\n<\/div>\n","protected":false},"author":1,"featured_media":125269,"parent":0,"menu_order":0,"comment_status":"closed","ping_status":"closed","template":"europe-template.php","meta":{"footnotes":""},"class_list":["post-129266","page","type-page","status-publish","has-post-thumbnail","hentry"],"yoast_head":"<!-- This site is optimized with the Yoast SEO Premium plugin v19.5 (Yoast SEO v27.0) - https:\/\/yoast.com\/product\/yoast-seo-premium-wordpress\/ -->\n<title>Europa Buchmacher Bonus , Anmeldeangebote. Sichere und sichere Website.<\/title>\n<meta name=\"description\" content=\"Europa Buchmacher Bonus ,Ersteinzahlungsbonus, Gratiswette Bonus ohne Einzahlung\uff0cAnmeldeangebote. Sichere und sichere Website. Die h\u00f6chsten Willkommensboni\" \/>\n<meta name=\"robots\" content=\"index, follow, max-snippet:-1, max-image-preview:large, max-video-preview:-1\" \/>\n<link rel=\"canonical\" href=\"https:\/\/www.freebetbest.com\/de\/europa-buchmacher-bonus\/\" \/>\n<meta property=\"og:locale\" content=\"de_DE\" \/>\n<meta property=\"og:type\" content=\"article\" \/>\n<meta property=\"og:title\" content=\"Europa Buchmacher Bonus\" \/>\n<meta property=\"og:description\" content=\"Europa Buchmacher Bonus ,Ersteinzahlungsbonus, Gratiswette Bonus ohne Einzahlung\uff0cAnmeldeangebote. Sichere und sichere Website. Die h\u00f6chsten Willkommensboni\" \/>\n<meta property=\"og:url\" content=\"https:\/\/www.freebetbest.com\/de\/europa-buchmacher-bonus\/\" \/>\n<meta property=\"og:site_name\" content=\"Gratis Wetten | beste Online Casinos | Sportwetten Bonus\" \/>\n<meta property=\"article:modified_time\" content=\"2021-07-28T17:12:50+00:00\" \/>\n<meta property=\"og:image\" content=\"https:\/\/www.freebetbest.com\/wp-content\/uploads\/2021\/06\/Bookmakers-scaled.jpg\" \/>\n\t<meta property=\"og:image:width\" content=\"417\" \/>\n\t<meta property=\"og:image:height\" content=\"180\" \/>\n\t<meta property=\"og:image:type\" content=\"image\/jpeg\" \/>\n<meta name=\"twitter:card\" content=\"summary_large_image\" \/>\n<meta name=\"twitter:label1\" content=\"Gesch\u00e4tzte Lesezeit\" \/>\n\t<meta name=\"twitter:data1\" content=\"3\u00a0Minuten\" \/>\n<script type=\"application\/ld+json\" class=\"yoast-schema-graph\">{\"@context\":\"https:\/\/schema.org\",\"@graph\":[{\"@type\":\"WebPage\",\"@id\":\"https:\/\/www.freebetbest.com\/de\/europa-buchmacher-bonus\/\",\"url\":\"https:\/\/www.freebetbest.com\/de\/europa-buchmacher-bonus\/\",\"name\":\"Europa Buchmacher Bonus , Anmeldeangebote. Sichere und sichere Website.\",\"isPartOf\":{\"@id\":\"https:\/\/www.freebetbest.com\/de\/#website\"},\"primaryImageOfPage\":{\"@id\":\"https:\/\/www.freebetbest.com\/de\/europa-buchmacher-bonus\/#primaryimage\"},\"image\":{\"@id\":\"https:\/\/www.freebetbest.com\/de\/europa-buchmacher-bonus\/#primaryimage\"},\"thumbnailUrl\":\"https:\/\/www.freebetbest.com\/wp-content\/uploads\/2021\/06\/Bookmakers-scaled.jpg\",\"datePublished\":\"2021-06-10T11:36:03+00:00\",\"dateModified\":\"2021-07-28T17:12:50+00:00\",\"description\":\"Europa Buchmacher Bonus ,Ersteinzahlungsbonus, Gratiswette Bonus ohne Einzahlung\uff0cAnmeldeangebote. Sichere und sichere Website. Die h\u00f6chsten Willkommensboni\",\"breadcrumb\":{\"@id\":\"https:\/\/www.freebetbest.com\/de\/europa-buchmacher-bonus\/#breadcrumb\"},\"inLanguage\":\"de\",\"potentialAction\":[{\"@type\":\"ReadAction\",\"target\":[\"https:\/\/www.freebetbest.com\/de\/europa-buchmacher-bonus\/\"]}]},{\"@type\":\"ImageObject\",\"inLanguage\":\"de\",\"@id\":\"https:\/\/www.freebetbest.com\/de\/europa-buchmacher-bonus\/#primaryimage\",\"url\":\"https:\/\/www.freebetbest.com\/wp-content\/uploads\/2021\/06\/Bookmakers-scaled.jpg\",\"contentUrl\":\"https:\/\/www.freebetbest.com\/wp-content\/uploads\/2021\/06\/Bookmakers-scaled.jpg\",\"width\":417,\"height\":180,\"caption\":\"China-Buchmacher-Bonus\"},{\"@type\":\"BreadcrumbList\",\"@id\":\"https:\/\/www.freebetbest.com\/de\/europa-buchmacher-bonus\/#breadcrumb\",\"itemListElement\":[{\"@type\":\"ListItem\",\"position\":1,\"name\":\"Home\",\"item\":\"https:\/\/www.freebetbest.com\/de\/\"},{\"@type\":\"ListItem\",\"position\":2,\"name\":\"Europa Buchmacher Bonus\"}]},{\"@type\":\"WebSite\",\"@id\":\"https:\/\/www.freebetbest.com\/de\/#website\",\"url\":\"https:\/\/www.freebetbest.com\/de\/\",\"name\":\"Gratis Wetten | beste Online Casinos | Sportwetten Bonus\",\"description\":\"Das beste Online Buchmacher,Das Sportwetten, Casino-, Poker-, Bingo- und Mobilwetten, Online-Casinos, Fu\u00dfballwetten, Ohne Einzahlung Promo-Codes, Das weltweit f\u00fchrende Gl\u00fccksspielportal anbietet.\",\"publisher\":{\"@id\":\"https:\/\/www.freebetbest.com\/de\/#\/schema\/person\/292684ccf388a2362d507874c5b80a69\"},\"potentialAction\":[{\"@type\":\"SearchAction\",\"target\":{\"@type\":\"EntryPoint\",\"urlTemplate\":\"https:\/\/www.freebetbest.com\/de\/?s={search_term_string}\"},\"query-input\":{\"@type\":\"PropertyValueSpecification\",\"valueRequired\":true,\"valueName\":\"search_term_string\"}}],\"inLanguage\":\"de\"},{\"@type\":[\"Person\",\"Organization\"],\"@id\":\"https:\/\/www.freebetbest.com\/de\/#\/schema\/person\/292684ccf388a2362d507874c5b80a69\",\"name\":\"\u7ba1\u7406\",\"image\":{\"@type\":\"ImageObject\",\"inLanguage\":\"de\",\"@id\":\"https:\/\/www.freebetbest.com\/de\/#\/schema\/person\/image\/\",\"url\":\"https:\/\/www.freebetbest.com\/wp-content\/litespeed\/avatar\/49696b52fb15293a2168c14964fdd8b9.jpg?ver=1776230299\",\"contentUrl\":\"https:\/\/www.freebetbest.com\/wp-content\/litespeed\/avatar\/49696b52fb15293a2168c14964fdd8b9.jpg?ver=1776230299\",\"caption\":\"\u7ba1\u7406\"},\"logo\":{\"@id\":\"https:\/\/www.freebetbest.com\/de\/#\/schema\/person\/image\/\"},\"sameAs\":[\"admin\"]}]}<\/script>\n<!-- \/ Yoast SEO Premium plugin. -->","yoast_head_json":{"title":"Europa Buchmacher Bonus , Anmeldeangebote. Sichere und sichere Website.","description":"Europa Buchmacher Bonus ,Ersteinzahlungsbonus, Gratiswette Bonus ohne Einzahlung\uff0cAnmeldeangebote. Sichere und sichere Website. Die h\u00f6chsten Willkommensboni","robots":{"index":"index","follow":"follow","max-snippet":"max-snippet:-1","max-image-preview":"max-image-preview:large","max-video-preview":"max-video-preview:-1"},"canonical":"https:\/\/www.freebetbest.com\/de\/europa-buchmacher-bonus\/","og_locale":"de_DE","og_type":"article","og_title":"Europa Buchmacher Bonus","og_description":"Europa Buchmacher Bonus ,Ersteinzahlungsbonus, Gratiswette Bonus ohne Einzahlung\uff0cAnmeldeangebote. Sichere und sichere Website. Die h\u00f6chsten Willkommensboni","og_url":"https:\/\/www.freebetbest.com\/de\/europa-buchmacher-bonus\/","og_site_name":"Gratis Wetten | beste Online Casinos | Sportwetten Bonus","article_modified_time":"2021-07-28T17:12:50+00:00","og_image":[{"width":417,"height":180,"url":"https:\/\/www.freebetbest.com\/wp-content\/uploads\/2021\/06\/Bookmakers-scaled.jpg","type":"image\/jpeg"}],"twitter_card":"summary_large_image","twitter_misc":{"Gesch\u00e4tzte Lesezeit":"3\u00a0Minuten"},"schema":{"@context":"https:\/\/schema.org","@graph":[{"@type":"WebPage","@id":"https:\/\/www.freebetbest.com\/de\/europa-buchmacher-bonus\/","url":"https:\/\/www.freebetbest.com\/de\/europa-buchmacher-bonus\/","name":"Europa Buchmacher Bonus , Anmeldeangebote. Sichere und sichere Website.","isPartOf":{"@id":"https:\/\/www.freebetbest.com\/de\/#website"},"primaryImageOfPage":{"@id":"https:\/\/www.freebetbest.com\/de\/europa-buchmacher-bonus\/#primaryimage"},"image":{"@id":"https:\/\/www.freebetbest.com\/de\/europa-buchmacher-bonus\/#primaryimage"},"thumbnailUrl":"https:\/\/www.freebetbest.com\/wp-content\/uploads\/2021\/06\/Bookmakers-scaled.jpg","datePublished":"2021-06-10T11:36:03+00:00","dateModified":"2021-07-28T17:12:50+00:00","description":"Europa Buchmacher Bonus ,Ersteinzahlungsbonus, Gratiswette Bonus ohne Einzahlung\uff0cAnmeldeangebote. Sichere und sichere Website. Die h\u00f6chsten Willkommensboni","breadcrumb":{"@id":"https:\/\/www.freebetbest.com\/de\/europa-buchmacher-bonus\/#breadcrumb"},"inLanguage":"de","potentialAction":[{"@type":"ReadAction","target":["https:\/\/www.freebetbest.com\/de\/europa-buchmacher-bonus\/"]}]},{"@type":"ImageObject","inLanguage":"de","@id":"https:\/\/www.freebetbest.com\/de\/europa-buchmacher-bonus\/#primaryimage","url":"https:\/\/www.freebetbest.com\/wp-content\/uploads\/2021\/06\/Bookmakers-scaled.jpg","contentUrl":"https:\/\/www.freebetbest.com\/wp-content\/uploads\/2021\/06\/Bookmakers-scaled.jpg","width":417,"height":180,"caption":"China-Buchmacher-Bonus"},{"@type":"BreadcrumbList","@id":"https:\/\/www.freebetbest.com\/de\/europa-buchmacher-bonus\/#breadcrumb","itemListElement":[{"@type":"ListItem","position":1,"name":"Home","item":"https:\/\/www.freebetbest.com\/de\/"},{"@type":"ListItem","position":2,"name":"Europa Buchmacher Bonus"}]},{"@type":"WebSite","@id":"https:\/\/www.freebetbest.com\/de\/#website","url":"https:\/\/www.freebetbest.com\/de\/","name":"Gratis Wetten | beste Online Casinos | Sportwetten Bonus","description":"Das beste Online Buchmacher,Das Sportwetten, Casino-, Poker-, Bingo- und Mobilwetten, Online-Casinos, Fu\u00dfballwetten, Ohne Einzahlung Promo-Codes, Das weltweit f\u00fchrende Gl\u00fccksspielportal anbietet.","publisher":{"@id":"https:\/\/www.freebetbest.com\/de\/#\/schema\/person\/292684ccf388a2362d507874c5b80a69"},"potentialAction":[{"@type":"SearchAction","target":{"@type":"EntryPoint","urlTemplate":"https:\/\/www.freebetbest.com\/de\/?s={search_term_string}"},"query-input":{"@type":"PropertyValueSpecification","valueRequired":true,"valueName":"search_term_string"}}],"inLanguage":"de"},{"@type":["Person","Organization"],"@id":"https:\/\/www.freebetbest.com\/de\/#\/schema\/person\/292684ccf388a2362d507874c5b80a69","name":"\u7ba1\u7406","image":{"@type":"ImageObject","inLanguage":"de","@id":"https:\/\/www.freebetbest.com\/de\/#\/schema\/person\/image\/","url":"https:\/\/www.freebetbest.com\/wp-content\/litespeed\/avatar\/49696b52fb15293a2168c14964fdd8b9.jpg?ver=1776230299","contentUrl":"https:\/\/www.freebetbest.com\/wp-content\/litespeed\/avatar\/49696b52fb15293a2168c14964fdd8b9.jpg?ver=1776230299","caption":"\u7ba1\u7406"},"logo":{"@id":"https:\/\/www.freebetbest.com\/de\/#\/schema\/person\/image\/"},"sameAs":["admin"]}]}},"_links":{"self":[{"href":"https:\/\/www.freebetbest.com\/de\/wp-json\/wp\/v2\/pages\/129266","targetHints":{"allow":["GET"]}}],"collection":[{"href":"https:\/\/www.freebetbest.com\/de\/wp-json\/wp\/v2\/pages"}],"about":[{"href":"https:\/\/www.freebetbest.com\/de\/wp-json\/wp\/v2\/types\/page"}],"author":[{"embeddable":true,"href":"https:\/\/www.freebetbest.com\/de\/wp-json\/wp\/v2\/users\/1"}],"replies":[{"embeddable":true,"href":"https:\/\/www.freebetbest.com\/de\/wp-json\/wp\/v2\/comments?post=129266"}],"version-history":[{"count":0,"href":"https:\/\/www.freebetbest.com\/de\/wp-json\/wp\/v2\/pages\/129266\/revisions"}],"wp:featuredmedia":[{"embeddable":true,"href":"https:\/\/www.freebetbest.com\/de\/wp-json\/wp\/v2\/media\/125269"}],"wp:attachment":[{"href":"https:\/\/www.freebetbest.com\/de\/wp-json\/wp\/v2\/media?parent=129266"}],"curies":[{"name":"wp","href":"https:\/\/api.w.org\/{rel}","templated":true}]}}