{"id":129186,"date":"2021-06-10T12:02:39","date_gmt":"2021-06-10T12:02:39","guid":{"rendered":"https:\/\/www.freebetbest.com\/china-buchmacher-bonus\/"},"modified":"2021-07-28T16:55:36","modified_gmt":"2021-07-28T16:55:36","slug":"china-buchmacher-bonus","status":"publish","type":"page","link":"https:\/\/www.freebetbest.com\/de\/china-buchmacher-bonus\/","title":{"rendered":"China-Buchmacher-Bonus"},"content":{"rendered":"<h3>Chinesische Spieler auf der Suche nach dem besten China-Buchmacher-Bonus<\/h3>\nSie sollten genau wissen warum. Wir haben nun. Der effektivste China Buchmacher Bonus. Im Analytics-Internet<a href=\"https:\/\/www.freebetsinfo.co.uk\/china-online-bookmakers\/\"> Wettseiten<\/a> . Fassen Sie unser Gl\u00fccksspiel in Teilen Asiens zusammen, wenn die f\u00fchrende Liste der Partner. Wir \u00fcberpr\u00fcfen st\u00e4ndig die neuesten Websites. Um sicherzustellen, dass unsere Bewertungen und Empfehlungen aktualisiert werden.\n\nHier aufgelistet. Es ist nur so, dass wir skizzieren. Jedes Internet von chinesischen Lieferanten. Sportliche Aktivit\u00e4ten bei Gl\u00fccksspielseiten. Versuchen Sie, einige der wichtigsten Standards zu finden.\n<h3>China-Buchmacher-Bonusstatus und -Schutz<\/h3>\nWenn Sie das Richtige finden m\u00f6chten. Sicherheit ist oberstes Gebot, wenn<a href=\"https:\/\/www.freebetsinfo.co.uk\/china-online-bookmakers\/\"> Sportwetten von asiatischen Buchmachern<\/a> . Wir pr\u00fcfen. Wettseiten in jeder asiatischen Region, um sicherzustellen, dass sie die Schutzstandards erf\u00fcllen.\n<h3>China Bookmakers Bonus trifft eine Wahl<\/h3>\nBeim Lieferanten in China. Beim Platzieren von Online-Wetten sind Internet-Abrechnungsmethoden von entscheidender Bedeutung. Wir stellen die Abrechnungsmethode sicher. F\u00fcr Sie pers\u00f6nlich ist es einfach und unkompliziert. Egal, ob Sie sich daf\u00fcr begeistern. Verwenden Sie Alipay und andere elektronische Geldb\u00f6rsen oder w\u00e4hlen Sie UnionPay usw. R\u00fcckzahlung von Bankkreditkarten finden Sie immer auf unserer Top-Website.\n<h3>Wettbewerbsf\u00e4higes Gaming-Marktsegment<\/h3>\nHat eine breite Palette von Sporthandelsm\u00e4rkten. Wahl ist auch sehr wichtig. Nat\u00fcrlich m\u00f6gen es die meisten von uns. Spielen Sie auf Fu\u00dfball und Basketball, aber haben Sie auch andere Sportarten in Betracht gezogen? Gut in wichtigen internationalen Ligen. Oder fast \u00fcberall auf der Welt. Was ist mit Wetten im Spiel? Wir sind der Ferne Osten. Stellen Sie eine Liste von Websites bereit, die Sportwetten f\u00f6rdern.\n\nDurch diesen Seitenaufruf. Die h\u00f6chste asiatische Wettseite, kann frei auf der Welt sein. Wetten Sie auf jedes wichtige professionelle Sportereignis.\n<h3>China Buchmacher Bonus Beste Quoten<\/h3>\nIn unserer F\u00fchrung. Auf der chinesischen Sportwetten-Website. Die Chancen, den h\u00f6chsten Wert zu erhalten. Das bedeutet, dass Sie auf profitable Wetten setzen. Mehr Geld verdienen. Wir pr\u00fcfen, welche Buchmacher. F\u00fcr den asiatischen Raum vorgesehen. Die beste Gelegenheit f\u00fcr eine Reihe von sportlichen Aktivit\u00e4ten.\n\nSie k\u00f6nnen uns vertrauen. Legale Online-Sportwetten in Asien. Finden Sie die beste Option. Wir f\u00f6rdern Wettbewerbe in einigen asiatischen L\u00e4ndern\/Regionen.\n\nWenn Sie sich auf der idealen Wettseite in Asien registrieren, erhalten Sie es sofort. Live-Sportereignisse aus der ganzen Welt. Handelsm\u00e4rkte und Chancen. Asiatische Sportwetten-Website w\u00e4hlt Fu\u00dfball f\u00fcr alle Pl\u00e4ne. Und fast alle anderen Studieng\u00e4nge. Profisportler bieten Rabatte an.\n\nOb es in Asien stattfindet. Bei lokalen Wettbewerbern oder bei Veranstaltungen in Asien, den USA oder Teilen Europas k\u00f6nnen Sie Wetten platzieren und Bargeld erhalten.\n<h3><a href=\"https:\/\/www.freebetbest.com\/betting-sites\/\">Fu\u00dfballwetten<\/a><\/h3>\nFu\u00dfball ist eine sehr beliebte Sportart, die f\u00fcr Wettk\u00e4mpfe genutzt wird. Chinesische Superliga. In Teilen Asiens. Es hat viel Aufmerksamkeit auf sich gezogen und Sie k\u00f6nnen Wetten basierend auf den Ergebnissen dieser Spiele platzieren. Ebenso unsere vertrauensw\u00fcrdige orientalische Wettseite. Alles f\u00fcr Ihre Premier League.\n\nUnd andere zuverl\u00e4ssige Ligen und Turniere. Stellen Sie digitale Quoten bereit. Wenn Sie wetten m\u00f6chten. Unsere liebste Nationalmannschaft, die gesamte WM. Es ist definitiv eine klare Wahl.\n\nIn unserem China Buchmacher Bonus. Die Wettseite mit der h\u00f6chsten Punktzahl. Wurde die n\u00e4chste Wette abgeschlossen? Sie m\u00fcssen nicht zu lange durchhalten. Kurz gesagt, es ist wirklich einfach, beizutreten und loszulegen, und es dauert nur kurze Zeit.\n\nWenn Sie das Programm immer einfacher machen m\u00f6chten, m\u00fcssen Sie nur noch etwas tun. Und Sie m\u00f6chten vielleicht in der Zukunft sein. Einer der chinesischen Lieferanten. Fast alle Sportwettenseiten. Der verwendete Prozess ist der gleiche. Wir empfehlen, daran festzuhalten. Kurz gesagt, unser bestbewerteter Buchmacher. Weil wir sie gefunden haben. Es ist die sicherste Wahl f\u00fcr asiatische Wettspieler.\n<h3>W\u00e4hlen Sie Ihren bevorzugten China-Buchmacher<\/h3>\nDie Buchmacher, die wir ermutigen, sind gro\u00dfartig, aber Sie sollten es trotzdem herausfinden. Auf welches wetten Sie am liebsten? Laden Sie die Website aus unserer Liste. Und schau mal. Es muss nicht lange dauern. Welche Erfahrung Sie haben, k\u00f6nnen Sie selbst bestimmen. Was f\u00fcr Sie w\u00fcnschenswert ist, was Ihren Vorlieben entspricht. Vielleicht suchen Sie einen. Enth\u00e4lt ganz bestimmte Gl\u00fccksspielgewinne. Oder eine Wohlfahrts-Website. Zusamenfassend. Keine Sorge, Sie werden auf unserer Liste stehen. Finden Sie einen Buchmacher, der Ihren Idealen entspricht.\n\n<!-- \/wp:post-content -->","protected":false},"excerpt":{"rendered":"<p>Der beliebteste Willkommensbonus f\u00fcr Sportwetten. Online-Casino-Angebote und -Werbung in China, vertrauensw\u00fcrdige beste Online-Buchmacher.<\/p>\n<div class=\"hero-cup-section\">\n<div class=\"row mb-4\">\n<div class=\"col-md-7\">\n<div class=\"section-area\">\n<div class=\"section-list\">\n<li style=\"text-align: left\"><img decoding=\"async\" src=\"https:\/\/www.freebetbest.com\/wp-content\/uploads\/2021\/06\/tick.png\" alt=\"Sport\"> Willkommensbonus im Sportcasino.<\/li>\n<li style=\"text-align: left\"><img decoding=\"async\" src=\"https:\/\/www.freebetbest.com\/wp-content\/uploads\/2021\/06\/tick.png\" alt=\"Spieleangebote\"> Angebote und Aktionen von Online-Buchmachern.<\/li>\n<li style=\"text-align: left\"><img decoding=\"async\" src=\"https:\/\/www.freebetbest.com\/wp-content\/uploads\/2021\/06\/tick.png\" alt=\"Spieleangebote\"> Die besten Online-Buchmacher, denen Sie vertrauen k\u00f6nnen.<\/li>\n<li style=\"text-align: left\"><img decoding=\"async\" src=\"https:\/\/www.freebetbest.com\/wp-content\/uploads\/2021\/06\/tick.png\" alt=\"Ma\u00dfgebend\"> Ma\u00dfgebliche \u00dcberpr\u00fcfung Sicher zuverl\u00e4ssig.<\/li>\n<li style=\"text-align: left\"><img decoding=\"async\" src=\"https:\/\/www.freebetbest.com\/wp-content\/uploads\/2021\/06\/tick.png\" alt=\"Schnelle Abhebungen\"> Mobile APP-Unterst\u00fctzung, schnelle Auszahlungen.<\/li>\n<li style=\"text-align: left\"><img decoding=\"async\" src=\"https:\/\/www.freebetbest.com\/wp-content\/uploads\/2021\/06\/tick.png\" alt=\"Kundendienst\"> Kundensupport: 365 Tage, 24 Stunden am Tag.<\/li>\n<\/div>\n<\/div>\n<\/div>\n<div class=\"col-md-5\">\n<div class=\"cup-img\"><img decoding=\"async\" src=\"https:\/\/www.freebetbest.com\/wp-content\/uploads\/2021\/06\/china12.png\" alt=\"freebetbest\"><\/div>\n<\/div>\n<\/div>\n","protected":false},"author":1,"featured_media":125269,"parent":0,"menu_order":0,"comment_status":"closed","ping_status":"closed","template":"china-template.php","meta":{"footnotes":""},"class_list":["post-129186","page","type-page","status-publish","has-post-thumbnail","hentry"],"yoast_head":"<!-- This site is optimized with the Yoast SEO Premium plugin v19.5 (Yoast SEO v27.0) - https:\/\/yoast.com\/product\/yoast-seo-premium-wordpress\/ -->\n<title>China-Buchmacher-Bonus , Aktion f\u00fcr Ersteinzahlung<\/title>\n<meta name=\"description\" content=\"China-Buchmacher-Bonus , Gratiswette Bonus ohne Einzahlung (Willkommen Wettangebote und Registrierungsboni, China Bookmakers Bonus)\" \/>\n<meta name=\"robots\" content=\"index, follow, max-snippet:-1, max-image-preview:large, max-video-preview:-1\" \/>\n<link rel=\"canonical\" href=\"https:\/\/www.freebetbest.com\/de\/china-buchmacher-bonus\/\" \/>\n<meta property=\"og:locale\" content=\"de_DE\" \/>\n<meta property=\"og:type\" content=\"article\" \/>\n<meta property=\"og:title\" content=\"China-Buchmacher-Bonus\" \/>\n<meta property=\"og:description\" content=\"China-Buchmacher-Bonus , Gratiswette Bonus ohne Einzahlung (Willkommen Wettangebote und Registrierungsboni, China Bookmakers Bonus)\" \/>\n<meta property=\"og:url\" content=\"https:\/\/www.freebetbest.com\/de\/china-buchmacher-bonus\/\" \/>\n<meta property=\"og:site_name\" content=\"Gratis Wetten | beste Online Casinos | Sportwetten Bonus\" \/>\n<meta property=\"article:modified_time\" content=\"2021-07-28T16:55:36+00:00\" \/>\n<meta property=\"og:image\" content=\"https:\/\/www.freebetbest.com\/wp-content\/uploads\/2021\/06\/Bookmakers-scaled.jpg\" \/>\n\t<meta property=\"og:image:width\" content=\"417\" \/>\n\t<meta property=\"og:image:height\" content=\"180\" \/>\n\t<meta property=\"og:image:type\" content=\"image\/jpeg\" \/>\n<meta name=\"twitter:card\" content=\"summary_large_image\" \/>\n<meta name=\"twitter:label1\" content=\"Gesch\u00e4tzte Lesezeit\" \/>\n\t<meta name=\"twitter:data1\" content=\"4\u00a0Minuten\" \/>\n<script type=\"application\/ld+json\" class=\"yoast-schema-graph\">{\"@context\":\"https:\/\/schema.org\",\"@graph\":[{\"@type\":\"WebPage\",\"@id\":\"https:\/\/www.freebetbest.com\/de\/china-buchmacher-bonus\/\",\"url\":\"https:\/\/www.freebetbest.com\/de\/china-buchmacher-bonus\/\",\"name\":\"China-Buchmacher-Bonus , Aktion f\u00fcr Ersteinzahlung\",\"isPartOf\":{\"@id\":\"https:\/\/www.freebetbest.com\/de\/#website\"},\"primaryImageOfPage\":{\"@id\":\"https:\/\/www.freebetbest.com\/de\/china-buchmacher-bonus\/#primaryimage\"},\"image\":{\"@id\":\"https:\/\/www.freebetbest.com\/de\/china-buchmacher-bonus\/#primaryimage\"},\"thumbnailUrl\":\"https:\/\/www.freebetbest.com\/wp-content\/uploads\/2021\/06\/Bookmakers-scaled.jpg\",\"datePublished\":\"2021-06-10T12:02:39+00:00\",\"dateModified\":\"2021-07-28T16:55:36+00:00\",\"description\":\"China-Buchmacher-Bonus , Gratiswette Bonus ohne Einzahlung (Willkommen Wettangebote und Registrierungsboni, China Bookmakers Bonus)\",\"breadcrumb\":{\"@id\":\"https:\/\/www.freebetbest.com\/de\/china-buchmacher-bonus\/#breadcrumb\"},\"inLanguage\":\"de\",\"potentialAction\":[{\"@type\":\"ReadAction\",\"target\":[\"https:\/\/www.freebetbest.com\/de\/china-buchmacher-bonus\/\"]}]},{\"@type\":\"ImageObject\",\"inLanguage\":\"de\",\"@id\":\"https:\/\/www.freebetbest.com\/de\/china-buchmacher-bonus\/#primaryimage\",\"url\":\"https:\/\/www.freebetbest.com\/wp-content\/uploads\/2021\/06\/Bookmakers-scaled.jpg\",\"contentUrl\":\"https:\/\/www.freebetbest.com\/wp-content\/uploads\/2021\/06\/Bookmakers-scaled.jpg\",\"width\":417,\"height\":180,\"caption\":\"China-Buchmacher-Bonus\"},{\"@type\":\"BreadcrumbList\",\"@id\":\"https:\/\/www.freebetbest.com\/de\/china-buchmacher-bonus\/#breadcrumb\",\"itemListElement\":[{\"@type\":\"ListItem\",\"position\":1,\"name\":\"Home\",\"item\":\"https:\/\/www.freebetbest.com\/de\/\"},{\"@type\":\"ListItem\",\"position\":2,\"name\":\"China-Buchmacher-Bonus\"}]},{\"@type\":\"WebSite\",\"@id\":\"https:\/\/www.freebetbest.com\/de\/#website\",\"url\":\"https:\/\/www.freebetbest.com\/de\/\",\"name\":\"Gratis Wetten | beste Online Casinos | Sportwetten Bonus\",\"description\":\"Das beste Online Buchmacher,Das Sportwetten, Casino-, Poker-, Bingo- und Mobilwetten, Online-Casinos, Fu\u00dfballwetten, Ohne Einzahlung Promo-Codes, Das weltweit f\u00fchrende Gl\u00fccksspielportal anbietet.\",\"publisher\":{\"@id\":\"https:\/\/www.freebetbest.com\/de\/#\/schema\/person\/292684ccf388a2362d507874c5b80a69\"},\"potentialAction\":[{\"@type\":\"SearchAction\",\"target\":{\"@type\":\"EntryPoint\",\"urlTemplate\":\"https:\/\/www.freebetbest.com\/de\/?s={search_term_string}\"},\"query-input\":{\"@type\":\"PropertyValueSpecification\",\"valueRequired\":true,\"valueName\":\"search_term_string\"}}],\"inLanguage\":\"de\"},{\"@type\":[\"Person\",\"Organization\"],\"@id\":\"https:\/\/www.freebetbest.com\/de\/#\/schema\/person\/292684ccf388a2362d507874c5b80a69\",\"name\":\"\u7ba1\u7406\",\"image\":{\"@type\":\"ImageObject\",\"inLanguage\":\"de\",\"@id\":\"https:\/\/www.freebetbest.com\/de\/#\/schema\/person\/image\/\",\"url\":\"https:\/\/www.freebetbest.com\/wp-content\/litespeed\/avatar\/49696b52fb15293a2168c14964fdd8b9.jpg?ver=1777439934\",\"contentUrl\":\"https:\/\/www.freebetbest.com\/wp-content\/litespeed\/avatar\/49696b52fb15293a2168c14964fdd8b9.jpg?ver=1777439934\",\"caption\":\"\u7ba1\u7406\"},\"logo\":{\"@id\":\"https:\/\/www.freebetbest.com\/de\/#\/schema\/person\/image\/\"},\"sameAs\":[\"admin\"]}]}<\/script>\n<!-- \/ Yoast SEO Premium plugin. -->","yoast_head_json":{"title":"China-Buchmacher-Bonus , Aktion f\u00fcr Ersteinzahlung","description":"China-Buchmacher-Bonus , Gratiswette Bonus ohne Einzahlung (Willkommen Wettangebote und Registrierungsboni, China Bookmakers Bonus)","robots":{"index":"index","follow":"follow","max-snippet":"max-snippet:-1","max-image-preview":"max-image-preview:large","max-video-preview":"max-video-preview:-1"},"canonical":"https:\/\/www.freebetbest.com\/de\/china-buchmacher-bonus\/","og_locale":"de_DE","og_type":"article","og_title":"China-Buchmacher-Bonus","og_description":"China-Buchmacher-Bonus , Gratiswette Bonus ohne Einzahlung (Willkommen Wettangebote und Registrierungsboni, China Bookmakers Bonus)","og_url":"https:\/\/www.freebetbest.com\/de\/china-buchmacher-bonus\/","og_site_name":"Gratis Wetten | beste Online Casinos | Sportwetten Bonus","article_modified_time":"2021-07-28T16:55:36+00:00","og_image":[{"width":417,"height":180,"url":"https:\/\/www.freebetbest.com\/wp-content\/uploads\/2021\/06\/Bookmakers-scaled.jpg","type":"image\/jpeg"}],"twitter_card":"summary_large_image","twitter_misc":{"Gesch\u00e4tzte Lesezeit":"4\u00a0Minuten"},"schema":{"@context":"https:\/\/schema.org","@graph":[{"@type":"WebPage","@id":"https:\/\/www.freebetbest.com\/de\/china-buchmacher-bonus\/","url":"https:\/\/www.freebetbest.com\/de\/china-buchmacher-bonus\/","name":"China-Buchmacher-Bonus , Aktion f\u00fcr Ersteinzahlung","isPartOf":{"@id":"https:\/\/www.freebetbest.com\/de\/#website"},"primaryImageOfPage":{"@id":"https:\/\/www.freebetbest.com\/de\/china-buchmacher-bonus\/#primaryimage"},"image":{"@id":"https:\/\/www.freebetbest.com\/de\/china-buchmacher-bonus\/#primaryimage"},"thumbnailUrl":"https:\/\/www.freebetbest.com\/wp-content\/uploads\/2021\/06\/Bookmakers-scaled.jpg","datePublished":"2021-06-10T12:02:39+00:00","dateModified":"2021-07-28T16:55:36+00:00","description":"China-Buchmacher-Bonus , Gratiswette Bonus ohne Einzahlung (Willkommen Wettangebote und Registrierungsboni, China Bookmakers Bonus)","breadcrumb":{"@id":"https:\/\/www.freebetbest.com\/de\/china-buchmacher-bonus\/#breadcrumb"},"inLanguage":"de","potentialAction":[{"@type":"ReadAction","target":["https:\/\/www.freebetbest.com\/de\/china-buchmacher-bonus\/"]}]},{"@type":"ImageObject","inLanguage":"de","@id":"https:\/\/www.freebetbest.com\/de\/china-buchmacher-bonus\/#primaryimage","url":"https:\/\/www.freebetbest.com\/wp-content\/uploads\/2021\/06\/Bookmakers-scaled.jpg","contentUrl":"https:\/\/www.freebetbest.com\/wp-content\/uploads\/2021\/06\/Bookmakers-scaled.jpg","width":417,"height":180,"caption":"China-Buchmacher-Bonus"},{"@type":"BreadcrumbList","@id":"https:\/\/www.freebetbest.com\/de\/china-buchmacher-bonus\/#breadcrumb","itemListElement":[{"@type":"ListItem","position":1,"name":"Home","item":"https:\/\/www.freebetbest.com\/de\/"},{"@type":"ListItem","position":2,"name":"China-Buchmacher-Bonus"}]},{"@type":"WebSite","@id":"https:\/\/www.freebetbest.com\/de\/#website","url":"https:\/\/www.freebetbest.com\/de\/","name":"Gratis Wetten | beste Online Casinos | Sportwetten Bonus","description":"Das beste Online Buchmacher,Das Sportwetten, Casino-, Poker-, Bingo- und Mobilwetten, Online-Casinos, Fu\u00dfballwetten, Ohne Einzahlung Promo-Codes, Das weltweit f\u00fchrende Gl\u00fccksspielportal anbietet.","publisher":{"@id":"https:\/\/www.freebetbest.com\/de\/#\/schema\/person\/292684ccf388a2362d507874c5b80a69"},"potentialAction":[{"@type":"SearchAction","target":{"@type":"EntryPoint","urlTemplate":"https:\/\/www.freebetbest.com\/de\/?s={search_term_string}"},"query-input":{"@type":"PropertyValueSpecification","valueRequired":true,"valueName":"search_term_string"}}],"inLanguage":"de"},{"@type":["Person","Organization"],"@id":"https:\/\/www.freebetbest.com\/de\/#\/schema\/person\/292684ccf388a2362d507874c5b80a69","name":"\u7ba1\u7406","image":{"@type":"ImageObject","inLanguage":"de","@id":"https:\/\/www.freebetbest.com\/de\/#\/schema\/person\/image\/","url":"https:\/\/www.freebetbest.com\/wp-content\/litespeed\/avatar\/49696b52fb15293a2168c14964fdd8b9.jpg?ver=1777439934","contentUrl":"https:\/\/www.freebetbest.com\/wp-content\/litespeed\/avatar\/49696b52fb15293a2168c14964fdd8b9.jpg?ver=1777439934","caption":"\u7ba1\u7406"},"logo":{"@id":"https:\/\/www.freebetbest.com\/de\/#\/schema\/person\/image\/"},"sameAs":["admin"]}]}},"_links":{"self":[{"href":"https:\/\/www.freebetbest.com\/de\/wp-json\/wp\/v2\/pages\/129186","targetHints":{"allow":["GET"]}}],"collection":[{"href":"https:\/\/www.freebetbest.com\/de\/wp-json\/wp\/v2\/pages"}],"about":[{"href":"https:\/\/www.freebetbest.com\/de\/wp-json\/wp\/v2\/types\/page"}],"author":[{"embeddable":true,"href":"https:\/\/www.freebetbest.com\/de\/wp-json\/wp\/v2\/users\/1"}],"replies":[{"embeddable":true,"href":"https:\/\/www.freebetbest.com\/de\/wp-json\/wp\/v2\/comments?post=129186"}],"version-history":[{"count":0,"href":"https:\/\/www.freebetbest.com\/de\/wp-json\/wp\/v2\/pages\/129186\/revisions"}],"wp:featuredmedia":[{"embeddable":true,"href":"https:\/\/www.freebetbest.com\/de\/wp-json\/wp\/v2\/media\/125269"}],"wp:attachment":[{"href":"https:\/\/www.freebetbest.com\/de\/wp-json\/wp\/v2\/media?parent=129186"}],"curies":[{"name":"wp","href":"https:\/\/api.w.org\/{rel}","templated":true}]}}